{"id":18,"date":"2018-03-07T17:16:25","date_gmt":"2018-03-07T23:16:25","guid":{"rendered":"https:\/\/www.oaxaca.gob.mx\/ocv\/?page_id=18"},"modified":"2020-10-21T14:14:26","modified_gmt":"2020-10-21T19:14:26","slug":"turismo-de-romance","status":"publish","type":"page","link":"https:\/\/www.oaxaca.gob.mx\/occe\/turismo-de-romance\/","title":{"rendered":"Turismo de Romance"},"content":{"rendered":"<p style=\"margin: 0cm;background: white\"><span lang=\"ES-TRAD\" style=\"font-size: 12.0pt;font-family: 'Arial',sans-serif;color: black\">Oaxaca est\u00e1 posicionado entre los 5 mejores destinos para turismo de romance a nivel nacional,\u00a0somos el segundo destino de bodas en <u>laplaner.mx<\/u>., y este a\u00f1o 2020 la revista Vogue M\u00e9xico posicion\u00f3 a la capital del Estado, como uno de los mejores destinos nacionales para celebrar bodas, con las m\u00e1s altas medidas de higiene. <\/span><\/p>\n<p style=\"margin: 0cm;background: white\"><span lang=\"ES-TRAD\" style=\"font-size: 12.0pt;font-family: 'Arial',sans-serif;color: black\">El estado de Oaxaca cuenta con la mayor biodiversidad del pa\u00eds, reflejado en los m\u00faltiples escenarios para realizar los mejores eventos: playas v\u00edrgenes, bosques, jardines, terrazas, haciendas, arquitectura prehisp\u00e1nica y colonial, templos dominicos, rituales ancestrales, pueblos m\u00e1gicos, calendas, mezcal, gente c\u00e1lida y la mejor proveedur\u00eda especializada con vasta experiencia, que har\u00e1 de tus eventos, momentos inolvidables. <\/span><\/p>\n<p>&nbsp;<\/p>\n<p><img loading=\"lazy\" decoding=\"async\" class=\"alignnone wp-image-948\" src=\"https:\/\/www.oaxaca.gob.mx\/ocv\/wp-content\/uploads\/sites\/55\/2018\/08\/Oaxaca06-300x158.jpg\" alt=\"\" width=\"797\" height=\"420\" srcset=\"https:\/\/www.oaxaca.gob.mx\/occe\/wp-content\/uploads\/sites\/55\/2018\/08\/Oaxaca06-300x158.jpg 300w, https:\/\/www.oaxaca.gob.mx\/occe\/wp-content\/uploads\/sites\/55\/2018\/08\/Oaxaca06.jpg 660w\" sizes=\"auto, (max-width: 797px) 100vw, 797px\" \/><\/p>\n","protected":false},"excerpt":{"rendered":"<p>Oaxaca est\u00e1 posicionado entre los 5 mejores destinos para turismo de romance a nivel nacional,\u00a0somos el segundo destino de bodas en laplaner.mx., y este a\u00f1o 2020 la revista Vogue M\u00e9xico posicion\u00f3 a la capital del Estado, como uno de los mejores destinos nacionales para celebrar bodas, con las m\u00e1s altas medidas de higiene. El estado [&hellip;]<\/p>\n","protected":false},"author":1,"featured_media":81,"parent":0,"menu_order":6,"comment_status":"closed","ping_status":"closed","template":"","meta":{"episode_type":"","audio_file":"","podmotor_file_id":"","podmotor_episode_id":"","cover_image":"","cover_image_id":"","duration":"","filesize":"","filesize_raw":"","date_recorded":"","explicit":"","block":"","itunes_episode_number":"","itunes_title":"","itunes_season_number":"","itunes_episode_type":"","footnotes":""},"categories":[],"tags":[],"class_list":["post-18","page","type-page","status-publish","has-post-thumbnail","hentry"],"acf":[],"publishpress_future_action":{"enabled":false,"date":"2026-05-16 07:20:54","action":"change-status","newStatus":"draft","terms":[],"taxonomy":"category","extraData":[]},"publishpress_future_workflow_manual_trigger":{"enabledWorkflows":[]},"_links":{"self":[{"href":"https:\/\/www.oaxaca.gob.mx\/occe\/wp-json\/wp\/v2\/pages\/18","targetHints":{"allow":["GET"]}}],"collection":[{"href":"https:\/\/www.oaxaca.gob.mx\/occe\/wp-json\/wp\/v2\/pages"}],"about":[{"href":"https:\/\/www.oaxaca.gob.mx\/occe\/wp-json\/wp\/v2\/types\/page"}],"author":[{"embeddable":true,"href":"https:\/\/www.oaxaca.gob.mx\/occe\/wp-json\/wp\/v2\/users\/1"}],"replies":[{"embeddable":true,"href":"https:\/\/www.oaxaca.gob.mx\/occe\/wp-json\/wp\/v2\/comments?post=18"}],"version-history":[{"count":2,"href":"https:\/\/www.oaxaca.gob.mx\/occe\/wp-json\/wp\/v2\/pages\/18\/revisions"}],"predecessor-version":[{"id":2970,"href":"https:\/\/www.oaxaca.gob.mx\/occe\/wp-json\/wp\/v2\/pages\/18\/revisions\/2970"}],"wp:featuredmedia":[{"embeddable":true,"href":"https:\/\/www.oaxaca.gob.mx\/occe\/wp-json\/wp\/v2\/media\/81"}],"wp:attachment":[{"href":"https:\/\/www.oaxaca.gob.mx\/occe\/wp-json\/wp\/v2\/media?parent=18"}],"wp:term":[{"taxonomy":"category","embeddable":true,"href":"https:\/\/www.oaxaca.gob.mx\/occe\/wp-json\/wp\/v2\/categories?post=18"},{"taxonomy":"post_tag","embeddable":true,"href":"https:\/\/www.oaxaca.gob.mx\/occe\/wp-json\/wp\/v2\/tags?post=18"}],"curies":[{"name":"wp","href":"https:\/\/api.w.org\/{rel}","templated":true}]}}