{"id":16,"date":"2018-03-07T17:16:11","date_gmt":"2018-03-07T23:16:11","guid":{"rendered":"https:\/\/www.oaxaca.gob.mx\/ocv\/?page_id=16"},"modified":"2020-10-22T18:37:34","modified_gmt":"2020-10-22T23:37:34","slug":"turismo-de-reuniones","status":"publish","type":"page","link":"https:\/\/www.oaxaca.gob.mx\/occe\/turismo-de-reuniones\/","title":{"rendered":"Turismo de Reuniones"},"content":{"rendered":"<p style=\"margin: 0cm;background: white\"><span lang=\"ES-TRAD\" style=\"font-size: 12.0pt;font-family: 'Arial',sans-serif;color: black\">Hoy, Oaxaca se ha posicionado como el destino preferido por los turistas de todo el mundo, ubicado en el lugar no. 7 de los 10 mejores destinos para turismo de reuniones a nivel nacional, en el no. 377 del ranking mundial, y a nivel Latinoam\u00e9rica en el No. 84, seg\u00fan el reporte de 2019 de la Asociaci\u00f3n Internacional de Congresos y Convenciones (ICCA).<\/span><\/p>\n<p style=\"margin: 0cm;background: white\"><img loading=\"lazy\" decoding=\"async\" class=\"alignnone wp-image-2971\" src=\"https:\/\/www.oaxaca.gob.mx\/ocv\/wp-content\/uploads\/sites\/55\/2020\/10\/foto-ocv-5-300x225.jpg\" alt=\"\" width=\"331\" height=\"248\" srcset=\"https:\/\/www.oaxaca.gob.mx\/occe\/wp-content\/uploads\/sites\/55\/2020\/10\/foto-ocv-5-300x225.jpg 300w, https:\/\/www.oaxaca.gob.mx\/occe\/wp-content\/uploads\/sites\/55\/2020\/10\/foto-ocv-5-1024x767.jpg 1024w, https:\/\/www.oaxaca.gob.mx\/occe\/wp-content\/uploads\/sites\/55\/2020\/10\/foto-ocv-5-768x575.jpg 768w, https:\/\/www.oaxaca.gob.mx\/occe\/wp-content\/uploads\/sites\/55\/2020\/10\/foto-ocv-5.jpg 1280w\" sizes=\"auto, (max-width: 331px) 100vw, 331px\" \/><\/p>\n<p>Algunos de los eventos que se han llevado a cabo son:<\/p>\n<ul>\n<li>*C\u00e1mara Nacional de la industria de desarrollo y promoci\u00f3n de viviendas CANADEVI<\/li>\n<li>*Encuentros de ROTARIOS RIMEX 2018<\/li>\n<li>*Tercer Retiro del Grupo de Amigos de Monterrey, sobre el Financiamiento para el Desarrollo<\/li>\n<li>*Wheel Chair Fundation-DIF-Club Rotario de Antequera<\/li>\n<li>*Medio Marat\u00f3n Rock &amp; Roll<\/li>\n<li>*Asamblea Nacional de la Federaci\u00f3n de Arquitectos<\/li>\n<li>*Revista Nupcias, edici\u00f3n especial destinos<\/li>\n<li>*Encuentro Conectando Emprendedores en Oaxaca, CEO 2018<\/li>\n<li>*VI Macro Rueda de Negocios Internacionales<\/li>\n<li>*IV Congreso Nacional de Hospitales de Alta Especialidad y III Reuni\u00f3n Institucional<\/li>\n<li>*XIII Congreso Nacional de la Asociaci\u00f3n Nacional de Defensor\u00edas P\u00fablicas<\/li>\n<li>*NikonQuest en Oaxaca<\/li>\n<li>*Carrera Panamericana 2019<\/li>\n<li>*Reuni\u00f3n Plenaria de la Conferencia Nacional de Procuraci\u00f3n de Justicia<\/li>\n<li>*Feria Internacional del libro \u201cFILO\u201d<\/li>\n<li>*Asociaci\u00f3n de profesionales inmobiliarios (AMPI) 2018<\/li>\n<li>*Conferencia: \u201cNo te enganches\u201d con el Dr. C\u00e9sar Lozano<\/li>\n<li>*Festival del Amor 2019<\/li>\n<li>*Firma de Convenio AFODEPO y Fundaci\u00f3n Harp Hel\u00fa<\/li>\n<li>*Puesta en escena \u201cDinosaurios en Vivo\u201d<\/li>\n<li>*XI Congreso Nacional de Optometr\u00eda<\/li>\n<li>*Jornada Nacional del Mezcal 2019<\/li>\n<li>*Junta de Consejo Bancomer Oaxaca<\/li>\n<li>*Asamblea Nacional del Mezcal 2019 (Asamblea Ordinaria del CRM) y Jornada Nacional del \u00a0\u00a0Mezcal 2019: Capacitaci\u00f3n y An\u00e1lisis<\/li>\n<li>*CCCXXII Reuni\u00f3n de la Comisi\u00f3n Permanente de Funcionarios Fiscales del Sistema Nacional de Coordinaci\u00f3n Fiscal<\/li>\n<li>*Presentaci\u00f3n de Lila Downs a beneficio del Fondo Guadalupe Musalem<\/li>\n<li>*Congreso Nacional de Contralores<\/li>\n<li>*Feria Guelaguetza<\/li>\n<li>*Confederaci\u00f3n de C\u00e1maras Industriales (CONCAMIN) 2019<\/li>\n<li>*Crece con GOOGLE<\/li>\n<li>*Festival D\u00eda de Muertos<\/li>\n<li>*Reuni\u00f3n de ANETIF<\/li>\n<li>*INDEX 2019<\/li>\n<li>*Confederaci\u00f3n Nacional de Organizaciones Ganaderas CNOG<\/li>\n<\/ul>\n","protected":false},"excerpt":{"rendered":"<p>Hoy, Oaxaca se ha posicionado como el destino preferido por los turistas de todo el mundo, ubicado en el lugar no. 7 de los 10 mejores destinos para turismo de reuniones a nivel nacional, en el no. 377 del ranking mundial, y a nivel Latinoam\u00e9rica en el No. 84, seg\u00fan el reporte de 2019 de [&hellip;]<\/p>\n","protected":false},"author":1,"featured_media":82,"parent":0,"menu_order":5,"comment_status":"closed","ping_status":"closed","template":"","meta":{"episode_type":"","audio_file":"","podmotor_file_id":"","podmotor_episode_id":"","cover_image":"","cover_image_id":"","duration":"","filesize":"","filesize_raw":"","date_recorded":"","explicit":"","block":"","itunes_episode_number":"","itunes_title":"","itunes_season_number":"","itunes_episode_type":"","footnotes":""},"categories":[],"tags":[],"class_list":["post-16","page","type-page","status-publish","has-post-thumbnail","hentry"],"acf":[],"publishpress_future_action":{"enabled":false,"date":"2026-05-08 00:04:30","action":"change-status","newStatus":"draft","terms":[],"taxonomy":"category","extraData":[]},"publishpress_future_workflow_manual_trigger":{"enabledWorkflows":[]},"_links":{"self":[{"href":"https:\/\/www.oaxaca.gob.mx\/occe\/wp-json\/wp\/v2\/pages\/16","targetHints":{"allow":["GET"]}}],"collection":[{"href":"https:\/\/www.oaxaca.gob.mx\/occe\/wp-json\/wp\/v2\/pages"}],"about":[{"href":"https:\/\/www.oaxaca.gob.mx\/occe\/wp-json\/wp\/v2\/types\/page"}],"author":[{"embeddable":true,"href":"https:\/\/www.oaxaca.gob.mx\/occe\/wp-json\/wp\/v2\/users\/1"}],"replies":[{"embeddable":true,"href":"https:\/\/www.oaxaca.gob.mx\/occe\/wp-json\/wp\/v2\/comments?post=16"}],"version-history":[{"count":7,"href":"https:\/\/www.oaxaca.gob.mx\/occe\/wp-json\/wp\/v2\/pages\/16\/revisions"}],"predecessor-version":[{"id":3007,"href":"https:\/\/www.oaxaca.gob.mx\/occe\/wp-json\/wp\/v2\/pages\/16\/revisions\/3007"}],"wp:featuredmedia":[{"embeddable":true,"href":"https:\/\/www.oaxaca.gob.mx\/occe\/wp-json\/wp\/v2\/media\/82"}],"wp:attachment":[{"href":"https:\/\/www.oaxaca.gob.mx\/occe\/wp-json\/wp\/v2\/media?parent=16"}],"wp:term":[{"taxonomy":"category","embeddable":true,"href":"https:\/\/www.oaxaca.gob.mx\/occe\/wp-json\/wp\/v2\/categories?post=16"},{"taxonomy":"post_tag","embeddable":true,"href":"https:\/\/www.oaxaca.gob.mx\/occe\/wp-json\/wp\/v2\/tags?post=16"}],"curies":[{"name":"wp","href":"https:\/\/api.w.org\/{rel}","templated":true}]}}