{"id":1483,"date":"2019-02-08T18:13:56","date_gmt":"2019-02-09T00:13:56","guid":{"rendered":"https:\/\/www.oaxaca.gob.mx\/ocv\/?page_id=1483"},"modified":"2019-02-08T18:13:56","modified_gmt":"2019-02-09T00:13:56","slug":"transparencia","status":"publish","type":"page","link":"https:\/\/www.oaxaca.gob.mx\/occe\/transparencia\/","title":{"rendered":"Transparencia"},"content":{"rendered":"<p class=\"text-justify\">Conjunto de actos a trav\u00e9s de los cuales los sujetos obligados tienen el deber de poner a disposici\u00f3n de las personas solicitantes la informaci\u00f3n p\u00fablica que poseen, as\u00ed como las acciones en el ejercicio de sus funciones.<\/p>\n<p>&nbsp;<\/p>\n<p><a class=\"maxbutton-2 maxbutton maxbutton-obt\" title=\"Obligaciones de Transparencia\" href=\"http:\/\/www.oaxaca.gob.mx\/seculta\/cumplimiento-lgtaip-2018\/\" target=\"_blank\" rel=\"noopener noreferrer\"><span class=\"mb-text\" style=\"padding-top: 12px\">Obligaciones de Transparencia 2018<\/span><\/a> <a class=\"maxbutton-2 maxbutton maxbutton-obt\" href=\"http:\/\/www.oaxaca.gob.mx\/seculta\/cumplimiento-lgtaip-2015-2017\/\"><span class=\"mb-text\" style=\"padding-top: 7px\">Obligaciones de Transparencia 2015-2017<\/span><\/a>\u00a0<a class=\"maxbutton-2 maxbutton maxbutton-obt\" title=\"Tabla de Aplicabilidad\" href=\"https:\/\/www.oaxaca.gob.mx\/ocv\/wp-content\/uploads\/sites\/55\/2019\/02\/Tabla-de-aplicabilidad-OCV-Oaxaca.pdf\" target=\"_blank\" rel=\"noopener noreferrer\"><span class=\"mb-text\" style=\"padding-top: 20px\">Tabla de Aplicabilidad<\/span><\/a>\u00a0<a class=\"maxbutton-2 maxbutton maxbutton-obt\" title=\"Plataforma Nacional de Transparencia\" href=\"https:\/\/consultapublicamx.inai.org.mx\/vut-web\/?idSujetoObigadoParametro=11891&amp;idEntidadParametro=20&amp;idSectorParametro=25\" target=\"_blank\" rel=\"noopener noreferrer\"><span class=\"mb-text\" style=\"padding-top: 22px\">SIPOT<\/span><\/a> <a class=\"maxbutton-2 maxbutton maxbutton-obt\" title=\"Ley de Disciplina Financiera\" href=\"http:\/\/www.oaxaca.gob.mx\/seculta\/ley-de-disciplina-financiera\/\" target=\"_blank\" rel=\"noopener noreferrer\"><span class=\"mb-text\" style=\"padding-top: 13px\">Ley de Disciplina Financiera<\/span><\/a>\u00a0<\/p>\n<p><a class=\"maxbutton-2 maxbutton maxbutton-obt\" title=\"Integridad P\u00fablica\" href=\"http:\/\/www.oaxaca.gob.mx\/seculta\/integridad-publica\/\" target=\"_blank\" rel=\"noopener noreferrer\"><span class=\"mb-text\" style=\"padding-top: 21px\">Integridad P\u00fablica<\/span><\/a>\u00a0<a class=\"maxbutton-2 maxbutton maxbutton-obt\" title=\"Armonizaci\u00f3n Contable\" href=\"http:\/\/www.oaxaca.gob.mx\/seculta\/armonizacion-contable\/\" rel=\"noopener\"><span class=\"mb-text\" style=\"padding-top: 21px\">Armonizaci\u00f3n Contable<\/span><\/a>\u00a0<a class=\"maxbutton-2 maxbutton maxbutton-obt\" title=\"Denuncia por incumplimiento\" href=\"http:\/\/iaipoaxaca.org.mx\/transparencia\/denuncia\" target=\"_blank\" rel=\"noopener noreferrer\"><span class=\"mb-text\" style=\"padding-top: 12px\">Denuncia por Incumplimiento<\/span><\/a>\u00a0<a class=\"maxbutton-2 maxbutton maxbutton-obt\" href=\"http:\/\/www.oaxaca.gob.mx\/seculta\/quejas-sugerencias-y-propuestas\/\" target=\"_blank\" rel=\"noopener noreferrer\"><span class=\"mb-text\" style=\"padding-top: 21px\">Quejas y Sugerencias<\/span><\/a> <a class=\"maxbutton-2 maxbutton maxbutton-obt\" href=\"http:\/\/www.finanzasoaxaca.gob.mx\/transparenciapresupuestaria\/\" target=\"_blank\" rel=\"noopener noreferrer\"><span class=\"mb-text\" style=\"padding-top: 21px\">Transparencia Presupuestaria<\/span><\/a><\/p>\n<p><a class=\"maxbutton-2 maxbutton maxbutton-obt\" href=\"https:\/\/www.plataformadetransparencia.org.mx\/web\/guest\/inicio\" target=\"_blank\" rel=\"noopener noreferrer\"><span class=\"mb-text\" style=\"padding-top: 21px\">Plataforma Nacional de Transparencia<\/span><\/a> <a class=\"maxbutton-2 maxbutton maxbutton-obt\" href=\"https:\/\/oaxaca.infomex.org.mx\/\" target=\"_blank\" rel=\"noopener noreferrer\"><span class=\"mb-text\" style=\"padding-top: 21px\">Infomex Oaxaca<\/span><\/a> <a class=\"maxbutton-2 maxbutton maxbutton-obt\" title=\"Obligaciones de Transparencia\" href=\"http:\/\/www.oaxaca.gob.mx\/seculta\/cumplimiento-lgtaip-2019\/\" target=\"_blank\" rel=\"noopener noreferrer\"><span class=\"mb-text\" style=\"padding-top: 12px\">Obligaciones de Transparencia 2019<\/span><\/a> <a class=\"maxbutton-2 maxbutton maxbutton-obt\" title=\"Normatividad\" href=\"http:\/\/www.oaxaca.gob.mx\/seculta\/normatividad\/\" target=\"_blank\" rel=\"noopener noreferrer\"><span class=\"mb-text\" style=\"padding-top: 12px\">Normatividad<\/span><\/a><\/p>\n","protected":false},"excerpt":{"rendered":"<p>Conjunto de actos a trav\u00e9s de los cuales los sujetos obligados tienen el deber de poner a disposici\u00f3n de las personas solicitantes la informaci\u00f3n p\u00fablica que poseen, as\u00ed como las acciones en el ejercicio de sus funciones. &nbsp; Obligaciones de Transparencia 2018 Obligaciones de Transparencia 2015-2017\u00a0Tabla de Aplicabilidad\u00a0SIPOT Ley de Disciplina Financiera\u00a0 Integridad P\u00fablica\u00a0Armonizaci\u00f3n Contable\u00a0Denuncia [&hellip;]<\/p>\n","protected":false},"author":1,"featured_media":1692,"parent":0,"menu_order":0,"comment_status":"closed","ping_status":"closed","template":"","meta":{"episode_type":"","audio_file":"","podmotor_file_id":"","podmotor_episode_id":"","cover_image":"","cover_image_id":"","duration":"","filesize":"","filesize_raw":"","date_recorded":"","explicit":"","block":"","itunes_episode_number":"","itunes_title":"","itunes_season_number":"","itunes_episode_type":"","footnotes":""},"categories":[],"tags":[],"class_list":["post-1483","page","type-page","status-publish","has-post-thumbnail","hentry"],"acf":[],"publishpress_future_action":{"enabled":false,"date":"2026-05-06 09:59:07","action":"change-status","newStatus":"draft","terms":[],"taxonomy":"category","extraData":[]},"publishpress_future_workflow_manual_trigger":{"enabledWorkflows":[]},"_links":{"self":[{"href":"https:\/\/www.oaxaca.gob.mx\/occe\/wp-json\/wp\/v2\/pages\/1483","targetHints":{"allow":["GET"]}}],"collection":[{"href":"https:\/\/www.oaxaca.gob.mx\/occe\/wp-json\/wp\/v2\/pages"}],"about":[{"href":"https:\/\/www.oaxaca.gob.mx\/occe\/wp-json\/wp\/v2\/types\/page"}],"author":[{"embeddable":true,"href":"https:\/\/www.oaxaca.gob.mx\/occe\/wp-json\/wp\/v2\/users\/1"}],"replies":[{"embeddable":true,"href":"https:\/\/www.oaxaca.gob.mx\/occe\/wp-json\/wp\/v2\/comments?post=1483"}],"version-history":[{"count":0,"href":"https:\/\/www.oaxaca.gob.mx\/occe\/wp-json\/wp\/v2\/pages\/1483\/revisions"}],"wp:featuredmedia":[{"embeddable":true,"href":"https:\/\/www.oaxaca.gob.mx\/occe\/wp-json\/wp\/v2\/media\/1692"}],"wp:attachment":[{"href":"https:\/\/www.oaxaca.gob.mx\/occe\/wp-json\/wp\/v2\/media?parent=1483"}],"wp:term":[{"taxonomy":"category","embeddable":true,"href":"https:\/\/www.oaxaca.gob.mx\/occe\/wp-json\/wp\/v2\/categories?post=1483"},{"taxonomy":"post_tag","embeddable":true,"href":"https:\/\/www.oaxaca.gob.mx\/occe\/wp-json\/wp\/v2\/tags?post=1483"}],"curies":[{"name":"wp","href":"https:\/\/api.w.org\/{rel}","templated":true}]}}