{"id":1478,"date":"2019-02-08T18:12:04","date_gmt":"2019-02-09T00:12:04","guid":{"rendered":"https:\/\/www.oaxaca.gob.mx\/ocv\/?page_id=1478"},"modified":"2019-02-08T18:12:04","modified_gmt":"2019-02-09T00:12:04","slug":"transparencia-2","status":"publish","type":"page","link":"https:\/\/www.oaxaca.gob.mx\/occe\/transparencia-2\/","title":{"rendered":"Transparencia"},"content":{"rendered":"<h1 class=\"entry-title\">Transparencia<\/h1>\n<p class=\"text-justify\">Conjunto de actos a trav\u00e9s de los cuales los sujetos obligados tienen el deber de poner a disposici\u00f3n de las personas solicitantes la informaci\u00f3n p\u00fablica que poseen, as\u00ed como las acciones en el ejercicio de sus funciones.<\/p>\n<p>&nbsp;<\/p>\n<p>&nbsp;<\/p>\n<p><a class=\"maxbutton-2 maxbutton maxbutton-obt\" title=\"Obligaciones de Transparencia\" href=\"http:\/\/www.ieepo.oaxaca.gob.mx\/portal\/cumplimiento-lgtaip-2018\/\" target=\"_blank\" rel=\"noopener noreferrer\"><span class=\"mb-text\">Obligaciones de Transparencia 2018<\/span><\/a><br \/>\n<a class=\"maxbutton-5 maxbutton maxbutton-odt-2015-2017\" href=\"http:\/\/www.ieepo.oaxaca.gob.mx\/portal\/cumplimiento-lgtaip-2017-2015\/\"><span class=\"mb-text\">Obligaciones de Transparencia 2015-2017<\/span><\/a><br \/>\n<a class=\"maxbutton-3 maxbutton maxbutton-tda\" title=\"Tabla de Aplicabilidad\" href=\"http:\/\/www.ieepo.oaxaca.gob.mx\/portal\/tabla-de-aplicabilidad\/\"><span class=\"mb-text\">Tabla de Aplicabilidad<\/span><\/a><br \/>\n<a class=\"maxbutton-4 maxbutton maxbutton-dpi\" title=\"Denuncia por incumplimiento\" href=\"http:\/\/iaipoaxaca.org.mx\/transparencia\/denuncia\" target=\"_blank\" rel=\"noopener noreferrer\"><span class=\"mb-text\">Denuncia por Incumplimiento<\/span><\/a><br \/>\n<a class=\"maxbutton-1 maxbutton maxbutton-sipot\" title=\"Plataforma Nacional de Transparencia\" href=\"https:\/\/consultapublicamx.inai.org.mx\/vut-web\/?idSujetoObigadoParametro=11902&amp;idEntidadParametro=20&amp;idSectorParametro=21\" target=\"_blank\" rel=\"noopener noreferrer\"><span class=\"mb-text\">SIPOT<\/span><\/a><\/p>\n<div><a class=\"maxbutton-6 maxbutton maxbutton-qsyp\" href=\"http:\/\/www.ieepo.oaxaca.gob.mx\/portal\/quejas-sugerencias-y-propuestas\/\" target=\"_blank\" rel=\"noopener noreferrer\"><span class=\"mb-text\">Quejas y Sugerencias<\/span><\/a><\/div>\n","protected":false},"excerpt":{"rendered":"<p>Transparencia Conjunto de actos a trav\u00e9s de los cuales los sujetos obligados tienen el deber de poner a disposici\u00f3n de las personas solicitantes la informaci\u00f3n p\u00fablica que poseen, as\u00ed como las acciones en el ejercicio de sus funciones. &nbsp; &nbsp; Obligaciones de Transparencia 2018 Obligaciones de Transparencia 2015-2017 Tabla de Aplicabilidad Denuncia por Incumplimiento SIPOT [&hellip;]<\/p>\n","protected":false},"author":1,"featured_media":0,"parent":0,"menu_order":0,"comment_status":"closed","ping_status":"closed","template":"","meta":{"episode_type":"","audio_file":"","podmotor_file_id":"","podmotor_episode_id":"","cover_image":"","cover_image_id":"","duration":"","filesize":"","filesize_raw":"","date_recorded":"","explicit":"","block":"","itunes_episode_number":"","itunes_title":"","itunes_season_number":"","itunes_episode_type":"","footnotes":""},"categories":[],"tags":[],"class_list":["post-1478","page","type-page","status-publish","hentry"],"acf":[],"publishpress_future_action":{"enabled":false,"date":"2026-05-06 10:00:21","action":"change-status","newStatus":"draft","terms":[],"taxonomy":"category","extraData":[]},"publishpress_future_workflow_manual_trigger":{"enabledWorkflows":[]},"_links":{"self":[{"href":"https:\/\/www.oaxaca.gob.mx\/occe\/wp-json\/wp\/v2\/pages\/1478","targetHints":{"allow":["GET"]}}],"collection":[{"href":"https:\/\/www.oaxaca.gob.mx\/occe\/wp-json\/wp\/v2\/pages"}],"about":[{"href":"https:\/\/www.oaxaca.gob.mx\/occe\/wp-json\/wp\/v2\/types\/page"}],"author":[{"embeddable":true,"href":"https:\/\/www.oaxaca.gob.mx\/occe\/wp-json\/wp\/v2\/users\/1"}],"replies":[{"embeddable":true,"href":"https:\/\/www.oaxaca.gob.mx\/occe\/wp-json\/wp\/v2\/comments?post=1478"}],"version-history":[{"count":0,"href":"https:\/\/www.oaxaca.gob.mx\/occe\/wp-json\/wp\/v2\/pages\/1478\/revisions"}],"wp:attachment":[{"href":"https:\/\/www.oaxaca.gob.mx\/occe\/wp-json\/wp\/v2\/media?parent=1478"}],"wp:term":[{"taxonomy":"category","embeddable":true,"href":"https:\/\/www.oaxaca.gob.mx\/occe\/wp-json\/wp\/v2\/categories?post=1478"},{"taxonomy":"post_tag","embeddable":true,"href":"https:\/\/www.oaxaca.gob.mx\/occe\/wp-json\/wp\/v2\/tags?post=1478"}],"curies":[{"name":"wp","href":"https:\/\/api.w.org\/{rel}","templated":true}]}}