{"id":66,"date":"2018-11-15T14:59:15","date_gmt":"2018-11-15T20:59:15","guid":{"rendered":"http:\/\/www.notarias.oaxaca.gob.mx\/?page_id=66"},"modified":"2018-11-15T14:59:15","modified_gmt":"2018-11-15T20:59:15","slug":"politica-de-privacidad","status":"publish","type":"page","link":"https:\/\/www.oaxaca.gob.mx\/notarias\/politica-de-privacidad\/","title":{"rendered":"Pol\u00edtica de privacidad"},"content":{"rendered":"<p>El Gobierno del Estado de Oaxaca a trav\u00e9s de la Direcci\u00f3n de Tecnolog\u00edas de la Informaci\u00f3n \u00e1rea encargada de implementar, dar seguimiento, control y monitoreo de los sistemas electr\u00f3nicos de informaci\u00f3n de las Dependencias y Entidades, as\u00ed como de supervisar y operar bajo normas de seguridad la infraestructura que integra la red de<br \/>\ntelecomunicaciones del Poder Ejecutivo.<\/p>\n<p>Implementa la pol\u00edtica de uso y privacidad de los sistemas de informaci\u00f3n y comunicaci\u00f3n en las Dependencias y Entidades. Por ello toda la informaci\u00f3n recopilada, su uso y seguridad s\u00f3lo es aplicable para la Red de Portales del Gobierno del Estado de Oaxaca y no es aplicable a ning\u00fan sitio externo al que se pueda llegar a trav\u00e9s de<br \/>\nnuestros sitios.<\/p>\n<p>La manera de saber si un sitio es parte de los portales del Gobierno Estatal, es comprobando que la direcci\u00f3n de internet que se muestre tenga el dominio o terminaci\u00f3n oaxaca.gob.mx<\/p>\n<p>Es importe aclarar que el uso que se haga de la informaci\u00f3n y servicios expuestos en los sitios web est\u00e1 condicionado y apegado bajo la Ley de Transparencia y Acceso a la Informaci\u00f3n P\u00fablica de Oaxaca, expone en sus art\u00edculos 17, Fracci\u00f3n I,II,III,IV,V,VI; Art\u00edculo 19, Fracci\u00f3n IV; Art\u00edculo 23, Art\u00edculo 24, Fracci\u00f3n II y V.<\/p>\n","protected":false},"excerpt":{"rendered":"<p>El Gobierno del Estado de Oaxaca a trav\u00e9s de la Direcci\u00f3n de Tecnolog\u00edas de la Informaci\u00f3n \u00e1rea encargada de implementar, dar seguimiento, control y monitoreo de los sistemas electr\u00f3nicos de informaci\u00f3n de las Dependencias y Entidades, as\u00ed como de supervisar y operar bajo normas de seguridad la infraestructura que integra la red de telecomunicaciones del [&hellip;]<\/p>\n","protected":false},"author":1,"featured_media":0,"parent":0,"menu_order":0,"comment_status":"closed","ping_status":"closed","template":"","meta":{"episode_type":"","audio_file":"","podmotor_file_id":"","podmotor_episode_id":"","cover_image":"","cover_image_id":"","duration":"","filesize":"","filesize_raw":"","date_recorded":"","explicit":"","block":"","itunes_episode_number":"","itunes_title":"","itunes_season_number":"","itunes_episode_type":"","footnotes":""},"categories":[],"tags":[],"class_list":["post-66","page","type-page","status-publish","hentry"],"acf":[],"publishpress_future_action":{"enabled":false,"date":"2026-04-26 02:27:35","action":"change-status","newStatus":"draft","terms":[],"taxonomy":"category","extraData":[]},"publishpress_future_workflow_manual_trigger":{"enabledWorkflows":[]},"_links":{"self":[{"href":"https:\/\/www.oaxaca.gob.mx\/notarias\/wp-json\/wp\/v2\/pages\/66","targetHints":{"allow":["GET"]}}],"collection":[{"href":"https:\/\/www.oaxaca.gob.mx\/notarias\/wp-json\/wp\/v2\/pages"}],"about":[{"href":"https:\/\/www.oaxaca.gob.mx\/notarias\/wp-json\/wp\/v2\/types\/page"}],"author":[{"embeddable":true,"href":"https:\/\/www.oaxaca.gob.mx\/notarias\/wp-json\/wp\/v2\/users\/1"}],"replies":[{"embeddable":true,"href":"https:\/\/www.oaxaca.gob.mx\/notarias\/wp-json\/wp\/v2\/comments?post=66"}],"version-history":[{"count":0,"href":"https:\/\/www.oaxaca.gob.mx\/notarias\/wp-json\/wp\/v2\/pages\/66\/revisions"}],"wp:attachment":[{"href":"https:\/\/www.oaxaca.gob.mx\/notarias\/wp-json\/wp\/v2\/media?parent=66"}],"wp:term":[{"taxonomy":"category","embeddable":true,"href":"https:\/\/www.oaxaca.gob.mx\/notarias\/wp-json\/wp\/v2\/categories?post=66"},{"taxonomy":"post_tag","embeddable":true,"href":"https:\/\/www.oaxaca.gob.mx\/notarias\/wp-json\/wp\/v2\/tags?post=66"}],"curies":[{"name":"wp","href":"https:\/\/api.w.org\/{rel}","templated":true}]}}