{"id":58,"date":"2018-11-15T14:55:37","date_gmt":"2018-11-15T20:55:37","guid":{"rendered":"http:\/\/www.notarias.oaxaca.gob.mx\/?page_id=58"},"modified":"2018-11-15T14:55:37","modified_gmt":"2018-11-15T20:55:37","slug":"inicio","status":"publish","type":"page","link":"https:\/\/www.oaxaca.gob.mx\/notarias\/mision-y-vision\/inicio\/","title":{"rendered":""},"content":{"rendered":"<p style=\"text-align: center\"><b><a href=\"https:\/\/www.oaxaca.gob.mx\/notarias\/wp-content\/uploads\/sites\/71\/2019\/03\/cartel-mes-del-testamento-3.jpg\"><img loading=\"lazy\" decoding=\"async\" class=\"wp-image-260 aligncenter\" src=\"https:\/\/www.oaxaca.gob.mx\/notarias\/wp-content\/uploads\/sites\/71\/2019\/03\/cartel-mes-del-testamento-3.jpg\" alt=\"\" width=\"1283\" height=\"1924\" srcset=\"https:\/\/www.oaxaca.gob.mx\/notarias\/wp-content\/uploads\/sites\/71\/2019\/03\/cartel-mes-del-testamento-3.jpg 1667w, https:\/\/www.oaxaca.gob.mx\/notarias\/wp-content\/uploads\/sites\/71\/2019\/03\/cartel-mes-del-testamento-3-200x300.jpg 200w, https:\/\/www.oaxaca.gob.mx\/notarias\/wp-content\/uploads\/sites\/71\/2019\/03\/cartel-mes-del-testamento-3-768x1152.jpg 768w, https:\/\/www.oaxaca.gob.mx\/notarias\/wp-content\/uploads\/sites\/71\/2019\/03\/cartel-mes-del-testamento-3-683x1024.jpg 683w\" sizes=\"auto, (max-width: 1283px) 100vw, 1283px\" \/><\/a><br \/>\nDIRECCI\u00d3N<\/b><b> GENERAL DE NOTAR\u00cdAS Y ARCHIVO GENERAL DE NOTAR\u00cdAS<\/b><\/p>\n<p style=\"text-align: center\"><b>Carretera Internacional Oaxaca &#8211; Istmo Km. 11.5, <\/b>Ciudad Administrativa, Edificio 4, Planta Baja,<\/p>\n<p style=\"text-align: center\">C.P. 68270<b> Tlalixtac de Cabrera, <\/b>Oax.<b>,<\/b> Tel. Conmutador 01 (951)<b> 5015000 <\/b>Ext. <b>1<\/b><b>11<\/b><b>36<\/b><\/p>\n","protected":false},"excerpt":{"rendered":"<p>DIRECCI\u00d3N GENERAL DE NOTAR\u00cdAS Y ARCHIVO GENERAL DE NOTAR\u00cdAS Carretera Internacional Oaxaca &#8211; Istmo Km. 11.5, Ciudad Administrativa, Edificio 4, Planta Baja, C.P. 68270 Tlalixtac de Cabrera, Oax., Tel. Conmutador 01 (951) 5015000 Ext. 11136<\/p>\n","protected":false},"author":1,"featured_media":0,"parent":43,"menu_order":0,"comment_status":"closed","ping_status":"closed","template":"","meta":{"episode_type":"","audio_file":"","podmotor_file_id":"","podmotor_episode_id":"","cover_image":"","cover_image_id":"","duration":"","filesize":"","filesize_raw":"","date_recorded":"","explicit":"","block":"","itunes_episode_number":"","itunes_title":"","itunes_season_number":"","itunes_episode_type":"","footnotes":""},"categories":[],"tags":[],"class_list":["post-58","page","type-page","status-publish","hentry"],"acf":[],"publishpress_future_action":{"enabled":false,"date":"2026-04-26 04:32:36","action":"change-status","newStatus":"draft","terms":[],"taxonomy":"category","extraData":[]},"publishpress_future_workflow_manual_trigger":{"enabledWorkflows":[]},"_links":{"self":[{"href":"https:\/\/www.oaxaca.gob.mx\/notarias\/wp-json\/wp\/v2\/pages\/58","targetHints":{"allow":["GET"]}}],"collection":[{"href":"https:\/\/www.oaxaca.gob.mx\/notarias\/wp-json\/wp\/v2\/pages"}],"about":[{"href":"https:\/\/www.oaxaca.gob.mx\/notarias\/wp-json\/wp\/v2\/types\/page"}],"author":[{"embeddable":true,"href":"https:\/\/www.oaxaca.gob.mx\/notarias\/wp-json\/wp\/v2\/users\/1"}],"replies":[{"embeddable":true,"href":"https:\/\/www.oaxaca.gob.mx\/notarias\/wp-json\/wp\/v2\/comments?post=58"}],"version-history":[{"count":0,"href":"https:\/\/www.oaxaca.gob.mx\/notarias\/wp-json\/wp\/v2\/pages\/58\/revisions"}],"up":[{"embeddable":true,"href":"https:\/\/www.oaxaca.gob.mx\/notarias\/wp-json\/wp\/v2\/pages\/43"}],"wp:attachment":[{"href":"https:\/\/www.oaxaca.gob.mx\/notarias\/wp-json\/wp\/v2\/media?parent=58"}],"wp:term":[{"taxonomy":"category","embeddable":true,"href":"https:\/\/www.oaxaca.gob.mx\/notarias\/wp-json\/wp\/v2\/categories?post=58"},{"taxonomy":"post_tag","embeddable":true,"href":"https:\/\/www.oaxaca.gob.mx\/notarias\/wp-json\/wp\/v2\/tags?post=58"}],"curies":[{"name":"wp","href":"https:\/\/api.w.org\/{rel}","templated":true}]}}