{"id":45,"date":"2018-11-14T17:14:54","date_gmt":"2018-11-14T23:14:54","guid":{"rendered":"http:\/\/www.notarias.oaxaca.gob.mx\/?page_id=45"},"modified":"2018-11-14T17:14:54","modified_gmt":"2018-11-14T23:14:54","slug":"objetivos","status":"publish","type":"page","link":"https:\/\/www.oaxaca.gob.mx\/notarias\/objetivos\/","title":{"rendered":"Objetivos"},"content":{"rendered":"<p align=\"justify\"><span style=\"font-family: Arial, serif\"><span style=\"font-size: medium\">La Direcci\u00f3n General de Notar\u00edas y Archivo General de Notar\u00edas, se encarga de coordinar, organizar y supervisar las actividades de los Notarios P\u00fablicos del Estado de Oaxaca. <\/span><\/span><\/p>\n<ul>\n<li>\n<p align=\"justify\"><span style=\"font-family: Arial, serif\"><span style=\"font-size: medium\">Llevar el registro y control de los Fedatarios P\u00fablicos del Estado, en lo relativo a su apertura, funcionamiento y cierre de protocolo.<\/span><\/span><\/p>\n<\/li>\n<li>\n<p align=\"justify\"><span style=\"font-family: Arial, serif\"><span style=\"font-size: medium\">Revisar, inspeccionar y supervisar los protocolos de las Notar\u00edas P\u00fablicas, as\u00ed como verificar el cumplimiento de las formalidades legales;<\/span><\/span><\/p>\n<\/li>\n<li>\n<p align=\"justify\"><span style=\"font-family: Arial, serif\"><span style=\"font-size: medium\">Sustanciar los procedimientos administrativos de queja formulados en contra de Notarios P\u00fablicos seg\u00fan la Ley del Notariado para el Estado de Oaxaca;<\/span><\/span><\/p>\n<\/li>\n<li>\n<p align=\"justify\"><span style=\"font-family: Arial, serif\"><span style=\"font-size: medium\">Vigilar que los libros de protocolo de los Notarios P\u00fablicos cumplan los requisitos previstos en la Ley del Notariado para el Estado de Oaxaca para su recepci\u00f3n y custodia definitiva; y<\/span><\/span><\/p>\n<\/li>\n<li>\n<p align=\"justify\"><span style=\"font-family: Arial, serif\"><span style=\"font-size: medium\">Garantizar la certeza jur\u00eddica de los libros que se encuentran concentrados en la Direcci\u00f3n.<\/span><\/span><\/p>\n<\/li>\n<\/ul>\n","protected":false},"excerpt":{"rendered":"<p>La Direcci\u00f3n General de Notar\u00edas y Archivo General de Notar\u00edas, se encarga de coordinar, organizar y supervisar las actividades de los Notarios P\u00fablicos del Estado de Oaxaca. Llevar el registro y control de los Fedatarios P\u00fablicos del Estado, en lo relativo a su apertura, funcionamiento y cierre de protocolo. Revisar, inspeccionar y supervisar los protocolos [&hellip;]<\/p>\n","protected":false},"author":1,"featured_media":52,"parent":0,"menu_order":0,"comment_status":"closed","ping_status":"closed","template":"","meta":{"episode_type":"","audio_file":"","podmotor_file_id":"","podmotor_episode_id":"","cover_image":"","cover_image_id":"","duration":"","filesize":"","filesize_raw":"","date_recorded":"","explicit":"","block":"","itunes_episode_number":"","itunes_title":"","itunes_season_number":"","itunes_episode_type":"","footnotes":""},"categories":[],"tags":[],"class_list":["post-45","page","type-page","status-publish","has-post-thumbnail","hentry"],"acf":[],"publishpress_future_action":{"enabled":false,"date":"2026-04-26 02:25:40","action":"change-status","newStatus":"draft","terms":[],"taxonomy":"category","extraData":[]},"publishpress_future_workflow_manual_trigger":{"enabledWorkflows":[]},"_links":{"self":[{"href":"https:\/\/www.oaxaca.gob.mx\/notarias\/wp-json\/wp\/v2\/pages\/45","targetHints":{"allow":["GET"]}}],"collection":[{"href":"https:\/\/www.oaxaca.gob.mx\/notarias\/wp-json\/wp\/v2\/pages"}],"about":[{"href":"https:\/\/www.oaxaca.gob.mx\/notarias\/wp-json\/wp\/v2\/types\/page"}],"author":[{"embeddable":true,"href":"https:\/\/www.oaxaca.gob.mx\/notarias\/wp-json\/wp\/v2\/users\/1"}],"replies":[{"embeddable":true,"href":"https:\/\/www.oaxaca.gob.mx\/notarias\/wp-json\/wp\/v2\/comments?post=45"}],"version-history":[{"count":0,"href":"https:\/\/www.oaxaca.gob.mx\/notarias\/wp-json\/wp\/v2\/pages\/45\/revisions"}],"wp:featuredmedia":[{"embeddable":true,"href":"https:\/\/www.oaxaca.gob.mx\/notarias\/wp-json\/wp\/v2\/media\/52"}],"wp:attachment":[{"href":"https:\/\/www.oaxaca.gob.mx\/notarias\/wp-json\/wp\/v2\/media?parent=45"}],"wp:term":[{"taxonomy":"category","embeddable":true,"href":"https:\/\/www.oaxaca.gob.mx\/notarias\/wp-json\/wp\/v2\/categories?post=45"},{"taxonomy":"post_tag","embeddable":true,"href":"https:\/\/www.oaxaca.gob.mx\/notarias\/wp-json\/wp\/v2\/tags?post=45"}],"curies":[{"name":"wp","href":"https:\/\/api.w.org\/{rel}","templated":true}]}}