{"id":428,"date":"2019-04-17T17:02:41","date_gmt":"2019-04-17T15:02:41","guid":{"rendered":"https:\/\/www.oaxaca.gob.mx\/notarias\/?page_id=428"},"modified":"2019-04-17T17:02:41","modified_gmt":"2019-04-17T15:02:41","slug":"funciones","status":"publish","type":"page","link":"https:\/\/www.oaxaca.gob.mx\/notarias\/funciones\/","title":{"rendered":"Funciones"},"content":{"rendered":"<p>En el Reglamento Interno de la Consejer\u00eda Jur\u00eddica del Gobierno del Estado, se menciona que la Direcci\u00f3n General de Notar\u00edas y del Archivo, es la encargada de vigilar el debido ejercicio de la funci\u00f3n notarial, vigilando el funcionamiento de las Notar\u00edas, de conformidad con las atribuciones que le confiere la Ley del Notariado para el Estado de Oaxaca.<\/p>\n<p>En el Cap\u00edtulo VIII  se especifican las Facultades de la Direcci\u00f3n General de Notar\u00edas y del Archivo:<br \/>\nArt\u00edculo 26. La Direcci\u00f3n General de Notarias y del Archivo, contar\u00e1 con un Director General, quien depender\u00e1 directamente del Consejero Jur\u00eddico, y conforme con la ley del Notariado para el Estado de Oaxaca tendr\u00e1 las siguientes facultades:<\/p>\n<p>I.- Promover pol\u00edticas, acciones y m\u00e9todos para la supervisi\u00f3n de las actividades notariales en el Estado;<\/p>\n<p>II.- Promover pol\u00edticas, acciones y m\u00e9todos para la organizaci\u00f3n y control del Archivo General de Notarias;<\/p>\n<p>III.- Dirigir y coordinar al personal a su cargo para cumplir con sus atribuciones;<\/p>\n<p>IV.- Participar en reuniones y comisiones de trabajo encomendadas por el Consejero Jur\u00eddico;<\/p>\n<p>V.- Elaborar los informes mensuales y trimestrales sobre el cumplimiento de las metas de la Direcci\u00f3n;<\/p>\n<p>VI.- Proponer e integrar procedimientos administrativos de responsabilidad en contra de notarios p\u00fablicos cuando as\u00ed proceda;<\/p>\n<p>VII.- Clausurar protocolos y cierre de notar\u00edas en caso de cese de un notario; <\/p>\n<p>VIII.- Coordinar la colaboraci\u00f3n de los notarios en la prestaci\u00f3n de sus servicios, cuando se trate de satisfacer demandas de orden social;<\/p>\n<p>IX.- Certificar la documentaci\u00f3n solicitada por autoridades judiciales, administrativas, legislativas y particulares existentes en el archivo, conforme a la Ley Estatal de Derechos;<\/p>\n<p>X.- Participar con la Federaci\u00f3n en materia de notariado , cuando as\u00ed corresponda en t\u00e9rminos de la legislaci\u00f3n aplicable, y <\/p>\n<p>XI.- Las que le se\u00f1ale la Ley del Notariado para el Estado de Oaxaca, las dem\u00e1s disposiciones normativas aplicables y las que le confiera el Consejero Jur\u00eddico, en el \u00e1mbito de su competencia. <\/p>\n","protected":false},"excerpt":{"rendered":"<p>En el Reglamento Interno de la Consejer\u00eda Jur\u00eddica del Gobierno del Estado, se menciona que la Direcci\u00f3n General de Notar\u00edas y del Archivo, es la encargada de vigilar el debido ejercicio de la funci\u00f3n notarial, vigilando el funcionamiento de las Notar\u00edas, de conformidad con las atribuciones que le confiere la Ley del Notariado para el [&hellip;]<\/p>\n","protected":false},"author":1,"featured_media":0,"parent":0,"menu_order":0,"comment_status":"closed","ping_status":"closed","template":"","meta":{"episode_type":"","audio_file":"","podmotor_file_id":"","podmotor_episode_id":"","cover_image":"","cover_image_id":"","duration":"","filesize":"","filesize_raw":"","date_recorded":"","explicit":"","block":"","itunes_episode_number":"","itunes_title":"","itunes_season_number":"","itunes_episode_type":"","footnotes":""},"categories":[],"tags":[],"class_list":["post-428","page","type-page","status-publish","hentry"],"acf":[],"publishpress_future_action":{"enabled":false,"date":"2026-04-26 00:29:06","action":"change-status","newStatus":"draft","terms":[],"taxonomy":"category","extraData":[]},"publishpress_future_workflow_manual_trigger":{"enabledWorkflows":[]},"_links":{"self":[{"href":"https:\/\/www.oaxaca.gob.mx\/notarias\/wp-json\/wp\/v2\/pages\/428","targetHints":{"allow":["GET"]}}],"collection":[{"href":"https:\/\/www.oaxaca.gob.mx\/notarias\/wp-json\/wp\/v2\/pages"}],"about":[{"href":"https:\/\/www.oaxaca.gob.mx\/notarias\/wp-json\/wp\/v2\/types\/page"}],"author":[{"embeddable":true,"href":"https:\/\/www.oaxaca.gob.mx\/notarias\/wp-json\/wp\/v2\/users\/1"}],"replies":[{"embeddable":true,"href":"https:\/\/www.oaxaca.gob.mx\/notarias\/wp-json\/wp\/v2\/comments?post=428"}],"version-history":[{"count":0,"href":"https:\/\/www.oaxaca.gob.mx\/notarias\/wp-json\/wp\/v2\/pages\/428\/revisions"}],"wp:attachment":[{"href":"https:\/\/www.oaxaca.gob.mx\/notarias\/wp-json\/wp\/v2\/media?parent=428"}],"wp:term":[{"taxonomy":"category","embeddable":true,"href":"https:\/\/www.oaxaca.gob.mx\/notarias\/wp-json\/wp\/v2\/categories?post=428"},{"taxonomy":"post_tag","embeddable":true,"href":"https:\/\/www.oaxaca.gob.mx\/notarias\/wp-json\/wp\/v2\/tags?post=428"}],"curies":[{"name":"wp","href":"https:\/\/api.w.org\/{rel}","templated":true}]}}