{"id":19,"date":"2018-11-08T10:39:44","date_gmt":"2018-11-08T16:39:44","guid":{"rendered":"http:\/\/www.notarias.oaxaca.gob.mx\/?page_id=19"},"modified":"2018-11-08T10:39:44","modified_gmt":"2018-11-08T16:39:44","slug":"cumplimiento-lgtaip-2018","status":"publish","type":"page","link":"https:\/\/www.oaxaca.gob.mx\/notarias\/cumplimiento-lgtaip-2018\/","title":{"rendered":"Cumplimiento LGTAIP 2018"},"content":{"rendered":"[tabby title=\u00bbArt\u00edculo 21&#8243;]\n<h3>Art\u00edculo 21<\/h3>\n<p><strong>Adem\u00e1s de lo se\u00f1alado en el art\u00edculo 70 de la Ley General, el Poder Ejecutivo del Estado, deber\u00e1 poner a disposici\u00f3n del p\u00fablico y actualizar la siguiente informaci\u00f3n:<\/strong><\/p>\n[table \u201c3\u201d not found \/]<br \/>\n\n[tabby title=\u00bbArt\u00edculo 36&#8243;]\n<h3>Art\u00edculo 36<\/h3>\n<p><strong>Los sujetos obligados que realicen obra p\u00fablica, deber\u00e1n difundir f\u00edsicamente en el lugar de la obra, una placa o inscripci\u00f3n que se\u00f1ale que fue realizada con recursos p\u00fablicos y el costo de la misma.<\/strong><\/p>\n[table \u201c4\u201d not found \/]<br \/>\n\n[tabby title=\u00bbArt\u00edculo 70&#8243;]\n<h3>Art\u00edculo 70<\/h3>\n<p><strong>En la Ley Federal y de las Entidades Federativas se contemplar\u00e1 que los sujetos obligados pongan a disposici\u00f3n del p\u00fablico y mantengan actualizada, en los respectivos medios electr\u00f3nicos, de acuerdo con sus facultades, atribuciones, funciones u objeto social, seg\u00fan corresponda, la informaci\u00f3n por lo menos, de los temas, documentos y pol\u00edticas que a continuaci\u00f3n se se\u00f1alan:<\/strong><\/p>\n[table \u201c9\u201d not found \/]<br \/>\n\n[tabby title=\u00bbArt\u00edculo 71&#8243;]\n<h3>Art\u00edculo 71<\/h3>\n<p><strong>Adem\u00e1s de lo se\u00f1alado en el art\u00edculo anterior de la presente Ley, los sujetos obligados de los Poderes Ejecutivos Federal, de las Entidades Federativas y municipales, deber\u00e1n poner a disposici\u00f3n del p\u00fablico y actualizar la siguiente informaci\u00f3n:<\/strong><\/p>\n[table \u201c6\u201d not found \/]<br \/>\n\n[tabby title=\u00bbArt\u00edculo 80&#8243;]\n<h3>Art\u00edculo 80<\/h3>\n<p><strong>Para determinar la informaci\u00f3n adicional que publicar\u00e1n todos los sujetos obligados de manera obligatoria, los Organismos garantes deber\u00e1n:<\/strong><\/p>\n[table \u201c7\u201d not found \/]<br \/>\n\n[tabbyending]\n","protected":false},"excerpt":{"rendered":"<p>[tabby title=\u00bbArt\u00edculo 21&#8243;] Art\u00edculo 21 Adem\u00e1s de lo se\u00f1alado en el art\u00edculo 70 de la Ley General, el Poder Ejecutivo del Estado, deber\u00e1 poner a disposici\u00f3n del p\u00fablico y actualizar la siguiente informaci\u00f3n: [tabby title=\u00bbArt\u00edculo 36&#8243;] Art\u00edculo 36 Los sujetos obligados que realicen obra p\u00fablica, deber\u00e1n difundir f\u00edsicamente en el lugar de la obra, una [&hellip;]<\/p>\n","protected":false},"author":1,"featured_media":0,"parent":0,"menu_order":0,"comment_status":"closed","ping_status":"closed","template":"templates\/transparencia.php","meta":{"episode_type":"","audio_file":"","podmotor_file_id":"","podmotor_episode_id":"","cover_image":"","cover_image_id":"","duration":"","filesize":"","filesize_raw":"","date_recorded":"","explicit":"","block":"","itunes_episode_number":"","itunes_title":"","itunes_season_number":"","itunes_episode_type":"","footnotes":""},"categories":[],"tags":[],"class_list":["post-19","page","type-page","status-publish","hentry"],"acf":[],"publishpress_future_action":{"enabled":false,"date":"2026-04-26 02:26:12","action":"change-status","newStatus":"draft","terms":[],"taxonomy":"category","extraData":[]},"publishpress_future_workflow_manual_trigger":{"enabledWorkflows":[]},"_links":{"self":[{"href":"https:\/\/www.oaxaca.gob.mx\/notarias\/wp-json\/wp\/v2\/pages\/19","targetHints":{"allow":["GET"]}}],"collection":[{"href":"https:\/\/www.oaxaca.gob.mx\/notarias\/wp-json\/wp\/v2\/pages"}],"about":[{"href":"https:\/\/www.oaxaca.gob.mx\/notarias\/wp-json\/wp\/v2\/types\/page"}],"author":[{"embeddable":true,"href":"https:\/\/www.oaxaca.gob.mx\/notarias\/wp-json\/wp\/v2\/users\/1"}],"replies":[{"embeddable":true,"href":"https:\/\/www.oaxaca.gob.mx\/notarias\/wp-json\/wp\/v2\/comments?post=19"}],"version-history":[{"count":0,"href":"https:\/\/www.oaxaca.gob.mx\/notarias\/wp-json\/wp\/v2\/pages\/19\/revisions"}],"wp:attachment":[{"href":"https:\/\/www.oaxaca.gob.mx\/notarias\/wp-json\/wp\/v2\/media?parent=19"}],"wp:term":[{"taxonomy":"category","embeddable":true,"href":"https:\/\/www.oaxaca.gob.mx\/notarias\/wp-json\/wp\/v2\/categories?post=19"},{"taxonomy":"post_tag","embeddable":true,"href":"https:\/\/www.oaxaca.gob.mx\/notarias\/wp-json\/wp\/v2\/tags?post=19"}],"curies":[{"name":"wp","href":"https:\/\/api.w.org\/{rel}","templated":true}]}}