{"id":400,"date":"2022-10-04T14:32:12","date_gmt":"2022-10-04T19:32:12","guid":{"rendered":"https:\/\/www.oaxaca.gob.mx\/?page_id=400"},"modified":"2024-02-21T17:43:32","modified_gmt":"2024-02-21T23:43:32","slug":"arbolado-urbano","status":"publish","type":"page","link":"https:\/\/www.oaxaca.gob.mx\/medioambiente\/arbolado-urbano\/","title":{"rendered":"Arbolado Urbano"},"content":{"rendered":"<div class=\"row\">\n<div class=\"col-sm-12 col-lg-8\" style=\"margin-bottom: 0px\">\n<p style=\"font-size: 14px;text-align: justify;color: #555\">\nLa presencia de \u00e1rboles y \u00e1reas verdes embellecen el paisaje urbano en nuestras ciudades; sin embargo, la falta de cuidados, protecci\u00f3n y conservaci\u00f3n los hace vulnerables ante cualquier alteraci\u00f3n del medio ya sea natural o provocada. Estos ejemplares naturales brindan muchos beneficios y en general tienen la propiedad de mitigar la mayor\u00eda de los impactos ambientales del desarrollo urbano; en complemento a los beneficios ambientales que estos aportan, generan efectos que impactan positivamente en los aspectos social, econ\u00f3mico y cultural de la poblaci\u00f3n.<br \/>\n&nbsp;<br \/>\nLas \u00e1reas verdes que se pueden observar en las ciudades est\u00e1n inmersas \u00edntimamente en la cotidianidad de sus habitantes, ya que en ellos la gente se ejercita, se divierte, se relaja, aprende a convivir con sus cong\u00e9neres, a cuidar y apreciar la naturaleza lo que conlleva valorizar su presencia en las zonas urbanas dando como resultado una mejor la calidad de vida para la ciudadan\u00eda.<br \/>\n&nbsp;<br \/>\nPor todo lo anteriormente mencionado, para la <strong>Secretar\u00eda de Medio Ambiente, Biodiversidad, Energ\u00edas y Sostenibilidad<\/strong>, es de inter\u00e9s incrementar y mantener las \u00e1reas verdes en \u00f3ptimas condiciones teniendo especial cuidado en sus protagonistas, los \u00e1rboles, para conservar todos los beneficios que nos aportan como sociedad. En este sentido y con el objetivo de proporcionar elementos para el adecuado mantenimiento de los ejemplares arb\u00f3reos del Estado se presenta una gu\u00eda para el dictamen y poda de arbolado urbano que contiene adem\u00e1s de informaci\u00f3n b\u00e1sica, los pasos a seguir para realizar un adecuado dictamen t\u00e9cnico con opciones de manejo y mitigaci\u00f3n; adem\u00e1s, las razones por las cuales se tienen que podar, t\u00e9cnicas y herramientas necesarias as\u00ed como aspectos normativos y que ser\u00e1n de gran utilidad para los lectores a quien est\u00e1 dirigido, tanto a las autoridades municipales de nuestro estado como al p\u00fablico en general.<\/p>\n<\/div>\n<div class=\"col-sm-12 col-lg-4\" style=\"padding: 0px 50px;margin-top: -20px\">\n    <span class=\"su-lightbox\" data-mfp-src=\"https:\/\/www.oaxaca.gob.mx\/semaedeso\/wp-content\/uploads\/sites\/59\/2020\/08\/MANUAL-ARBOLADO-.png\" data-mfp-type=\"image\" data-mobile=\"yes\">\n<img decoding=\"async\" style=\"cursor: pointer\" src=\"https:\/\/www.oaxaca.gob.mx\/semaedeso\/wp-content\/uploads\/sites\/59\/2020\/08\/MANUAL-ARBOLADO-.png\" alt=\"\" width=\"100%\" \/><br \/>\n<\/span>\n<\/div>\n<\/div>\n<h3>ANEXOS:<\/h3>\n<p>\n    <img decoding=\"async\" src=\"\/semaedeso\/wp-content\/uploads\/sites\/59\/2017\/01\/1-AAQA4ax0nsb4zSAAAAABJRU5ErkJggg22.png\" width=\"100%\" height=\"2px\" \/><br \/>\n<\/p>\n<div class=\"su-tabs su-tabs-style-default su-tabs-mobile-stack\" data-active=\"1\" data-scroll-offset=\"0\" data-anchor-in-url=\"no\"><div class=\"su-tabs-nav\"><span class=\"\" data-url=\"\" data-target=\"blank\" tabindex=\"0\" role=\"button\"><b>Gu\u00eda para el Dictamen<\/b><\/span><span class=\"\" data-url=\"\" data-target=\"blank\" tabindex=\"0\" role=\"button\"><b>Formulario de Inspecci\u00f3n<\/b><\/span><span class=\"\" data-url=\"\" data-target=\"blank\" tabindex=\"0\" role=\"button\"><b>Norma Ambiental Estatal<\/b><\/span><\/div><div class=\"su-tabs-panes\"><div class=\"su-tabs-pane su-u-clearfix su-u-trim\" data-title=\"&lt;b&gt;Gu\u00eda para el Dictamen&lt;\/b&gt;\">\n<p><b>Gu\u00eda para el dictamen y poda de \u00e1rboles urbanos<\/b><\/p>\n<table border=\"0px\" width=\"100%\">\n<tr>\n<td width=\"10%\">&nbsp;<\/td>\n<td width=\"80%\">\n<p>         <img decoding=\"async\" src=\"\/semaedeso\/wp-content\/uploads\/sites\/59\/2016\/02\/barrita.png\" width=\"100%\" height=\"1px\" \/><\/p>\n<\/td>\n<td width=\"10%\">&nbsp;<\/td>\n<\/tr>\n<tr>\n<td width=\"10%\">&nbsp;<\/td>\n<td>\n                <a href=\"https:\/\/www.oaxaca.gob.mx\/medioambiente\/wp-content\/uploads\/sites\/59\/2022\/07\/arbolado-libro-.pdf\" class=\"pdfemb-viewer\" style=\"\" data-width=\"max\" data-height=\"max\" data-toolbar=\"top\" data-toolbar-fixed=\"on\">arbolado-libro-<\/a>\n<\/td>\n<td width=\"10%\">&nbsp;<\/td>\n<\/tr>\n<tr>\n<td width=\"10%\">&nbsp;<\/td>\n<td style=\"text-align: center\">\n<img decoding=\"async\" src=\"\/semaedeso\/wp-content\/uploads\/sites\/59\/2016\/02\/barrita.png\" width=\"100%\" height=\"1px\" \/><\/p>\n<p><img decoding=\"async\" src=\"\/semaedeso\/wp-content\/uploads\/sites\/59\/2016\/02\/barrita.png\" width=\"100%\" height=\"1px\" \/>\n<\/td>\n<td width=\"10%\">&nbsp;<\/td>\n<\/tr>\n<\/table>\n<\/div>\n<div class=\"su-tabs-pane su-u-clearfix su-u-trim\" data-title=\"&lt;b&gt;Formulario de Inspecci\u00f3n&lt;\/b&gt;\">\n<p><b>Formulario de inspecci\u00f3n y evaluaci\u00f3n de \u00e1rboles urbanos<\/b><\/p>\n<table border=\"0px\" width=\"100%\">\n<tr>\n<td width=\"10%\">&nbsp;<\/td>\n<td width=\"80%\">\n<p>         <img decoding=\"async\" src=\"\/semaedeso\/wp-content\/uploads\/sites\/59\/2016\/02\/barrita.png\" width=\"100%\" height=\"1px\" \/><\/p>\n<\/td>\n<td width=\"10%\">&nbsp;<\/td>\n<\/tr>\n<tr>\n<td width=\"10%\">&nbsp;<\/td>\n<td>\n        <a href=\"https:\/\/www.oaxaca.gob.mx\/medioambiente\/wp-content\/uploads\/sites\/59\/2016\/03\/Formulario-de-inspecci\u00f3n-y-evaluaci\u00f3n-de-\u00e1rboles-urbanos.pdf\" class=\"pdfemb-viewer\" style=\"\" data-width=\"max\" data-height=\"max\" data-toolbar=\"top\" data-toolbar-fixed=\"on\">Formulario-de-inspecci\u00f3n-y-evaluaci\u00f3n-de-\u00e1rboles-urbanos<\/a>\n<\/td>\n<td width=\"10%\">&nbsp;<\/td>\n<\/tr>\n<tr>\n<td width=\"10%\">&nbsp;<\/td>\n<td style=\"text-align: center\">\n<img decoding=\"async\" src=\"\/semaedeso\/wp-content\/uploads\/sites\/59\/2016\/02\/barrita.png\" width=\"100%\" height=\"1px\" \/><\/p>\n<p><img decoding=\"async\" src=\"\/semaedeso\/wp-content\/uploads\/sites\/59\/2016\/02\/barrita.png\" width=\"100%\" height=\"1px\" \/>\n<\/td>\n<td width=\"10%\">&nbsp;<\/td>\n<\/tr>\n<\/table>\n<\/div>\n<div class=\"su-tabs-pane su-u-clearfix su-u-trim\" data-title=\"&lt;b&gt;Norma Ambiental Estatal&lt;\/b&gt;\">\n<p><b>Norma-Ambiental-Estatal-NAE-IEEO-003-2008-Oaxaca<\/b><\/p>\n<table border=\"0px\" width=\"100%\">\n<tr>\n<td width=\"10%\">&nbsp;<\/td>\n<td width=\"80%\">\n<p>         <img decoding=\"async\" src=\"\/semaedeso\/wp-content\/uploads\/sites\/59\/2016\/02\/barrita.png\" width=\"100%\" height=\"1px\" \/><\/p>\n<\/td>\n<td width=\"10%\">&nbsp;<\/td>\n<\/tr>\n<tr>\n<td width=\"10%\">&nbsp;<\/td>\n<td>\n        <a href=\"https:\/\/www.oaxaca.gob.mx\/medioambiente\/wp-content\/uploads\/sites\/59\/2024\/02\/NAE-IEEO-003-2008-Poda-y-derribo-de-arboles.pdf\" class=\"pdfemb-viewer\" style=\"\" data-width=\"max\" data-height=\"max\" data-toolbar=\"top\" data-toolbar-fixed=\"on\">NAE-IEEO-003-2008-Poda-y-derribo-de-arboles<\/a>\n<\/td>\n<td width=\"10%\">&nbsp;<\/td>\n<\/tr>\n<tr>\n<td width=\"10%\">&nbsp;<\/td>\n<td style=\"text-align: center\">\n<img decoding=\"async\" src=\"\/semaedeso\/wp-content\/uploads\/sites\/59\/2016\/02\/barrita.png\" width=\"100%\" height=\"1px\" \/><\/p>\n<p><img decoding=\"async\" src=\"\/semaedeso\/wp-content\/uploads\/sites\/59\/2016\/02\/barrita.png\" width=\"100%\" height=\"1px\" \/>\n<\/td>\n<td width=\"10%\">&nbsp;<\/td>\n<\/tr>\n<\/table>\n<\/div><\/div><\/div>\n","protected":false},"excerpt":{"rendered":"<p>La presencia de \u00e1rboles y \u00e1reas verdes embellecen el paisaje urbano en nuestras ciudades; sin embargo, la falta de cuidados, protecci\u00f3n y conservaci\u00f3n los hace vulnerables ante cualquier alteraci\u00f3n del medio ya sea natural o provocada. Estos ejemplares naturales brindan muchos beneficios y en general tienen la propiedad de mitigar la mayor\u00eda de los impactos [&hellip;]<\/p>\n","protected":false},"author":1,"featured_media":16307,"parent":0,"menu_order":0,"comment_status":"closed","ping_status":"closed","template":"","meta":{"episode_type":"","audio_file":"","podmotor_file_id":"","podmotor_episode_id":"","cover_image":"","cover_image_id":"","duration":"","filesize":"","filesize_raw":"","date_recorded":"","explicit":"","block":"","itunes_episode_number":"","itunes_title":"","itunes_season_number":"","itunes_episode_type":"","footnotes":""},"categories":[],"tags":[172],"class_list":["post-400","page","type-page","status-publish","has-post-thumbnail","hentry","tag-recursosnaturales"],"acf":[],"publishpress_future_action":{"enabled":false,"date":"2026-05-17 13:45:43","action":"change-status","newStatus":"draft","terms":[],"taxonomy":"category","extraData":[]},"publishpress_future_workflow_manual_trigger":{"enabledWorkflows":[]},"_links":{"self":[{"href":"https:\/\/www.oaxaca.gob.mx\/medioambiente\/wp-json\/wp\/v2\/pages\/400","targetHints":{"allow":["GET"]}}],"collection":[{"href":"https:\/\/www.oaxaca.gob.mx\/medioambiente\/wp-json\/wp\/v2\/pages"}],"about":[{"href":"https:\/\/www.oaxaca.gob.mx\/medioambiente\/wp-json\/wp\/v2\/types\/page"}],"author":[{"embeddable":true,"href":"https:\/\/www.oaxaca.gob.mx\/medioambiente\/wp-json\/wp\/v2\/users\/1"}],"replies":[{"embeddable":true,"href":"https:\/\/www.oaxaca.gob.mx\/medioambiente\/wp-json\/wp\/v2\/comments?post=400"}],"version-history":[{"count":3,"href":"https:\/\/www.oaxaca.gob.mx\/medioambiente\/wp-json\/wp\/v2\/pages\/400\/revisions"}],"predecessor-version":[{"id":18255,"href":"https:\/\/www.oaxaca.gob.mx\/medioambiente\/wp-json\/wp\/v2\/pages\/400\/revisions\/18255"}],"wp:featuredmedia":[{"embeddable":true,"href":"https:\/\/www.oaxaca.gob.mx\/medioambiente\/wp-json\/wp\/v2\/media\/16307"}],"wp:attachment":[{"href":"https:\/\/www.oaxaca.gob.mx\/medioambiente\/wp-json\/wp\/v2\/media?parent=400"}],"wp:term":[{"taxonomy":"category","embeddable":true,"href":"https:\/\/www.oaxaca.gob.mx\/medioambiente\/wp-json\/wp\/v2\/categories?post=400"},{"taxonomy":"post_tag","embeddable":true,"href":"https:\/\/www.oaxaca.gob.mx\/medioambiente\/wp-json\/wp\/v2\/tags?post=400"}],"curies":[{"name":"wp","href":"https:\/\/api.w.org\/{rel}","templated":true}]}}