{"id":164,"date":"2016-02-16T09:14:56","date_gmt":"2016-02-16T15:14:56","guid":{"rendered":"https:\/\/www.oaxaca.gob.mx\/?page_id=164"},"modified":"2023-10-19T16:34:31","modified_gmt":"2023-10-19T22:34:31","slug":"mision-y-vision","status":"publish","type":"page","link":"https:\/\/www.oaxaca.gob.mx\/medioambiente\/mision-y-vision\/","title":{"rendered":"Misi\u00f3n, Visi\u00f3n y Objetivos"},"content":{"rendered":"<p>&nbsp;<\/p>\n<h5 style=\"border-left: 15px solid #999;color: #285C4D;padding:10px 20px;font-size:17px;width:100%\">MISI\u00d3N<\/h5>\n<div style=\"width:100%;height:4px;background:#ccc\"> &nbsp;<\/div>\n<div class=\"row\"> &nbsp; <\/div>\n<p style=\"color:#333;font-size:15px\">Conservar, restaurar y proteger con la participaci\u00f3n ciudadana,  los recursos naturales y servicios ecosist\u00e9micos,  as\u00ed como el uso de energ\u00edas limpias para la mitigaci\u00f3n y adaptaci\u00f3n al cambio clim\u00e1tico; mediante pol\u00edticas p\u00fablicas transversales con enfoque de sostenibilidad en el actuar gubernamental y sectores productivos, que garanticen el  mantenimiento  de la biodiversidad y un medio ambiente sano, para el bienestar de la sociedad y las comunidades del Estado de Oaxaca.\n<\/p>\n<p>&nbsp;<\/p>\n<h5 style=\"border-left: 15px solid #0098D4;color:#777;padding:10px 20px;font-size:17px;width:100%\">VISI\u00d3N<\/h5>\n<div style=\"width:100%;height:4px;background:#ccc\"> &nbsp;<\/div>\n<div class=\"row\"> &nbsp; <\/div>\n<p style=\"color:#333;font-size:15px\">La Secretar\u00eda de Medio Ambiente, Biodiversidad, Energ\u00edas y Sostenibilidad avanza con la sociedad oaxaque\u00f1a en el mantenimiento y aprovechamiento sostenible de bienes y servicios ecosist\u00e9micos del territorio estatal, en el uso de energ\u00edas alternativas, en la mitigaci\u00f3n y adaptaci\u00f3n al cambio clim\u00e1tico y la sostenibilidad con los sectores productivos y actividades econ\u00f3micas.\n<\/p>\n<p>&nbsp;<\/p>\n<h5 style=\"border-left: 15px solid #000;color:#285C4D;padding:10px 20px;font-size:17px;width:100%\">OBJETIVO ESTRAT\u00c9GICO<\/h5>\n<div style=\"width:100%;height:4px;background:#ccc\"> &nbsp;<\/div>\n<div class=\"row\"> &nbsp; <\/div>\n<p style=\"color:#333;font-size:15px\">Impulsar pol\u00edticas p\u00fablicas ambientales, a nivel estatal, que permitan la restauraci\u00f3n, protecci\u00f3n y aprovechamiento de los ecosistemas y su biodiversidad, el desarrollo sostenible en la entidad, la mitigaci\u00f3n y adaptaci\u00f3n al cambio clim\u00e1tico, mediante la ejecuci\u00f3n de programas, proyectos y acciones.\n<\/p>\n<p>&nbsp;<\/p>\n<h5 style=\"border-left: 15px solid #F44C63;color:#777;padding:10px 20px;font-size:17px;width:100%\">OBJETIVO GENERAL<\/h5>\n<div style=\"width:100%;height:4px;background:#ccc\"> &nbsp;<\/div>\n<div class=\"row\"> &nbsp; <\/div>\n<p style=\"color:#333;font-size:15px\">Impulsar la conservaci\u00f3n, protecci\u00f3n y restauraci\u00f3n de los ecosistemas, su biodiversidad y el desarrollo sostenible en la entidad, mediante la ejecuci\u00f3n de programas, proyectos y acciones utilizando eficazmente los recursos institucionales (humanos, materiales, presupuestales y financieros)\n<\/p>\n<p>&nbsp;<\/p>\n","protected":false},"excerpt":{"rendered":"<p>&nbsp; MISI\u00d3N &nbsp; &nbsp; Conservar, restaurar y proteger con la participaci\u00f3n ciudadana, los recursos naturales y servicios ecosist\u00e9micos, as\u00ed como el uso de energ\u00edas limpias para la mitigaci\u00f3n y adaptaci\u00f3n al cambio clim\u00e1tico; mediante pol\u00edticas p\u00fablicas transversales con enfoque de sostenibilidad en el actuar gubernamental y sectores productivos, que garanticen el mantenimiento de la biodiversidad [&hellip;]<\/p>\n","protected":false},"author":1,"featured_media":0,"parent":0,"menu_order":0,"comment_status":"closed","ping_status":"closed","template":"","meta":{"episode_type":"","audio_file":"","podmotor_file_id":"","podmotor_episode_id":"","cover_image":"","cover_image_id":"","duration":"","filesize":"","filesize_raw":"","date_recorded":"","explicit":"","block":"","itunes_episode_number":"","itunes_title":"","itunes_season_number":"","itunes_episode_type":"","footnotes":""},"categories":[],"tags":[],"class_list":["post-164","page","type-page","status-publish","hentry"],"acf":[],"publishpress_future_action":{"enabled":false,"date":"2026-05-09 10:22:53","action":"change-status","newStatus":"draft","terms":[],"taxonomy":"category","extraData":[]},"publishpress_future_workflow_manual_trigger":{"enabledWorkflows":[]},"_links":{"self":[{"href":"https:\/\/www.oaxaca.gob.mx\/medioambiente\/wp-json\/wp\/v2\/pages\/164","targetHints":{"allow":["GET"]}}],"collection":[{"href":"https:\/\/www.oaxaca.gob.mx\/medioambiente\/wp-json\/wp\/v2\/pages"}],"about":[{"href":"https:\/\/www.oaxaca.gob.mx\/medioambiente\/wp-json\/wp\/v2\/types\/page"}],"author":[{"embeddable":true,"href":"https:\/\/www.oaxaca.gob.mx\/medioambiente\/wp-json\/wp\/v2\/users\/1"}],"replies":[{"embeddable":true,"href":"https:\/\/www.oaxaca.gob.mx\/medioambiente\/wp-json\/wp\/v2\/comments?post=164"}],"version-history":[{"count":3,"href":"https:\/\/www.oaxaca.gob.mx\/medioambiente\/wp-json\/wp\/v2\/pages\/164\/revisions"}],"predecessor-version":[{"id":17474,"href":"https:\/\/www.oaxaca.gob.mx\/medioambiente\/wp-json\/wp\/v2\/pages\/164\/revisions\/17474"}],"wp:attachment":[{"href":"https:\/\/www.oaxaca.gob.mx\/medioambiente\/wp-json\/wp\/v2\/media?parent=164"}],"wp:term":[{"taxonomy":"category","embeddable":true,"href":"https:\/\/www.oaxaca.gob.mx\/medioambiente\/wp-json\/wp\/v2\/categories?post=164"},{"taxonomy":"post_tag","embeddable":true,"href":"https:\/\/www.oaxaca.gob.mx\/medioambiente\/wp-json\/wp\/v2\/tags?post=164"}],"curies":[{"name":"wp","href":"https:\/\/api.w.org\/{rel}","templated":true}]}}