{"id":162,"date":"2016-02-16T09:12:14","date_gmt":"2016-02-16T15:12:14","guid":{"rendered":"https:\/\/www.oaxaca.gob.mx\/?page_id=162"},"modified":"2021-11-10T12:50:41","modified_gmt":"2021-11-10T18:50:41","slug":"noticias","status":"publish","type":"page","link":"https:\/\/www.oaxaca.gob.mx\/medioambiente\/noticias\/","title":{"rendered":"Noticias"},"content":{"rendered":"\r\n<section class=\"section\">\r\n  <div class=\"container-md\">\r\n    <div class=\"row\">\r\n      <div class=\"col-md-8\">\r\n                <div class=\"row\">\r\n          \r\n          <!-- \/*\r\n          $paged = ( get_query_var('paged') ) ? absint(get_query_var('paged')) : 1;\r\n          \/\/$query = new WP_Query( array( 'post_type' =>  'post', 'category_name' => 'noticias', 'posts_per_page' => 10 , 'paged' => $paged ) );\r\n          $query = new WP_Query( array( 'post_type' =>  'post', 'post_status' => 'publish', 'posts_per_page' => 10 , 'paged' => $paged ) );\r\n          if ( $query->have_posts() ) :\r\n            while ( $query->have_posts() ) : $query->the_post(); *\/ \r\n          ?> -->\r\n            <div class=\"card border-0 mb-3\" style=\"width: 100%;\">\r\n              <div class=\"row g-0\">\r\n                <div class=\"col-md-4\">\r\n                                      <img decoding=\"async\" src=\"https:\/\/www.oaxaca.gob.mx\/medioambiente\/wp-content\/uploads\/sites\/59\/2025\/06\/MA_Tule4.jpeg\" class=\"img-fluid\" style=\"width:300px; height:200px;\" alt=\"COORDINA SECRETAR\u00cdA DE MEDIO AMBIENTE ACCIONES DE CUIDADO Y CONSERVACI\u00d3N DEL \u00c1RBOL DEL TULE\">\r\n                                  <\/div>\r\n                <div class=\"col-md-8\">\r\n                  <div class=\"card-body py-1\">\r\n                    <a href=\"https:\/\/www.oaxaca.gob.mx\/medioambiente\/coordina-secretaria-de-medio-ambiente-acciones-de-cuidado-y-conservacion-del-arbol-del-tule\/\" title=\"COORDINA SECRETAR\u00cdA DE MEDIO AMBIENTE ACCIONES DE CUIDADO Y CONSERVACI\u00d3N DEL \u00c1RBOL DEL TULE\">\r\n                      <h5 class=\"card-title\">COORDINA SECRETAR\u00cdA DE MEDIO AMBIENTE ACCIONES DE CUIDADO Y CONSERVACI\u00d3N DEL \u00c1RBOL DEL TULE<\/h5>\r\n                    <\/a>\r\n                    <p class=\"card-text\"><p>&nbsp; \u2022 En Sesi\u00f3n Ordinaria del Comit\u00e9 T\u00e9cnico de Atenci\u00f3n al emblem\u00e1tico ahuehuete, se presentaron resultados de los trabajos realizados en tomograf\u00eda y manejo de suelo Santa Mar\u00eda del Tule, Oax. 30 de mayo de 2025.- La Secretar\u00eda de Medio Ambiente, Biodiversidad, Energ\u00edas y Biodiversidad realiz\u00f3 la Primera Sesi\u00f3n Ordinaria 2025 del Comit\u00e9 T\u00e9cnico de [&hellip;]<\/p>\n<\/p>\r\n                  <\/div>\r\n                <\/div>\r\n              <\/div>\r\n            <\/div>\r\n            \r\n          <!-- \/*\r\n          $paged = ( get_query_var('paged') ) ? absint(get_query_var('paged')) : 1;\r\n          \/\/$query = new WP_Query( array( 'post_type' =>  'post', 'category_name' => 'noticias', 'posts_per_page' => 10 , 'paged' => $paged ) );\r\n          $query = new WP_Query( array( 'post_type' =>  'post', 'post_status' => 'publish', 'posts_per_page' => 10 , 'paged' => $paged ) );\r\n          if ( $query->have_posts() ) :\r\n            while ( $query->have_posts() ) : $query->the_post(); *\/ \r\n          ?> -->\r\n            <div class=\"card border-0 mb-3\" style=\"width: 100%;\">\r\n              <div class=\"row g-0\">\r\n                <div class=\"col-md-4\">\r\n                                      <img decoding=\"async\" src=\"https:\/\/www.oaxaca.gob.mx\/medioambiente\/wp-content\/uploads\/sites\/59\/2025\/06\/INVITACION.png\" class=\"img-fluid\" style=\"width:300px; height:200px;\" alt=\"INVITA SECRETAR\u00cdA DE MEDIO AMBIENTE A TALLER PARA IMPLEMENTACI\u00d3N DEL ART\u00cdCULO 9 DEL ACUERDO DE ESCAZ\u00da\">\r\n                                  <\/div>\r\n                <div class=\"col-md-8\">\r\n                  <div class=\"card-body py-1\">\r\n                    <a href=\"https:\/\/www.oaxaca.gob.mx\/medioambiente\/invita-secretaria-de-medio-ambiente-a-taller-para-implementacion-del-articulo-9-del-acuerdo-de-escazu\/\" title=\"INVITA SECRETAR\u00cdA DE MEDIO AMBIENTE A TALLER PARA IMPLEMENTACI\u00d3N DEL ART\u00cdCULO 9 DEL ACUERDO DE ESCAZ\u00da\">\r\n                      <h5 class=\"card-title\">INVITA SECRETAR\u00cdA DE MEDIO AMBIENTE A TALLER PARA IMPLEMENTACI\u00d3N DEL ART\u00cdCULO 9 DEL ACUERDO DE ESCAZ\u00da<\/h5>\r\n                    <\/a>\r\n                    <p class=\"card-text\"><p>\u2022 Se desarrollar\u00e1 en un espacio de di\u00e1logo y colaboraci\u00f3n el jueves 29 de mayo en el MIO, a partir de las 9:00 horas Tlalixtac de Cabrera, Oax. 28 de mayo de 2025.- Con el objetivo de promover la protecci\u00f3n integral de personas defensoras del ambiente, el Gobierno de Oaxaca realizar\u00e1 el taller Implementaci\u00f3n del [&hellip;]<\/p>\n<\/p>\r\n                  <\/div>\r\n                <\/div>\r\n              <\/div>\r\n            <\/div>\r\n            \r\n          <!-- \/*\r\n          $paged = ( get_query_var('paged') ) ? absint(get_query_var('paged')) : 1;\r\n          \/\/$query = new WP_Query( array( 'post_type' =>  'post', 'category_name' => 'noticias', 'posts_per_page' => 10 , 'paged' => $paged ) );\r\n          $query = new WP_Query( array( 'post_type' =>  'post', 'post_status' => 'publish', 'posts_per_page' => 10 , 'paged' => $paged ) );\r\n          if ( $query->have_posts() ) :\r\n            while ( $query->have_posts() ) : $query->the_post(); *\/ \r\n          ?> -->\r\n            <div class=\"card border-0 mb-3\" style=\"width: 100%;\">\r\n              <div class=\"row g-0\">\r\n                <div class=\"col-md-4\">\r\n                                      <img decoding=\"async\" src=\"https:\/\/www.oaxaca.gob.mx\/medioambiente\/wp-content\/uploads\/sites\/59\/2025\/06\/AMS00526.jpg\" class=\"img-fluid\" style=\"width:300px; height:200px;\" alt=\"OAXACA PRESENTE EL ENCUENTRO NACIONAL DE AUTORIDADES AMBIENTALES\">\r\n                                  <\/div>\r\n                <div class=\"col-md-8\">\r\n                  <div class=\"card-body py-1\">\r\n                    <a href=\"https:\/\/www.oaxaca.gob.mx\/medioambiente\/oaxaca-presente-el-encuentro-nacional-de-autoridades-ambientales\/\" title=\"OAXACA PRESENTE EL ENCUENTRO NACIONAL DE AUTORIDADES AMBIENTALES\">\r\n                      <h5 class=\"card-title\">OAXACA PRESENTE EL ENCUENTRO NACIONAL DE AUTORIDADES AMBIENTALES<\/h5>\r\n                    <\/a>\r\n                    <p class=\"card-text\"><p>&nbsp; \u2022 La titular de la Secretar\u00eda de Medio Ambiente Karime Unda Harp, expuso los desaf\u00edos y oportunidades de la entidad en material ambiental Ciudad de M\u00e9xico. 16 de mayo de 2025.- Oaxaca particip\u00f3 en el Primer Encuentro Nacional de Autoridades Ambientales de M\u00e9xico que se realiz\u00f3 en la capital del pa\u00eds, la cual estuvo [&hellip;]<\/p>\n<\/p>\r\n                  <\/div>\r\n                <\/div>\r\n              <\/div>\r\n            <\/div>\r\n            \r\n          <!-- \/*\r\n          $paged = ( get_query_var('paged') ) ? absint(get_query_var('paged')) : 1;\r\n          \/\/$query = new WP_Query( array( 'post_type' =>  'post', 'category_name' => 'noticias', 'posts_per_page' => 10 , 'paged' => $paged ) );\r\n          $query = new WP_Query( array( 'post_type' =>  'post', 'post_status' => 'publish', 'posts_per_page' => 10 , 'paged' => $paged ) );\r\n          if ( $query->have_posts() ) :\r\n            while ( $query->have_posts() ) : $query->the_post(); *\/ \r\n          ?> -->\r\n            <div class=\"card border-0 mb-3\" style=\"width: 100%;\">\r\n              <div class=\"row g-0\">\r\n                <div class=\"col-md-4\">\r\n                                      <img decoding=\"async\" src=\"https:\/\/www.oaxaca.gob.mx\/medioambiente\/wp-content\/uploads\/sites\/59\/2025\/06\/MA_CC_Oaxaca-de-Juarez-scaled.jpeg\" class=\"img-fluid\" style=\"width:300px; height:200px;\" alt=\"PARTICIPA GOBIERNO DEL ESTADO EN INSTALACI\u00d3N DEL COMIT\u00c9 MUNICIPAL DE CAMBIO CLIM\u00c1TICO DE OAXACA DE JU\u00c1REZ\">\r\n                                  <\/div>\r\n                <div class=\"col-md-8\">\r\n                  <div class=\"card-body py-1\">\r\n                    <a href=\"https:\/\/www.oaxaca.gob.mx\/medioambiente\/participa-gobierno-del-estado-en-instalacion-del-comite-municipal-de-cambio-climatico-de-oaxaca-de-juarez\/\" title=\"PARTICIPA GOBIERNO DEL ESTADO EN INSTALACI\u00d3N DEL COMIT\u00c9 MUNICIPAL DE CAMBIO CLIM\u00c1TICO DE OAXACA DE JU\u00c1REZ\">\r\n                      <h5 class=\"card-title\">PARTICIPA GOBIERNO DEL ESTADO EN INSTALACI\u00d3N DEL COMIT\u00c9 MUNICIPAL DE CAMBIO CLIM\u00c1TICO DE OAXACA DE JU\u00c1REZ<\/h5>\r\n                    <\/a>\r\n                    <p class=\"card-text\"><p>&nbsp; \u2022 Las estrategias de mitigaci\u00f3n, adaptaci\u00f3n y gesti\u00f3n de riesgos son prioridad en la agenda de desarrollo \u2022 Este Ayuntamiento es el segundo en contar con este importante ente, despu\u00e9s de Santa Mar\u00eda Huatulco Oaxaca de Ju\u00e1rez, Oax. 15 de mayo de 2025.- El Gobierno del Estado, a trav\u00e9s de la Secretar\u00eda de Medio [&hellip;]<\/p>\n<\/p>\r\n                  <\/div>\r\n                <\/div>\r\n              <\/div>\r\n            <\/div>\r\n            \r\n          <!-- \/*\r\n          $paged = ( get_query_var('paged') ) ? absint(get_query_var('paged')) : 1;\r\n          \/\/$query = new WP_Query( array( 'post_type' =>  'post', 'category_name' => 'noticias', 'posts_per_page' => 10 , 'paged' => $paged ) );\r\n          $query = new WP_Query( array( 'post_type' =>  'post', 'post_status' => 'publish', 'posts_per_page' => 10 , 'paged' => $paged ) );\r\n          if ( $query->have_posts() ) :\r\n            while ( $query->have_posts() ) : $query->the_post(); *\/ \r\n          ?> -->\r\n            <div class=\"card border-0 mb-3\" style=\"width: 100%;\">\r\n              <div class=\"row g-0\">\r\n                <div class=\"col-md-4\">\r\n                                      <img decoding=\"async\" src=\"https:\/\/www.oaxaca.gob.mx\/medioambiente\/wp-content\/uploads\/sites\/59\/2025\/06\/MA_Catalogo.jpeg\" class=\"img-fluid\" style=\"width:300px; height:200px;\" alt=\"OFERTA GOBIERNO DEL ESTADO CURSOS PARA FOMENTAR LA EDUCACI\u00d3N AMBIENTAL\">\r\n                                  <\/div>\r\n                <div class=\"col-md-8\">\r\n                  <div class=\"card-body py-1\">\r\n                    <a href=\"https:\/\/www.oaxaca.gob.mx\/medioambiente\/oferta-gobierno-del-estado-cursos-para-fomentar-la-educacion-ambiental\/\" title=\"OFERTA GOBIERNO DEL ESTADO CURSOS PARA FOMENTAR LA EDUCACI\u00d3N AMBIENTAL\">\r\n                      <h5 class=\"card-title\">OFERTA GOBIERNO DEL ESTADO CURSOS PARA FOMENTAR LA EDUCACI\u00d3N AMBIENTAL<\/h5>\r\n                    <\/a>\r\n                    <p class=\"card-text\"><p>&nbsp; \u2022 En coordinaci\u00f3n con las comunidades, la Secretar\u00eda de Medio Ambiente realiza pl\u00e1ticas y talleres orientados a enfrentar desaf\u00edos asociados con la conservaci\u00f3n y manejo de la biodiversidad Oaxaca de Ju\u00e1rez, Oax. 13 de mayo de 2025.- El Gobierno del Estado a trav\u00e9s de personal t\u00e9cnico especializado de la Secretar\u00eda de Medio Ambiente, Biodiversidad, [&hellip;]<\/p>\n<\/p>\r\n                  <\/div>\r\n                <\/div>\r\n              <\/div>\r\n            <\/div>\r\n            \r\n          <!-- \/*\r\n          $paged = ( get_query_var('paged') ) ? absint(get_query_var('paged')) : 1;\r\n          \/\/$query = new WP_Query( array( 'post_type' =>  'post', 'category_name' => 'noticias', 'posts_per_page' => 10 , 'paged' => $paged ) );\r\n          $query = new WP_Query( array( 'post_type' =>  'post', 'post_status' => 'publish', 'posts_per_page' => 10 , 'paged' => $paged ) );\r\n          if ( $query->have_posts() ) :\r\n            while ( $query->have_posts() ) : $query->the_post(); *\/ \r\n          ?> -->\r\n            <div class=\"card border-0 mb-3\" style=\"width: 100%;\">\r\n              <div class=\"row g-0\">\r\n                <div class=\"col-md-4\">\r\n                                      <img decoding=\"async\" src=\"https:\/\/www.oaxaca.gob.mx\/medioambiente\/wp-content\/uploads\/sites\/59\/2025\/06\/MA_Convocatoria.jpeg\" class=\"img-fluid\" style=\"width:300px; height:200px;\" alt=\"CONVOCA GOBIERNO DEL ESTADO A INTEGRAR EL COMIT\u00c9 T\u00c9CNICO DE CAMBIO CLIM\u00c1TICO\">\r\n                                  <\/div>\r\n                <div class=\"col-md-8\">\r\n                  <div class=\"card-body py-1\">\r\n                    <a href=\"https:\/\/www.oaxaca.gob.mx\/medioambiente\/convoca-gobierno-del-estado-a-integrar-el-comite-tecnico-de-cambio-climatico\/\" title=\"CONVOCA GOBIERNO DEL ESTADO A INTEGRAR EL COMIT\u00c9 T\u00c9CNICO DE CAMBIO CLIM\u00c1TICO\">\r\n                      <h5 class=\"card-title\">CONVOCA GOBIERNO DEL ESTADO A INTEGRAR EL COMIT\u00c9 T\u00c9CNICO DE CAMBIO CLIM\u00c1TICO<\/h5>\r\n                    <\/a>\r\n                    <p class=\"card-text\"><p>\u2022 Podr\u00e1n participar integrantes del sector social, privado y acad\u00e9mico. El cierre ser\u00e1 el pr\u00f3ximo 30 de mayo Oaxaca de Ju\u00e1rez, Oax. 12 de mayo de 2025.- El Gobierno del Estado invita a participar en la integraci\u00f3n del Comit\u00e9 T\u00e9cnico de Cambio Clim\u00e1tico, con el fin de establecer un \u00f3rgano experto y de consulta de [&hellip;]<\/p>\n<\/p>\r\n                  <\/div>\r\n                <\/div>\r\n              <\/div>\r\n            <\/div>\r\n            \r\n          <!-- \/*\r\n          $paged = ( get_query_var('paged') ) ? absint(get_query_var('paged')) : 1;\r\n          \/\/$query = new WP_Query( array( 'post_type' =>  'post', 'category_name' => 'noticias', 'posts_per_page' => 10 , 'paged' => $paged ) );\r\n          $query = new WP_Query( array( 'post_type' =>  'post', 'post_status' => 'publish', 'posts_per_page' => 10 , 'paged' => $paged ) );\r\n          if ( $query->have_posts() ) :\r\n            while ( $query->have_posts() ) : $query->the_post(); *\/ \r\n          ?> -->\r\n            <div class=\"card border-0 mb-3\" style=\"width: 100%;\">\r\n              <div class=\"row g-0\">\r\n                <div class=\"col-md-4\">\r\n                                      <img decoding=\"async\" src=\"https:\/\/www.oaxaca.gob.mx\/medioambiente\/wp-content\/uploads\/sites\/59\/2025\/06\/MA_Hornos_Ladrilleros_6.jpeg\" class=\"img-fluid\" style=\"width:300px; height:200px;\" alt=\"BRINDA SECRETAR\u00cdA DE MEDIO AMBIENTE ACOMPA\u00d1AMIENTO PARA CORRECTA OPERACI\u00d3N DE HORNOS LADRILLEROS EN VALLES CENTRALES\">\r\n                                  <\/div>\r\n                <div class=\"col-md-8\">\r\n                  <div class=\"card-body py-1\">\r\n                    <a href=\"https:\/\/www.oaxaca.gob.mx\/medioambiente\/brinda-secretaria-de-medio-ambiente-acompanamiento-para-correcta-operacion-de-hornos-ladrilleros-en-valles-centrales\/\" title=\"BRINDA SECRETAR\u00cdA DE MEDIO AMBIENTE ACOMPA\u00d1AMIENTO PARA CORRECTA OPERACI\u00d3N DE HORNOS LADRILLEROS EN VALLES CENTRALES\">\r\n                      <h5 class=\"card-title\">BRINDA SECRETAR\u00cdA DE MEDIO AMBIENTE ACOMPA\u00d1AMIENTO PARA CORRECTA OPERACI\u00d3N DE HORNOS LADRILLEROS EN VALLES CENTRALES<\/h5>\r\n                    <\/a>\r\n                    <p class=\"card-text\"><p>&nbsp; \u2022 Dicha acci\u00f3n da seguimiento al acuerdo administrativo que establece las medidas y condiciones relativas a la ubicaci\u00f3n y uso de estos espacios Oaxaca de Ju\u00e1rez, Oax. 08 de mayo de 2025.- Personal t\u00e9cnico de la Secretar\u00eda de Medio Ambiente, Biodiversidad, Energ\u00edas y Sostenibilidad brinda acompa\u00f1amiento a las autoridades municipales de San Agust\u00edn Yatareni, [&hellip;]<\/p>\n<\/p>\r\n                  <\/div>\r\n                <\/div>\r\n              <\/div>\r\n            <\/div>\r\n            \r\n          <!-- \/*\r\n          $paged = ( get_query_var('paged') ) ? absint(get_query_var('paged')) : 1;\r\n          \/\/$query = new WP_Query( array( 'post_type' =>  'post', 'category_name' => 'noticias', 'posts_per_page' => 10 , 'paged' => $paged ) );\r\n          $query = new WP_Query( array( 'post_type' =>  'post', 'post_status' => 'publish', 'posts_per_page' => 10 , 'paged' => $paged ) );\r\n          if ( $query->have_posts() ) :\r\n            while ( $query->have_posts() ) : $query->the_post(); *\/ \r\n          ?> -->\r\n            <div class=\"card border-0 mb-3\" style=\"width: 100%;\">\r\n              <div class=\"row g-0\">\r\n                <div class=\"col-md-4\">\r\n                                      <img decoding=\"async\" src=\"https:\/\/www.oaxaca.gob.mx\/medioambiente\/wp-content\/uploads\/sites\/59\/2025\/06\/MA_Composta-Panales-3.jpeg\" class=\"img-fluid\" style=\"width:300px; height:200px;\" alt=\"CAPACITA SECRETAR\u00cdA DE MEDIO AMBIENTE A AUTORIDADES MUNICIPALES EN MATERIA DE COMPOSTEO DE PA\u00d1ALES\">\r\n                                  <\/div>\r\n                <div class=\"col-md-8\">\r\n                  <div class=\"card-body py-1\">\r\n                    <a href=\"https:\/\/www.oaxaca.gob.mx\/medioambiente\/capacita-secretaria-de-medio-ambiente-a-autoridades-municipales-en-materia-de-composteo-de-panales\/\" title=\"CAPACITA SECRETAR\u00cdA DE MEDIO AMBIENTE A AUTORIDADES MUNICIPALES EN MATERIA DE COMPOSTEO DE PA\u00d1ALES\">\r\n                      <h5 class=\"card-title\">CAPACITA SECRETAR\u00cdA DE MEDIO AMBIENTE A AUTORIDADES MUNICIPALES EN MATERIA DE COMPOSTEO DE PA\u00d1ALES<\/h5>\r\n                    <\/a>\r\n                    <p class=\"card-text\"><p>&nbsp; \u2022 Este proceso se realiza a trav\u00e9s de pilas de composteo para degradar los materiales de estos art\u00edculos Oaxaca de Ju\u00e1rez, Oax. 06 de mayo de 2025.- Con la finalidad de dar a conocer alternativas de soluci\u00f3n para el tratamiento de pa\u00f1ales desechables, la Secretar\u00eda de Medio Ambiente, Biodiversidad, Energ\u00edas y Sostenibilidad realiz\u00f3 una [&hellip;]<\/p>\n<\/p>\r\n                  <\/div>\r\n                <\/div>\r\n              <\/div>\r\n            <\/div>\r\n            \r\n          <!-- \/*\r\n          $paged = ( get_query_var('paged') ) ? absint(get_query_var('paged')) : 1;\r\n          \/\/$query = new WP_Query( array( 'post_type' =>  'post', 'category_name' => 'noticias', 'posts_per_page' => 10 , 'paged' => $paged ) );\r\n          $query = new WP_Query( array( 'post_type' =>  'post', 'post_status' => 'publish', 'posts_per_page' => 10 , 'paged' => $paged ) );\r\n          if ( $query->have_posts() ) :\r\n            while ( $query->have_posts() ) : $query->the_post(); *\/ \r\n          ?> -->\r\n            <div class=\"card border-0 mb-3\" style=\"width: 100%;\">\r\n              <div class=\"row g-0\">\r\n                <div class=\"col-md-4\">\r\n                                      <img decoding=\"async\" src=\"https:\/\/www.oaxaca.gob.mx\/medioambiente\/wp-content\/uploads\/sites\/59\/2025\/06\/MA_Reciclaton_Mixteca_4-scaled.jpeg\" class=\"img-fluid\" style=\"width:300px; height:200px;\" alt=\"REALIZA GOBIERNO DE OAXACA JORNADA DE RECICLAJE DE RESIDUOS EL\u00c9CTRICOS Y ELECTR\u00d3NICOS EN LA MIXTECA\">\r\n                                  <\/div>\r\n                <div class=\"col-md-8\">\r\n                  <div class=\"card-body py-1\">\r\n                    <a href=\"https:\/\/www.oaxaca.gob.mx\/medioambiente\/realiza-gobierno-de-oaxaca-jornada-de-reciclaje-de-residuos-electricos-y-electronicos-en-la-mixteca\/\" title=\"REALIZA GOBIERNO DE OAXACA JORNADA DE RECICLAJE DE RESIDUOS EL\u00c9CTRICOS Y ELECTR\u00d3NICOS EN LA MIXTECA\">\r\n                      <h5 class=\"card-title\">REALIZA GOBIERNO DE OAXACA JORNADA DE RECICLAJE DE RESIDUOS EL\u00c9CTRICOS Y ELECTR\u00d3NICOS EN LA MIXTECA<\/h5>\r\n                    <\/a>\r\n                    <p class=\"card-text\"><p>&nbsp; \u2022 La Secretar\u00eda de Medio Ambiente coordin\u00f3 con el municipio de Huajuapan de Le\u00f3n acciones de acopio y disposici\u00f3n de este material, promoviendo la incorporaci\u00f3n de estos a la econom\u00eda circular Oaxaca de Ju\u00e1rez, Oax. 23 de abril de 2025.- Con el firme prop\u00f3sito de fomentar una cultura de reciclaje de residuos electr\u00f3nicos y [&hellip;]<\/p>\n<\/p>\r\n                  <\/div>\r\n                <\/div>\r\n              <\/div>\r\n            <\/div>\r\n            \r\n          <!-- \/*\r\n          $paged = ( get_query_var('paged') ) ? absint(get_query_var('paged')) : 1;\r\n          \/\/$query = new WP_Query( array( 'post_type' =>  'post', 'category_name' => 'noticias', 'posts_per_page' => 10 , 'paged' => $paged ) );\r\n          $query = new WP_Query( array( 'post_type' =>  'post', 'post_status' => 'publish', 'posts_per_page' => 10 , 'paged' => $paged ) );\r\n          if ( $query->have_posts() ) :\r\n            while ( $query->have_posts() ) : $query->the_post(); *\/ \r\n          ?> -->\r\n            <div class=\"card border-0 mb-3\" style=\"width: 100%;\">\r\n              <div class=\"row g-0\">\r\n                <div class=\"col-md-4\">\r\n                                      <img decoding=\"async\" src=\"https:\/\/www.oaxaca.gob.mx\/medioambiente\/wp-content\/uploads\/sites\/59\/2025\/06\/MA_Reunion-ANAAE.jpg\" class=\"img-fluid\" style=\"width:300px; height:200px;\" alt=\"PARTICIPA GOBIERNO DE OAXACA EN REUNI\u00d3N DE LA ASOCIACI\u00d3N NACIONAL DE AUTORIDADES AMBIENTALES ESTATALES\">\r\n                                  <\/div>\r\n                <div class=\"col-md-8\">\r\n                  <div class=\"card-body py-1\">\r\n                    <a href=\"https:\/\/www.oaxaca.gob.mx\/medioambiente\/participa-gobierno-de-oaxaca-en-reunion-de-la-asociacion-nacional-de-autoridades-ambientales-estatales\/\" title=\"PARTICIPA GOBIERNO DE OAXACA EN REUNI\u00d3N DE LA ASOCIACI\u00d3N NACIONAL DE AUTORIDADES AMBIENTALES ESTATALES\">\r\n                      <h5 class=\"card-title\">PARTICIPA GOBIERNO DE OAXACA EN REUNI\u00d3N DE LA ASOCIACI\u00d3N NACIONAL DE AUTORIDADES AMBIENTALES ESTATALES<\/h5>\r\n                    <\/a>\r\n                    <p class=\"card-text\"><p>&nbsp; \u2022 Con este encuentro se plantea desarrollar estrategias que permitan el derecho a un ambiente sano Oaxaca de Ju\u00e1rez, Oax. 10 de abril de 2025.-El Gobierno de Oaxaca particip\u00f3 en una reuni\u00f3n de trabajo de la Asociaci\u00f3n Nacional de Autoridades Ambientales Estatales (ANAAE), con el objetivo de fortalecer v\u00ednculos e impulsar la coordinaci\u00f3n entre [&hellip;]<\/p>\n<\/p>\r\n                  <\/div>\r\n                <\/div>\r\n              <\/div>\r\n            <\/div>\r\n            \r\n\r\n            <!--<div class=\"row\">\r\n              <div class=\"col-md-6 text-left\"><h5><\/h5><\/div>\r\n              <div class=\"col-md-6 text-right\"><h5><\/h5><\/div>\r\n            <\/div>-->\r\n            <div class=\"row\">\r\n              <div class=\"col-md-6 text-left\">\r\n                <h5><a href=\"https:\/\/www.oaxaca.gob.mx\/medioambiente\/wp-json\/wp\/v2\/pages\/162\/page\/2\/\" >Noticias anteriores<\/a><\/h5>\r\n              <\/div>\r\n              <div class=\"col-md-6 text-right\">\r\n                <h5><\/h5>\r\n              <\/div>\r\n            <\/div>\r\n                  <\/div>\r\n      <\/div>\r\n    <\/div>\r\n  <\/div>\r\n<\/section>\r\n\r\n\r\n\n","protected":false},"excerpt":{"rendered":"","protected":false},"author":1,"featured_media":0,"parent":0,"menu_order":0,"comment_status":"closed","ping_status":"closed","template":"","meta":{"episode_type":"","audio_file":"","podmotor_file_id":"","podmotor_episode_id":"","cover_image":"","cover_image_id":"","duration":"","filesize":"","filesize_raw":"","date_recorded":"","explicit":"","block":"","itunes_episode_number":"","itunes_title":"","itunes_season_number":"","itunes_episode_type":"","footnotes":""},"categories":[],"tags":[],"class_list":["post-162","page","type-page","status-publish","hentry"],"acf":[],"publishpress_future_action":{"enabled":false,"date":"2026-05-14 12:40:56","action":"change-status","newStatus":"draft","terms":[],"taxonomy":"category","extraData":[]},"publishpress_future_workflow_manual_trigger":{"enabledWorkflows":[]},"_links":{"self":[{"href":"https:\/\/www.oaxaca.gob.mx\/medioambiente\/wp-json\/wp\/v2\/pages\/162","targetHints":{"allow":["GET"]}}],"collection":[{"href":"https:\/\/www.oaxaca.gob.mx\/medioambiente\/wp-json\/wp\/v2\/pages"}],"about":[{"href":"https:\/\/www.oaxaca.gob.mx\/medioambiente\/wp-json\/wp\/v2\/types\/page"}],"author":[{"embeddable":true,"href":"https:\/\/www.oaxaca.gob.mx\/medioambiente\/wp-json\/wp\/v2\/users\/1"}],"replies":[{"embeddable":true,"href":"https:\/\/www.oaxaca.gob.mx\/medioambiente\/wp-json\/wp\/v2\/comments?post=162"}],"version-history":[{"count":9,"href":"https:\/\/www.oaxaca.gob.mx\/medioambiente\/wp-json\/wp\/v2\/pages\/162\/revisions"}],"predecessor-version":[{"id":14991,"href":"https:\/\/www.oaxaca.gob.mx\/medioambiente\/wp-json\/wp\/v2\/pages\/162\/revisions\/14991"}],"wp:attachment":[{"href":"https:\/\/www.oaxaca.gob.mx\/medioambiente\/wp-json\/wp\/v2\/media?parent=162"}],"wp:term":[{"taxonomy":"category","embeddable":true,"href":"https:\/\/www.oaxaca.gob.mx\/medioambiente\/wp-json\/wp\/v2\/categories?post=162"},{"taxonomy":"post_tag","embeddable":true,"href":"https:\/\/www.oaxaca.gob.mx\/medioambiente\/wp-json\/wp\/v2\/tags?post=162"}],"curies":[{"name":"wp","href":"https:\/\/api.w.org\/{rel}","templated":true}]}}