{"id":124,"date":"2016-02-15T16:05:59","date_gmt":"2016-02-15T22:05:59","guid":{"rendered":"https:\/\/www.oaxaca.gob.mx\/?page_id=124"},"modified":"2023-11-13T15:28:39","modified_gmt":"2023-11-13T21:28:39","slug":"directorio","status":"publish","type":"page","link":"https:\/\/www.oaxaca.gob.mx\/medioambiente\/directorio\/","title":{"rendered":"Directorio"},"content":{"rendered":"<div class=\"container\">\n<div class=\"row\">\n<div class=\"col-md-12\">\n<h2 class=\"titulos-secciones\" style=\"font-size: 20px\">Secretar\u00eda de Medio Ambiente, Biodiversidad, Energ\u00edas y Sostenibilidad<\/h2>\n<hr>\n\n<table id=\"tablepress-1\" class=\"tablepress tablepress-id-1\">\n<thead>\n<tr class=\"row-1\">\n\t<th class=\"column-1\">Nombre<\/th><th class=\"column-2\">Cargo<\/th><th class=\"column-3\"><div style=\"width:50%\">Tel\u00e9fono<\/div><\/th>\n<\/tr>\n<\/thead>\n<tbody class=\"row-striping row-hover\">\n<tr class=\"row-2\">\n\t<td class=\"column-1\"><p style=\"font-size:14px;font-weight:600;font-style: italic\">DRA. KARIME UNDA HARP<\/p><\/td><td class=\"column-2\"><p style=\"font-size:14px;font-weight:600;font-style: italic\">TITULAR DE LA SECRETAR\u00cdA DE MEDIO AMBIENTE, BIODIVERSIDAD, ENERG\u00cdAS Y SOSTENIBILIDAD<\/p><br \/>\n<\/td><td class=\"column-3\"><p><span><i class=\"fas fa-envelope\"><\/i><\/span> karime.unda@oaxaca.gob.mx,<br>&nbsp; &nbsp; oficialia.medioambiente@oaxaca.gob.mx<\/p><p> <cite><span><i class=\"fas fa-phone\"><\/i><\/span> 50 150 00 Ext. 12515<\/cite><\/p><\/td>\n<\/tr>\n<tr class=\"row-3\">\n\t<td class=\"column-1\">LIC. GASPAR G\u00d3MEZ BERDEJA <\/td><td class=\"column-2\">SECRETARIO PARTICULAR<\/td><td class=\"column-3\"><p><span><i class=\"fas fa-envelope\"><\/i><\/span> gaspar.gomez@oaxaca.gob.mx <\/p><p> <cite><span><i class=\"fas fa-phone\"><\/i><\/span> 50 150 00 Ext. 12886<\/cite><\/p><\/td>\n<\/tr>\n<tr class=\"row-4\">\n\t<td class=\"column-1\">LIC. LIZ HERN\u00c1NDEZ MATUS<\/td><td class=\"column-2\">ASESORA DE LA TITULAR<\/td><td class=\"column-3\"><p><span><i class=\"fas fa-envelope\"><\/i><\/span> liz.matus@oaxaca.gob.mx <\/p><p> <cite><span><i class=\"fas fa-phone\"><\/i><\/span> 50 150 00 Ext. 12515<\/cite><\/p><\/td>\n<\/tr>\n<tr class=\"row-5\">\n\t<td class=\"column-1\">QU\u00cdM. TERESA JIM\u00c9NEZ REYES <\/td><td class=\"column-2\">JEFA DEL DEPARTAMENTO DE PLANEACI\u00d3N<\/td><td class=\"column-3\"><p><span><i class=\"fas fa-envelope\"><\/i><\/span> teresa.jimenez@oaxaca.gob.mx<\/p><p> <cite><span><i class=\"fas fa-phone\"><\/i><\/span> 50 150 00 Ext. 12766<\/cite><\/p><\/td>\n<\/tr>\n<tr class=\"row-6\">\n\t<td class=\"column-1\">LIC. ANTONIO ROBLES BRENA<\/td><td class=\"column-2\">JEFE DEL DEPARTAMENTO DE CAPACITACI\u00d3N Y CULTURA AMBIENTAL<\/td><td class=\"column-3\"><p><span><i class=\"fas fa-envelope\"><\/i><\/span> antonio.robles@oaxaca.gob.mx<\/p><p> <cite><span><i class=\"fas fa-phone\"><\/i><\/span> 50 150 00 Ext. 12541<\/cite><\/p><\/td>\n<\/tr>\n<tr class=\"row-7\">\n\t<td class=\"column-1\">LIC. FIDEL L\u00d3PEZ MAGDALENO<\/td><td class=\"column-2\">JEFE DE LA UNIDAD ADMINISTRATIVA<\/td><td class=\"column-3\"><p><span><i class=\"fas fa-envelope\"><\/i><\/span> fidel.lopez@oaxaca.gob.mx<\/p><p> <cite><span><i class=\"fas fa-phone\"><\/i><\/span> 50 150 00 Ext. 12759<\/cite><\/p><\/td>\n<\/tr>\n<tr class=\"row-8\">\n\t<td class=\"column-1\">LIC. ERICK RICARDO ORDAZ LE\u00d3N <\/td><td class=\"column-2\">JEFE DEL DEPARTAMENTO DE RECURSOS HUMANOS Y MATERIALES<\/td><td class=\"column-3\"><p><span><i class=\"fas fa-envelope\"><\/i><\/span> erick.ordaz@oaxaca.gob.mx <\/p><p> <cite><span><i class=\"fas fa-phone\"><\/i><\/span> 50 150 00 Ext. 12757<\/cite><\/p><\/td>\n<\/tr>\n<tr class=\"row-9\">\n\t<td class=\"column-1\">LIC. JAZMIN GALINDO SANGINEZ <\/td><td class=\"column-2\">JEFA DEL DEPARTAMENTO DE RECURSOS FINANCIEROS Y CONTABILIDAD<\/td><td class=\"column-3\"><p><span><i class=\"fas fa-envelope\"><\/i><\/span>  jazmin.galindos@oaxaca.gob.mx<\/p><p> <cite><span><i class=\"fas fa-phone\"><\/i><\/span> 50 150 00 Ext. 12761<\/cite><\/p><\/td>\n<\/tr>\n<tr class=\"row-10\">\n\t<td class=\"column-1\">MTRA. GABRIELA REYES MENDOZA<\/td><td class=\"column-2\">JEFA DE LA UNIDAD JUR\u00cdDICA<\/td><td class=\"column-3\"><p><span><i class=\"fas fa-envelope\"><\/i><\/span> gabrielareyes@oaxaca.gob.mx<\/p><p> <cite><span><i class=\"fas fa-phone\"><\/i><\/span> 50 150 00 Ext. 12762<\/cite><\/p><\/td>\n<\/tr>\n<tr class=\"row-11\">\n\t<td class=\"column-1\">LIC. PAULINA CUEVAS ARRONA<\/td><td class=\"column-2\">JEFA DEL DEPARTAMENTO DE LO CONTENCIOSO<\/td><td class=\"column-3\"><p><span><i class=\"fas fa-envelope\"><\/i><\/span> paulina.cuevas@oaxaca.gob.mx <\/p><p> <cite><span><i class=\"fas fa-phone\"><\/i><\/span> 50 150 00 Ext. 12515<\/cite><\/p><\/td>\n<\/tr>\n<tr class=\"row-12\">\n\t<td class=\"column-1\">LIC. VICTORIA GARCIA MU\u00d1OZ <\/td><td class=\"column-2\">JEFA DEL DEPARTAMENTO DE CONVENIOS Y ASISTENCIA LEGAL <\/td><td class=\"column-3\"><p><span><i class=\"fas fa-envelope\"><\/i><\/span> victoria.garcia@oaxaca.gob.mx <\/p><p> <cite><span><i class=\"fas fa-phone\"><\/i><\/span> 50 150 00 Ext. 12765<\/cite><\/p><\/td>\n<\/tr>\n<tr class=\"row-13\">\n\t<td class=\"column-1\"><p style=\"font-size:14px;font-weight:600;font-style: italic\"> LIC. SINA\u00cd CASILLAS CANO <\/p><\/td><td class=\"column-2\"><p style=\"font-size:14px;font-weight:600;font-style: italic\">SUBSECRETARIO DE POL\u00cdTICA AMBIENTAL Y ENERG\u00cdAS RENOVABLES <\/p><\/td><td class=\"column-3\"><p><span><i class=\"fas fa-envelope\"><\/i><\/span> sinai.casillas@oaxaca.gob.mx<\/p><p> <cite><span><i class=\"fas fa-phone\"><\/i><\/span> 50 150 00 Ext. 12504<\/cite><\/p><\/td>\n<\/tr>\n<tr class=\"row-14\">\n\t<td class=\"column-1\">LIC. MAR\u00cdA AMPARO SOCORRO SU\u00c1REZ <\/td><td class=\"column-2\">DIRECTORA DE POL\u00cdTICA AMBIENTAL <\/td><td class=\"column-3\"><p><span><i class=\"fas fa-envelope\"><\/i><\/span> maria.socorro@oaxaca.gob.mx <\/p><p> <cite><span><i class=\"fas fa-phone\"><\/i><\/span> 50 150 00 Ext. 12910<\/cite><\/p><\/td>\n<\/tr>\n<tr class=\"row-15\">\n\t<td class=\"column-1\">LIC. LESLIE XIMENA DE LA ROSA GAMI\u00d1O<\/td><td class=\"column-2\">JEFA DEL DEPARTAMENTO DE VERIFICACI\u00d3N VEHICULAR<\/td><td class=\"column-3\"><p><span><i class=\"fas fa-envelope\"><\/i><\/span> ximena.delarosa@oaxaca.gob.mx <\/p><p> <cite><span><i class=\"fas fa-phone\"><\/i><\/span> 50 150 00 Ext. 12910<\/cite><\/p><\/td>\n<\/tr>\n<tr class=\"row-16\">\n\t<td class=\"column-1\">BIOL. ALEJANDRO \u00c1NGEL  ARIAS RAM\u00cdREZ<\/td><td class=\"column-2\">JEFE DEL DEPARTAMENTO DE CALIDAD DEL AIRE<\/td><td class=\"column-3\"><p><span><i class=\"fas fa-envelope\"><\/i><\/span> alejandro.ramirez@oaxaca.gob.mx<\/p><p> <cite><span><i class=\"fas fa-phone\"><\/i><\/span> 50 150 00 Ext. 12504<\/cite><\/p><\/td>\n<\/tr>\n<tr class=\"row-17\">\n\t<td class=\"column-1\">LIC. JOS\u00c9 FRANCISCO HODICH TOLEDO<\/td><td class=\"column-2\">DIRECTOR DE ENERG\u00cdAS RENOVABLES <\/td><td class=\"column-3\"><p><span><i class=\"fas fa-envelope\"><\/i><\/span> jose.hodich@oaxaca.gob.mx<\/p><p> <cite><span><i class=\"fas fa-phone\"><\/i><\/span> 50 150 00 Ext. 12504<\/cite><\/p><\/td>\n<\/tr>\n<tr class=\"row-18\">\n\t<td class=\"column-1\">LIC. KARLA MONSERRAT VASQUEZ MAYA<\/td><td class=\"column-2\">JEFA DEL DEPARTAMENTO DE ENERG\u00cdAS ALTERNATIVAS Y RENOVABLES <\/td><td class=\"column-3\"><p><span><i class=\"fas fa-envelope\"><\/i><\/span> karla.vasquez@oaxaca.gob.mx<\/p><p> <cite><span><i class=\"fas fa-phone\"><\/i><\/span> 50 150 00 Ext. 12504<\/cite><\/p><\/td>\n<\/tr>\n<tr class=\"row-19\">\n\t<td class=\"column-1\">LIC. AUREL PALMA LOPEZ<\/td><td class=\"column-2\">JEFE DEL DEPARTAMENTO DE FOMENTO Y DESARROLLO ENERG\u00c9TICO<\/td><td class=\"column-3\"><p><span><i class=\"fas fa-envelope\"><\/i><\/span> aurel.palma@oaxaca.gob.mx<\/p><p> <cite><span><i class=\"fas fa-phone\"><\/i><\/span> 50 150 00 Ext. 12504<\/cite><\/p><\/td>\n<\/tr>\n<tr class=\"row-20\">\n\t<td class=\"column-1\"><p style=\"font-size:14px;font-weight:600;font-style: italic\">LIC. SERGIO L\u00d3PEZ S\u00c1NCHEZ<\/p><\/td><td class=\"column-2\"><p style=\"font-size:14px;font-weight:600;font-style: italic\">SUBSECRETARIO DE RECURSOS NATURALES Y CAMBIO CLIM\u00c1TICO <\/p><\/td><td class=\"column-3\"><p><span><i class=\"fas fa-envelope\"><\/i><\/span> sergio.lopez@oaxaca.gob.mx<\/p><p> <cite><span><i class=\"fas fa-phone\"><\/i><\/span> 50 150 00 Ext. 12755<\/cite><\/p><\/td>\n<\/tr>\n<tr class=\"row-21\">\n\t<td class=\"column-1\">LIC. VER\u00d3NICA DENISSE L\u00d3PEZ ALONSO<\/td><td class=\"column-2\">DIRECTORA DE BIODIVERSIDAD Y RECURSOS NATURALES <\/td><td class=\"column-3\"><p><span><i class=\"fas fa-envelope\"><\/i><\/span> veronica.alonso@oaxaca.gob.mx <\/p><p> <cite><span><i class=\"fas fa-phone\"><\/i><\/span> 50 150 00 Ext. 12755<\/cite><\/p><\/td>\n<\/tr>\n<tr class=\"row-22\">\n\t<td class=\"column-1\">LIC. JOS\u00c9 MANUEL Z\u00c1RATE GIJ\u00d3N <\/td><td class=\"column-2\">JEFE DEL DEPARTAMENTO DE MANEJO AMBIENTAL  EN ASENTAMIENTOS HUMANOS<\/td><td class=\"column-3\"><p><span><i class=\"fas fa-envelope\"><\/i><\/span>  jose.zarate@oaxaca.gob.mx<\/p><p> <cite><span><i class=\"fas fa-phone\"><\/i><\/span> 50 150 00 Ext. 12755<\/cite><\/p><\/td>\n<\/tr>\n<tr class=\"row-23\">\n\t<td class=\"column-1\">ING. TRINIDAD V\u00c1SQUEZ  HERN\u00c1NDEZ <\/td><td class=\"column-2\">JEFE DEL DEPARTAMENTO DE MANEJO INTEGRAL DE LOS RECURSOS NATURALES<\/td><td class=\"column-3\"><p><span><i class=\"fas fa-envelope\"><\/i><\/span> trinidad.vasquez@oaxaca.gob.mx<\/p><p> <cite><span><i class=\"fas fa-phone\"><\/i><\/span> 50 150 00 Ext. 12887<\/cite><\/p><\/td>\n<\/tr>\n<tr class=\"row-24\">\n\t<td class=\"column-1\">LIC. NANCY BRISEIDA GARC\u00cdA RAM\u00cdREZ<\/td><td class=\"column-2\">DIRECTORA DE CAMBIO CLIM\u00c1TICO <\/td><td class=\"column-3\"><p><span><i class=\"fas fa-envelope\"><\/i><\/span>nancyb.garcia@oaxaca.gob.mx<\/p><p> <cite><span><i class=\"fas fa-phone\"><\/i><\/span> 50 150 00 Ext. 12755<\/cite><\/p><\/td>\n<\/tr>\n<tr class=\"row-25\">\n\t<td class=\"column-1\">BIOL. BARBARA ROBLES CABRERA <\/td><td class=\"column-2\">JEFA DEL DEPARTAMENTO DE ADAPTACI\u00d3N Y CULTURA AL CAMBIO CLIM\u00c1TICO<\/td><td class=\"column-3\"><p><span><i class=\"fas fa-envelope\"><\/i><\/span> barbara.robles@oaxaca.gob.mx<\/p><p> <cite><span><i class=\"fas fa-phone\"><\/i><\/span> 50 150 00 Ext. 12755<\/cite><\/p><\/td>\n<\/tr>\n<tr class=\"row-26\">\n\t<td class=\"column-1\">LIC. JANETH GUTI\u00c9RREZ LUCAS  <\/td><td class=\"column-2\">JEFA DEL DEPARTAMENTO DE MITIGACI\u00d3N Y DISE\u00d1O DE INSTRUMENTOS AL CAMBIO CLIM\u00c1TICO <\/td><td class=\"column-3\"><p><span><i class=\"fas fa-envelope\"><\/i><\/span> janeth.gutierrez@oaxaca.gob.mx <\/p><p> <cite><span><i class=\"fas fa-phone\"><\/i><\/span> 50 150 00 Ext. 12755<\/cite><\/p><\/td>\n<\/tr>\n<tr class=\"row-27\">\n\t<td class=\"column-1\"><p style=\"font-size:14px;font-weight:600;font-style: italic\">ING. MANUEL VALDEZ JU\u00c1REZ<\/p><\/td><td class=\"column-2\"><p style=\"font-size:14px;font-weight:600;font-style: italic\">DIRECTOR DE REGULACI\u00d3N AMBIENTAL <\/p><\/td><td class=\"column-3\"><p><span><i class=\"fas fa-envelope\"><\/i><\/span> manuelvaldez@oaxaca.gob.mx<\/p><p> <cite><span><i class=\"fas fa-phone\"><\/i><\/span> 50 150 00 Ext. 12754<\/cite><\/p><\/td>\n<\/tr>\n<tr class=\"row-28\">\n\t<td class=\"column-1\">ING. SANDRA CESIA ALTAMIRANO  PEREZ <\/td><td class=\"column-2\">JEFA DEL DEPARTAMENTO DE IMPACTO Y RIESGO AMBIENTAL <\/td><td class=\"column-3\"><p><span><i class=\"fas fa-envelope\"><\/i><\/span> sandra.altamirano@oaxaca.gob.mx<\/p><p> <cite><span><i class=\"fas fa-phone\"><\/i><\/span> 50 150 00 Ext. 12780<\/cite><\/p><\/td>\n<\/tr>\n<tr class=\"row-29\">\n\t<td class=\"column-1\">DR. RAFAEL BARZALOBRE  GERONIMO  <\/td><td class=\"column-2\">JEFE DEL DEPARTAMENTO DE ORDENAMIENTO ECOL\u00d3GICO Y MANEJO AMBIENTAL DEL AGUA<\/td><td class=\"column-3\"><p><span><i class=\"fas fa-envelope\"><\/i><\/span> rafael.barzalobregeronimo@oaxaca.gob.mx <\/p><p> <cite><span><i class=\"fas fa-phone\"><\/i><\/span> 50 150 00 Ext. 12763<\/cite><\/p><\/td>\n<\/tr>\n<tr class=\"row-30\">\n\t<td class=\"column-1\">MVZ. MANELIK OLIVERA MARTINEZ<\/td><td class=\"column-2\">JEFE DEL DEPARTAMENTO DE REGULACI\u00d3N PARA EL DESARROLLO SOSTENIBLE<\/td><td class=\"column-3\"><p><span><i class=\"fas fa-envelope\"><\/i><\/span> manelik.olivera@oaxaca.gob.mx <\/p><p> <cite><span><i class=\"fas fa-phone\"><\/i><\/span> 50 150 00 Ext. 12768<\/cite><\/p><\/td>\n<\/tr>\n<tr class=\"row-31\">\n\t<td class=\"column-1\">ING. DAVID DOMINGO RAFAEL P\u00c9REZ <\/td><td class=\"column-2\">JEFE DEL DEPARTAMENTO DE ECONOM\u00cdA CIRCULAR Y GESTI\u00d3N DE RESIDUOS SOLIDOS<\/td><td class=\"column-3\"><p><span><i class=\"fas fa-envelope\"><\/i><\/span> david.rafael@oaxaca.gob.mx<\/p><p> <cite><span><i class=\"fas fa-phone\"><\/i><\/span> 50 150 00 Ext. 12780 <\/cite><\/p><\/td>\n<\/tr>\n<\/tbody>\n<\/table>\n<!-- #tablepress-1 from cache --><\/div>\n<\/p><\/div>\n<\/div>\n","protected":false},"excerpt":{"rendered":"<p>Secretar\u00eda de Medio Ambiente, Biodiversidad, Energ\u00edas y Sostenibilidad<\/p>\n","protected":false},"author":1,"featured_media":0,"parent":0,"menu_order":0,"comment_status":"closed","ping_status":"closed","template":"","meta":{"episode_type":"","audio_file":"","podmotor_file_id":"","podmotor_episode_id":"","cover_image":"","cover_image_id":"","duration":"","filesize":"","filesize_raw":"","date_recorded":"","explicit":"","block":"","itunes_episode_number":"","itunes_title":"","itunes_season_number":"","itunes_episode_type":"","footnotes":""},"categories":[],"tags":[],"class_list":["post-124","page","type-page","status-publish","hentry"],"acf":[],"publishpress_future_action":{"enabled":false,"date":"2026-04-22 18:15:29","action":"change-status","newStatus":"draft","terms":[],"taxonomy":"category","extraData":[]},"publishpress_future_workflow_manual_trigger":{"enabledWorkflows":[]},"_links":{"self":[{"href":"https:\/\/www.oaxaca.gob.mx\/medioambiente\/wp-json\/wp\/v2\/pages\/124","targetHints":{"allow":["GET"]}}],"collection":[{"href":"https:\/\/www.oaxaca.gob.mx\/medioambiente\/wp-json\/wp\/v2\/pages"}],"about":[{"href":"https:\/\/www.oaxaca.gob.mx\/medioambiente\/wp-json\/wp\/v2\/types\/page"}],"author":[{"embeddable":true,"href":"https:\/\/www.oaxaca.gob.mx\/medioambiente\/wp-json\/wp\/v2\/users\/1"}],"replies":[{"embeddable":true,"href":"https:\/\/www.oaxaca.gob.mx\/medioambiente\/wp-json\/wp\/v2\/comments?post=124"}],"version-history":[{"count":3,"href":"https:\/\/www.oaxaca.gob.mx\/medioambiente\/wp-json\/wp\/v2\/pages\/124\/revisions"}],"predecessor-version":[{"id":17669,"href":"https:\/\/www.oaxaca.gob.mx\/medioambiente\/wp-json\/wp\/v2\/pages\/124\/revisions\/17669"}],"wp:attachment":[{"href":"https:\/\/www.oaxaca.gob.mx\/medioambiente\/wp-json\/wp\/v2\/media?parent=124"}],"wp:term":[{"taxonomy":"category","embeddable":true,"href":"https:\/\/www.oaxaca.gob.mx\/medioambiente\/wp-json\/wp\/v2\/categories?post=124"},{"taxonomy":"post_tag","embeddable":true,"href":"https:\/\/www.oaxaca.gob.mx\/medioambiente\/wp-json\/wp\/v2\/tags?post=124"}],"curies":[{"name":"wp","href":"https:\/\/api.w.org\/{rel}","templated":true}]}}