{"id":265,"date":"2017-06-28T18:50:26","date_gmt":"2017-06-28T18:50:26","guid":{"rendered":"http:\/\/www.conciliacionyarbitraje.oaxaca.gob.mx\/?page_id=265"},"modified":"2017-06-28T18:50:26","modified_gmt":"2017-06-28T18:50:26","slug":"secretaria-auxiliar-de-conflictos-colectivos-y-registros","status":"publish","type":"page","link":"https:\/\/www.oaxaca.gob.mx\/jlca\/secretaria-auxiliar-de-conflictos-colectivos-y-registros\/","title":{"rendered":"SECRETAR\u00cdA AUXILIAR DE CONFLICTOS COLECTIVOS Y REGISTROS"},"content":{"rendered":"<p>\t\t\t\t<strong>Competencia:<\/strong><\/p>\n<ul>\n<li>Tramitar eficientemente hasta su resoluci\u00f3n los procedimientos de emplazamientos a huelga y los relativos a conflictos colectivos de trabajo de naturaleza jur\u00eddica y econ\u00f3mica presentados ante la junta.<\/li>\n<li>Procurar un arreglo conciliatorio de las parte en conflicto;<\/li>\n<li>Tramitar lo relacionado con el registro y actualizaci\u00f3n de la vida jur\u00eddica de las agrupaciones sindicales, as\u00ed como llevar una relaci\u00f3n de las registradas;<\/li>\n<li>Llevar el registro y contra de los contratos colectivos de trabajo, tabuladores de salarios, convenios y reglamentos interiores de trabajo que se depositen ante la junta\u00a0 y emitir el proyecto de acuerdo de registro correspondientes;<\/li>\n<li>Agilizar los procedimientos en los casos anteriores de tal forma que seas resueltos\u00a0 a la brevedad dentro de todos los t\u00e9rminos establecidos en la ley;<\/li>\n<li>Elaborar los proyectos de acuerdo que se requieran para el tr\u00e1mite de los expedientes respectivos;<\/li>\n<li>Rendir informe sobre las diligencias practicadas, relacionadas con cada uno de los expedientes que se tramitan;<\/li>\n<li>Presentar peri\u00f3dicamente a la presidencia del tribunal informes y reportes de los resultados obtenidos, y;<\/li>\n<li>Las dem\u00e1s que le asigne el presidente de la junta relacionados con sus diferencias.<\/li>\n<\/ul>\n<p>&nbsp;<br \/>\n<strong>Lic. Jose Luis Velasco Mart\u00ednez<\/strong><br \/>\nPresidente de Junta Especial\t\t<\/p>\n","protected":false},"excerpt":{"rendered":"<p>Competencia: Tramitar eficientemente hasta su resoluci\u00f3n los procedimientos de emplazamientos a huelga y los relativos a conflictos colectivos de trabajo de naturaleza jur\u00eddica y econ\u00f3mica presentados ante la junta. Procurar un arreglo conciliatorio de las parte en conflicto; Tramitar lo relacionado con el registro y actualizaci\u00f3n de la vida jur\u00eddica de las agrupaciones sindicales, as\u00ed [&hellip;]<\/p>\n","protected":false},"author":1,"featured_media":0,"parent":0,"menu_order":0,"comment_status":"closed","ping_status":"closed","template":"","meta":{"episode_type":"","audio_file":"","podmotor_file_id":"","podmotor_episode_id":"","cover_image":"","cover_image_id":"","duration":"","filesize":"","filesize_raw":"","date_recorded":"","explicit":"","block":"","itunes_episode_number":"","itunes_title":"","itunes_season_number":"","itunes_episode_type":"","footnotes":""},"categories":[],"tags":[],"class_list":["post-265","page","type-page","status-publish","hentry"],"acf":[],"publishpress_future_action":{"enabled":false,"date":"2026-05-16 01:05:45","action":"change-status","newStatus":"draft","terms":[],"taxonomy":"category","extraData":[]},"publishpress_future_workflow_manual_trigger":{"enabledWorkflows":[]},"_links":{"self":[{"href":"https:\/\/www.oaxaca.gob.mx\/jlca\/wp-json\/wp\/v2\/pages\/265","targetHints":{"allow":["GET"]}}],"collection":[{"href":"https:\/\/www.oaxaca.gob.mx\/jlca\/wp-json\/wp\/v2\/pages"}],"about":[{"href":"https:\/\/www.oaxaca.gob.mx\/jlca\/wp-json\/wp\/v2\/types\/page"}],"author":[{"embeddable":true,"href":"https:\/\/www.oaxaca.gob.mx\/jlca\/wp-json\/wp\/v2\/users\/1"}],"replies":[{"embeddable":true,"href":"https:\/\/www.oaxaca.gob.mx\/jlca\/wp-json\/wp\/v2\/comments?post=265"}],"version-history":[{"count":0,"href":"https:\/\/www.oaxaca.gob.mx\/jlca\/wp-json\/wp\/v2\/pages\/265\/revisions"}],"wp:attachment":[{"href":"https:\/\/www.oaxaca.gob.mx\/jlca\/wp-json\/wp\/v2\/media?parent=265"}],"wp:term":[{"taxonomy":"category","embeddable":true,"href":"https:\/\/www.oaxaca.gob.mx\/jlca\/wp-json\/wp\/v2\/categories?post=265"},{"taxonomy":"post_tag","embeddable":true,"href":"https:\/\/www.oaxaca.gob.mx\/jlca\/wp-json\/wp\/v2\/tags?post=265"}],"curies":[{"name":"wp","href":"https:\/\/api.w.org\/{rel}","templated":true}]}}