{"id":248,"date":"2017-06-28T16:59:50","date_gmt":"2017-06-28T16:59:50","guid":{"rendered":"http:\/\/www.conciliacionyarbitraje.oaxaca.gob.mx\/?page_id=248"},"modified":"2019-11-06T11:39:22","modified_gmt":"2019-11-06T17:39:22","slug":"junta-especial-4","status":"publish","type":"page","link":"https:\/\/www.oaxaca.gob.mx\/jlca\/junta-especial-4\/","title":{"rendered":"JUNTA ESPECIAL 4"},"content":{"rendered":"<p><strong>Competencia:<\/strong><\/p>\n<ul>\n<li>Trabajos de las universidades e instituciones de educaci\u00f3n superior aut\u00f3nomas por ley.<\/li>\n<\/ul>\n<p><strong>Lic. Carmen L\u00f3pez Montesinos<\/strong><br \/>\nPresidente<\/p>\n","protected":false},"excerpt":{"rendered":"<p>Competencia: Trabajos de las universidades e instituciones de educaci\u00f3n superior aut\u00f3nomas por ley. Lic. Carmen L\u00f3pez Montesinos Presidente<\/p>\n","protected":false},"author":1,"featured_media":0,"parent":0,"menu_order":0,"comment_status":"closed","ping_status":"closed","template":"","meta":{"episode_type":"","audio_file":"","podmotor_file_id":"","podmotor_episode_id":"","cover_image":"","cover_image_id":"","duration":"","filesize":"","filesize_raw":"","date_recorded":"","explicit":"","block":"","itunes_episode_number":"","itunes_title":"","itunes_season_number":"","itunes_episode_type":"","footnotes":""},"categories":[],"tags":[],"class_list":["post-248","page","type-page","status-publish","hentry"],"acf":[],"publishpress_future_action":{"enabled":false,"date":"2026-05-16 01:07:36","action":"change-status","newStatus":"draft","terms":[],"taxonomy":"category","extraData":[]},"publishpress_future_workflow_manual_trigger":{"enabledWorkflows":[]},"_links":{"self":[{"href":"https:\/\/www.oaxaca.gob.mx\/jlca\/wp-json\/wp\/v2\/pages\/248","targetHints":{"allow":["GET"]}}],"collection":[{"href":"https:\/\/www.oaxaca.gob.mx\/jlca\/wp-json\/wp\/v2\/pages"}],"about":[{"href":"https:\/\/www.oaxaca.gob.mx\/jlca\/wp-json\/wp\/v2\/types\/page"}],"author":[{"embeddable":true,"href":"https:\/\/www.oaxaca.gob.mx\/jlca\/wp-json\/wp\/v2\/users\/1"}],"replies":[{"embeddable":true,"href":"https:\/\/www.oaxaca.gob.mx\/jlca\/wp-json\/wp\/v2\/comments?post=248"}],"version-history":[{"count":1,"href":"https:\/\/www.oaxaca.gob.mx\/jlca\/wp-json\/wp\/v2\/pages\/248\/revisions"}],"predecessor-version":[{"id":1296,"href":"https:\/\/www.oaxaca.gob.mx\/jlca\/wp-json\/wp\/v2\/pages\/248\/revisions\/1296"}],"wp:attachment":[{"href":"https:\/\/www.oaxaca.gob.mx\/jlca\/wp-json\/wp\/v2\/media?parent=248"}],"wp:term":[{"taxonomy":"category","embeddable":true,"href":"https:\/\/www.oaxaca.gob.mx\/jlca\/wp-json\/wp\/v2\/categories?post=248"},{"taxonomy":"post_tag","embeddable":true,"href":"https:\/\/www.oaxaca.gob.mx\/jlca\/wp-json\/wp\/v2\/tags?post=248"}],"curies":[{"name":"wp","href":"https:\/\/api.w.org\/{rel}","templated":true}]}}