{"id":236,"date":"2017-06-28T15:49:30","date_gmt":"2017-06-28T15:49:30","guid":{"rendered":"http:\/\/www.conciliacionyarbitraje.oaxaca.gob.mx\/?page_id=236"},"modified":"2019-11-06T11:38:17","modified_gmt":"2019-11-06T17:38:17","slug":"junta-especial-2","status":"publish","type":"page","link":"https:\/\/www.oaxaca.gob.mx\/jlca\/junta-especial-2\/","title":{"rendered":"JUNTA ESPECIAL 2"},"content":{"rendered":"<p><b>Competencia:<\/b><\/p>\n<p><strong>Industrias<\/strong><\/p>\n<ul>\n<li>Comprendiendo f\u00e1bricas de hielo, molinos de trigo, ma\u00edz y caf\u00e9; as\u00ed como industrias no especificadas en las que se emplea energ\u00eda el\u00e9ctrica, t\u00e9rmica e hidr\u00e1ulica, por medio de maquinaria.<\/li>\n<\/ul>\n<p><strong>Comercio<\/strong><\/p>\n<ul>\n<li>Comprendiendo a los empleados particulares, trabajadores intelectuales y art\u00edsticos, y especializados de organismos descentralizados; industria y trabajo conexos a las anteriores ramas<\/li>\n<\/ul>\n<p><strong>Lic. Salom\u00f3n \u00c1vila P\u00e9rez<\/strong><br \/>\nPresidente<\/p>\n","protected":false},"excerpt":{"rendered":"<p>Competencia: Industrias Comprendiendo f\u00e1bricas de hielo, molinos de trigo, ma\u00edz y caf\u00e9; as\u00ed como industrias no especificadas en las que se emplea energ\u00eda el\u00e9ctrica, t\u00e9rmica e hidr\u00e1ulica, por medio de maquinaria. Comercio Comprendiendo a los empleados particulares, trabajadores intelectuales y art\u00edsticos, y especializados de organismos descentralizados; industria y trabajo conexos a las anteriores ramas Lic. [&hellip;]<\/p>\n","protected":false},"author":1,"featured_media":0,"parent":0,"menu_order":0,"comment_status":"closed","ping_status":"closed","template":"","meta":{"episode_type":"","audio_file":"","podmotor_file_id":"","podmotor_episode_id":"","cover_image":"","cover_image_id":"","duration":"","filesize":"","filesize_raw":"","date_recorded":"","explicit":"","block":"","itunes_episode_number":"","itunes_title":"","itunes_season_number":"","itunes_episode_type":"","footnotes":""},"categories":[],"tags":[],"class_list":["post-236","page","type-page","status-publish","hentry"],"acf":[],"publishpress_future_action":{"enabled":false,"date":"2026-05-16 00:42:16","action":"change-status","newStatus":"draft","terms":[],"taxonomy":"category","extraData":[]},"publishpress_future_workflow_manual_trigger":{"enabledWorkflows":[]},"_links":{"self":[{"href":"https:\/\/www.oaxaca.gob.mx\/jlca\/wp-json\/wp\/v2\/pages\/236","targetHints":{"allow":["GET"]}}],"collection":[{"href":"https:\/\/www.oaxaca.gob.mx\/jlca\/wp-json\/wp\/v2\/pages"}],"about":[{"href":"https:\/\/www.oaxaca.gob.mx\/jlca\/wp-json\/wp\/v2\/types\/page"}],"author":[{"embeddable":true,"href":"https:\/\/www.oaxaca.gob.mx\/jlca\/wp-json\/wp\/v2\/users\/1"}],"replies":[{"embeddable":true,"href":"https:\/\/www.oaxaca.gob.mx\/jlca\/wp-json\/wp\/v2\/comments?post=236"}],"version-history":[{"count":1,"href":"https:\/\/www.oaxaca.gob.mx\/jlca\/wp-json\/wp\/v2\/pages\/236\/revisions"}],"predecessor-version":[{"id":1293,"href":"https:\/\/www.oaxaca.gob.mx\/jlca\/wp-json\/wp\/v2\/pages\/236\/revisions\/1293"}],"wp:attachment":[{"href":"https:\/\/www.oaxaca.gob.mx\/jlca\/wp-json\/wp\/v2\/media?parent=236"}],"wp:term":[{"taxonomy":"category","embeddable":true,"href":"https:\/\/www.oaxaca.gob.mx\/jlca\/wp-json\/wp\/v2\/categories?post=236"},{"taxonomy":"post_tag","embeddable":true,"href":"https:\/\/www.oaxaca.gob.mx\/jlca\/wp-json\/wp\/v2\/tags?post=236"}],"curies":[{"name":"wp","href":"https:\/\/api.w.org\/{rel}","templated":true}]}}