{"id":2151,"date":"2020-09-30T23:02:36","date_gmt":"2020-10-01T04:02:36","guid":{"rendered":"https:\/\/www.oaxaca.gob.mx\/jlca\/?page_id=2151"},"modified":"2023-11-14T08:35:14","modified_gmt":"2023-11-14T14:35:14","slug":"instalaciones-de-la-junta-local-de-conciliacion-y-arbitraje","status":"publish","type":"page","link":"https:\/\/www.oaxaca.gob.mx\/jlca\/instalaciones-de-la-junta-local-de-conciliacion-y-arbitraje\/","title":{"rendered":"Instalaciones de la Junta Local de Conciliaci\u00f3n y Arbitraje"},"content":{"rendered":"<p><a href=\"http:\/\/www.conciliacionyarbitraje.oaxaca.gob.mx\/?attachment_id=578\" rel=\"attachment wp-att-578\"><img loading=\"lazy\" decoding=\"async\" class=\"aligncenter wp-image-578\" src=\"https:\/\/www.oaxaca.gob.mx\/jlca\/wp-content\/uploads\/sites\/38\/2017\/06\/IMG_20170623_125858-300x169.jpg\" alt=\"\" width=\"870\" height=\"490\" \/><\/a><br \/>\nLa Junta Local de Conciliaci\u00f3n y Arbitraje del Estado deriva del art\u00edculo 123 apartado \u201cA\u201d, de la Constituci\u00f3n Pol\u00edtica de los Estados Unidos Mexicanos; tiene facultad para resolver conflictos que se susciten con motivo de la aplicaci\u00f3n del contrato de trabajo, por tanto su competencia abarca los conflictos individuales de trabajo como los colectivos.<\/p>\n<p>No pertenece al Poder Judicial, aun cuando posee funciones jurisdiccionales, todo asunto sometido a las Juntas, se resuelve preferentemente por conciliaci\u00f3n, solo en el caso de que los intentos para llegar a la conciliaci\u00f3n sean in\u00fatiles, debe someterse el asunto de que se trate al arbitraje, en las formas que establece la ley \u00a0reglamentaria del art\u00edculo 123 Constitucional, que en el caso lo es la Ley Federal del Trabajo, ordenamiento que contempla diversos dispositivos legales para el buen funcionamiento y despacho de los asuntos que les sean de su competencia.<\/p>\n<p>Es competencia de la Junta Local de Conciliaci\u00f3n y Arbitraje del Estado, conocer de los conflictos que se susciten dentro de su jurisdicci\u00f3n, que no sean competencia de las Juntas Federales, depende formalmente de la Secretaria del Trabajo del Gobierno del Estado de Oaxaca, de acuerdo a lo dispuesto por el art\u00edculo 39 de la Ley Org\u00e1nica del Poder Ejecutivo del Estado de Oaxaca.<\/p>\n<p>Para el desempe\u00f1o de sus funciones, la Junta Local de Conciliaci\u00f3n y Arbitraje del Estado se integra por siete Juntas Especiales. Las primeras cinco con residencia en la capital del Estado, y las tres restantes con residencia en Tehuantepec, Santa Mar\u00eda Huatulco y Tuxtepec, en el estado de Oaxaca.<\/p>\n","protected":false},"excerpt":{"rendered":"<p>La Junta Local de Conciliaci\u00f3n y Arbitraje del Estado deriva del art\u00edculo 123 apartado \u201cA\u201d, de la Constituci\u00f3n Pol\u00edtica de los Estados Unidos Mexicanos; tiene facultad para resolver conflictos que se susciten con motivo de la aplicaci\u00f3n del contrato de trabajo, por tanto su competencia abarca los conflictos individuales de trabajo como los colectivos. No [&hellip;]<\/p>\n","protected":false},"author":46,"featured_media":0,"parent":0,"menu_order":0,"comment_status":"closed","ping_status":"closed","template":"","meta":{"episode_type":"","audio_file":"","podmotor_file_id":"","podmotor_episode_id":"","cover_image":"","cover_image_id":"","duration":"","filesize":"","filesize_raw":"","date_recorded":"","explicit":"","block":"","itunes_episode_number":"","itunes_title":"","itunes_season_number":"","itunes_episode_type":"","footnotes":""},"categories":[],"tags":[],"class_list":["post-2151","page","type-page","status-publish","hentry"],"acf":[],"publishpress_future_action":{"enabled":false,"date":"2026-05-05 11:00:31","action":"change-status","newStatus":"draft","terms":[],"taxonomy":"category","extraData":[]},"publishpress_future_workflow_manual_trigger":{"enabledWorkflows":[]},"_links":{"self":[{"href":"https:\/\/www.oaxaca.gob.mx\/jlca\/wp-json\/wp\/v2\/pages\/2151","targetHints":{"allow":["GET"]}}],"collection":[{"href":"https:\/\/www.oaxaca.gob.mx\/jlca\/wp-json\/wp\/v2\/pages"}],"about":[{"href":"https:\/\/www.oaxaca.gob.mx\/jlca\/wp-json\/wp\/v2\/types\/page"}],"author":[{"embeddable":true,"href":"https:\/\/www.oaxaca.gob.mx\/jlca\/wp-json\/wp\/v2\/users\/46"}],"replies":[{"embeddable":true,"href":"https:\/\/www.oaxaca.gob.mx\/jlca\/wp-json\/wp\/v2\/comments?post=2151"}],"version-history":[{"count":1,"href":"https:\/\/www.oaxaca.gob.mx\/jlca\/wp-json\/wp\/v2\/pages\/2151\/revisions"}],"predecessor-version":[{"id":2152,"href":"https:\/\/www.oaxaca.gob.mx\/jlca\/wp-json\/wp\/v2\/pages\/2151\/revisions\/2152"}],"wp:attachment":[{"href":"https:\/\/www.oaxaca.gob.mx\/jlca\/wp-json\/wp\/v2\/media?parent=2151"}],"wp:term":[{"taxonomy":"category","embeddable":true,"href":"https:\/\/www.oaxaca.gob.mx\/jlca\/wp-json\/wp\/v2\/categories?post=2151"},{"taxonomy":"post_tag","embeddable":true,"href":"https:\/\/www.oaxaca.gob.mx\/jlca\/wp-json\/wp\/v2\/tags?post=2151"}],"curies":[{"name":"wp","href":"https:\/\/api.w.org\/{rel}","templated":true}]}}