{"id":2034,"date":"2020-09-29T23:17:45","date_gmt":"2020-09-30T04:17:45","guid":{"rendered":"https:\/\/www.oaxaca.gob.mx\/jlca\/?page_id=2034"},"modified":"2020-09-29T23:24:35","modified_gmt":"2020-09-30T04:24:35","slug":"junta-especial-de-tuxtepec","status":"publish","type":"page","link":"https:\/\/www.oaxaca.gob.mx\/jlca\/junta-especial-de-tuxtepec\/","title":{"rendered":"JUNTA ESPECIAL DE TUXTEPEC"},"content":{"rendered":"<p><strong>Competencia:<\/strong><\/p>\n<ul>\n<li>Comprendiendo asuntos relacionados con las ramas industrial, agr\u00edcola, transportes, comunicaciones, empleados dom\u00e9sticos, comercio, industrias donde se emplea energ\u00eda el\u00e9ctrica, t\u00e9cnica o hidr\u00e1ulica por medio de maquinaria, y artes manuales; y solo con jurisdicci\u00f3n territorial en el distrito del mismo nombre y en el distrito de Choapam, Oaxaca.<\/li>\n<\/ul>\n<p>&nbsp;<\/p>\n<p><strong>Lic. Jos\u00e9 Soto Mart\u00ednez<\/strong><\/p>\n<p>Presidente<\/p>\n","protected":false},"excerpt":{"rendered":"<p>Competencia: Comprendiendo asuntos relacionados con las ramas industrial, agr\u00edcola, transportes, comunicaciones, empleados dom\u00e9sticos, comercio, industrias donde se emplea energ\u00eda el\u00e9ctrica, t\u00e9cnica o hidr\u00e1ulica por medio de maquinaria, y artes manuales; y solo con jurisdicci\u00f3n territorial en el distrito del mismo nombre y en el distrito de Choapam, Oaxaca. &nbsp; Lic. Jos\u00e9 Soto Mart\u00ednez Presidente<\/p>\n","protected":false},"author":46,"featured_media":0,"parent":0,"menu_order":0,"comment_status":"closed","ping_status":"closed","template":"","meta":{"episode_type":"","audio_file":"","podmotor_file_id":"","podmotor_episode_id":"","cover_image":"","cover_image_id":"","duration":"","filesize":"","filesize_raw":"","date_recorded":"","explicit":"","block":"","itunes_episode_number":"","itunes_title":"","itunes_season_number":"","itunes_episode_type":"","footnotes":""},"categories":[],"tags":[],"class_list":["post-2034","page","type-page","status-publish","hentry"],"acf":[],"publishpress_future_action":{"enabled":false,"date":"2026-05-16 01:08:11","action":"change-status","newStatus":"draft","terms":[],"taxonomy":"category","extraData":[]},"publishpress_future_workflow_manual_trigger":{"enabledWorkflows":[]},"_links":{"self":[{"href":"https:\/\/www.oaxaca.gob.mx\/jlca\/wp-json\/wp\/v2\/pages\/2034","targetHints":{"allow":["GET"]}}],"collection":[{"href":"https:\/\/www.oaxaca.gob.mx\/jlca\/wp-json\/wp\/v2\/pages"}],"about":[{"href":"https:\/\/www.oaxaca.gob.mx\/jlca\/wp-json\/wp\/v2\/types\/page"}],"author":[{"embeddable":true,"href":"https:\/\/www.oaxaca.gob.mx\/jlca\/wp-json\/wp\/v2\/users\/46"}],"replies":[{"embeddable":true,"href":"https:\/\/www.oaxaca.gob.mx\/jlca\/wp-json\/wp\/v2\/comments?post=2034"}],"version-history":[{"count":4,"href":"https:\/\/www.oaxaca.gob.mx\/jlca\/wp-json\/wp\/v2\/pages\/2034\/revisions"}],"predecessor-version":[{"id":2041,"href":"https:\/\/www.oaxaca.gob.mx\/jlca\/wp-json\/wp\/v2\/pages\/2034\/revisions\/2041"}],"wp:attachment":[{"href":"https:\/\/www.oaxaca.gob.mx\/jlca\/wp-json\/wp\/v2\/media?parent=2034"}],"wp:term":[{"taxonomy":"category","embeddable":true,"href":"https:\/\/www.oaxaca.gob.mx\/jlca\/wp-json\/wp\/v2\/categories?post=2034"},{"taxonomy":"post_tag","embeddable":true,"href":"https:\/\/www.oaxaca.gob.mx\/jlca\/wp-json\/wp\/v2\/tags?post=2034"}],"curies":[{"name":"wp","href":"https:\/\/api.w.org\/{rel}","templated":true}]}}