{"id":200,"date":"2017-06-27T16:38:52","date_gmt":"2017-06-27T16:38:52","guid":{"rendered":"http:\/\/www.conciliacionyarbitraje.oaxaca.gob.mx\/?page_id=200"},"modified":"2020-09-29T23:27:34","modified_gmt":"2020-09-30T04:27:34","slug":"junta-especial-1","status":"publish","type":"page","link":"https:\/\/www.oaxaca.gob.mx\/jlca\/junta-especial-1\/","title":{"rendered":"JUNTA ESPECIAL 1"},"content":{"rendered":"<p><strong>Competencia:<\/strong><\/p>\n<p><strong>Industria\u00a0<\/strong><b>Agr\u00edcola<\/b><\/p>\n<ul>\n<li>Comprendiendo todos los trabajos de agricultura y los de elaboraci\u00f3n y transporte local que se ejecuten dentro de las fincas del campo.<\/li>\n<\/ul>\n<p><strong>Transportes y Comunicaciones<\/strong><\/p>\n<ul>\n<li>Comprendiendo el transporte por medio de autom\u00f3viles, camiones, tracci\u00f3n animal, etc., y otros medios de comunicaci\u00f3n de concesi\u00f3n local no especificados.<\/li>\n<\/ul>\n<p><strong>Servicio Domestico<\/strong><\/p>\n<ul>\n<li>Comprendiendo Industrias y trabajos conexos a las anteriores ramas.<\/li>\n<\/ul>\n<p>&nbsp;<\/p>\n<p><strong>Lic. Eduardo Javier Gonz\u00e1lez Cabrera<\/strong><br \/>\nPresidente<\/p>\n","protected":false},"excerpt":{"rendered":"<p>Competencia: Industria\u00a0Agr\u00edcola Comprendiendo todos los trabajos de agricultura y los de elaboraci\u00f3n y transporte local que se ejecuten dentro de las fincas del campo. Transportes y Comunicaciones Comprendiendo el transporte por medio de autom\u00f3viles, camiones, tracci\u00f3n animal, etc., y otros medios de comunicaci\u00f3n de concesi\u00f3n local no especificados. Servicio Domestico Comprendiendo Industrias y trabajos conexos [&hellip;]<\/p>\n","protected":false},"author":1,"featured_media":0,"parent":0,"menu_order":0,"comment_status":"closed","ping_status":"closed","template":"","meta":{"episode_type":"","audio_file":"","podmotor_file_id":"","podmotor_episode_id":"","cover_image":"","cover_image_id":"","duration":"","filesize":"","filesize_raw":"","date_recorded":"","explicit":"","block":"","itunes_episode_number":"","itunes_title":"","itunes_season_number":"","itunes_episode_type":"","footnotes":""},"categories":[],"tags":[],"class_list":["post-200","page","type-page","status-publish","hentry"],"acf":[],"publishpress_future_action":{"enabled":false,"date":"2026-05-16 01:07:37","action":"change-status","newStatus":"draft","terms":[],"taxonomy":"category","extraData":[]},"publishpress_future_workflow_manual_trigger":{"enabledWorkflows":[]},"_links":{"self":[{"href":"https:\/\/www.oaxaca.gob.mx\/jlca\/wp-json\/wp\/v2\/pages\/200","targetHints":{"allow":["GET"]}}],"collection":[{"href":"https:\/\/www.oaxaca.gob.mx\/jlca\/wp-json\/wp\/v2\/pages"}],"about":[{"href":"https:\/\/www.oaxaca.gob.mx\/jlca\/wp-json\/wp\/v2\/types\/page"}],"author":[{"embeddable":true,"href":"https:\/\/www.oaxaca.gob.mx\/jlca\/wp-json\/wp\/v2\/users\/1"}],"replies":[{"embeddable":true,"href":"https:\/\/www.oaxaca.gob.mx\/jlca\/wp-json\/wp\/v2\/comments?post=200"}],"version-history":[{"count":4,"href":"https:\/\/www.oaxaca.gob.mx\/jlca\/wp-json\/wp\/v2\/pages\/200\/revisions"}],"predecessor-version":[{"id":2043,"href":"https:\/\/www.oaxaca.gob.mx\/jlca\/wp-json\/wp\/v2\/pages\/200\/revisions\/2043"}],"wp:attachment":[{"href":"https:\/\/www.oaxaca.gob.mx\/jlca\/wp-json\/wp\/v2\/media?parent=200"}],"wp:term":[{"taxonomy":"category","embeddable":true,"href":"https:\/\/www.oaxaca.gob.mx\/jlca\/wp-json\/wp\/v2\/categories?post=200"},{"taxonomy":"post_tag","embeddable":true,"href":"https:\/\/www.oaxaca.gob.mx\/jlca\/wp-json\/wp\/v2\/tags?post=200"}],"curies":[{"name":"wp","href":"https:\/\/api.w.org\/{rel}","templated":true}]}}