{"id":1115,"date":"2019-05-15T19:08:24","date_gmt":"2019-05-15T17:08:24","guid":{"rendered":"https:\/\/www.oaxaca.gob.mx\/jlca\/?page_id=1115"},"modified":"2023-10-25T11:30:20","modified_gmt":"2023-10-25T17:30:20","slug":"estructura-organica-u-organigrama","status":"publish","type":"page","link":"https:\/\/www.oaxaca.gob.mx\/jlca\/estructura-organica-u-organigrama\/","title":{"rendered":"Estructura organica"},"content":{"rendered":"<ul id=\"myTab\" class=\"nav nav-tabs\" role=\"tablist\">\n<li class=\"nav-item\"><a id=\"juridico-tab\" class=\"nav-link active\" role=\"tab\" href=\"#juridico\" data-toggle=\"tab\">Jur\u00eddico<\/a><\/li>\n<li class=\"nav-item\"><a id=\"admin-tab\" class=\"nav-link\" role=\"tab\" href=\"#admin\" data-toggle=\"tab\">Administrativo<\/a><\/li>\n<\/ul>\n<div id=\"myTabContent\" class=\"tab-content\">\n<div id=\"juridico\" class=\"tab-pane fade show active\" role=\"tabpanel\" aria-labelledby=\"juridico-tab\">\n<div class=\"list-group\"><a class=\"list-group-item list-group-item-action\" href=\"\/jlca\/secretaria-general\/\">Secretar\u00eda General de Acuerdos<\/a><br \/>\n<a class=\"list-group-item list-group-item-action\" href=\"\/jlca\/secretaria-auxiliar-de-conflictos-colectivos-y-registros\/\">Secretar\u00eda Auxiliar de Conflictos Colectivos y Registros<\/a><br \/>\n<a class=\"list-group-item list-group-item-action\" href=\"\/jlca\/secretaria-auxiliar-de-codificacion-compilacion-y-dictaminacion\/\">Secretar\u00eda Auxiliar de codificaci\u00f3n, Compilaci\u00f3n y Dictaminaci\u00f3n<\/a><br \/>\n<a class=\"list-group-item list-group-item-action\" href=\"\/jlca\/junta-especial-1\">Junta Especial 1<\/a><br \/>\n<a class=\"list-group-item list-group-item-action\" href=\"\/jlca\/junta-especial-2\">Junta Especial 2<\/a><br \/>\n<a class=\"list-group-item list-group-item-action\" href=\"\/jlca\/junta-especial-2-bis\">Junta Especial 2 bis<\/a><br \/>\n<a class=\"list-group-item list-group-item-action\" href=\"\/jlca\/junta-especial-3\">Junta Especial 3<\/a><br \/>\n<a class=\"list-group-item list-group-item-action\" href=\"\/jlca\/junta-especial-4\">Junta Especial 4<\/a><br \/>\n<a class=\"list-group-item list-group-item-action\" href=\"\/jlca\/junta-especial-4-bis\">Junta Especial 4 bis<\/a><br \/>\n<a class=\"list-group-item list-group-item-action\" href=\"\/jlca\/junta-especial-de-huatulco\/\">Junta Especial de Huatulco<\/a><br \/>\n<a class=\"list-group-item list-group-item-action\" href=\"\/jlca\/junta-especial-de-tehuantepec\/\">Junta Especial de Tehuantepec<\/a><br \/>\n<a class=\"list-group-item list-group-item-action\" href=\"https:\/\/www.oaxaca.gob.mx\/jlca\/junta-especial-de-tuxtepec\/\">Junta Especial de Tuxtepec<\/a><\/div>\n<\/div>\n<div id=\"admin\" class=\"tab-pane fade\" role=\"tabpanel\" aria-labelledby=\"admin-tab\">\n<div class=\"list-group\"><a class=\"list-group-item list-group-item-action\" href=\"\/jlca\/coordinacion-de-enlace\/\">Coordinaci\u00f3n de Enlace<\/a><br \/>\n<a class=\"list-group-item list-group-item-action\" href=\"\/jlca\/secretaria-auxiliar-de-control-de-procesos-y-estadistica\/\">Secretar\u00eda Auxiliar de Control de Procesos y Estad\u00edstica<\/a><\/div>\n<\/div>\n<\/div>\n","protected":false},"excerpt":{"rendered":"<p>Jur\u00eddico Administrativo Secretar\u00eda General de Acuerdos Secretar\u00eda Auxiliar de Conflictos Colectivos y Registros Secretar\u00eda Auxiliar de codificaci\u00f3n, Compilaci\u00f3n y Dictaminaci\u00f3n Junta Especial 1 Junta Especial 2 Junta Especial 2 bis Junta Especial 3 Junta Especial 4 Junta Especial 4 bis Junta Especial de Huatulco Junta Especial de Tehuantepec Junta Especial de Tuxtepec Coordinaci\u00f3n de Enlace [&hellip;]<\/p>\n","protected":false},"author":1,"featured_media":0,"parent":0,"menu_order":0,"comment_status":"closed","ping_status":"closed","template":"","meta":{"episode_type":"","audio_file":"","podmotor_file_id":"","podmotor_episode_id":"","cover_image":"","cover_image_id":"","duration":"","filesize":"","filesize_raw":"","date_recorded":"","explicit":"","block":"","itunes_episode_number":"","itunes_title":"","itunes_season_number":"","itunes_episode_type":"","footnotes":""},"categories":[],"tags":[],"class_list":["post-1115","page","type-page","status-publish","hentry"],"acf":[],"publishpress_future_action":{"enabled":false,"date":"2026-05-15 23:26:22","action":"change-status","newStatus":"draft","terms":[],"taxonomy":"category","extraData":[]},"publishpress_future_workflow_manual_trigger":{"enabledWorkflows":[]},"_links":{"self":[{"href":"https:\/\/www.oaxaca.gob.mx\/jlca\/wp-json\/wp\/v2\/pages\/1115","targetHints":{"allow":["GET"]}}],"collection":[{"href":"https:\/\/www.oaxaca.gob.mx\/jlca\/wp-json\/wp\/v2\/pages"}],"about":[{"href":"https:\/\/www.oaxaca.gob.mx\/jlca\/wp-json\/wp\/v2\/types\/page"}],"author":[{"embeddable":true,"href":"https:\/\/www.oaxaca.gob.mx\/jlca\/wp-json\/wp\/v2\/users\/1"}],"replies":[{"embeddable":true,"href":"https:\/\/www.oaxaca.gob.mx\/jlca\/wp-json\/wp\/v2\/comments?post=1115"}],"version-history":[{"count":3,"href":"https:\/\/www.oaxaca.gob.mx\/jlca\/wp-json\/wp\/v2\/pages\/1115\/revisions"}],"predecessor-version":[{"id":3032,"href":"https:\/\/www.oaxaca.gob.mx\/jlca\/wp-json\/wp\/v2\/pages\/1115\/revisions\/3032"}],"wp:attachment":[{"href":"https:\/\/www.oaxaca.gob.mx\/jlca\/wp-json\/wp\/v2\/media?parent=1115"}],"wp:term":[{"taxonomy":"category","embeddable":true,"href":"https:\/\/www.oaxaca.gob.mx\/jlca\/wp-json\/wp\/v2\/categories?post=1115"},{"taxonomy":"post_tag","embeddable":true,"href":"https:\/\/www.oaxaca.gob.mx\/jlca\/wp-json\/wp\/v2\/tags?post=1115"}],"curies":[{"name":"wp","href":"https:\/\/api.w.org\/{rel}","templated":true}]}}