{"id":1110,"date":"2019-05-15T19:08:24","date_gmt":"2019-05-15T17:08:24","guid":{"rendered":"https:\/\/www.oaxaca.gob.mx\/jlca\/?page_id=1110"},"modified":"2019-05-15T19:08:24","modified_gmt":"2019-05-15T17:08:24","slug":"mision-vision-y-objetivos","status":"publish","type":"page","link":"https:\/\/www.oaxaca.gob.mx\/jlca\/mision-vision-y-objetivos\/","title":{"rendered":"Misi\u00f3n, vision y objetivos"},"content":{"rendered":"<p>\t\t\t\t<strong><strong>MISI\u00d3N<\/strong><\/strong><\/p>\n<p>Resolver con absoluta imparcialidad y apego a derecho, en un ambiente y trato digno, los conflictos laborales, mediante la conciliaci\u00f3n y el arbitraje, para mantener el equilibrio en las relaciones de trabajo y preservar la paz social en la entidad.<\/p>\n<p><strong><strong>VISI\u00d3N<\/strong><\/strong><\/p>\n<p>Asegurar la calidad, transparencia y honestidad en la resoluci\u00f3n de los conflictos de trabajo, para que la sociedad mantenga su confianza en la impartici\u00f3n de la justicia en materia laboral.<\/p>\n<p><strong><strong>OBJETIVOS<\/strong><\/strong><\/p>\n<ul class=\"listas-geo\">\n<li>Tramitar y resolver los conflictos de trabajo, que se susciten entre los trabajadores y patrones, solo entre aquellos o solo entre estos, derivados de las relaciones de trabajo o de hechos \u00edntimamente ligados con ellas y de acuerdo con su competencia jur\u00eddica y territorial.<\/li>\n<li>Emitir resoluciones en cuanto a la recepci\u00f3n de solicitudes (emplazamiento a huelga, registro y actualizaci\u00f3n sindical, sanci\u00f3n de contrato colectivo de trabajo) o demandas (de titularidad), a la emisi\u00f3n del laudo o acuerdo en el que se establezcan los puntos resolutivos.<\/li>\n<\/ul>\n","protected":false},"excerpt":{"rendered":"<p>MISI\u00d3N Resolver con absoluta imparcialidad y apego a derecho, en un ambiente y trato digno, los conflictos laborales, mediante la conciliaci\u00f3n y el arbitraje, para mantener el equilibrio en las relaciones de trabajo y preservar la paz social en la entidad. VISI\u00d3N Asegurar la calidad, transparencia y honestidad en la resoluci\u00f3n de los conflictos de [&hellip;]<\/p>\n","protected":false},"author":1,"featured_media":0,"parent":0,"menu_order":0,"comment_status":"closed","ping_status":"closed","template":"","meta":{"episode_type":"","audio_file":"","podmotor_file_id":"","podmotor_episode_id":"","cover_image":"","cover_image_id":"","duration":"","filesize":"","filesize_raw":"","date_recorded":"","explicit":"","block":"","itunes_episode_number":"","itunes_title":"","itunes_season_number":"","itunes_episode_type":"","footnotes":""},"categories":[],"tags":[],"class_list":["post-1110","page","type-page","status-publish","hentry"],"acf":[],"publishpress_future_action":{"enabled":false,"date":"2026-05-05 13:01:26","action":"change-status","newStatus":"draft","terms":[],"taxonomy":"category","extraData":[]},"publishpress_future_workflow_manual_trigger":{"enabledWorkflows":[]},"_links":{"self":[{"href":"https:\/\/www.oaxaca.gob.mx\/jlca\/wp-json\/wp\/v2\/pages\/1110","targetHints":{"allow":["GET"]}}],"collection":[{"href":"https:\/\/www.oaxaca.gob.mx\/jlca\/wp-json\/wp\/v2\/pages"}],"about":[{"href":"https:\/\/www.oaxaca.gob.mx\/jlca\/wp-json\/wp\/v2\/types\/page"}],"author":[{"embeddable":true,"href":"https:\/\/www.oaxaca.gob.mx\/jlca\/wp-json\/wp\/v2\/users\/1"}],"replies":[{"embeddable":true,"href":"https:\/\/www.oaxaca.gob.mx\/jlca\/wp-json\/wp\/v2\/comments?post=1110"}],"version-history":[{"count":0,"href":"https:\/\/www.oaxaca.gob.mx\/jlca\/wp-json\/wp\/v2\/pages\/1110\/revisions"}],"wp:attachment":[{"href":"https:\/\/www.oaxaca.gob.mx\/jlca\/wp-json\/wp\/v2\/media?parent=1110"}],"wp:term":[{"taxonomy":"category","embeddable":true,"href":"https:\/\/www.oaxaca.gob.mx\/jlca\/wp-json\/wp\/v2\/categories?post=1110"},{"taxonomy":"post_tag","embeddable":true,"href":"https:\/\/www.oaxaca.gob.mx\/jlca\/wp-json\/wp\/v2\/tags?post=1110"}],"curies":[{"name":"wp","href":"https:\/\/api.w.org\/{rel}","templated":true}]}}