{"id":5467,"date":"2025-07-14T13:23:06","date_gmt":"2025-07-14T19:23:06","guid":{"rendered":"https:\/\/www.oaxaca.gob.mx\/jca\/?page_id=5467"},"modified":"2025-12-15T13:20:03","modified_gmt":"2025-12-15T19:20:03","slug":"tramites-y-servicios","status":"publish","type":"page","link":"https:\/\/www.oaxaca.gob.mx\/jca\/tramites-y-servicios\/","title":{"rendered":"TR\u00c1MITES Y SERVICIOS"},"content":{"rendered":"<p>ASESOR\u00cdA JUR\u00cdDICA EN MATERIA AGRARIA<\/p>\n<p><a href=\"https:\/\/www.catalogonacional.gob.mx\/FichaTramite?traHomoclave=JCA-2023-2023-001-A\">https:\/\/www.catalogonacional.gob.mx\/FichaTramite?traHomoclave=JCA-2023-2023-001-A<\/a><\/p>\n<p>CONSULTA DE EXPEDIENTES HIST\u00d3RICOS<\/p>\n<p><a href=\"https:\/\/www.catalogonacional.gob.mx\/FichaTramite?traHomoclave=JCA-2023-2023-004-A\">https:\/\/www.catalogonacional.gob.mx\/FichaTramite?traHomoclave=JCA-2023-2023-004-A<\/a><\/p>\n<p>MESAS DE CONCILIACI\u00d3N AGRARIA<\/p>\n<p><a href=\"https:\/\/www.catalogonacional.gob.mx\/FichaTramite?traHomoclave=JCA-2023-2023-003-B\">https:\/\/www.catalogonacional.gob.mx\/FichaTramite?traHomoclave=JCA-2023-2023-003-B<\/a><\/p>\n","protected":false},"excerpt":{"rendered":"<p>ASESOR\u00cdA JUR\u00cdDICA EN MATERIA AGRARIA https:\/\/www.catalogonacional.gob.mx\/FichaTramite?traHomoclave=JCA-2023-2023-001-A CONSULTA DE EXPEDIENTES HIST\u00d3RICOS https:\/\/www.catalogonacional.gob.mx\/FichaTramite?traHomoclave=JCA-2023-2023-004-A MESAS DE CONCILIACI\u00d3N AGRARIA https:\/\/www.catalogonacional.gob.mx\/FichaTramite?traHomoclave=JCA-2023-2023-003-B<\/p>\n","protected":false},"author":56,"featured_media":0,"parent":0,"menu_order":0,"comment_status":"closed","ping_status":"closed","template":"","meta":{"episode_type":"","audio_file":"","podmotor_file_id":"","podmotor_episode_id":"","cover_image":"","cover_image_id":"","duration":"","filesize":"","filesize_raw":"","date_recorded":"","explicit":"","block":"","itunes_episode_number":"","itunes_title":"","itunes_season_number":"","itunes_episode_type":"","footnotes":""},"categories":[],"tags":[],"class_list":["post-5467","page","type-page","status-publish","hentry"],"acf":[],"publishpress_future_action":{"enabled":false,"date":"2026-05-07 13:06:18","action":"change-status","newStatus":"draft","terms":[],"taxonomy":"category","extraData":[]},"publishpress_future_workflow_manual_trigger":{"enabledWorkflows":[]},"_links":{"self":[{"href":"https:\/\/www.oaxaca.gob.mx\/jca\/wp-json\/wp\/v2\/pages\/5467","targetHints":{"allow":["GET"]}}],"collection":[{"href":"https:\/\/www.oaxaca.gob.mx\/jca\/wp-json\/wp\/v2\/pages"}],"about":[{"href":"https:\/\/www.oaxaca.gob.mx\/jca\/wp-json\/wp\/v2\/types\/page"}],"author":[{"embeddable":true,"href":"https:\/\/www.oaxaca.gob.mx\/jca\/wp-json\/wp\/v2\/users\/56"}],"replies":[{"embeddable":true,"href":"https:\/\/www.oaxaca.gob.mx\/jca\/wp-json\/wp\/v2\/comments?post=5467"}],"version-history":[{"count":2,"href":"https:\/\/www.oaxaca.gob.mx\/jca\/wp-json\/wp\/v2\/pages\/5467\/revisions"}],"predecessor-version":[{"id":5689,"href":"https:\/\/www.oaxaca.gob.mx\/jca\/wp-json\/wp\/v2\/pages\/5467\/revisions\/5689"}],"wp:attachment":[{"href":"https:\/\/www.oaxaca.gob.mx\/jca\/wp-json\/wp\/v2\/media?parent=5467"}],"wp:term":[{"taxonomy":"category","embeddable":true,"href":"https:\/\/www.oaxaca.gob.mx\/jca\/wp-json\/wp\/v2\/categories?post=5467"},{"taxonomy":"post_tag","embeddable":true,"href":"https:\/\/www.oaxaca.gob.mx\/jca\/wp-json\/wp\/v2\/tags?post=5467"}],"curies":[{"name":"wp","href":"https:\/\/api.w.org\/{rel}","templated":true}]}}