{"id":4960,"date":"2024-10-03T11:34:16","date_gmt":"2024-10-03T17:34:16","guid":{"rendered":"https:\/\/www.oaxaca.gob.mx\/jca\/?page_id=4960"},"modified":"2024-10-03T11:34:16","modified_gmt":"2024-10-03T17:34:16","slug":"buzon-de-quejas","status":"publish","type":"page","link":"https:\/\/www.oaxaca.gob.mx\/jca\/buzon-de-quejas\/","title":{"rendered":"BUZ\u00d3N DE QUEJAS"},"content":{"rendered":"<p>Cualquier persona, incluido el personal que labore o preste sus servicios en la Junta de Conciliaci\u00f3n Agraria, que conozca de posibles faltas o incumplimientos al C\u00f3digo de \u00c9tica y\/o al C\u00f3digo de Conducta, por parte de alguna Servidora o Servidor P\u00fablico, podr\u00e1 presentar su denuncia ante el Comit\u00e9 de \u00c9tica y de prevenci\u00f3n de conflicto de inter\u00e9s a trav\u00e9s de los siguientes medios:<\/p>\n<p>\u2022 Correo electr\u00f3nico: rodrigo.jarquin@oaxaca.gob.mx; sego.jca.ce@oaxaca.gob.mx y gabriel.castro@oaxaca.gob.mx<\/p>\n<p>\u2022 Directamente en las oficinas ubicadas en Ciudad Administrativa, Edificio 4, \u00abRodolfo Morales\u00bb, primer nivel, en la Oficial\u00eda de Partes o al tel. 951 501 5000 Ext. 11387 de la persona Servidora P\u00fablica que ocupe la Secretar\u00eda Ejecutiva del Comit\u00e9 de \u00c9tica y de Prevenci\u00f3n de Conflicto de Inter\u00e9s, de lunes a viernes en un horario de 9:00 a 15:00 horas.<\/p>\n<p><strong>La denuncia deber\u00e1 contener:<\/strong><\/p>\n<ol>\n<li><strong>I. El nombre<\/strong><\/li>\n<li><strong>II. El domicilio o direcci\u00f3n electr\u00f3nica para recibir informes.<\/strong><\/li>\n<li><strong>III. Un breve relato de los hechos, y<\/strong><\/li>\n<li><strong>IV. Los datos de la persona en el Servicio P\u00fablico involucrado y en su caso, los medios probatorios de la conducta entre estos y los de al menos un tercero que haya conocido de los hechos.<\/strong><\/li>\n<\/ol>\n<p>\u2022 Se podr\u00e1 admitir la presentaci\u00f3n de denuncias an\u00f3nimas, siempre y cuando, contenga los requisitos establecidos en los numerales II, III y IV.<\/p>\n<p><strong>Medios para presentar quejas y denuncias ante la Secretar\u00eda de la Contralor\u00eda y Transparencia Gubernamental (SCTG).<\/strong><\/p>\n<ul>\n<li><strong>Correo electr\u00f3nico institucional:<\/strong>contraloria@oaxaca.gob.mx;<\/li>\n<li><strong>App M\u00f3vil:<\/strong>Contralor\u00eda Digital-OAX<\/li>\n<li><strong>Escrito:<\/strong>Presentarlo en la oficial\u00eda de partes de la Secretar\u00eda de la Contralor\u00eda y Transparencia Gubernamental ubicada en Carretera Internacional Oaxaca-Istmo km. 11.5, Tlalixtac de Cabrera, Oaxaca, Ciudad Administrativa Edificio 2, Planta Baja.<\/li>\n<li><strong>Presencial:<\/strong>Acudir a las oficinas de la Direcci\u00f3n de Quejas, Denuncias e Investigaci\u00f3n, de la Secretar\u00eda de la Contralor\u00eda y Transparencia Gubernamental ubicadas en Carretera Internacional Oaxaca-Istmo km. 11.5, Tlalixtac de Cabrera, Oaxaca, Ciudad Administrativa Edificio 3, Nivel 3.<\/li>\n<li>Podr\u00e1s comunicarte v\u00eda telef\u00f3nica al \u00a001 (951) 501 5000 extensi\u00f3n 10479 o a trav\u00e9s del 01800 HONESTO.<\/li>\n<\/ul>\n","protected":false},"excerpt":{"rendered":"<p>Cualquier persona, incluido el personal que labore o preste sus servicios en la Junta de Conciliaci\u00f3n Agraria, que conozca de posibles faltas o incumplimientos al C\u00f3digo de \u00c9tica y\/o al C\u00f3digo de Conducta, por parte de alguna Servidora o Servidor P\u00fablico, podr\u00e1 presentar su denuncia ante el Comit\u00e9 de \u00c9tica y de prevenci\u00f3n de conflicto [&hellip;]<\/p>\n","protected":false},"author":56,"featured_media":0,"parent":0,"menu_order":0,"comment_status":"closed","ping_status":"closed","template":"","meta":{"episode_type":"","audio_file":"","podmotor_file_id":"","podmotor_episode_id":"","cover_image":"","cover_image_id":"","duration":"","filesize":"","filesize_raw":"","date_recorded":"","explicit":"","block":"","itunes_episode_number":"","itunes_title":"","itunes_season_number":"","itunes_episode_type":"","footnotes":""},"categories":[],"tags":[],"class_list":["post-4960","page","type-page","status-publish","hentry"],"acf":[],"publishpress_future_action":{"enabled":false,"date":"2026-05-07 14:56:57","action":"change-status","newStatus":"draft","terms":[],"taxonomy":"category","extraData":[]},"publishpress_future_workflow_manual_trigger":{"enabledWorkflows":[]},"_links":{"self":[{"href":"https:\/\/www.oaxaca.gob.mx\/jca\/wp-json\/wp\/v2\/pages\/4960","targetHints":{"allow":["GET"]}}],"collection":[{"href":"https:\/\/www.oaxaca.gob.mx\/jca\/wp-json\/wp\/v2\/pages"}],"about":[{"href":"https:\/\/www.oaxaca.gob.mx\/jca\/wp-json\/wp\/v2\/types\/page"}],"author":[{"embeddable":true,"href":"https:\/\/www.oaxaca.gob.mx\/jca\/wp-json\/wp\/v2\/users\/56"}],"replies":[{"embeddable":true,"href":"https:\/\/www.oaxaca.gob.mx\/jca\/wp-json\/wp\/v2\/comments?post=4960"}],"version-history":[{"count":1,"href":"https:\/\/www.oaxaca.gob.mx\/jca\/wp-json\/wp\/v2\/pages\/4960\/revisions"}],"predecessor-version":[{"id":4961,"href":"https:\/\/www.oaxaca.gob.mx\/jca\/wp-json\/wp\/v2\/pages\/4960\/revisions\/4961"}],"wp:attachment":[{"href":"https:\/\/www.oaxaca.gob.mx\/jca\/wp-json\/wp\/v2\/media?parent=4960"}],"wp:term":[{"taxonomy":"category","embeddable":true,"href":"https:\/\/www.oaxaca.gob.mx\/jca\/wp-json\/wp\/v2\/categories?post=4960"},{"taxonomy":"post_tag","embeddable":true,"href":"https:\/\/www.oaxaca.gob.mx\/jca\/wp-json\/wp\/v2\/tags?post=4960"}],"curies":[{"name":"wp","href":"https:\/\/api.w.org\/{rel}","templated":true}]}}