{"id":26,"date":"2017-04-21T11:37:09","date_gmt":"2017-04-21T17:37:09","guid":{"rendered":"https:\/\/www.oaxaca.gob.mx\/jca\/?page_id=26"},"modified":"2017-04-21T11:37:09","modified_gmt":"2017-04-21T17:37:09","slug":"vision","status":"publish","type":"page","link":"https:\/\/www.oaxaca.gob.mx\/jca\/vision\/","title":{"rendered":"VISION"},"content":{"rendered":"<p>SER UNA INSTITUCI\u00d3N QUE CUMPLA CON LA NECESIDAD URGENTE DE ATENDER Y SOLUCIONAR LOS PROBLEMAS Y CONFLICTOS AGRARIOS QUE EXISTEN Y LOS QUE DE MANERA ANCESTRAL A\u00daN PERSISTE EN NUESTRA ENTIDAD, PROCURANDO PROMOVER LOS RECURSOS NECESARIOS PARA TAL FIN, AS\u00cd COMO CUMPLIR CON LA AGENDA QUE SE PROGRAME PARA DAR ATENCI\u00d3N A LOS MISMOS.<\/p>\n","protected":false},"excerpt":{"rendered":"<p>SER UNA INSTITUCI\u00d3N QUE CUMPLA CON LA NECESIDAD URGENTE DE ATENDER Y SOLUCIONAR LOS PROBLEMAS Y CONFLICTOS AGRARIOS QUE EXISTEN Y LOS QUE DE MANERA ANCESTRAL A\u00daN PERSISTE EN NUESTRA ENTIDAD, PROCURANDO PROMOVER LOS RECURSOS NECESARIOS PARA TAL FIN, AS\u00cd COMO CUMPLIR CON LA AGENDA QUE SE PROGRAME PARA DAR ATENCI\u00d3N A LOS MISMOS.<\/p>\n","protected":false},"author":1,"featured_media":0,"parent":0,"menu_order":0,"comment_status":"closed","ping_status":"closed","template":"","meta":{"episode_type":"","audio_file":"","podmotor_file_id":"","podmotor_episode_id":"","cover_image":"","cover_image_id":"","duration":"","filesize":"","filesize_raw":"","date_recorded":"","explicit":"","block":"","itunes_episode_number":"","itunes_title":"","itunes_season_number":"","itunes_episode_type":"","footnotes":""},"categories":[],"tags":[],"class_list":["post-26","page","type-page","status-publish","hentry"],"acf":[],"publishpress_future_action":{"enabled":false,"date":"2026-05-09 02:40:31","action":"change-status","newStatus":"draft","terms":[],"taxonomy":"category","extraData":[]},"publishpress_future_workflow_manual_trigger":{"enabledWorkflows":[]},"_links":{"self":[{"href":"https:\/\/www.oaxaca.gob.mx\/jca\/wp-json\/wp\/v2\/pages\/26","targetHints":{"allow":["GET"]}}],"collection":[{"href":"https:\/\/www.oaxaca.gob.mx\/jca\/wp-json\/wp\/v2\/pages"}],"about":[{"href":"https:\/\/www.oaxaca.gob.mx\/jca\/wp-json\/wp\/v2\/types\/page"}],"author":[{"embeddable":true,"href":"https:\/\/www.oaxaca.gob.mx\/jca\/wp-json\/wp\/v2\/users\/1"}],"replies":[{"embeddable":true,"href":"https:\/\/www.oaxaca.gob.mx\/jca\/wp-json\/wp\/v2\/comments?post=26"}],"version-history":[{"count":0,"href":"https:\/\/www.oaxaca.gob.mx\/jca\/wp-json\/wp\/v2\/pages\/26\/revisions"}],"wp:attachment":[{"href":"https:\/\/www.oaxaca.gob.mx\/jca\/wp-json\/wp\/v2\/media?parent=26"}],"wp:term":[{"taxonomy":"category","embeddable":true,"href":"https:\/\/www.oaxaca.gob.mx\/jca\/wp-json\/wp\/v2\/categories?post=26"},{"taxonomy":"post_tag","embeddable":true,"href":"https:\/\/www.oaxaca.gob.mx\/jca\/wp-json\/wp\/v2\/tags?post=26"}],"curies":[{"name":"wp","href":"https:\/\/api.w.org\/{rel}","templated":true}]}}