{"id":1765,"date":"2018-10-29T10:39:42","date_gmt":"2018-10-29T16:39:42","guid":{"rendered":"https:\/\/www.oaxaca.gob.mx\/jca\/?page_id=1765"},"modified":"2018-10-29T10:39:42","modified_gmt":"2018-10-29T16:39:42","slug":"objetivo","status":"publish","type":"page","link":"https:\/\/www.oaxaca.gob.mx\/jca\/objetivo\/","title":{"rendered":"OBJETIVO"},"content":{"rendered":"<p>Promover la conciliaci\u00f3n y concertaci\u00f3n de los n\u00facleos agrios con intereses opuestos para lograr la soluci\u00f3n definitiva en los conflictos por tierras. Generando con ello la gobernabilidad y paz social en el estado.<\/p>\n","protected":false},"excerpt":{"rendered":"<p>Promover la conciliaci\u00f3n y concertaci\u00f3n de los n\u00facleos agrios con intereses opuestos para lograr la soluci\u00f3n definitiva en los conflictos por tierras. Generando con ello la gobernabilidad y paz social en el estado.<\/p>\n","protected":false},"author":1,"featured_media":0,"parent":0,"menu_order":0,"comment_status":"closed","ping_status":"closed","template":"","meta":{"episode_type":"","audio_file":"","podmotor_file_id":"","podmotor_episode_id":"","cover_image":"","cover_image_id":"","duration":"","filesize":"","filesize_raw":"","date_recorded":"","explicit":"","block":"","itunes_episode_number":"","itunes_title":"","itunes_season_number":"","itunes_episode_type":"","footnotes":""},"categories":[],"tags":[],"class_list":["post-1765","page","type-page","status-publish","hentry"],"acf":[],"publishpress_future_action":{"enabled":false,"date":"2026-05-07 14:57:58","action":"change-status","newStatus":"draft","terms":[],"taxonomy":"category","extraData":[]},"publishpress_future_workflow_manual_trigger":{"enabledWorkflows":[]},"_links":{"self":[{"href":"https:\/\/www.oaxaca.gob.mx\/jca\/wp-json\/wp\/v2\/pages\/1765","targetHints":{"allow":["GET"]}}],"collection":[{"href":"https:\/\/www.oaxaca.gob.mx\/jca\/wp-json\/wp\/v2\/pages"}],"about":[{"href":"https:\/\/www.oaxaca.gob.mx\/jca\/wp-json\/wp\/v2\/types\/page"}],"author":[{"embeddable":true,"href":"https:\/\/www.oaxaca.gob.mx\/jca\/wp-json\/wp\/v2\/users\/1"}],"replies":[{"embeddable":true,"href":"https:\/\/www.oaxaca.gob.mx\/jca\/wp-json\/wp\/v2\/comments?post=1765"}],"version-history":[{"count":0,"href":"https:\/\/www.oaxaca.gob.mx\/jca\/wp-json\/wp\/v2\/pages\/1765\/revisions"}],"wp:attachment":[{"href":"https:\/\/www.oaxaca.gob.mx\/jca\/wp-json\/wp\/v2\/media?parent=1765"}],"wp:term":[{"taxonomy":"category","embeddable":true,"href":"https:\/\/www.oaxaca.gob.mx\/jca\/wp-json\/wp\/v2\/categories?post=1765"},{"taxonomy":"post_tag","embeddable":true,"href":"https:\/\/www.oaxaca.gob.mx\/jca\/wp-json\/wp\/v2\/tags?post=1765"}],"curies":[{"name":"wp","href":"https:\/\/api.w.org\/{rel}","templated":true}]}}