{"id":287,"date":"2017-04-04T14:10:06","date_gmt":"2017-04-04T20:10:06","guid":{"rendered":"https:\/\/www.oaxaca.gob.mx\/jaespo\/?page_id=287"},"modified":"2026-02-12T07:54:08","modified_gmt":"2026-02-12T13:54:08","slug":"mision-y-vision","status":"publish","type":"page","link":"https:\/\/www.oaxaca.gob.mx\/jaespo\/quienes-somos\/mision-y-vision\/","title":{"rendered":"Misi\u00f3n, Visi\u00f3n y Objetivos"},"content":{"rendered":"<h1><strong><span style=\"color: #000000\"><em>Misi\u00f3n<\/em><\/span><\/strong><\/h1>\n<p>Conocer y resolver con absoluta imparcialidad y apego a derecho, en un ambiente y trato humano digno, los conflictos de car\u00e1cter individual, que se susciten entre los Poderes del Estado y sus empleados; entre aqu\u00e9llos y el Sindicato, as\u00ed como de los conflictos intersindicales y llevar a cabo la cancelaci\u00f3n de los Sindicatos; adem\u00e1s de conocer, por Jurisprudencia de la otrora Cuarta Sala de la Suprema Corte de Justicia de la Naci\u00f3n, de an\u00e1logas controversias laborales que se generen entre el Ayuntamiento y sus trabajadores y, entre aqu\u00e9l y el Sindicato para preservar la paz y justicia social en el Estado.<\/p>\n<h3 style=\"text-align: justify\"><\/h3>\n<h1 style=\"text-align: justify\"><span style=\"color: #000000\"><em><strong>Visi\u00f3n<\/strong><\/em><\/span><\/h1>\n<p>Ser una Instituci\u00f3n Gubernamental que tiene el encargo de la impartici\u00f3n de justicia burocr\u00e1tica pronta y expedita, as\u00ed como de garantizar a trabajadores y patrones de jurisdicci\u00f3n estatal y municipal la paz, seguridad y justicia social, respetando, de acuerdo a las leyes, la transparencia, la certeza y seguridad jur\u00eddica en la resoluci\u00f3n de los conflictos laborales. El Estado de Oaxaca cuenta con una junta de composici\u00f3n tripartita que asegura la calidad, trasparencia y honestidad en la resoluci\u00f3n de los conflictos de trabajo en el \u00e1mbito estatal, para que la sociedad mantenga su confianza en el proceso de impartici\u00f3n de justicia.<\/p>\n<h1><strong><em>Objetivos<\/em><\/strong><\/h1>\n<ul>\n<li>Conocer los conflictos individuales que se susciten entre los Poderes del Estado y sus empleados.<\/li>\n<li>Conocer los conflictos individuales que se susciten entre 569 Ayuntamientos en el Estado y sus empleados.<\/li>\n<li>Conocer los conflictos colectivos que surjan entre Sindicato y los Poderes del Estado; as\u00ed como los conflictos intersindicales.<\/li>\n<li>Conocer los conflictos colectivos que surjan entre Sindicato y el Ayuntamiento; as\u00ed como los conflictos intersindicales.<\/li>\n<li>Llevar a cabo el registro del Sindicato y la cancelaci\u00f3n<\/li>\n<\/ul>\n","protected":false},"excerpt":{"rendered":"<p>Misi\u00f3n Conocer y resolver con absoluta imparcialidad y apego a derecho, en un ambiente y trato humano digno, los conflictos de car\u00e1cter individual, que se susciten entre los Poderes del Estado y sus empleados; entre aqu\u00e9llos y el Sindicato, as\u00ed como de los conflictos intersindicales y llevar a cabo la cancelaci\u00f3n de los Sindicatos; adem\u00e1s [&hellip;]<\/p>\n","protected":false},"author":1,"featured_media":288,"parent":284,"menu_order":1,"comment_status":"closed","ping_status":"closed","template":"","meta":{"episode_type":"","audio_file":"","podmotor_file_id":"","podmotor_episode_id":"","cover_image":"","cover_image_id":"","duration":"","filesize":"","filesize_raw":"","date_recorded":"","explicit":"","block":"","itunes_episode_number":"","itunes_title":"","itunes_season_number":"","itunes_episode_type":"","footnotes":""},"categories":[],"tags":[],"class_list":["post-287","page","type-page","status-publish","has-post-thumbnail","hentry"],"acf":[],"publishpress_future_action":{"enabled":false,"date":"2026-05-08 06:22:14","action":"change-status","newStatus":"draft","terms":[],"taxonomy":"category","extraData":[]},"publishpress_future_workflow_manual_trigger":{"enabledWorkflows":[]},"_links":{"self":[{"href":"https:\/\/www.oaxaca.gob.mx\/jaespo\/wp-json\/wp\/v2\/pages\/287","targetHints":{"allow":["GET"]}}],"collection":[{"href":"https:\/\/www.oaxaca.gob.mx\/jaespo\/wp-json\/wp\/v2\/pages"}],"about":[{"href":"https:\/\/www.oaxaca.gob.mx\/jaespo\/wp-json\/wp\/v2\/types\/page"}],"author":[{"embeddable":true,"href":"https:\/\/www.oaxaca.gob.mx\/jaespo\/wp-json\/wp\/v2\/users\/1"}],"replies":[{"embeddable":true,"href":"https:\/\/www.oaxaca.gob.mx\/jaespo\/wp-json\/wp\/v2\/comments?post=287"}],"version-history":[{"count":2,"href":"https:\/\/www.oaxaca.gob.mx\/jaespo\/wp-json\/wp\/v2\/pages\/287\/revisions"}],"predecessor-version":[{"id":2506,"href":"https:\/\/www.oaxaca.gob.mx\/jaespo\/wp-json\/wp\/v2\/pages\/287\/revisions\/2506"}],"up":[{"embeddable":true,"href":"https:\/\/www.oaxaca.gob.mx\/jaespo\/wp-json\/wp\/v2\/pages\/284"}],"wp:featuredmedia":[{"embeddable":true,"href":"https:\/\/www.oaxaca.gob.mx\/jaespo\/wp-json\/wp\/v2\/media\/288"}],"wp:attachment":[{"href":"https:\/\/www.oaxaca.gob.mx\/jaespo\/wp-json\/wp\/v2\/media?parent=287"}],"wp:term":[{"taxonomy":"category","embeddable":true,"href":"https:\/\/www.oaxaca.gob.mx\/jaespo\/wp-json\/wp\/v2\/categories?post=287"},{"taxonomy":"post_tag","embeddable":true,"href":"https:\/\/www.oaxaca.gob.mx\/jaespo\/wp-json\/wp\/v2\/tags?post=287"}],"curies":[{"name":"wp","href":"https:\/\/api.w.org\/{rel}","templated":true}]}}