{"id":28,"date":"2026-03-12T20:19:13","date_gmt":"2026-03-12T19:19:13","guid":{"rendered":"https:\/\/www.oaxaca.gob.mx\/itpo\/?page_id=28"},"modified":"2026-03-12T20:19:13","modified_gmt":"2026-03-12T19:19:13","slug":"funciones","status":"publish","type":"page","link":"https:\/\/www.oaxaca.gob.mx\/itpo\/funciones\/","title":{"rendered":"Funciones"},"content":{"rendered":"<ul>\n<li>Vigilar y verificar el cumplimiento, en la Ley General de Transparencia y Acceso a la Informaci\u00f3n Publica con Sentido Social y Buen Gobierno del Estado de Oaxaca. <\/li>\n<li>Emitir las medidas pertinentes para asegurar el acceso a la informaci\u00f3n y protecci\u00f3n de datos personales <\/li>\n<li>Promover y Resolver los recursos de revisi\u00f3n <\/li>\n<li>Promover la digitalizaci\u00f3n de la informaci\u00f3n p\u00fablica y la utilizaci\u00f3n de TIC\u2019S <\/li>\n<li>Imponer medidas de apremio y sanciones <\/li>\n<li>Conocer y desahogar las quejas y denuncias <\/li>\n<li>Solicitar a la autoridad competente el informe respectivo sobre la conclusi\u00f3n de los procedimientos de responsabilidad administrativa<\/li>\n<li>Rendir Informes Justificados en materia de Amparo<\/li>\n<li>Aprobar el padr\u00f3n de Sujetos obligados <\/li>\n<li>Aprobar las Tablas de Aplicabilidad<\/li>\n<li>Establecer el inicio, ampliaci\u00f3n de plazos durante la sustanciaci\u00f3n de procedimientos <\/li>\n<li>Emitir criterios de interpretaci\u00f3n en materia en acceso a la informaci\u00f3n y protecci\u00f3n de datos personales <\/li>\n<li>Conocer, Investigar, Remitir, Sancionar, Infracciones a la Ley de Transparencia y Acceso a la Informaci\u00f3n<\/li>\n<li>Dar vista a las Autoridades Competentes para ejecutar sanciones en materia de transparencia y protecci\u00f3n de datos personales  <\/li>\n<li>Conocer sustanciar y resolver procedentes de verificaci\u00f3n <\/li>\n<li>Vigilar y verificar el cumplimiento de la normatividad <\/li>\n<li>Dise\u00f1ar y aplicar criterios para evaluar el cumplimiento de la ley de datos personales en posesi\u00f3n de sujetos obligados del estado de Oaxaca<\/li>\n<li>Las dem\u00e1s atribuciones que les confiaron<\/li>\n<\/ul>\n","protected":false},"excerpt":{"rendered":"<p>Vigilar y verificar el cumplimiento, en la Ley General de Transparencia y Acceso a la Informaci\u00f3n Publica con Sentido Social y Buen Gobierno del Estado de Oaxaca. Emitir las medidas pertinentes para asegurar el acceso a la informaci\u00f3n y protecci\u00f3n de datos personales Promover y Resolver los recursos de revisi\u00f3n Promover la digitalizaci\u00f3n de la [&hellip;]<\/p>\n","protected":false},"author":1,"featured_media":0,"parent":0,"menu_order":0,"comment_status":"closed","ping_status":"closed","template":"","meta":{"episode_type":"","audio_file":"","podmotor_file_id":"","podmotor_episode_id":"","cover_image":"","cover_image_id":"","duration":"","filesize":"","filesize_raw":"","date_recorded":"","explicit":"","block":"","itunes_episode_number":"","itunes_title":"","itunes_season_number":"","itunes_episode_type":"","footnotes":""},"categories":[],"tags":[],"class_list":["post-28","page","type-page","status-publish","hentry"],"acf":[],"publishpress_future_action":{"enabled":false,"date":"2026-05-10 10:50:50","action":"change-status","newStatus":"draft","terms":[],"taxonomy":"category","extraData":[]},"publishpress_future_workflow_manual_trigger":{"enabledWorkflows":[]},"_links":{"self":[{"href":"https:\/\/www.oaxaca.gob.mx\/itpo\/wp-json\/wp\/v2\/pages\/28","targetHints":{"allow":["GET"]}}],"collection":[{"href":"https:\/\/www.oaxaca.gob.mx\/itpo\/wp-json\/wp\/v2\/pages"}],"about":[{"href":"https:\/\/www.oaxaca.gob.mx\/itpo\/wp-json\/wp\/v2\/types\/page"}],"author":[{"embeddable":true,"href":"https:\/\/www.oaxaca.gob.mx\/itpo\/wp-json\/wp\/v2\/users\/1"}],"replies":[{"embeddable":true,"href":"https:\/\/www.oaxaca.gob.mx\/itpo\/wp-json\/wp\/v2\/comments?post=28"}],"version-history":[{"count":1,"href":"https:\/\/www.oaxaca.gob.mx\/itpo\/wp-json\/wp\/v2\/pages\/28\/revisions"}],"predecessor-version":[{"id":29,"href":"https:\/\/www.oaxaca.gob.mx\/itpo\/wp-json\/wp\/v2\/pages\/28\/revisions\/29"}],"wp:attachment":[{"href":"https:\/\/www.oaxaca.gob.mx\/itpo\/wp-json\/wp\/v2\/media?parent=28"}],"wp:term":[{"taxonomy":"category","embeddable":true,"href":"https:\/\/www.oaxaca.gob.mx\/itpo\/wp-json\/wp\/v2\/categories?post=28"},{"taxonomy":"post_tag","embeddable":true,"href":"https:\/\/www.oaxaca.gob.mx\/itpo\/wp-json\/wp\/v2\/tags?post=28"}],"curies":[{"name":"wp","href":"https:\/\/api.w.org\/{rel}","templated":true}]}}