{"id":20,"date":"2026-03-12T19:59:08","date_gmt":"2026-03-12T18:59:08","guid":{"rendered":"https:\/\/www.oaxaca.gob.mx\/itpo\/?page_id=20"},"modified":"2026-03-12T19:59:08","modified_gmt":"2026-03-12T18:59:08","slug":"mision-vision-y-objetivos","status":"publish","type":"page","link":"https:\/\/www.oaxaca.gob.mx\/itpo\/mision-vision-y-objetivos\/","title":{"rendered":"Misi\u00f3n, Visi\u00f3n y Objetivos"},"content":{"rendered":"<h3>Misi\u00f3n<\/h3>\n<p style=\"text-align: justify;\">Garantizar, dentro de los sujetos obligados del poder ejecutivo del Estado y de los municipios de la entidad, el cumplimiento de las obligaciones de transparencia, el ejercicio de los derechos de acceso a la informaci\u00f3n p\u00fablica y la protecci\u00f3n de datos personales, as\u00ed como lograr el fortalecimiento de los mecanismos institucionales en materia de transparencia y participaci\u00f3n social, en los t\u00e9rminos establecidos por las disposiciones jur\u00eddicas aplicables.<\/p>\n<h3>Visi\u00f3n<\/h3>\n<p style=\"text-align: justify;\">Ser un \u00f3rgano imparcial, basado en los principios de certeza, congruencia, eficacia, excepcionalidad, exhaustividad, independencia, legalidad, m\u00e1xima publicidad y objetividad, responsable de establecer acciones entre las dependencias, entidades del poder Ejecutivo y los municipios para la efectiva tutela de los derechos humanos de acceso a la informaci\u00f3n p\u00fablica y protecci\u00f3n de datos personales, promoviendo la cultura del derecho a saber y la participaci\u00f3n social.<\/p>\n<p><\/br><\/p>\n<h3>Objetivo<\/h3>\n<p style=\"text-align: justify;\">Ser una instituci\u00f3n p\u00fablica, honesta, eficiente y cercana al pueblo, orientada a recuperar la confianza ciudadana asegurando que los oaxaque\u00f1os cuenten con elementos adecuados de acceso a la informaci\u00f3n p\u00fablica, transparencia y rendici\u00f3n de cuentas, conforme a los fundamentos de m\u00e1xima publicidad, accesibilidad y utilidad social.<\/p>\n","protected":false},"excerpt":{"rendered":"<p>Misi\u00f3n Garantizar, dentro de los sujetos obligados del poder ejecutivo del Estado y de los municipios de la entidad, el cumplimiento de las obligaciones de transparencia, el ejercicio de los derechos de acceso a la informaci\u00f3n p\u00fablica y la protecci\u00f3n de datos personales, as\u00ed como lograr el fortalecimiento de los mecanismos institucionales en materia de [&hellip;]<\/p>\n","protected":false},"author":1,"featured_media":0,"parent":0,"menu_order":0,"comment_status":"closed","ping_status":"closed","template":"","meta":{"episode_type":"","audio_file":"","podmotor_file_id":"","podmotor_episode_id":"","cover_image":"","cover_image_id":"","duration":"","filesize":"","filesize_raw":"","date_recorded":"","explicit":"","block":"","itunes_episode_number":"","itunes_title":"","itunes_season_number":"","itunes_episode_type":"","footnotes":""},"categories":[],"tags":[],"class_list":["post-20","page","type-page","status-publish","hentry"],"acf":[],"publishpress_future_action":{"enabled":false,"date":"2026-05-10 10:50:49","action":"change-status","newStatus":"draft","terms":[],"taxonomy":"category","extraData":[]},"publishpress_future_workflow_manual_trigger":{"enabledWorkflows":[]},"_links":{"self":[{"href":"https:\/\/www.oaxaca.gob.mx\/itpo\/wp-json\/wp\/v2\/pages\/20","targetHints":{"allow":["GET"]}}],"collection":[{"href":"https:\/\/www.oaxaca.gob.mx\/itpo\/wp-json\/wp\/v2\/pages"}],"about":[{"href":"https:\/\/www.oaxaca.gob.mx\/itpo\/wp-json\/wp\/v2\/types\/page"}],"author":[{"embeddable":true,"href":"https:\/\/www.oaxaca.gob.mx\/itpo\/wp-json\/wp\/v2\/users\/1"}],"replies":[{"embeddable":true,"href":"https:\/\/www.oaxaca.gob.mx\/itpo\/wp-json\/wp\/v2\/comments?post=20"}],"version-history":[{"count":1,"href":"https:\/\/www.oaxaca.gob.mx\/itpo\/wp-json\/wp\/v2\/pages\/20\/revisions"}],"predecessor-version":[{"id":21,"href":"https:\/\/www.oaxaca.gob.mx\/itpo\/wp-json\/wp\/v2\/pages\/20\/revisions\/21"}],"wp:attachment":[{"href":"https:\/\/www.oaxaca.gob.mx\/itpo\/wp-json\/wp\/v2\/media?parent=20"}],"wp:term":[{"taxonomy":"category","embeddable":true,"href":"https:\/\/www.oaxaca.gob.mx\/itpo\/wp-json\/wp\/v2\/categories?post=20"},{"taxonomy":"post_tag","embeddable":true,"href":"https:\/\/www.oaxaca.gob.mx\/itpo\/wp-json\/wp\/v2\/tags?post=20"}],"curies":[{"name":"wp","href":"https:\/\/api.w.org\/{rel}","templated":true}]}}