{"id":6094,"date":"2023-12-08T09:56:15","date_gmt":"2023-12-08T15:56:15","guid":{"rendered":"https:\/\/www.oaxaca.gob.mx\/iodemc\/?page_id=6094"},"modified":"2023-12-08T09:56:26","modified_gmt":"2023-12-08T15:56:26","slug":"mapa-del-sitio","status":"publish","type":"page","link":"https:\/\/www.oaxaca.gob.mx\/iodemc\/mapa-del-sitio\/","title":{"rendered":"Mapa del Sitio"},"content":{"rendered":"<div class=\"wsp-container\"><h2 class=\"wsp-pages-title\">P\u00e1ginas<\/h2>\n<ul class=\"wsp-pages-list\">\n<li class=\"page_item page-item-15 page_item_has_children\"><a href=\"https:\/\/www.oaxaca.gob.mx\/iodemc\/quienes-somos\/\">\u00bfQui\u00e9nes Somos?<\/a>\n<ul class='children'>\n\t<li class=\"page_item page-item-24\"><a href=\"https:\/\/www.oaxaca.gob.mx\/iodemc\/quienes-somos\/antecedentes\/\">Antecedentes<\/a><\/li>\n\t<li class=\"page_item page-item-147\"><a href=\"https:\/\/www.oaxaca.gob.mx\/iodemc\/quienes-somos\/estructura-organica\/\">Estructura Org\u00e1nica<\/a><\/li>\n\t<li class=\"page_item page-item-17\"><a href=\"https:\/\/www.oaxaca.gob.mx\/iodemc\/quienes-somos\/mensaje-del-director\/\">Mensaje del Director<\/a><\/li>\n\t<li class=\"page_item page-item-20\"><a href=\"https:\/\/www.oaxaca.gob.mx\/iodemc\/quienes-somos\/mision-y-vision\/\">Misi\u00f3n y Visi\u00f3n<\/a><\/li>\n<\/ul>\n<\/li>\n<li class=\"page_item page-item-378\"><a href=\"https:\/\/www.oaxaca.gob.mx\/iodemc\/incubacion-de-empresas\/\">1 Incubaci\u00f3n de empresas<\/a><\/li>\n<li class=\"page_item page-item-4727\"><a href=\"https:\/\/www.oaxaca.gob.mx\/iodemc\/2-premio-emprendedor-universitario\/\">2 \u00abPremio Emprendedor Universitario\u00bb<\/a><\/li>\n<li class=\"page_item page-item-380\"><a href=\"https:\/\/www.oaxaca.gob.mx\/iodemc\/consultoria-a-emprendedores-y-empresas\/\">2 Consultor\u00eda a emprendedores y empresas<\/a><\/li>\n<li class=\"page_item page-item-394\"><a href=\"https:\/\/www.oaxaca.gob.mx\/iodemc\/impulso-empresarial\/\">3 Impulso empresarial<\/a><\/li>\n<li class=\"page_item page-item-400\"><a href=\"https:\/\/www.oaxaca.gob.mx\/iodemc\/premio-emprendedor-universitario\/\">4 Premio emprendedor universitario<\/a><\/li>\n<li class=\"page_item page-item-411\"><a href=\"https:\/\/www.oaxaca.gob.mx\/iodemc\/compartiendo-intereses\/\">5 Compartiendo intereses<\/a><\/li>\n<li class=\"page_item page-item-4230\"><a href=\"https:\/\/www.oaxaca.gob.mx\/iodemc\/administracion-documental\/\">Administraci\u00f3n Documental del IODEMC<\/a><\/li>\n<li class=\"page_item page-item-1339\"><a href=\"https:\/\/www.oaxaca.gob.mx\/iodemc\/asesoria-y-capacitacion\/\">Asesor\u00eda y capacitaci\u00f3n<\/a><\/li>\n<li class=\"page_item page-item-1447\"><a href=\"https:\/\/www.oaxaca.gob.mx\/iodemc\/aviso-de-privacidad\/\">Aviso de Privacidad<\/a><\/li>\n<li class=\"page_item page-item-4124\"><a href=\"https:\/\/www.oaxaca.gob.mx\/iodemc\/beneficiarios-aceleracion-empresarial\/\">Beneficiarios Aceleraci\u00f3n Empresarial<\/a><\/li>\n<li class=\"page_item page-item-4056\"><a href=\"https:\/\/www.oaxaca.gob.mx\/iodemc\/beneficiarios-picemo-2019\/\">Beneficiarios PICEMO 2019<\/a><\/li>\n<li class=\"page_item page-item-3319\"><a href=\"https:\/\/www.oaxaca.gob.mx\/iodemc\/calendar\/\">Calendar<\/a><\/li>\n<li class=\"page_item page-item-3646\"><a href=\"https:\/\/www.oaxaca.gob.mx\/iodemc\/calendar-2\/\">Calendar<\/a><\/li>\n<li class=\"page_item page-item-4185\"><a href=\"https:\/\/www.oaxaca.gob.mx\/iodemc\/calendario-2020\/\">Calendario 2020<\/a><\/li>\n<li class=\"page_item page-item-4837\"><a href=\"https:\/\/www.oaxaca.gob.mx\/iodemc\/calendario-2021\/\">Calendario 2021<\/a><\/li>\n<li class=\"page_item page-item-5285\"><a href=\"https:\/\/www.oaxaca.gob.mx\/iodemc\/calendario-2022\/\">Calendario 2022<\/a><\/li>\n<li class=\"page_item page-item-5652\"><a href=\"https:\/\/www.oaxaca.gob.mx\/iodemc\/calendario-2023\/\">Calendario 2023<\/a><\/li>\n<li class=\"page_item page-item-5772\"><a href=\"https:\/\/www.oaxaca.gob.mx\/iodemc\/campamento-posible-2023\/\">Campamento Posible 2023<\/a><\/li>\n<li class=\"page_item page-item-5102\"><a href=\"https:\/\/www.oaxaca.gob.mx\/iodemc\/campana-de-posicionamiento-de-la-to-producto-oaxaca\/\">Campa\u00f1a de posicionamiento de la TO: Producto Oaxaca<\/a><\/li>\n<li class=\"page_item page-item-5413\"><a href=\"https:\/\/www.oaxaca.gob.mx\/iodemc\/campana-de-posicionamiento-to-producto-oaxaca-2022\/\">Campa\u00f1a de posicionamiento TO: Producto Oaxaca 2022<\/a><\/li>\n<li class=\"page_item page-item-4412\"><a href=\"https:\/\/www.oaxaca.gob.mx\/iodemc\/capacitacion-para-implementar-la-comercializacion-en-linea\/\">Capacitaci\u00f3n para Implementar la Comercializaci\u00f3n en L\u00ednea<\/a><\/li>\n<li class=\"page_item page-item-4699\"><a href=\"https:\/\/www.oaxaca.gob.mx\/iodemc\/capacitaciones-del-mes\/\">Capacitaciones del Mes<\/a><\/li>\n<li class=\"page_item page-item-4935\"><a href=\"https:\/\/www.oaxaca.gob.mx\/iodemc\/comercializacion-en-linea\/\">Comercializaci\u00f3n en L\u00ednea<\/a><\/li>\n<li class=\"page_item page-item-5425\"><a href=\"https:\/\/www.oaxaca.gob.mx\/iodemc\/comercializacion-en-linea-2022\/\">Comercializaci\u00f3n en L\u00ednea 2022<\/a><\/li>\n<li class=\"page_item page-item-4344\"><a href=\"https:\/\/www.oaxaca.gob.mx\/iodemc\/comite-de-etica\/\">Comit\u00e9 de \u00c9tica<\/a><\/li>\n<li class=\"page_item page-item-5367\"><a href=\"https:\/\/www.oaxaca.gob.mx\/iodemc\/consolidacion-empresarial-ip-2022\/\">Consolidaci\u00f3n Empresarial (IP) 2022<\/a><\/li>\n<li class=\"page_item page-item-4657\"><a href=\"https:\/\/www.oaxaca.gob.mx\/iodemc\/consultoria-a-emprendedores-y-empresas-2\/\">Consultor\u00eda a emprendedores y empresas<\/a><\/li>\n<li class=\"page_item page-item-28\"><a href=\"https:\/\/www.oaxaca.gob.mx\/iodemc\/contacto\/\">Contacto<\/a><\/li>\n<li class=\"page_item page-item-3527\"><a href=\"https:\/\/www.oaxaca.gob.mx\/iodemc\/convocatoria-publica-iodemc-2-2019\/\">Convocatoria 2 CONSULTORIA<\/a><\/li>\n<li class=\"page_item page-item-3528\"><a href=\"https:\/\/www.oaxaca.gob.mx\/iodemc\/convocatoria-publica-iodemc-3-2019\/\">Convocatoria 3 IMPULSO EMPRESARIAL<\/a><\/li>\n<li class=\"page_item page-item-3529\"><a href=\"https:\/\/www.oaxaca.gob.mx\/iodemc\/convocatoria-publica-iodemc-4-2019-2\/\">Convocatoria 4 PREMIO EMPRENDEDOR UNIVERSITARIO<\/a><\/li>\n<li class=\"page_item page-item-5311\"><a href=\"https:\/\/www.oaxaca.gob.mx\/iodemc\/convocatoria-posible-coop-oaxaca-2022\/\">CONVOCATORIA POSIBLE COOP OAXACA 2022<\/a><\/li>\n<li class=\"page_item page-item-3526\"><a href=\"https:\/\/www.oaxaca.gob.mx\/iodemc\/convocatoria-publica-iodemc-1-2019\/\">Convocatoria P\u00fablica IODEMC 1<\/a><\/li>\n<li class=\"page_item page-item-1899\"><a href=\"https:\/\/www.oaxaca.gob.mx\/iodemc\/convocatoria-publica-iodemc-2\/\">Convocatoria P\u00fablica IODEMC 2<\/a><\/li>\n<li class=\"page_item page-item-1935\"><a href=\"https:\/\/www.oaxaca.gob.mx\/iodemc\/convocatoria-publica-iodemc-3\/\">Convocatoria P\u00fablica IODEMC 3<\/a><\/li>\n<li class=\"page_item page-item-2451\"><a href=\"https:\/\/www.oaxaca.gob.mx\/iodemc\/convocatoria-publica-iodemc-4\/\">Convocatoria P\u00fablica IODEMC 4<\/a><\/li>\n<li class=\"page_item page-item-3652\"><a href=\"https:\/\/www.oaxaca.gob.mx\/iodemc\/convocatoria-red-oaxaquena-de-consejeros-sbdc\/\">Convocatoria RED OAXAQUE\u00d1A DE CONSEJEROS SBDC<\/a><\/li>\n<li class=\"page_item page-item-3990\"><a href=\"https:\/\/www.oaxaca.gob.mx\/iodemc\/convocatoria-aceleracion-empresarial\/\">Convocatoria: Aceleraci\u00f3n Empresarial<\/a><\/li>\n<li class=\"page_item page-item-3856\"><a href=\"https:\/\/www.oaxaca.gob.mx\/iodemc\/convocatoria-consultoria-empresarial-sbdc\/\">Convocatoria: Consultor\u00eda Empresarial SBDC<\/a><\/li>\n<li class=\"page_item page-item-5205\"><a href=\"https:\/\/www.oaxaca.gob.mx\/iodemc\/crece-360\/\">Crece 360\u00b0<\/a><\/li>\n<li class=\"page_item page-item-5599\"><a href=\"https:\/\/www.oaxaca.gob.mx\/iodemc\/cuenta-publica\/\">Cuenta P\u00fablica<\/a><\/li>\n<li class=\"page_item page-item-3134\"><a href=\"https:\/\/www.oaxaca.gob.mx\/iodemc\/cumplimiento-obligaciones-lgtaip\/\">CUMPLIMIENTO DE OBLIGACIONES DE TRANSPARENCIA<\/a><\/li>\n<li class=\"page_item page-item-3218\"><a href=\"https:\/\/www.oaxaca.gob.mx\/iodemc\/transparencia-2\/\">CUMPLIMIENTO DE OBLIGACIONES DE TRANSPARENCIA<\/a><\/li>\n<li class=\"page_item page-item-4552\"><a href=\"https:\/\/www.oaxaca.gob.mx\/iodemc\/d2c-oaxaca-2020\/\">D2C OAXACA 2020<\/a><\/li>\n<li class=\"page_item page-item-3244\"><a href=\"https:\/\/www.oaxaca.gob.mx\/iodemc\/directorio\/\">Directorio<\/a><\/li>\n<li class=\"page_item page-item-4686\"><a href=\"https:\/\/www.oaxaca.gob.mx\/iodemc\/emergente-2020\/\">Emergente 2020<\/a><\/li>\n<li class=\"page_item page-item-5180\"><a href=\"https:\/\/www.oaxaca.gob.mx\/iodemc\/emergente-oaxaca-2021\/\">Emergente Oaxaca 2021<\/a><\/li>\n<li class=\"page_item page-item-5711 page_item_has_children\"><a href=\"https:\/\/www.oaxaca.gob.mx\/iodemc\/eventos\/\">Eventos<\/a>\n<ul class='children'>\n\t<li class=\"page_item page-item-5713\"><a href=\"https:\/\/www.oaxaca.gob.mx\/iodemc\/eventos\/categorias\/\">Categor\u00edas<\/a><\/li>\n\t<li class=\"page_item page-item-5714\"><a href=\"https:\/\/www.oaxaca.gob.mx\/iodemc\/eventos\/etiquetas\/\">Etiquetas<\/a><\/li>\n\t<li class=\"page_item page-item-5715\"><a href=\"https:\/\/www.oaxaca.gob.mx\/iodemc\/eventos\/mis-reservas\/\">Mis Reservas<\/a><\/li>\n\t<li class=\"page_item page-item-5712\"><a href=\"https:\/\/www.oaxaca.gob.mx\/iodemc\/eventos\/ubicaciones\/\">Ubicaciones<\/a><\/li>\n<\/ul>\n<\/li>\n<li class=\"page_item page-item-3219\"><a href=\"https:\/\/www.oaxaca.gob.mx\/iodemc\/funciones\/\">Funciones<\/a><\/li>\n<li class=\"page_item page-item-6070\"><a href=\"https:\/\/www.oaxaca.gob.mx\/iodemc\/impulso-a-la-panificacion-artesanal\/\">IMPULSO A LA PANIFICACI\u00d3N ARTESANAL<\/a><\/li>\n<li class=\"page_item page-item-1831\"><a href=\"https:\/\/www.oaxaca.gob.mx\/iodemc\/incubadoras-2\/\">Incubadoras con cobertura estatal<\/a><\/li>\n<li class=\"page_item page-item-1393\"><a href=\"https:\/\/www.oaxaca.gob.mx\/iodemc\/informacion-contable-presupuestaria-y-programatica-del-articulo-51-de-la-lgcg\/\">Informaci\u00f3n Contable, Presupuestaria y Program\u00e1tica del art\u00edculo 51 de la LGCG<\/a><\/li>\n<li class=\"page_item page-item-4292\"><a href=\"https:\/\/www.oaxaca.gob.mx\/iodemc\/informacion-iodemc\/\">Informaci\u00f3n IODEMC<\/a><\/li>\n<li class=\"page_item page-item-100\"><a href=\"https:\/\/www.oaxaca.gob.mx\/iodemc\/\">Inicio<\/a><\/li>\n<li class=\"page_item page-item-4024\"><a href=\"https:\/\/www.oaxaca.gob.mx\/iodemc\/intervencion-de-consejeros-empresariales-sbdc-para-el-crecimiento-de-mipymes-oaxaquenas\/\">Intervenci\u00f3n de Consejeros Empresariales SBDC para el crecimiento de MiPyMes oaxaque\u00f1as<\/a><\/li>\n<li class=\"page_item page-item-2682\"><a href=\"https:\/\/www.oaxaca.gob.mx\/iodemc\/ley-de-disciplina-financiera\/\">Ley de Disciplina Financiera<\/a><\/li>\n<li class=\"page_item page-item-3318\"><a href=\"https:\/\/www.oaxaca.gob.mx\/iodemc\/loginpress\/\">LoginPress<\/a><\/li>\n<li class=\"page_item page-item-3221\"><a href=\"https:\/\/www.oaxaca.gob.mx\/iodemc\/manual-de-organizacion\/\">Manual de Organizaci\u00f3n<\/a><\/li>\n<li class=\"page_item page-item-6094\"><a href=\"https:\/\/www.oaxaca.gob.mx\/iodemc\/mapa-del-sitio\/\">Mapa del Sitio<\/a><\/li>\n<li class=\"page_item page-item-22\"><a href=\"https:\/\/www.oaxaca.gob.mx\/iodemc\/marco-juridico\/\">Marco Jur\u00eddico<\/a><\/li>\n<li class=\"page_item page-item-3269\"><a href=\"https:\/\/www.oaxaca.gob.mx\/iodemc\/noticias\/\">Noticias<\/a><\/li>\n<li class=\"page_item page-item-2827\"><a href=\"https:\/\/www.oaxaca.gob.mx\/iodemc\/obligaciones-de-transparencia-2015-2017\/\">Obligaciones de Transparencia 2015-2017<\/a><\/li>\n<li class=\"page_item page-item-2825\"><a href=\"https:\/\/www.oaxaca.gob.mx\/iodemc\/obligaciones-de-transparencia-2018\/\">Obligaciones de Transparencia 2018<\/a><\/li>\n<li class=\"page_item page-item-5798\"><a href=\"https:\/\/www.oaxaca.gob.mx\/iodemc\/paaas\/\">PAAAS<\/a><\/li>\n<li class=\"page_item page-item-4675\"><a href=\"https:\/\/www.oaxaca.gob.mx\/iodemc\/padron-iodemc\/\">Padr\u00f3n IODEMC<\/a><\/li>\n<li class=\"page_item page-item-3519\"><a href=\"https:\/\/www.oaxaca.gob.mx\/iodemc\/pagina-ejemplo-2\/\">P\u00e1gina de ejemplo<\/a><\/li>\n<li class=\"page_item page-item-2\"><a href=\"https:\/\/www.oaxaca.gob.mx\/iodemc\/pagina-ejemplo\/\">P\u00e1gina de ejemplo<\/a><\/li>\n<li class=\"page_item page-item-1458\"><a href=\"https:\/\/www.oaxaca.gob.mx\/iodemc\/plan-de-negocios\/\">Plan de negocios<\/a><\/li>\n<li class=\"page_item page-item-5074\"><a href=\"https:\/\/www.oaxaca.gob.mx\/iodemc\/planeacion-institucional\/\">PLANEACI\u00d3N INSTITUCIONAL<\/a><\/li>\n<li class=\"page_item page-item-6166\"><a href=\"https:\/\/www.oaxaca.gob.mx\/iodemc\/probando-html\/\">Probando HTML<\/a><\/li>\n<li class=\"page_item page-item-5294\"><a href=\"https:\/\/www.oaxaca.gob.mx\/iodemc\/producto-oaxaca-2022\/\">Producto Oaxaca 2022<\/a><\/li>\n<li class=\"page_item page-item-4600\"><a href=\"https:\/\/www.oaxaca.gob.mx\/iodemc\/profesionalizacion-de-tu-emprendimiento\/\">Profesionalizaci\u00f3n de tu Emprendimiento<\/a><\/li>\n<li class=\"page_item page-item-5394\"><a href=\"https:\/\/www.oaxaca.gob.mx\/iodemc\/profesionalizacion-de-tu-emprendimiento-2022\/\">Profesionalizaci\u00f3n de tu emprendimiento 2022<\/a><\/li>\n<li class=\"page_item page-item-4354\"><a href=\"https:\/\/www.oaxaca.gob.mx\/iodemc\/programa-continuidad-de-operaciones\/\">Programa Continuidad de Operaciones<\/a><\/li>\n<li class=\"page_item page-item-5087\"><a href=\"https:\/\/www.oaxaca.gob.mx\/iodemc\/programa-para-el-desarrollo-empresarial-wadhwani\/\">PROGRAMA PARA EL DESARROLLO EMPRESARIAL WADHWANI<\/a><\/li>\n<li class=\"page_item page-item-4840\"><a href=\"https:\/\/www.oaxaca.gob.mx\/iodemc\/programas-2020\/\">Programas 2020<\/a><\/li>\n<li class=\"page_item page-item-2019\"><a href=\"https:\/\/www.oaxaca.gob.mx\/iodemc\/red-de-aliados\/\">Red de Aliados<\/a><\/li>\n<li class=\"page_item page-item-3875\"><a href=\"https:\/\/www.oaxaca.gob.mx\/iodemc\/red-oaxaquena-de-consejeros\/\">RED OAXAQUE\u00d1A DE CONSEJEROS<\/a><\/li>\n<li class=\"page_item page-item-1455\"><a href=\"https:\/\/www.oaxaca.gob.mx\/iodemc\/incubadoras\/\">Red Oaxaque\u00f1a de Incubadoras<\/a><\/li>\n<li class=\"page_item page-item-4447\"><a href=\"https:\/\/www.oaxaca.gob.mx\/iodemc\/registro\/\">Registro<\/a><\/li>\n<li class=\"page_item page-item-4578\"><a href=\"https:\/\/www.oaxaca.gob.mx\/iodemc\/resultados-convocatoria-producto-oaxaca\/\">RESULTADOS<\/a><\/li>\n<li class=\"page_item page-item-4011\"><a href=\"https:\/\/www.oaxaca.gob.mx\/iodemc\/resultados-convocatorias-paem-2019\/\">Resultados Convocatorias PAEM 2019<\/a><\/li>\n<li class=\"page_item page-item-3639\"><a href=\"https:\/\/www.oaxaca.gob.mx\/iodemc\/resultados-paem-2018\/\">Resultados PAEM 2018<\/a><\/li>\n<li class=\"page_item page-item-5150\"><a href=\"https:\/\/www.oaxaca.gob.mx\/iodemc\/reto-posible\/\">Reto Posible<\/a><\/li>\n<li class=\"page_item page-item-5191\"><a href=\"https:\/\/www.oaxaca.gob.mx\/iodemc\/reto-posible-alumnos\/\">Reto Posible Alumnos<\/a><\/li>\n<li class=\"page_item page-item-5376\"><a href=\"https:\/\/www.oaxaca.gob.mx\/iodemc\/reto-posible-oaxaca-2022\/\">Reto Posible Oaxaca 2022<\/a><\/li>\n<li class=\"page_item page-item-1435\"><a href=\"https:\/\/www.oaxaca.gob.mx\/iodemc\/subsidios-y-ayudas\/\">Subsidios y ayudas<\/a><\/li>\n<li class=\"page_item page-item-4398\"><a href=\"https:\/\/www.oaxaca.gob.mx\/iodemc\/tienda-oficial-producto-oaxaca\/\">TIENDA OFICIAL \u2013 PRODUCTO OAXACA<\/a><\/li>\n<li class=\"page_item page-item-3220\"><a href=\"https:\/\/www.oaxaca.gob.mx\/iodemc\/titular-de-la-dependecia\/\">Titular de la Dependecia<\/a><\/li>\n<li class=\"page_item page-item-1171 page_item_has_children\"><a href=\"https:\/\/www.oaxaca.gob.mx\/iodemc\/transparencia\/\">Transparencia<\/a>\n<ul class='children'>\n\t<li class=\"page_item page-item-1151\"><a href=\"https:\/\/www.oaxaca.gob.mx\/iodemc\/transparencia\/fraccion_i\/\">I. Marco normativo<\/a><\/li>\n\t<li class=\"page_item page-item-1206\"><a href=\"https:\/\/www.oaxaca.gob.mx\/iodemc\/transparencia\/fraccion_ii\/\">II. Estructura org\u00e1nica<\/a><\/li>\n\t<li class=\"page_item page-item-1215\"><a href=\"https:\/\/www.oaxaca.gob.mx\/iodemc\/transparencia\/fraccion_iii\/\">III. Facultades de cada \u00e1rea<\/a><\/li>\n\t<li class=\"page_item page-item-1217\"><a href=\"https:\/\/www.oaxaca.gob.mx\/iodemc\/transparencia\/fraccion_iv\/\">IV. Metas y objetivos<\/a><\/li>\n\t<li class=\"page_item page-item-1252\"><a href=\"https:\/\/www.oaxaca.gob.mx\/iodemc\/transparencia\/fraccion_ix\/\">IX. Gastos de representaci\u00f3n y vi\u00e1ticos<\/a><\/li>\n\t<li class=\"page_item page-item-2421\"><a href=\"https:\/\/www.oaxaca.gob.mx\/iodemc\/transparencia\/fraccion_lgta70\/\">LGTA70-\u00faltimo p\u00e1rrafo<\/a><\/li>\n\t<li class=\"page_item page-item-2425\"><a href=\"https:\/\/www.oaxaca.gob.mx\/iodemc\/transparencia\/fraccion_ltao21fviiia\/\">LTAO21FVIIIA &#8211; Publicaci\u00f3n en medios alternativos<\/a><\/li>\n\t<li class=\"page_item page-item-2436\"><a href=\"https:\/\/www.oaxaca.gob.mx\/iodemc\/transparencia\/fraccion_ltao21fviiib\/\">LTAO21FVIIIB<\/a><\/li>\n\t<li class=\"page_item page-item-2442\"><a href=\"https:\/\/www.oaxaca.gob.mx\/iodemc\/transparencia\/fraccion_ltao36\/\">LTAO36-\u00fanico p\u00e1rrafo<\/a><\/li>\n\t<li class=\"page_item page-item-1219\"><a href=\"https:\/\/www.oaxaca.gob.mx\/iodemc\/transparencia\/fraccion_v\/\">V. Indicadores de inter\u00e9s p\u00fablico<\/a><\/li>\n\t<li class=\"page_item page-item-1221\"><a href=\"https:\/\/www.oaxaca.gob.mx\/iodemc\/transparencia\/fraccion_vi\/\">VI. Indicadores de resultados<\/a><\/li>\n\t<li class=\"page_item page-item-1249\"><a href=\"https:\/\/www.oaxaca.gob.mx\/iodemc\/transparencia\/fraccion_vii\/\">VII. Directorio<\/a><\/li>\n\t<li class=\"page_item page-item-1251\"><a href=\"https:\/\/www.oaxaca.gob.mx\/iodemc\/transparencia\/fraccion_viii\/\">VIII. Remuneraci\u00f3n servidores p\u00fablicos<\/a><\/li>\n\t<li class=\"page_item page-item-1266\"><a href=\"https:\/\/www.oaxaca.gob.mx\/iodemc\/transparencia\/fraccion_x\/\">X. Total de plazas (base y confianza)<\/a><\/li>\n\t<li class=\"page_item page-item-1271\"><a href=\"https:\/\/www.oaxaca.gob.mx\/iodemc\/transparencia\/fraccion_xi\/\">XI.  Contrataciones honorarios<\/a><\/li>\n\t<li class=\"page_item page-item-1276\"><a href=\"https:\/\/www.oaxaca.gob.mx\/iodemc\/transparencia\/fraccion_xii\/\">XII. Declaraciones patrimoniales<\/a><\/li>\n\t<li class=\"page_item page-item-1303\"><a href=\"https:\/\/www.oaxaca.gob.mx\/iodemc\/transparencia\/fraccion_xiii\/\">XIII. Datos de Unidad de Transparencia<\/a><\/li>\n\t<li class=\"page_item page-item-1307\"><a href=\"https:\/\/www.oaxaca.gob.mx\/iodemc\/transparencia\/fraccion_xiv\/\">XIV.  Concursos para ocupar cargos<\/a><\/li>\n\t<li class=\"page_item page-item-1525\"><a href=\"https:\/\/www.oaxaca.gob.mx\/iodemc\/transparencia\/fraccion_xix\/\">XIX. Servicios<\/a><\/li>\n\t<li class=\"page_item page-item-2352\"><a href=\"https:\/\/www.oaxaca.gob.mx\/iodemc\/transparencia\/fraccion_xli\/\">XLI. Estudios pagados con recursos p\u00fablicos<\/a><\/li>\n\t<li class=\"page_item page-item-2358\"><a href=\"https:\/\/www.oaxaca.gob.mx\/iodemc\/transparencia\/fraccion_xlii\/\">XLII. Pagos a jubilados y pensionados<\/a><\/li>\n\t<li class=\"page_item page-item-2362\"><a href=\"https:\/\/www.oaxaca.gob.mx\/iodemc\/transparencia\/fraccion_xliii\/\">XLIII. Ingresos totales del sujeto obligado<\/a><\/li>\n\t<li class=\"page_item page-item-2368\"><a href=\"https:\/\/www.oaxaca.gob.mx\/iodemc\/transparencia\/fraccion_xliv\/\">XLIV. Donaciones en dinero o en especie<\/a><\/li>\n\t<li class=\"page_item page-item-2372\"><a href=\"https:\/\/www.oaxaca.gob.mx\/iodemc\/transparencia\/fraccion_xlviii\/\">XLVIII. Otra informaci\u00f3n \u00fatil o relevante<\/a><\/li>\n\t<li class=\"page_item page-item-1311\"><a href=\"https:\/\/www.oaxaca.gob.mx\/iodemc\/transparencia\/fraccion_xv\/\">XV. Programas sociales<\/a><\/li>\n\t<li class=\"page_item page-item-1506\"><a href=\"https:\/\/www.oaxaca.gob.mx\/iodemc\/transparencia\/fraccion_xvi\/\">XVI. Relaciones laborales y recursos p\u00fablicos a sindicatos<\/a><\/li>\n\t<li class=\"page_item page-item-1510\"><a href=\"https:\/\/www.oaxaca.gob.mx\/iodemc\/transparencia\/fraccion_xvii\/\">XVII. Datos curriculares<\/a><\/li>\n\t<li class=\"page_item page-item-1518\"><a href=\"https:\/\/www.oaxaca.gob.mx\/iodemc\/transparencia\/fraccion_xviii\/\">XVIII. Funcionarios sancionados<\/a><\/li>\n\t<li class=\"page_item page-item-1550\"><a href=\"https:\/\/www.oaxaca.gob.mx\/iodemc\/transparencia\/fraccion_xx\/\">XX. Tr\u00e1mites<\/a><\/li>\n\t<li class=\"page_item page-item-1558\"><a href=\"https:\/\/www.oaxaca.gob.mx\/iodemc\/transparencia\/fraccion_xxi\/\">XXI. Presupuesto e informes trimestrales<\/a><\/li>\n\t<li class=\"page_item page-item-2272\"><a href=\"https:\/\/www.oaxaca.gob.mx\/iodemc\/transparencia\/fraccion_xxiii\/\">XXIII. Comunicaci\u00f3n social y publicidad<\/a><\/li>\n\t<li class=\"page_item page-item-2278\"><a href=\"https:\/\/www.oaxaca.gob.mx\/iodemc\/transparencia\/fraccion_xxiv\/\">XXIV. Resultados de auditor\u00edas<\/a><\/li>\n\t<li class=\"page_item page-item-2285\"><a href=\"https:\/\/www.oaxaca.gob.mx\/iodemc\/transparencia\/fraccion_xxvii\/\">XXVII. Concesiones, contratos, convenios, permisos, licencias o autorizaciones otorgados.<\/a><\/li>\n\t<li class=\"page_item page-item-2289\"><a href=\"https:\/\/www.oaxaca.gob.mx\/iodemc\/transparencia\/fraccion_xxviii\/\">XXVIII. Procedimientos de adjudicaci\u00f3n directa, invitaci\u00f3n restringida y licitaciones<\/a><\/li>\n\t<li class=\"page_item page-item-2296\"><a href=\"https:\/\/www.oaxaca.gob.mx\/iodemc\/transparencia\/fraccion_xxx\/\">XXX. Estad\u00edsticas generadas<\/a><\/li>\n\t<li class=\"page_item page-item-2302\"><a href=\"https:\/\/www.oaxaca.gob.mx\/iodemc\/transparencia\/fraccion_xxxi\/\">XXXI. Informes de avances y documentos financieros<\/a><\/li>\n\t<li class=\"page_item page-item-2307\"><a href=\"https:\/\/www.oaxaca.gob.mx\/iodemc\/transparencia\/fraccion_xxxii\/\">XXXII. Padr\u00f3n proveedores y contratistas<\/a><\/li>\n\t<li class=\"page_item page-item-2314\"><a href=\"https:\/\/www.oaxaca.gob.mx\/iodemc\/transparencia\/fraccion_xxxiii\/\">XXXIII. Convenios con sectores social y privado<\/a><\/li>\n\t<li class=\"page_item page-item-2320\"><a href=\"https:\/\/www.oaxaca.gob.mx\/iodemc\/transparencia\/fraccion_xxxiv\/\">XXXIV. El inventario de bienes muebles e inmuebles en posesi\u00f3n y propiedad<\/a><\/li>\n\t<li class=\"page_item page-item-2347\"><a href=\"https:\/\/www.oaxaca.gob.mx\/iodemc\/transparencia\/fraccion_xxxix\/\">XXXIX. Resoluciones y laudos de juicios<\/a><\/li>\n\t<li class=\"page_item page-item-2330\"><a href=\"https:\/\/www.oaxaca.gob.mx\/iodemc\/transparencia\/fraccion_xxxv\/\">XXXV. Recomendaciones y su atenci\u00f3n en materia de derechos humanos<\/a><\/li>\n\t<li class=\"page_item page-item-2336\"><a href=\"https:\/\/www.oaxaca.gob.mx\/iodemc\/transparencia\/fraccion_xxxviii\/\">XXXVIII. Programas ofrecidos<\/a><\/li>\n<\/ul>\n<\/li>\n<\/ul>\n<\/div>\n","protected":false},"excerpt":{"rendered":"","protected":false},"author":1,"featured_media":0,"parent":0,"menu_order":0,"comment_status":"closed","ping_status":"closed","template":"","meta":{"episode_type":"","audio_file":"","podmotor_file_id":"","podmotor_episode_id":"","cover_image":"","cover_image_id":"","duration":"","filesize":"","filesize_raw":"","date_recorded":"","explicit":"","block":"","itunes_episode_number":"","itunes_title":"","itunes_season_number":"","itunes_episode_type":"","footnotes":""},"categories":[],"tags":[],"class_list":["post-6094","page","type-page","status-publish","hentry"],"acf":[],"publishpress_future_action":{"enabled":false,"date":"2026-04-22 18:47:52","action":"change-status","newStatus":"draft","terms":[],"taxonomy":"category","extraData":[]},"publishpress_future_workflow_manual_trigger":{"enabledWorkflows":[]},"_links":{"self":[{"href":"https:\/\/www.oaxaca.gob.mx\/iodemc\/wp-json\/wp\/v2\/pages\/6094","targetHints":{"allow":["GET"]}}],"collection":[{"href":"https:\/\/www.oaxaca.gob.mx\/iodemc\/wp-json\/wp\/v2\/pages"}],"about":[{"href":"https:\/\/www.oaxaca.gob.mx\/iodemc\/wp-json\/wp\/v2\/types\/page"}],"author":[{"embeddable":true,"href":"https:\/\/www.oaxaca.gob.mx\/iodemc\/wp-json\/wp\/v2\/users\/1"}],"replies":[{"embeddable":true,"href":"https:\/\/www.oaxaca.gob.mx\/iodemc\/wp-json\/wp\/v2\/comments?post=6094"}],"version-history":[{"count":1,"href":"https:\/\/www.oaxaca.gob.mx\/iodemc\/wp-json\/wp\/v2\/pages\/6094\/revisions"}],"predecessor-version":[{"id":6095,"href":"https:\/\/www.oaxaca.gob.mx\/iodemc\/wp-json\/wp\/v2\/pages\/6094\/revisions\/6095"}],"wp:attachment":[{"href":"https:\/\/www.oaxaca.gob.mx\/iodemc\/wp-json\/wp\/v2\/media?parent=6094"}],"wp:term":[{"taxonomy":"category","embeddable":true,"href":"https:\/\/www.oaxaca.gob.mx\/iodemc\/wp-json\/wp\/v2\/categories?post=6094"},{"taxonomy":"post_tag","embeddable":true,"href":"https:\/\/www.oaxaca.gob.mx\/iodemc\/wp-json\/wp\/v2\/tags?post=6094"}],"curies":[{"name":"wp","href":"https:\/\/api.w.org\/{rel}","templated":true}]}}