{"id":4024,"date":"2019-10-01T09:42:13","date_gmt":"2019-10-01T14:42:13","guid":{"rendered":"https:\/\/www.oaxaca.gob.mx\/iodemc\/?page_id=4024"},"modified":"2019-10-01T10:37:05","modified_gmt":"2019-10-01T15:37:05","slug":"intervencion-de-consejeros-empresariales-sbdc-para-el-crecimiento-de-mipymes-oaxaquenas","status":"publish","type":"page","link":"https:\/\/www.oaxaca.gob.mx\/iodemc\/intervencion-de-consejeros-empresariales-sbdc-para-el-crecimiento-de-mipymes-oaxaquenas\/","title":{"rendered":"Intervenci\u00f3n de Consejeros Empresariales SBDC para el crecimiento de MiPyMes oaxaque\u00f1as"},"content":{"rendered":"<div style=\"text-align: center;\"><img loading=\"lazy\" decoding=\"async\" class=\"aligncenter size-full wp-image-3993\" src=\"https:\/\/www.oaxaca.gob.mx\/iodemc\/wp-content\/uploads\/sites\/43\/2019\/10\/WhatsApp-Image-2019-10-01-at-10.28.53-AM.jpeg\" alt=\"\" width=\"431\" height=\"642\" \/><br \/>\n<a class=\"btn btn-morado\" href=\"\/wp-content\/uploads\/sites\/43\/2019\/10\/Convocatoria-UTVCO-SBDC-2019.docx\" target=\"_blank\" rel=\"noopener noreferrer\">Descarga la convocatoria completa<\/a><\/div>\n<div>\n<p>El programa AIMO genera valor a las organizaciones mediante la incorporaci\u00f3n de un consejo consultivo integrado por 3 expertos en negocios en diversas \u00e1reas de inteligencia corporativa, de acuerdo a los necesidades prioritarias de la empresa: administraci\u00f3n, finanzas y fiscal, imagen corporativa, comercializaci\u00f3n, tecnologia, procesos de producci\u00f3n, desarrollo humano, dise\u00f1o industrial y procesos juridico-legales. Esta adopci\u00f3n de expertos esta proyectada a 12 meses, en los cuales se brinda un seguimiento puntual usando el modelo y las plataformas digitales propias de los Small Business Development Center \u201cSBDC\u201d mejor conocidos como Centros de Desarrollo de la Peque\u00f1a Empresa, tan exitosos en Estados Unidos de Norteam\u00e9rica.<\/p>\n<\/div>\n<h1 class=\"titulo-gris\" style=\"text-align: center;\"><span style=\"color: #999999; font-size: 18pt;\">Informaci\u00f3n de Utilidad<\/span><\/h1>\n<nav style=\"margin-bottom: 30px;\">\n<div id=\"nav-tab\" class=\"nav nav-tabs nav-justified\" role=\"tablist\"><a id=\"nav_tab_uno\" class=\"nav-item nav-link active\" role=\"tab\" href=\"#nav_uno\" data-toggle=\"tab\"><i class=\"fas fa-download fa-10x\"><\/i><br \/>\nSolicitud de apoyo<\/a><br \/>\n<a id=\"nav_tab_dos\" class=\"nav-item nav-link\" role=\"tab\" href=\"#nav_dos\" data-toggle=\"tab\"><i class=\"fas fa-check-circle fa-10x\"><\/i><br \/>\nCriterios de elegibilidad<\/a><br \/>\n<a id=\"nav_tab_tres\" class=\"nav-item nav-link\" role=\"tab\" href=\"#nav_tres\" data-toggle=\"tab\"><i class=\"fas fa-folder-open fa-10x\"><\/i><br \/>\nEntregables<\/a><\/div>\n<\/nav>\n<div id=\"nav-tabContent\" class=\"tab-content\">\n<div id=\"nav_uno\" class=\"tab-pane fade active show\" role=\"tabpanel\" aria-labelledby=\"nav_tab_uno\">\n<h4><\/h4>\n<table id=\"tablepress-convocatoria_2\" class=\"tablepress tablepress-id-convocatoria_2\">\n<thead>\n<tr class=\"row-1 odd\">\n<th class=\"column-1\">Formatos<\/th>\n<th class=\"column-2\">Descarga<\/th>\n<\/tr>\n<\/thead>\n<tbody class=\"row-hover\">\n<tr class=\"row-5 even\">\n<td class=\"column-1\">Formato de Solicitud de Apoyo UTVCO<\/td>\n<td class=\"column-2\"><a href=\"\/iodemc\/wp-content\/uploads\/sites\/43\/2019\/10\/FORMATO-DE-SOLICITUD-DE-APOYO-UTVCO.docx\" target=\"blank\" rel=\"noopener noreferrer\"><i class=\"far fa-file-word fa-2x\">\u00a0<\/i><\/a><\/td>\n<\/tr>\n<tr class=\"row-5 even\">\n<td class=\"column-1\">Formato de Primer Contacto IODEMC 2019<\/td>\n<td class=\"column-2\"><a href=\"\/iodemc\/wp-content\/uploads\/sites\/43\/2019\/09\/1er-Contacto-IODEMC-2019.pdf\" target=\"blank\" rel=\"noopener noreferrer\"><i class=\"far fa-file-word fa-2x\">\u00a0<\/i><\/a><\/td>\n<\/tr>\n<tr class=\"row-5 even\">\n<td class=\"column-1\">Carta compromiso SBDC UTVCO<\/td>\n<td class=\"column-2\"><a href=\"\/iodemc\/wp-content\/uploads\/sites\/43\/2019\/10\/Carta-Compromiso-SBDC-UTVCO.docx\" target=\"blank\" rel=\"noopener noreferrer\"><i class=\"far fa-file-word fa-2x\">\u00a0<\/i><\/a><\/td>\n<\/tr>\n<tr class=\"row-5 odd\">\n<td class=\"column-1\">Carta bajo protesta de decir verdad SBDC UTVCO<\/td>\n<td class=\"column-2\"><a href=\"\/iodemc\/wp-content\/uploads\/sites\/43\/2019\/10\/Carta-bajo-protesta-de-decir-verdad-SBDC-UTVCO.docx\" target=\"blank\" rel=\"noopener noreferrer\"><i class=\"far fa-file-word fa-2x\">\u00a0<\/i><\/a><\/td>\n<\/tr>\n<tr class=\"row-5 odd\">\n<td class=\"column-1\">Pre-Evaluaci\u00f3n Empresarial 01 OCT. 2019<\/td>\n<td class=\"column-2\"><a href=\"\/iodemc\/wp-content\/uploads\/sites\/43\/2019\/10\/PRE-EVALUACION-EMPRESARIAL-1\u00b0-OCT-2019.doc\" target=\"blank\" rel=\"noopener noreferrer\"><i class=\"far fa-file-word fa-2x\"> <\/i><\/a><\/td>\n<\/tr>\n<\/tbody>\n<\/table>\n<p><!-- #tablepress-convocatoria_2 from cache --><\/p>\n<\/div>\n<div id=\"nav_dos\" class=\"tab-pane fade\" role=\"tabpanel\" aria-labelledby=\"nav_tab_dos\">\n<h4><\/h4>\n<ul class=\"listas-geo\">\n<li>Personas f\u00edsicas mayores de 18 a\u00f1os o personas morales legalmente constituidas, consideradas como<br \/>\nMicro, Peque\u00f1as y Medianas empresas de conformidad con el ACUERDO por el que se establece la<br \/>\nestratificaci\u00f3n de las micro, peque\u00f1as y medianas empresas; cuyo domicilio legal comprobable se encuentre<br \/>\nen el estado de Oaxaca, M\u00e9xico (Exceptuando el Municipio de Oaxaca de Ju\u00e1rez, Oaxaca).<\/li>\n<li>Que el APOYO recibido se destine a la ejecuci\u00f3n de un proyecto dentro del estado de Oaxaca.<\/li>\n<li>Presentar SOLICITUD DE APOYO en las instalaciones de la UTVCO o del IODEMC en los domicilios se\u00f1alados,<br \/>\ncumpliendo con todos los requisitos que en ella se contemplen, de acuerdo con los formatos y anexos que<br \/>\nse\u00f1ala la SOLICITUD DE APOYO.<\/li>\n<li>Presentar mediante escrito libre, declaraci\u00f3n bajo protesta de decir verdad que el APOYO otorgado se<br \/>\nutilizar\u00e1 para fortalecer la empresa a trav\u00e9s de la contrataci\u00f3n de los servicios de consejer\u00eda y<br \/>\nacompa\u00f1amiento empresarial.<\/li>\n<li>Presentar mediante escrito libre y bajo protesta de decir verdad, que no ha recibido un APOYO para el<br \/>\nmismo fin por parte de otra dependencia o entidad del Gobierno Federal, Estatal o Municipal en el ejercicio<br \/>\nfiscal 2018 y\/o 2019.<\/li>\n<li>Estar dispuestos a compartir sus experiencias e informar de los resultados del APOYO recibido.<\/li>\n<li>Las dem\u00e1s que se\u00f1alen la UTVCO y el IODEMC.<\/li>\n<li>No permitir la gesti\u00f3n de terceros o representantes de los grupos y organizaciones en general.<\/li>\n<li>Ubicarse en al menos el NIVEL 3 (Emprendedor en fase de desarrollo) seg\u00fan el INSTRUMENTO DE PRE-<br \/>\nEVALUACI\u00d3N EMPRESARIAL del IODEMC.<\/li>\n<\/ul>\n<\/div>\n<div id=\"nav_tres\" class=\"tab-pane fade\" role=\"tabpanel\" aria-labelledby=\"nav_tab_tres\">\n<h4><\/h4>\n<ul class=\"listas-geo\">\n<li>Comprobante fiscal que ampare los servicios de CONSEJER\u00cdA recibidos por el miembro de la RED DE<br \/>\nCONSEJEROS SBDC seleccionado.<\/li>\n<li>Reporte de resultados con los siguientes puntos a considerar:<br \/>\n            a) Reporte generado en la plataforma de seguimiento NEOSERRA.<br \/>\n            b) Reporte de Seguimiento del trabajo y el conteo de horas de trabajo generado por la plataforma BASECAMP.<br \/>\n            c) Reporte de Impacto logrado (incremento porcentual en ventas, empleos generados o conservados, mejora de productos y\/o procesos, incremento de utilidades, aumento en la productividad, entre otros).<\/li>\n<\/ul>\n<\/div>\n<\/div>\n","protected":false},"excerpt":{"rendered":"<p>Descarga la convocatoria completa El programa AIMO genera valor a las organizaciones mediante la incorporaci\u00f3n de un consejo consultivo integrado por 3 expertos en negocios en diversas \u00e1reas de inteligencia corporativa, de acuerdo a los necesidades prioritarias de la empresa: administraci\u00f3n, finanzas y fiscal, imagen corporativa, comercializaci\u00f3n, tecnologia, procesos de producci\u00f3n, desarrollo humano, dise\u00f1o industrial [&hellip;]<\/p>\n","protected":false},"author":1,"featured_media":0,"parent":0,"menu_order":0,"comment_status":"closed","ping_status":"closed","template":"","meta":{"episode_type":"","audio_file":"","podmotor_file_id":"","podmotor_episode_id":"","cover_image":"","cover_image_id":"","duration":"","filesize":"","filesize_raw":"","date_recorded":"","explicit":"","block":"","itunes_episode_number":"","itunes_title":"","itunes_season_number":"","itunes_episode_type":"","footnotes":""},"categories":[],"tags":[],"class_list":["post-4024","page","type-page","status-publish","hentry"],"acf":[],"publishpress_future_action":{"enabled":false,"date":"2026-04-22 20:40:12","action":"change-status","newStatus":"draft","terms":[],"taxonomy":"category","extraData":[]},"publishpress_future_workflow_manual_trigger":{"enabledWorkflows":[]},"_links":{"self":[{"href":"https:\/\/www.oaxaca.gob.mx\/iodemc\/wp-json\/wp\/v2\/pages\/4024","targetHints":{"allow":["GET"]}}],"collection":[{"href":"https:\/\/www.oaxaca.gob.mx\/iodemc\/wp-json\/wp\/v2\/pages"}],"about":[{"href":"https:\/\/www.oaxaca.gob.mx\/iodemc\/wp-json\/wp\/v2\/types\/page"}],"author":[{"embeddable":true,"href":"https:\/\/www.oaxaca.gob.mx\/iodemc\/wp-json\/wp\/v2\/users\/1"}],"replies":[{"embeddable":true,"href":"https:\/\/www.oaxaca.gob.mx\/iodemc\/wp-json\/wp\/v2\/comments?post=4024"}],"version-history":[{"count":7,"href":"https:\/\/www.oaxaca.gob.mx\/iodemc\/wp-json\/wp\/v2\/pages\/4024\/revisions"}],"predecessor-version":[{"id":4038,"href":"https:\/\/www.oaxaca.gob.mx\/iodemc\/wp-json\/wp\/v2\/pages\/4024\/revisions\/4038"}],"wp:attachment":[{"href":"https:\/\/www.oaxaca.gob.mx\/iodemc\/wp-json\/wp\/v2\/media?parent=4024"}],"wp:term":[{"taxonomy":"category","embeddable":true,"href":"https:\/\/www.oaxaca.gob.mx\/iodemc\/wp-json\/wp\/v2\/categories?post=4024"},{"taxonomy":"post_tag","embeddable":true,"href":"https:\/\/www.oaxaca.gob.mx\/iodemc\/wp-json\/wp\/v2\/tags?post=4024"}],"curies":[{"name":"wp","href":"https:\/\/api.w.org\/{rel}","templated":true}]}}