{"id":3990,"date":"2019-09-25T14:12:04","date_gmt":"2019-09-25T19:12:04","guid":{"rendered":"https:\/\/www.oaxaca.gob.mx\/iodemc\/?page_id=3990"},"modified":"2019-10-09T10:51:27","modified_gmt":"2019-10-09T15:51:27","slug":"convocatoria-aceleracion-empresarial","status":"publish","type":"page","link":"https:\/\/www.oaxaca.gob.mx\/iodemc\/convocatoria-aceleracion-empresarial\/","title":{"rendered":"Convocatoria: Aceleraci\u00f3n Empresarial"},"content":{"rendered":"<div style=\"text-align: center;\">\n<img loading=\"lazy\" decoding=\"async\" class=\"aligncenter size-full wp-image-3993\" src=\"https:\/\/www.oaxaca.gob.mx\/iodemc\/wp-content\/uploads\/sites\/43\/2019\/09\/convocatoria_aceleracion_empresarial.jpeg\" alt=\"\" width=\"431\" height=\"642\" srcset=\"https:\/\/www.oaxaca.gob.mx\/iodemc\/wp-content\/uploads\/sites\/43\/2019\/09\/convocatoria_aceleracion_empresarial.jpeg 431w, https:\/\/www.oaxaca.gob.mx\/iodemc\/wp-content\/uploads\/sites\/43\/2019\/09\/convocatoria_aceleracion_empresarial-201x300.jpeg 201w\" sizes=\"auto, (max-width: 431px) 100vw, 431px\" \/><br \/>\n<a class=\"btn btn-morado\" href=\"https:\/\/www.oaxaca.gob.mx\/iodemc\/wp-content\/uploads\/sites\/43\/2019\/10\/CONVOCATORIA_PROGRAMA_ACELERACION.pdf\" target=\"_blank\" rel=\"noopener noreferrer\">Descarga la convocatoria completa<\/a><\/div>\n<div>\n<p>El programa de \u00abAceleraci\u00f3n Empresarial\u00bb tiene como objetivo potenciar el crecimiento de las Micro, Peque\u00f1as y Medianas Empresas a trav\u00e9s del acceso a consultor\u00eda, acompa\u00f1amiento empresarial y un portafolio de servicios adicionales para resolver necesidades espec\u00edficas o mejorar \u00e1reas de oportunidad detectadas que permitan a trav\u00e9s de conocimiento experto crear, compartir e integrar soluciones r\u00e1pidas e innovadoras en sus portafolios empresariales.<\/p>\n<\/div>\n<h1 class=\"titulo-gris\" style=\"text-align: center;\"><span style=\"color: #999999; font-size: 18pt;\">Informaci\u00f3n de Utilidad<\/span><\/h1>\n<nav style=\"margin-bottom: 30px;\">\n<div id=\"nav-tab\" class=\"nav nav-tabs nav-justified\" role=\"tablist\"><a id=\"nav_tab_uno\" class=\"nav-item nav-link active\" role=\"tab\" href=\"#nav_uno\" data-toggle=\"tab\"><i class=\"fas fa-download fa-10x\"><\/i><br \/>\nSolicitud de apoyo<\/a><br \/>\n<a id=\"nav_tab_dos\" class=\"nav-item nav-link\" role=\"tab\" href=\"#nav_dos\" data-toggle=\"tab\"><i class=\"fas fa-check-circle fa-10x\"><\/i><br \/>\nCriterios de elegibilidad<\/a><br \/>\n<a id=\"nav_tab_tres\" class=\"nav-item nav-link\" role=\"tab\" href=\"#nav_tres\" data-toggle=\"tab\"><i class=\"fas fa-folder-open fa-10x\"><\/i><br \/>\nEntregables<\/a><\/div>\n<\/nav>\n<div id=\"nav-tabContent\" class=\"tab-content\">\n<div id=\"nav_uno\" class=\"tab-pane fade active show\" role=\"tabpanel\" aria-labelledby=\"nav_tab_uno\">\n<h4><\/h4>\n<table id=\"tablepress-convocatoria_2\" class=\"tablepress tablepress-id-convocatoria_2\">\n<thead>\n<tr class=\"row-1 odd\">\n<th class=\"column-1\">Formatos<\/th>\n<th class=\"column-2\">Descarga<\/th>\n<\/tr>\n<\/thead>\n<tbody class=\"row-hover\">\n<tr class=\"row-5 even\">\n<td class=\"column-1\">Formato Solicitud de apoyo<\/td>\n<td class=\"column-2\"><a href=\"https:\/\/www.oaxaca.gob.mx\/iodemc\/wp-content\/uploads\/sites\/43\/2019\/10\/SOLICITUD-PROGRAMA-DE-ACELERACION-1.pdf\" target=\"blank\" rel=\"noopener noreferrer\"><i class=\"far fa-file-word fa-2x\">\u00a0<\/i><\/a><\/td>\n<\/tr>\n<tr class=\"row-5 even\">\n<td class=\"column-1\">Primer contacto<\/td>\n<td class=\"column-2\"><a href=\"\/iodemc\/wp-content\/uploads\/sites\/43\/2019\/09\/1er-Contacto-IODEMC-2019.pdf\" target=\"blank\" rel=\"noopener noreferrer\"><i class=\"far fa-file-word fa-2x\">\u00a0<\/i><\/a><\/td>\n<\/tr>\n<tr class=\"row-5 even\">\n<td class=\"column-1\">Instrumento de pre- evaluaci\u00f3n<\/td>\n<td class=\"column-2\"><a href=\"\/iodemc\/wp-content\/uploads\/sites\/43\/2019\/09\/PRE-EVALUACION-EMPRESARIAL-CONVOCATORIAS-2019-2.doc\" target=\"blank\" rel=\"noopener noreferrer\"><i class=\"far fa-file-word fa-2x\">\u00a0<\/i><\/a><\/td>\n<\/tr>\n<tr class=\"row-5 odd\">\n<td class=\"column-1\">Carta compromiso beneficiario<\/td>\n<td class=\"column-2\"><a href=\"https:\/\/www.oaxaca.gob.mx\/iodemc\/wp-content\/uploads\/sites\/43\/2019\/10\/CARTA-COMPROMISO-DE-APORTACIO\u0301N.docx\" target=\"blank\" rel=\"noopener noreferrer\"><i class=\"far fa-file-word fa-2x\">\u00a0<\/i><\/a><\/td>\n<\/tr>\n<\/tbody>\n<\/table>\n<p><!-- #tablepress-convocatoria_2 from cache --><\/p>\n<\/div>\n<div id=\"nav_dos\" class=\"tab-pane fade\" role=\"tabpanel\" aria-labelledby=\"nav_tab_dos\">\n<h4><\/h4>\n<ul class=\"listas-geo\">\n<li>Personas f\u00edsicas o morales, mayores de 18 a\u00f1os que ya tengan productos o servicios<br \/>\ndesarrollados y en etapa comercial.<\/li>\n<li>Que cuenten con una identidad corporativa y se promocionen por redes sociales \u00f3 internet.<\/li>\n<li>Que tengan una propuesta de valor definida y que los diferenc\u00ede claramente de su competencia.<\/li>\n<li>Que cuenten con un equipo de trabajo de al menos 2 socios de los cuales al menos 1 tenga disponibilidad para asistir a los m\u00f3dulos de capacitaci\u00f3n todos los viernes de 4 a 9 pm y los s\u00e1bados de 9 am a 2 pm durante 4 meses.<\/li>\n<li>Que cuenten con un capital de $20,000 para invertir en el programa.<\/li>\n<\/ul>\n<\/div>\n<div id=\"nav_tres\" class=\"tab-pane fade\" role=\"tabpanel\" aria-labelledby=\"nav_tab_tres\">\n<h4><\/h4>\n<ul class=\"listas-geo\">\n<li>Programa de aceleraci\u00f3n por expertos locales y nacionales (90 hrs)<\/li>\n<li>54 hrs de acompa\u00f1amiento personalizado durante 12 meses.<\/li>\n<li>25 hrs de asesor\u00eda t\u00e9cnica por expertos locales y nacionales<\/li>\n<li>3 eventos para networking y vinculaci\u00f3n con clientes potenciales.<\/li>\n<li>Acceso a servicios adicionales a elegir entre:<br \/>\n1. Investigaci\u00f3n de mercados<br \/>\n2. Desarrollo de producto m\u00ednimo viable y prototipo<br \/>\n3. Dise\u00f1o Gr\u00e1fico<br \/>\n4. Registro de marca<br \/>\n5. Constituci\u00f3n de empresas<br \/>\n6. Creaci\u00f3n de P\u00e1ginas Web<br \/>\n7. Desarrollo de estrategias de comercializaci\u00f3n y canales de distribuci\u00f3n<br \/>\n8. Elaboraci\u00f3n de plan de Marketing<br \/>\n9. Asesor\u00eda contable, legal y fiscal<br \/>\n10. Reclutamiento y recursos humanos<\/li>\n<li>Espacio de cowork durante la duraci\u00f3n del programa<\/li>\n<li>Visibilidad en redes SUM Oaxaca<\/li>\n<\/ul>\n<\/div>\n<\/div>\n","protected":false},"excerpt":{"rendered":"<p>Descarga la convocatoria completa El programa de \u00abAceleraci\u00f3n Empresarial\u00bb tiene como objetivo potenciar el crecimiento de las Micro, Peque\u00f1as y Medianas Empresas a trav\u00e9s del acceso a consultor\u00eda, acompa\u00f1amiento empresarial y un portafolio de servicios adicionales para resolver necesidades espec\u00edficas o mejorar \u00e1reas de oportunidad detectadas que permitan a trav\u00e9s de conocimiento experto crear, compartir [&hellip;]<\/p>\n","protected":false},"author":1,"featured_media":0,"parent":0,"menu_order":0,"comment_status":"closed","ping_status":"closed","template":"","meta":{"episode_type":"","audio_file":"","podmotor_file_id":"","podmotor_episode_id":"","cover_image":"","cover_image_id":"","duration":"","filesize":"","filesize_raw":"","date_recorded":"","explicit":"","block":"","itunes_episode_number":"","itunes_title":"","itunes_season_number":"","itunes_episode_type":"","footnotes":""},"categories":[],"tags":[],"class_list":["post-3990","page","type-page","status-publish","hentry"],"acf":[],"publishpress_future_action":{"enabled":false,"date":"2026-04-22 22:33:20","action":"change-status","newStatus":"draft","terms":[],"taxonomy":"category","extraData":[]},"publishpress_future_workflow_manual_trigger":{"enabledWorkflows":[]},"_links":{"self":[{"href":"https:\/\/www.oaxaca.gob.mx\/iodemc\/wp-json\/wp\/v2\/pages\/3990","targetHints":{"allow":["GET"]}}],"collection":[{"href":"https:\/\/www.oaxaca.gob.mx\/iodemc\/wp-json\/wp\/v2\/pages"}],"about":[{"href":"https:\/\/www.oaxaca.gob.mx\/iodemc\/wp-json\/wp\/v2\/types\/page"}],"author":[{"embeddable":true,"href":"https:\/\/www.oaxaca.gob.mx\/iodemc\/wp-json\/wp\/v2\/users\/1"}],"replies":[{"embeddable":true,"href":"https:\/\/www.oaxaca.gob.mx\/iodemc\/wp-json\/wp\/v2\/comments?post=3990"}],"version-history":[{"count":9,"href":"https:\/\/www.oaxaca.gob.mx\/iodemc\/wp-json\/wp\/v2\/pages\/3990\/revisions"}],"predecessor-version":[{"id":4054,"href":"https:\/\/www.oaxaca.gob.mx\/iodemc\/wp-json\/wp\/v2\/pages\/3990\/revisions\/4054"}],"wp:attachment":[{"href":"https:\/\/www.oaxaca.gob.mx\/iodemc\/wp-json\/wp\/v2\/media?parent=3990"}],"wp:term":[{"taxonomy":"category","embeddable":true,"href":"https:\/\/www.oaxaca.gob.mx\/iodemc\/wp-json\/wp\/v2\/categories?post=3990"},{"taxonomy":"post_tag","embeddable":true,"href":"https:\/\/www.oaxaca.gob.mx\/iodemc\/wp-json\/wp\/v2\/tags?post=3990"}],"curies":[{"name":"wp","href":"https:\/\/api.w.org\/{rel}","templated":true}]}}