{"id":3856,"date":"2019-08-12T13:12:23","date_gmt":"2019-08-12T18:12:23","guid":{"rendered":"https:\/\/www.oaxaca.gob.mx\/iodemc\/?page_id=3856"},"modified":"2019-12-09T11:24:46","modified_gmt":"2019-12-09T17:24:46","slug":"convocatoria-consultoria-empresarial-sbdc","status":"publish","type":"page","link":"https:\/\/www.oaxaca.gob.mx\/iodemc\/convocatoria-consultoria-empresarial-sbdc\/","title":{"rendered":"Convocatoria: Consultor\u00eda Empresarial SBDC"},"content":{"rendered":"<div style=\"text-align: center\">\n<img loading=\"lazy\" decoding=\"async\" class=\"aligncenter wp-image-3858 size-large\" src=\"https:\/\/www.oaxaca.gob.mx\/iodemc\/wp-content\/uploads\/sites\/43\/2019\/08\/seminarioSBDC-04-663x1024.jpg\" alt=\"\" width=\"663\" height=\"1024\" srcset=\"https:\/\/www.oaxaca.gob.mx\/iodemc\/wp-content\/uploads\/sites\/43\/2019\/08\/seminarioSBDC-04-663x1024.jpg 663w, https:\/\/www.oaxaca.gob.mx\/iodemc\/wp-content\/uploads\/sites\/43\/2019\/08\/seminarioSBDC-04-194x300.jpg 194w, https:\/\/www.oaxaca.gob.mx\/iodemc\/wp-content\/uploads\/sites\/43\/2019\/08\/seminarioSBDC-04-768x1187.jpg 768w\" sizes=\"auto, (max-width: 663px) 100vw, 663px\" \/><br \/>\n<a class=\"btn btn-morado\" href=\"https:\/\/www.oaxaca.gob.mx\/iodemc\/wp-content\/uploads\/sites\/43\/2019\/08\/REGLAS-DE-OPERACI\u00d3N-PICEMO.pdf\" target=\"_blank\" rel=\"noopener noreferrer\">Descarga la convocatoria completa<\/a><\/div>\n<div>\n<p>La convocatoria \u201cConsultor\u00eda Empresarial SBDC\u201d tiene como objetivo apoyar el acceso a consultor\u00eda y acompa\u00f1amiento empresarial, para resolver necesidades espec\u00edficas o mejorar \u00e1reas de oportunidad detectadas en diagn\u00f3sticos empresariales que permitan el fortalecimiento de las capacidades administrativas y operativas de las Micro, Peque\u00f1as y Medianas Empresas, de acuerdo con el giro de su actividad.<\/p>\n<p>Para la convocatoria\u201cConsultor\u00eda Empresarial SBDC\u201d, se contar\u00e1 con una bolsa de apoyo en conjunto de $1\u00b4260,000.00 (Un mill\u00f3n doscientos sesenta mil pesos 00\/100 M.N.) que el Gobierno del Estado, a trav\u00e9s del IODEMC, y el Municipio de Oaxaca de Ju\u00e1rez aportar\u00e1n para que el programa se lleve a cabo, y acompa\u00f1ar en un programa de 12 meses a 70 micro, peque\u00f1os y medianos empresarios que incidan en el desarrollo econ\u00f3mico y social del Estado.<\/p>\n<\/div>\n<h1 class=\"titulo-gris\" style=\"text-align: center\"><span style=\"color: #999999;font-size: 18pt\">Informaci\u00f3n de Utilidad<\/span><\/h1>\n<nav style=\"margin-bottom: 30px\">\n<div id=\"nav-tab\" class=\"nav nav-tabs nav-justified\" role=\"tablist\"><a id=\"nav_tab_uno\" class=\"nav-item nav-link active\" role=\"tab\" href=\"#nav_uno\" data-toggle=\"tab\"><i class=\"fas fa-download fa-10x\"><\/i><br \/>\nSolicitud de apoyo<\/a><br \/>\n<a id=\"nav_tab_dos\" class=\"nav-item nav-link\" role=\"tab\" href=\"#nav_dos\" data-toggle=\"tab\"><i class=\"fas fa-check-circle fa-10x\"><\/i><br \/>\nCriterios de elegibilidad<\/a><br \/>\n<a id=\"nav_tab_tres\" class=\"nav-item nav-link\" role=\"tab\" href=\"#nav_tres\" data-toggle=\"tab\"><i class=\"fas fa-folder-open fa-10x\"><\/i><br \/>\nEntregables<\/a><\/div>\n<\/nav>\n<div id=\"nav-tabContent\" class=\"tab-content\">\n<div id=\"nav_uno\" class=\"tab-pane fade active show\" role=\"tabpanel\" aria-labelledby=\"nav_tab_uno\">\n<h4><\/h4>\n<table id=\"tablepress-convocatoria_2\" class=\"tablepress tablepress-id-convocatoria_2\">\n<thead>\n<tr class=\"row-1 odd\">\n<th class=\"column-1\">Formatos<\/th>\n<th class=\"column-2\">Descarga<\/th>\n<\/tr>\n<\/thead>\n<tbody class=\"row-hover\">\n<tr class=\"row-5 even\">\n<td class=\"column-1\">Formato Solicitud de apoyo<\/td>\n<td class=\"column-2\"><a href=\"\/iodemc\/wp-content\/uploads\/sites\/43\/2019\/08\/Formato-de-Solicitud-de-Apoyo.docx\" target=\"blank\" rel=\"noopener noreferrer\"><i class=\"far fa-file-word fa-2x\">\u00a0<\/i><\/a><\/td>\n<\/tr>\n<tr class=\"row-5 even\">\n<td class=\"column-1\">Primer contacto<\/td>\n<td class=\"column-2\"><a href=\"\/iodemc\/wp-content\/uploads\/sites\/43\/2019\/08\/1er-Contacto-IODEMC-2019-1.pdf\" target=\"blank\" rel=\"noopener noreferrer\"><i class=\"far fa-file-word fa-2x\">\u00a0<\/i><\/a><\/td>\n<\/tr>\n<tr class=\"row-5 even\">\n<td class=\"column-1\">Instrumento de pre- evaluaci\u00f3n<\/td>\n<td class=\"column-2\"><a href=\"\/iodemc\/wp-content\/uploads\/sites\/43\/2019\/08\/PRE-EVALUACION-EMPRESARIAL-CONVOCATORIAS-2019-2.doc\" target=\"blank\" rel=\"noopener noreferrer\"><i class=\"far fa-file-word fa-2x\">\u00a0<\/i><\/a><\/td>\n<\/tr>\n<tr class=\"row-5 odd\">\n<td class=\"column-1\">Carta compromiso beneficiario<\/td>\n<td class=\"column-2\"><a href=\"\/iodemc\/wp-content\/uploads\/sites\/43\/2019\/08\/Cartas-Compromiso.docx\" target=\"blank\" rel=\"noopener noreferrer\"><i class=\"far fa-file-word fa-2x\">\u00a0<\/i><\/a><\/td>\n<\/tr>\n<\/tbody>\n<\/table>\n<p><!-- #tablepress-convocatoria_2 from cache --><\/p>\n<\/div>\n<div id=\"nav_dos\" class=\"tab-pane fade\" role=\"tabpanel\" aria-labelledby=\"nav_tab_dos\">\n<h4><\/h4>\n<ul class=\"listas-geo\">\n<li>Personas f\u00edsicas mayores de 18 a\u00f1os o personas morales legalmente constituidas, consideradas como<br \/>\nMicro, Peque\u00f1as y Medianas empresas de conformidad con el ACUERDO por el que se establece la estratificaci\u00f3n de las micro, peque\u00f1as y medianas empresas; cuyo domicilio legal comprobable se encuentre<br \/>\nen el Municipio de Oaxaca de Ju\u00e1rez.<\/li>\n<li>Que el APOYO recibido se destine a la ejecuci\u00f3n de un proyecto dentro del Municipio de Oaxaca de Ju\u00e1rez.<\/li>\n<li>Presentar SOLICITUD DE APOYO en las instalaciones del Municipio de Oaxaca de Ju\u00e1rez o del IODEMC en los<br \/>\ndomicilios se\u00f1alados, cumpliendo con todos los requisitos que en ella se contemplen, de acuerdo con los<br \/>\nformatos que integran el Anexo A de las REGLAS DE OPERACI\u00d3N.<\/li>\n<li>Presentar mediante escrito libre, declaraci\u00f3n bajo protesta de decir verdad que el APOYO otorgado se<br \/>\nutilizar\u00e1 para fortalecer la empresa a trav\u00e9s de la contrataci\u00f3n de los servicios de consultor\u00eda y<br \/>\nacompa\u00f1amiento empresarial.<\/li>\n<li>Presentar mediante escrito libre y bajo protesta de decir verdad, que no ha recibido un APOYO para el<br \/>\nmismo fin por parte de otra dependencia o entidad del Gobierno Federal, Estatal o Municipal en el ejercicio<br \/>\nfiscal 2018 y\/o 2019.<\/li>\n<li>Estar dispuestos a compartir sus experiencias e informar de los resultados del APOYO recibido.<br \/>\nP\u00e1gina 19 de 25<\/li>\n<li>Las dem\u00e1s que se\u00f1alen el Municipio de Oaxaca de Ju\u00e1rez y el IODEMC.<\/li>\n<li>No permitir la gesti\u00f3n de terceros o representantes de los grupos y organizaciones en general.<\/li>\n<li>Constancia de no adeudo en el pago de derechos municipales de acuerdo a su giro.<\/li>\n<li>No pertenecer a la actividad comercial categorizada como \u201cControl Especial\u201d.<\/li>\n<li>Ubicarse en un NIVEL DE EMPRENDIMIENTO en FASE DE DESARROLLO seg\u00fan el INSTRUMENTO DE PRE-<br \/>\nEVALUACI\u00d3N.<\/li>\n<\/ul>\n<\/div>\n<div id=\"nav_tres\" class=\"tab-pane fade\" role=\"tabpanel\" aria-labelledby=\"nav_tab_tres\">\n<h4><\/h4>\n<ul>\n<li><\/li>\n<\/ul>\n<\/div>\n<\/div>\n","protected":false},"excerpt":{"rendered":"<p>Descarga la convocatoria completa La convocatoria \u201cConsultor\u00eda Empresarial SBDC\u201d tiene como objetivo apoyar el acceso a consultor\u00eda y acompa\u00f1amiento empresarial, para resolver necesidades espec\u00edficas o mejorar \u00e1reas de oportunidad detectadas en diagn\u00f3sticos empresariales que permitan el fortalecimiento de las capacidades administrativas y operativas de las Micro, Peque\u00f1as y Medianas Empresas, de acuerdo con el giro [&hellip;]<\/p>\n","protected":false},"author":1,"featured_media":0,"parent":0,"menu_order":0,"comment_status":"closed","ping_status":"closed","template":"","meta":{"episode_type":"","audio_file":"","podmotor_file_id":"","podmotor_episode_id":"","cover_image":"","cover_image_id":"","duration":"","filesize":"","filesize_raw":"","date_recorded":"","explicit":"","block":"","itunes_episode_number":"","itunes_title":"","itunes_season_number":"","itunes_episode_type":"","footnotes":""},"categories":[1],"tags":[],"class_list":["post-3856","page","type-page","status-publish","hentry","category-sin-categoria"],"acf":[],"publishpress_future_action":{"enabled":false,"date":"2026-04-22 20:53:08","action":"change-status","newStatus":"draft","terms":[],"taxonomy":"category","extraData":[]},"publishpress_future_workflow_manual_trigger":{"enabledWorkflows":[]},"_links":{"self":[{"href":"https:\/\/www.oaxaca.gob.mx\/iodemc\/wp-json\/wp\/v2\/pages\/3856","targetHints":{"allow":["GET"]}}],"collection":[{"href":"https:\/\/www.oaxaca.gob.mx\/iodemc\/wp-json\/wp\/v2\/pages"}],"about":[{"href":"https:\/\/www.oaxaca.gob.mx\/iodemc\/wp-json\/wp\/v2\/types\/page"}],"author":[{"embeddable":true,"href":"https:\/\/www.oaxaca.gob.mx\/iodemc\/wp-json\/wp\/v2\/users\/1"}],"replies":[{"embeddable":true,"href":"https:\/\/www.oaxaca.gob.mx\/iodemc\/wp-json\/wp\/v2\/comments?post=3856"}],"version-history":[{"count":17,"href":"https:\/\/www.oaxaca.gob.mx\/iodemc\/wp-json\/wp\/v2\/pages\/3856\/revisions"}],"predecessor-version":[{"id":3995,"href":"https:\/\/www.oaxaca.gob.mx\/iodemc\/wp-json\/wp\/v2\/pages\/3856\/revisions\/3995"}],"wp:attachment":[{"href":"https:\/\/www.oaxaca.gob.mx\/iodemc\/wp-json\/wp\/v2\/media?parent=3856"}],"wp:term":[{"taxonomy":"category","embeddable":true,"href":"https:\/\/www.oaxaca.gob.mx\/iodemc\/wp-json\/wp\/v2\/categories?post=3856"},{"taxonomy":"post_tag","embeddable":true,"href":"https:\/\/www.oaxaca.gob.mx\/iodemc\/wp-json\/wp\/v2\/tags?post=3856"}],"curies":[{"name":"wp","href":"https:\/\/api.w.org\/{rel}","templated":true}]}}