{"id":380,"date":"2017-06-13T15:21:39","date_gmt":"2017-06-13T21:21:39","guid":{"rendered":"https:\/\/www.oaxaca.gob.mx\/iodemc\/?page_id=380"},"modified":"2017-06-13T15:21:39","modified_gmt":"2017-06-13T21:21:39","slug":"consultoria-a-emprendedores-y-empresas","status":"publish","type":"page","link":"https:\/\/www.oaxaca.gob.mx\/iodemc\/consultoria-a-emprendedores-y-empresas\/","title":{"rendered":"2 Consultor\u00eda a emprendedores y empresas"},"content":{"rendered":"<table border=\"0\" width=\"95%\" cellspacing=\"5\">\n<tbody>\n<tr>\n<td rowspan=\"10\"><img loading=\"lazy\" decoding=\"async\" src=\"https:\/\/www.oaxaca.gob.mx\/iodemc\/wp-content\/uploads\/sites\/43\/2017\/02\/WEBconvocatorias-julio2017a.png\" width=\"404\" height=\"624\" \/><\/td>\n<td colspan=\"2\">\n<h2 style=\"text-align: left\">Fortalecimiento a Incubadoras<\/h2>\n<\/td>\n<\/tr>\n<tr>\n<td>Descarga\u00a0la convocatoria<\/td>\n<td><a href=\"https:\/\/www.oaxaca.gob.mx\/iodemc\/wp-content\/uploads\/sites\/43\/2017\/02\/Convocatoria-IODEMC-002-Fortalecimiento-Incubadoras-.pdf\"><img loading=\"lazy\" decoding=\"async\" class=\"alignnone\" src=\"https:\/\/www.oaxaca.gob.mx\/iodemc\/wp-content\/uploads\/sites\/43\/2017\/06\/pdf_icon.png\" width=\"100\" height=\"100\" \/><\/a><\/td>\n<\/tr>\n<tr>\n<td>Descarga la solicitud<\/td>\n<td><a href=\"https:\/\/www.oaxaca.gob.mx\/iodemc\/wp-content\/uploads\/sites\/43\/2017\/02\/anexosconvocatoria002.zip\"><img loading=\"lazy\" decoding=\"async\" class=\"alignnone\" src=\"https:\/\/www.oaxaca.gob.mx\/iodemc\/wp-content\/uploads\/sites\/43\/2017\/06\/word.png\" width=\"100\" height=\"100\" align=\"middle\" \/><\/a><\/td>\n<\/tr>\n<tr>\n<td colspan=\"2\"><\/td>\n<\/tr>\n<tr>\n<td colspan=\"2\"><\/td>\n<\/tr>\n<tr>\n<td><\/td>\n<td><\/td>\n<\/tr>\n<tr>\n<td><\/td>\n<td><\/td>\n<\/tr>\n<\/tbody>\n<\/table>\n<p>\u201cEste programa es de car\u00e1cter p\u00fablico, ajeno a cualquier partido pol\u00edtico. Queda prohibido su uso para fines distintos al Desarrollo Social\u201d<\/p>\n","protected":false},"excerpt":{"rendered":"<p>Fortalecimiento a Incubadoras Descarga\u00a0la convocatoria Descarga la solicitud \u201cEste programa es de car\u00e1cter p\u00fablico, ajeno a cualquier partido pol\u00edtico. Queda prohibido su uso para fines distintos al Desarrollo Social\u201d<\/p>\n","protected":false},"author":1,"featured_media":384,"parent":0,"menu_order":0,"comment_status":"closed","ping_status":"closed","template":"","meta":{"episode_type":"","audio_file":"","podmotor_file_id":"","podmotor_episode_id":"","cover_image":"","cover_image_id":"","duration":"","filesize":"","filesize_raw":"","date_recorded":"","explicit":"","block":"","itunes_episode_number":"","itunes_title":"","itunes_season_number":"","itunes_episode_type":"","footnotes":""},"categories":[],"tags":[],"class_list":["post-380","page","type-page","status-publish","has-post-thumbnail","hentry"],"acf":[],"publishpress_future_action":{"enabled":false,"date":"2026-04-22 20:53:09","action":"change-status","newStatus":"draft","terms":[],"taxonomy":"category","extraData":[]},"publishpress_future_workflow_manual_trigger":{"enabledWorkflows":[]},"_links":{"self":[{"href":"https:\/\/www.oaxaca.gob.mx\/iodemc\/wp-json\/wp\/v2\/pages\/380","targetHints":{"allow":["GET"]}}],"collection":[{"href":"https:\/\/www.oaxaca.gob.mx\/iodemc\/wp-json\/wp\/v2\/pages"}],"about":[{"href":"https:\/\/www.oaxaca.gob.mx\/iodemc\/wp-json\/wp\/v2\/types\/page"}],"author":[{"embeddable":true,"href":"https:\/\/www.oaxaca.gob.mx\/iodemc\/wp-json\/wp\/v2\/users\/1"}],"replies":[{"embeddable":true,"href":"https:\/\/www.oaxaca.gob.mx\/iodemc\/wp-json\/wp\/v2\/comments?post=380"}],"version-history":[{"count":0,"href":"https:\/\/www.oaxaca.gob.mx\/iodemc\/wp-json\/wp\/v2\/pages\/380\/revisions"}],"wp:featuredmedia":[{"embeddable":true,"href":"https:\/\/www.oaxaca.gob.mx\/iodemc\/wp-json\/wp\/v2\/media\/384"}],"wp:attachment":[{"href":"https:\/\/www.oaxaca.gob.mx\/iodemc\/wp-json\/wp\/v2\/media?parent=380"}],"wp:term":[{"taxonomy":"category","embeddable":true,"href":"https:\/\/www.oaxaca.gob.mx\/iodemc\/wp-json\/wp\/v2\/categories?post=380"},{"taxonomy":"post_tag","embeddable":true,"href":"https:\/\/www.oaxaca.gob.mx\/iodemc\/wp-json\/wp\/v2\/tags?post=380"}],"curies":[{"name":"wp","href":"https:\/\/api.w.org\/{rel}","templated":true}]}}