{"id":3529,"date":"2019-06-12T14:03:01","date_gmt":"2019-06-12T20:03:01","guid":{"rendered":"https:\/\/www.oaxaca.gob.mx\/iodemc\/?page_id=3440"},"modified":"2019-10-04T10:08:14","modified_gmt":"2019-10-04T15:08:14","slug":"convocatoria-publica-iodemc-4-2019-2","status":"publish","type":"page","link":"https:\/\/www.oaxaca.gob.mx\/iodemc\/convocatoria-publica-iodemc-4-2019-2\/","title":{"rendered":"Convocatoria 4 PREMIO EMPRENDEDOR UNIVERSITARIO"},"content":{"rendered":"<p><img decoding=\"async\" style=\"width: 100%\" src=\"\/iodemc\/wp-content\/uploads\/sites\/43\/2019\/06\/web-master-01-3.jpg\" \/><\/p>\n<p style=\"text-align: right\"><a href=\"https:\/\/www.oaxaca.gob.mx\/iodemc\/wp-content\/uploads\/sites\/43\/2019\/10\/Conv.-Premio-2019.pdf\" target=\"_blank\" rel=\"noopener noreferrer\">Descarga la convocatoria completa<\/a><\/p>\n<p><img decoding=\"async\" class=\"aligncenter wp-image-3443 size-full\" src=\"\/iodemc\/wp-content\/uploads\/sites\/43\/2019\/06\/web-master-02-3.jpg\" alt=\"\" width=\"100%\" srcset=\"https:\/\/www.oaxaca.gob.mx\/iodemc\/wp-content\/uploads\/sites\/43\/2019\/06\/web-master-02-3.jpg 4750w, https:\/\/www.oaxaca.gob.mx\/iodemc\/wp-content\/uploads\/sites\/43\/2019\/06\/web-master-02-3-300x105.jpg 300w, https:\/\/www.oaxaca.gob.mx\/iodemc\/wp-content\/uploads\/sites\/43\/2019\/06\/web-master-02-3-768x270.jpg 768w, https:\/\/www.oaxaca.gob.mx\/iodemc\/wp-content\/uploads\/sites\/43\/2019\/06\/web-master-02-3-1024x359.jpg 1024w\" sizes=\"(max-width: 4750px) 100vw, 4750px\" \/><\/p>\n<p style=\"text-align: left\"><img decoding=\"async\" class=\"aligncenter wp-image-3446 size-full\" src=\"\/iodemc\/wp-content\/uploads\/sites\/43\/2019\/06\/web-master-03-3.jpg\" alt=\"\" width=\"100%\" srcset=\"https:\/\/www.oaxaca.gob.mx\/iodemc\/wp-content\/uploads\/sites\/43\/2019\/06\/web-master-03-3.jpg 4750w, https:\/\/www.oaxaca.gob.mx\/iodemc\/wp-content\/uploads\/sites\/43\/2019\/06\/web-master-03-3-300x63.jpg 300w, https:\/\/www.oaxaca.gob.mx\/iodemc\/wp-content\/uploads\/sites\/43\/2019\/06\/web-master-03-3-768x162.jpg 768w, https:\/\/www.oaxaca.gob.mx\/iodemc\/wp-content\/uploads\/sites\/43\/2019\/06\/web-master-03-3-1024x216.jpg 1024w\" sizes=\"(max-width: 4750px) 100vw, 4750px\" \/><\/p>\n<p>&nbsp;<\/p>\n<p><img decoding=\"async\" class=\"aligncenter wp-image-3448 size-full\" src=\"\/iodemc\/wp-content\/uploads\/sites\/43\/2019\/06\/web-master-04-3.jpg\" alt=\"\" width=\"100%\" srcset=\"https:\/\/www.oaxaca.gob.mx\/iodemc\/wp-content\/uploads\/sites\/43\/2019\/06\/web-master-04-3.jpg 4750w, https:\/\/www.oaxaca.gob.mx\/iodemc\/wp-content\/uploads\/sites\/43\/2019\/06\/web-master-04-3-300x132.jpg 300w, https:\/\/www.oaxaca.gob.mx\/iodemc\/wp-content\/uploads\/sites\/43\/2019\/06\/web-master-04-3-768x337.jpg 768w, https:\/\/www.oaxaca.gob.mx\/iodemc\/wp-content\/uploads\/sites\/43\/2019\/06\/web-master-04-3-1024x449.jpg 1024w\" sizes=\"(max-width: 4750px) 100vw, 4750px\" \/><\/p>\n<hr \/>\n<h1 class=\"titulo-gris\" style=\"text-align: center\"><span style=\"color: #999999;font-size: 18pt\">Informaci\u00f3n de Utilidad<\/span><\/h1>\n<nav style=\"margin-bottom: 30px\">\n<div id=\"nav-tab\" class=\"nav nav-tabs nav-justified\" role=\"tablist\"><a id=\"nav_tab_uno\" class=\"nav-item nav-link active\" role=\"tab\" href=\"#nav_uno\" data-toggle=\"tab\"><i class=\"fas fa-download fa-10x\"><\/i><br \/>\nSolicitud de apoyo<\/a><br \/>\n<a id=\"nav_tab_dos\" class=\"nav-item nav-link\" role=\"tab\" href=\"#nav_dos\" data-toggle=\"tab\"><i class=\"fas fa-check-circle fa-10x\"><\/i><br \/>\nCriterios de elegibilidad<\/a><br \/>\n<a id=\"nav_tab_tres\" class=\"nav-item nav-link\" role=\"tab\" href=\"#nav_tres\" data-toggle=\"tab\"><i class=\"fas fa-folder-open fa-10x\"><\/i><br \/>\nEntregables<\/a><\/div>\n<\/nav>\n<div id=\"nav-tabContent\" class=\"tab-content\">\n<div id=\"nav_uno\" class=\"tab-pane fade show active\" role=\"tabpanel\" aria-labelledby=\"nav_tab_uno\">\n<h4><\/h4>\n\n<table id=\"tablepress-convocatoria_4\" class=\"tablepress tablepress-id-convocatoria_4\">\n<thead>\n<tr class=\"row-1\">\n\t<th class=\"column-1\">Formatos<\/th><th class=\"column-2\">Descarga<\/th>\n<\/tr>\n<\/thead>\n<tbody class=\"row-striping row-hover\">\n<tr class=\"row-2\">\n\t<td class=\"column-1\">Primer contacto<\/td><td class=\"column-2\"><a href=\"\/iodemc\/wp-content\/uploads\/sites\/43\/2019\/06\/1er-Contacto-IODEMC-2019-3.pdf\" target=\"blank\"><i class=\"far fa-file-pdf fa-2x\">&nbsp;<\/i><\/a><\/td>\n<\/tr>\n<tr class=\"row-3\">\n\t<td class=\"column-1\">Instrumento de Pre-Evaluaci\u00f3n Empresarial<\/td><td class=\"column-2\"><a href=\"\/iodemc\/wp-content\/uploads\/sites\/43\/2019\/06\/PRE-EVALUACION-EMPRESARIAL-CONVOCATORIAS-2019-3.doc\" target=\"blank\"><i class=\"far fa-file-word fa-2x\">&nbsp;<\/i><\/a><\/td>\n<\/tr>\n<tr class=\"row-4\">\n\t<td class=\"column-1\">Cartas de Premio Emprendedor Universitario 2019<\/td><td class=\"column-2\"><a href=\"\/iodemc\/wp-content\/uploads\/sites\/43\/2019\/10\/Cartas-Premio-Emprendedor-2019.docx\" target=\"blank\"><i class=\"far fa-file-word fa-2x\">&nbsp;<\/i><\/a><\/td>\n<\/tr>\n<tr class=\"row-5\">\n\t<td class=\"column-1\">Formato de Premio Emprendedor Universitario 2019<\/td><td class=\"column-2\"><a href=\"\/iodemc\/wp-content\/uploads\/sites\/43\/2019\/10\/Solicitud-Premio-Emprendedor-2019.docx\" target=\"blank\"><i class=\"far fa-file-word fa-2x\">&nbsp;<\/i><\/a><\/td>\n<\/tr>\n<tr class=\"row-6\">\n\t<td class=\"column-1\">Gu\u00eda para subir tu PITCH-IODEMC<\/td><td class=\"column-2\"><a href=\"\/iodemc\/wp-content\/uploads\/sites\/43\/2019\/06\/Gu%C3%ADa-para-subir-tu-PITCH-PREMIO.pdf\" target=\"blank\"><i class=\"far fa-file-pdf fa-2x\">&nbsp;<\/i><\/a><\/td>\n<\/tr>\n<\/tbody>\n<\/table>\n<!-- #tablepress-convocatoria_4 from cache -->\n<\/div>\n<div id=\"nav_dos\" class=\"tab-pane fade\" role=\"tabpanel\" aria-labelledby=\"nav_tab_dos\">\n<h4><\/h4>\n<ul class=\"listas-geo\">\n<li>Personas f\u00edsicas de entre 18 y 29 a\u00f1os que se encuentren cursando alg\u00fan programa de estudios de nivel superior, o bien personas con m\u00e1ximo dos a\u00f1os de haber egresado de alguno de los programas de estudio superiores mencionados.<\/li>\n<li>Contar con domicilio comprobable en el Estado de Oaxaca.<\/li>\n<li>Que el PROYECTO se ejecute en el Estado de Oaxaca.<\/li>\n<li>No haber sido beneficiado previamente con un APOYO para el mismo fin por parte de otra dependencia o entidad del gobierno federal, estatal o municipal en el ejercicio fiscal 2018 y 2019 o del mismo Programa de Apoyo a Emprendedores, Ejercicio Fiscal 2019 del IODEMC.<\/li>\n<li>Ubicarse en un NIVEL DE EMPRENDIMIENTO en FASE DE DESARROLLO seg\u00fan el INSTRUMENTO DE PRE-EVALUACI\u00d3N.<\/li>\n<\/ul>\n<\/div>\n<div id=\"nav_tres\" class=\"tab-pane fade\" role=\"tabpanel\" aria-labelledby=\"nav_tab_tres\">\n<h4><\/h4>\n<p>En caso de resultar beneficiado estos ser\u00e1n los documentos que se generar\u00e1n como resultado de la beca de impulso empresarial y deber\u00e1n entregarse al IODEMC<\/p>\n<ul class=\"listas-geo\">\n<li>ACTA ENTREGA RECEPCI\u00d3N.<\/li>\n<li>Comprobantes fiscales que amparen el o los servicio(s) realizados para la materializaci\u00f3n de la iniciativa o desarrollo del PROYECTO.<\/li>\n<li>Reporte de resultados: documento que describa (anexando fotograf\u00edas) las acciones realizadas, destino del recurso obtenido e impacto logrado.<\/li>\n<\/ul>\n<\/div>\n<\/div>\n<p><img decoding=\"async\" style=\"width: 100%\" src=\"https:\/\/www.oaxaca.gob.mx\/iodemc\/wp-content\/uploads\/sites\/43\/2019\/06\/web-master-11-3.jpg\" \/><\/p>\n","protected":false},"excerpt":{"rendered":"<p>Descarga la convocatoria completa &nbsp; Informaci\u00f3n de Utilidad Solicitud de apoyo Criterios de elegibilidad Entregables Personas f\u00edsicas de entre 18 y 29 a\u00f1os que se encuentren cursando alg\u00fan programa de estudios de nivel superior, o bien personas con m\u00e1ximo dos a\u00f1os de haber egresado de alguno de los programas de estudio superiores mencionados. Contar con [&hellip;]<\/p>\n","protected":false},"author":1,"featured_media":0,"parent":0,"menu_order":0,"comment_status":"closed","ping_status":"closed","template":"","meta":{"episode_type":"","audio_file":"","podmotor_file_id":"","podmotor_episode_id":"","cover_image":"","cover_image_id":"","duration":"","filesize":"","filesize_raw":"","date_recorded":"","explicit":"","block":"","itunes_episode_number":"","itunes_title":"","itunes_season_number":"","itunes_episode_type":"","footnotes":""},"categories":[],"tags":[],"class_list":["post-3529","page","type-page","status-publish","hentry"],"acf":[],"publishpress_future_action":{"enabled":false,"date":"2026-04-22 20:40:14","action":"change-status","newStatus":"draft","terms":[],"taxonomy":"category","extraData":[]},"publishpress_future_workflow_manual_trigger":{"enabledWorkflows":[]},"_links":{"self":[{"href":"https:\/\/www.oaxaca.gob.mx\/iodemc\/wp-json\/wp\/v2\/pages\/3529","targetHints":{"allow":["GET"]}}],"collection":[{"href":"https:\/\/www.oaxaca.gob.mx\/iodemc\/wp-json\/wp\/v2\/pages"}],"about":[{"href":"https:\/\/www.oaxaca.gob.mx\/iodemc\/wp-json\/wp\/v2\/types\/page"}],"author":[{"embeddable":true,"href":"https:\/\/www.oaxaca.gob.mx\/iodemc\/wp-json\/wp\/v2\/users\/1"}],"replies":[{"embeddable":true,"href":"https:\/\/www.oaxaca.gob.mx\/iodemc\/wp-json\/wp\/v2\/comments?post=3529"}],"version-history":[{"count":5,"href":"https:\/\/www.oaxaca.gob.mx\/iodemc\/wp-json\/wp\/v2\/pages\/3529\/revisions"}],"predecessor-version":[{"id":4045,"href":"https:\/\/www.oaxaca.gob.mx\/iodemc\/wp-json\/wp\/v2\/pages\/3529\/revisions\/4045"}],"wp:attachment":[{"href":"https:\/\/www.oaxaca.gob.mx\/iodemc\/wp-json\/wp\/v2\/media?parent=3529"}],"wp:term":[{"taxonomy":"category","embeddable":true,"href":"https:\/\/www.oaxaca.gob.mx\/iodemc\/wp-json\/wp\/v2\/categories?post=3529"},{"taxonomy":"post_tag","embeddable":true,"href":"https:\/\/www.oaxaca.gob.mx\/iodemc\/wp-json\/wp\/v2\/tags?post=3529"}],"curies":[{"name":"wp","href":"https:\/\/api.w.org\/{rel}","templated":true}]}}