{"id":3528,"date":"2019-06-10T00:20:48","date_gmt":"2019-06-10T06:20:48","guid":{"rendered":"https:\/\/www.oaxaca.gob.mx\/iodemc\/?page_id=3378"},"modified":"2019-07-23T15:45:57","modified_gmt":"2019-07-23T20:45:57","slug":"convocatoria-publica-iodemc-3-2019","status":"publish","type":"page","link":"https:\/\/www.oaxaca.gob.mx\/iodemc\/convocatoria-publica-iodemc-3-2019\/","title":{"rendered":"Convocatoria 3 IMPULSO EMPRESARIAL"},"content":{"rendered":"<p><img decoding=\"async\" src=\"\/iodemc\/wp-content\/uploads\/sites\/43\/2019\/06\/web-master-01-2.jpg\" style=\"width: 100%\" \/><\/p>\n<p style=\"text-align: right\"><a class=\"btn btn-morado\" href=\"\/iodemc\/wp-content\/uploads\/sites\/43\/2019\/06\/Conv.-Impulso-2019-b.pdf\">Descarga la convocatoria completa<\/a><\/p>\n<p><img decoding=\"async\" class=\"aligncenter wp-image-3380 size-full\" src=\"\/iodemc\/wp-content\/uploads\/sites\/43\/2019\/06\/web-master-02-2.jpg\" alt=\"\" width=\"100%\" \/><\/p>\n<p style=\"text-align: left\"><img decoding=\"async\" class=\"aligncenter wp-image-3382 size-full\" src=\"\/iodemc\/wp-content\/uploads\/sites\/43\/2019\/06\/web-master-03-2.jpg\" alt=\"\" width=\"100%\" \/><\/p>\n<p>&nbsp;<\/p>\n<p><img decoding=\"async\" class=\"aligncenter wp-image-3384 size-full\" src=\"\/iodemc\/wp-content\/uploads\/sites\/43\/2019\/06\/web-master-04-2.jpg\" alt=\"\" width=\"100%\" \/><\/p>\n<hr \/>\n<h1 class=\"titulo-gris\" style=\"text-align: center\"><span style=\"color: #999999;font-size: 18pt\">Informaci\u00f3n de Utilidad<\/span><\/h1>\n<nav style=\"margin-bottom: 30px;\">\n<div id=\"nav-tab\" class=\"nav nav-tabs nav-justified\" role=\"tablist\">\n    <a id=\"nav_tab_uno\" class=\"nav-item nav-link active\" role=\"tab\" href=\"#nav_uno\" data-toggle=\"tab\" aria-controls=\"nav_uno\" aria-selected=\"true\"><i class=\"fas fa-download fa-10x\"><\/i><br \/>Solicitud de apoyo<\/a><br \/>\n    <a id=\"nav_tab_dos\" class=\"nav-item nav-link\" role=\"tab\" href=\"#nav_dos\" data-toggle=\"tab\" aria-controls=\"nav_dos\" aria-selected=\"false\"><i class=\"fas fa-check-circle fa-10x\"><\/i><br \/>Criterios de elegibilidad<\/a><br \/>\n    <a id=\"nav_tab_tres\" class=\"nav-item nav-link\" role=\"tab\" href=\"#nav_tres\" data-toggle=\"tab\" aria-controls=\"nav_tres\" aria-selected=\"false\"><i class=\"fas fa-folder-open fa-10x\"><\/i><br \/>Entregables<\/a>\n  <\/div>\n<\/nav>\n<div id=\"nav-tabContent\" class=\"tab-content\">\n<div id=\"nav_uno\" class=\"tab-pane fade show active\" role=\"tabpanel\" aria-labelledby=\"nav_tab_uno\">\n<h4>&nbsp;<\/h4>\n\n<table id=\"tablepress-convocatoria_3\" class=\"tablepress tablepress-id-convocatoria_3\">\n<thead>\n<tr class=\"row-1\">\n\t<th class=\"column-1\">Formatos<\/th><th class=\"column-2\">Descarga<\/th>\n<\/tr>\n<\/thead>\n<tbody class=\"row-striping row-hover\">\n<tr class=\"row-2\">\n\t<td class=\"column-1\">Primer contacto<\/td><td class=\"column-2\"><a href=\"\/iodemc\/wp-content\/uploads\/sites\/43\/2019\/06\/1er-Contacto-IODEMC-2019-2.pdf\" target=\"blank\"><i class=\"far fa-file-pdf fa-2x\">&nbsp;<\/i><\/a><\/td>\n<\/tr>\n<tr class=\"row-3\">\n\t<td class=\"column-1\">Instrumento de Pre-Evaluaci\u00f3n Empresarial<\/td><td class=\"column-2\"><a href=\"\/iodemc\/wp-content\/uploads\/sites\/43\/2019\/06\/PRE-EVALUACION-EMPRESARIAL-CONVOCATORIAS-2019-2.doc\" target=\"blank\"><i class=\"far fa-file-word fa-2x\">&nbsp;<\/i><\/a><\/td>\n<\/tr>\n<tr class=\"row-4\">\n\t<td class=\"column-1\">Cartas Beca de Impulso Empresarial<\/td><td class=\"column-2\"><a href=\"\/iodemc\/wp-content\/uploads\/sites\/43\/2019\/06\/Carta-3-Beca-Impulso-Empresarial-2019-1.docx\" target=\"blank\"><i class=\"far fa-file-word fa-2x\">&nbsp;<\/i><\/a><\/td>\n<\/tr>\n<tr class=\"row-5\">\n\t<td class=\"column-1\">Formato Solicitud Impulso Empresarial<\/td><td class=\"column-2\"><a href=\"\/iodemc\/wp-content\/uploads\/sites\/43\/2019\/06\/Solicitud-Impulso-2019.docx\" target=\"blank\"><i class=\"far fa-file-word fa-2x\">&nbsp;<\/i><\/a><\/td>\n<\/tr>\n<tr class=\"row-6\">\n\t<td class=\"column-1\">Gu\u00eda para subir tu PITCH-IODEMC<\/td><td class=\"column-2\"><a href=\"\/iodemc\/wp-content\/uploads\/sites\/43\/2019\/06\/Gui%CC%81a-para-subir-tu-PITCH-IMPULSO-EMPRESARIAL-2019.pdf\" target=\"blank\"><i class=\"far fa-file-pdf fa-2x\">&nbsp;<\/i><\/a><\/td>\n<\/tr>\n<\/tbody>\n<\/table>\n<!-- #tablepress-convocatoria_3 from cache --><\/div>\n<div id=\"nav_dos\" class=\"tab-pane fade\" role=\"tabpanel\" aria-labelledby=\"nav_tab_dos\">\n<h4>&nbsp;<\/h4>\n<ul class=\"listas-geo\">\n<li>Personas f\u00edsicas con actividad empresarial  mayores de 18 a\u00f1os o personas morales legalmente constituidas, consideradas como Micro y Peque\u00f1as empresas de conformidad con el ACUERDO por el que se establece la estratificaci\u00f3n de las micro, peque\u00f1as y medianas empresas.<\/li>\n<li>Contar con domicilio comprobable en el Estado de Oaxaca.<\/li>\n<li>Que el PROYECTO se ejecute en el Estado de Oaxaca.<\/li>\n<li>No haber sido beneficiado previamente con un APOYO para el mismo fin por parte de otra dependencia o entidad del gobierno federal, estatal o municipal en el ejercicio fiscal 2018 y 2019 o del mismo Programa de Apoyo a Emprendedores, Ejercicio Fiscal 2019 del IODEMC.<\/li>\n<li>Ubicarse en un NIVEL DE EMPRENDIMIENTO en FASE DE DESARROLLO seg\u00fan el INSTRUMENTO DE PRE-EVALUACI\u00d3N.<\/li>\n<\/ul><\/div>\n<div id=\"nav_tres\" class=\"tab-pane fade\" role=\"tabpanel\" aria-labelledby=\"nav_tab_tres\">\n<h4>&nbsp;<\/h4>\n<p>En caso de resultar beneficiado estos ser\u00e1n los documentos que se generar\u00e1n como resultado de la beca de impulso empresarial y deber\u00e1n entregarse al IODEMC<\/p>\n<ul class=\"listas-geo\">\n<li>ACTA ENTREGA RECEPCI\u00d3N.<\/li>\n<li>Comprobante fiscal del o los proveedor(es) que ampare(n) el(los) servicio(s) de CONSULTOR\u00cdA, certificaci\u00f3n, dise\u00f1o e innovaci\u00f3n, comercializaci\u00f3n y\/o equipamiento productivo especificados en la SOLICITUD.<\/li>\n<li>Reporte de resultados con los siguientes puntos a considerar:<br \/>\n            A) Descripci\u00f3n detallada de las acciones realizadas (anexando fotograf\u00edas).<br \/>\n            B) Cuadro de inversi\u00f3n de destino del APOYO.<br \/>\n            C) Impacto logrado (incremento porcentual en ventas, empleos generados o conservados, mejora de productos y\/o procesos).<\/li>\n<\/ul><\/div>\n<\/p><\/div>\n<p><img decoding=\"async\" src=\"https:\/\/www.oaxaca.gob.mx\/iodemc\/wp-content\/uploads\/sites\/43\/2019\/06\/web-master-11-2.jpg\" style=\"width: 100%;\" \/><\/p>\n","protected":false},"excerpt":{"rendered":"<p>Descarga la convocatoria completa &nbsp; Informaci\u00f3n de Utilidad Solicitud de apoyo Criterios de elegibilidad Entregables &nbsp; &nbsp; Personas f\u00edsicas con actividad empresarial mayores de 18 a\u00f1os o personas morales legalmente constituidas, consideradas como Micro y Peque\u00f1as empresas de conformidad con el ACUERDO por el que se establece la estratificaci\u00f3n de las micro, peque\u00f1as y medianas [&hellip;]<\/p>\n","protected":false},"author":1,"featured_media":0,"parent":0,"menu_order":0,"comment_status":"closed","ping_status":"closed","template":"","meta":{"episode_type":"","audio_file":"","podmotor_file_id":"","podmotor_episode_id":"","cover_image":"","cover_image_id":"","duration":"","filesize":"","filesize_raw":"","date_recorded":"","explicit":"","block":"","itunes_episode_number":"","itunes_title":"","itunes_season_number":"","itunes_episode_type":"","footnotes":""},"categories":[],"tags":[],"class_list":["post-3528","page","type-page","status-publish","hentry"],"acf":[],"publishpress_future_action":{"enabled":false,"date":"2026-04-22 20:39:27","action":"change-status","newStatus":"draft","terms":[],"taxonomy":"category","extraData":[]},"publishpress_future_workflow_manual_trigger":{"enabledWorkflows":[]},"_links":{"self":[{"href":"https:\/\/www.oaxaca.gob.mx\/iodemc\/wp-json\/wp\/v2\/pages\/3528","targetHints":{"allow":["GET"]}}],"collection":[{"href":"https:\/\/www.oaxaca.gob.mx\/iodemc\/wp-json\/wp\/v2\/pages"}],"about":[{"href":"https:\/\/www.oaxaca.gob.mx\/iodemc\/wp-json\/wp\/v2\/types\/page"}],"author":[{"embeddable":true,"href":"https:\/\/www.oaxaca.gob.mx\/iodemc\/wp-json\/wp\/v2\/users\/1"}],"replies":[{"embeddable":true,"href":"https:\/\/www.oaxaca.gob.mx\/iodemc\/wp-json\/wp\/v2\/comments?post=3528"}],"version-history":[{"count":3,"href":"https:\/\/www.oaxaca.gob.mx\/iodemc\/wp-json\/wp\/v2\/pages\/3528\/revisions"}],"predecessor-version":[{"id":3614,"href":"https:\/\/www.oaxaca.gob.mx\/iodemc\/wp-json\/wp\/v2\/pages\/3528\/revisions\/3614"}],"wp:attachment":[{"href":"https:\/\/www.oaxaca.gob.mx\/iodemc\/wp-json\/wp\/v2\/media?parent=3528"}],"wp:term":[{"taxonomy":"category","embeddable":true,"href":"https:\/\/www.oaxaca.gob.mx\/iodemc\/wp-json\/wp\/v2\/categories?post=3528"},{"taxonomy":"post_tag","embeddable":true,"href":"https:\/\/www.oaxaca.gob.mx\/iodemc\/wp-json\/wp\/v2\/tags?post=3528"}],"curies":[{"name":"wp","href":"https:\/\/api.w.org\/{rel}","templated":true}]}}