{"id":3527,"date":"2019-06-09T23:41:29","date_gmt":"2019-06-10T05:41:29","guid":{"rendered":"https:\/\/www.oaxaca.gob.mx\/iodemc\/?page_id=3350"},"modified":"2019-07-23T15:33:13","modified_gmt":"2019-07-23T20:33:13","slug":"convocatoria-publica-iodemc-2-2019","status":"publish","type":"page","link":"https:\/\/www.oaxaca.gob.mx\/iodemc\/convocatoria-publica-iodemc-2-2019\/","title":{"rendered":"Convocatoria 2 CONSULTORIA"},"content":{"rendered":"<p><img decoding=\"async\" src=\"\/iodemc\/wp-content\/uploads\/sites\/43\/2019\/06\/web-master-01-1.jpg\" style=\"width: 100%\" \/><\/p>\n<p style=\"text-align: right\"><a class=\"btn btn-morado\" href=\"\/iodemc\/wp-content\/uploads\/sites\/43\/2019\/06\/Conv.-Consultori\u0301a-2019.pdf\">Descarga la convocatoria completa<\/a><\/p>\n<p style=\"text-align: left\"><img decoding=\"async\" class=\"aligncenter wp-image-3354 size-full\" src=\"\/iodemc\/wp-content\/uploads\/sites\/43\/2019\/06\/web-master-02-1.jpg\" alt=\"\" width=\"100%\" \/><\/p>\n<p><img decoding=\"async\" class=\"aligncenter wp-image-3357 size-full\" src=\"\/iodemc\/wp-content\/uploads\/sites\/43\/2019\/06\/web-master-03-1.jpg\" alt=\"\" width=\"100%\" \/><\/p>\n<p><img decoding=\"async\" class=\"aligncenter wp-image-3359 size-full\" src=\"\/iodemc\/wp-content\/uploads\/sites\/43\/2019\/06\/web-master-04-1.jpg\" alt=\"\" width=\"100%\" \/><\/p>\n<hr \/>\n<h1 class=\"titulo-gris\" style=\"text-align: center\"><span style=\"color: #999999;font-size: 18pt\">Informaci\u00f3n de Utilidad<\/span><\/h1>\n<nav style=\"margin-bottom: 30px;\">\n<div id=\"nav-tab\" class=\"nav nav-tabs nav-justified\" role=\"tablist\">\n    <a id=\"nav_tab_uno\" class=\"nav-item nav-link active\" role=\"tab\" href=\"#nav_uno\" data-toggle=\"tab\" aria-controls=\"nav_uno\" aria-selected=\"true\"><i class=\"fas fa-download fa-10x\"><\/i><br \/>Solicitud de apoyo<\/a><br \/>\n    <a id=\"nav_tab_dos\" class=\"nav-item nav-link\" role=\"tab\" href=\"#nav_dos\" data-toggle=\"tab\" aria-controls=\"nav_dos\" aria-selected=\"false\"><i class=\"fas fa-check-circle fa-10x\"><\/i><br \/>Criterios de elegibilidad<\/a><br \/>\n    <a id=\"nav_tab_tres\" class=\"nav-item nav-link\" role=\"tab\" href=\"#nav_tres\" data-toggle=\"tab\" aria-controls=\"nav_tres\" aria-selected=\"false\"><i class=\"fas fa-folder-open fa-10x\"><\/i><br \/>Entregables<\/a>\n  <\/div>\n<\/nav>\n<div id=\"nav-tabContent\" class=\"tab-content\">\n<div id=\"nav_uno\" class=\"tab-pane fade show active\" role=\"tabpanel\" aria-labelledby=\"nav_tab_uno\">\n<h4>&nbsp;<\/h4>\n\n<table id=\"tablepress-convocatoria_2\" class=\"tablepress tablepress-id-convocatoria_2\">\n<thead>\n<tr class=\"row-1\">\n\t<th class=\"column-1\">Formatos<\/th><th class=\"column-2\">Descarga<\/th>\n<\/tr>\n<\/thead>\n<tbody class=\"row-striping row-hover\">\n<tr class=\"row-2\">\n\t<td class=\"column-1\">Primer contacto<\/td><td class=\"column-2\"><a href=\"\/iodemc\/wp-content\/uploads\/sites\/43\/2019\/06\/1er-Contacto-IODEMC-2019-1.pdf\" target=\"blank\"><i class=\"far fa-file-pdf fa-2x\">&nbsp;<\/i><\/a><\/td>\n<\/tr>\n<tr class=\"row-3\">\n\t<td class=\"column-1\">Instrumento de Pre-Evaluaci\u00f3n Empresarial<\/td><td class=\"column-2\"><a href=\"\/iodemc\/wp-content\/uploads\/sites\/43\/2019\/06\/PRE-EVALUACION-EMPRESARIAL-CONVOCATORIAS-2019-1.doc\" target=\"blank\"><i class=\"far fa-file-word fa-2x\">&nbsp;<\/i><\/a><\/td>\n<\/tr>\n<tr class=\"row-4\">\n\t<td class=\"column-1\">Cartas Consultor\u00eda a Emprendedores y Empresas<\/td><td class=\"column-2\"><a href=\"\/iodemc\/wp-content\/uploads\/sites\/43\/2019\/06\/Cartas-Convocatoria-Consultori%CC%81a-2019.docx\" target=\"blank\"><i class=\"far fa-file-word fa-2x\">&nbsp;<\/i><\/a><\/td>\n<\/tr>\n<tr class=\"row-5\">\n\t<td class=\"column-1\">Formato Solicitud Consultor\u00eda<\/td><td class=\"column-2\"><a href=\"\/iodemc\/wp-content\/uploads\/sites\/43\/2019\/06\/Solicitud-Consultori%CC%81a-2019.docx\" target=\"blank\"><i class=\"far fa-file-word fa-2x\">&nbsp;<\/i><\/a><\/td>\n<\/tr>\n<\/tbody>\n<\/table>\n<!-- #tablepress-convocatoria_2 from cache --><\/div>\n<div id=\"nav_dos\" class=\"tab-pane fade\" role=\"tabpanel\" aria-labelledby=\"nav_tab_dos\">\n<h4>&nbsp;<\/h4>\n<ul class=\"listas-geo\">\n<li>Personas f\u00edsicas mayores de 18 a\u00f1os o personas morales legalmente constituidas, consideradas como Micro y Peque\u00f1as de conformidad con el ACUERDO por el que se establece la estratificaci\u00f3n de las micro, peque\u00f1as y medianas empresas.<\/li>\n<li>Contar con domicilio comprobable en el Estado de Oaxaca.<\/li>\n<li>Que el PROYECTO se ejecute en el Estado de Oaxaca.<\/li>\n<li>No haber sido beneficiado previamente con un APOYO para el mismo fin por parte de otra dependencia o entidad del gobierno federal, estatal o municipal en el ejercicio fiscal 2018 y 2019 o del mismo Programa de Apoyo a Emprendedores, Ejercicio Fiscal 2019 del IODEMC.<\/li>\n<li>Ubicarse por lo menos como EMPRENDEDOR EXPERIMENTAL seg\u00fan el INSTRUMENTO DE PRE-EVALUACI\u00d3N.<\/li>\n<\/ul><\/div>\n<div id=\"nav_tres\" class=\"tab-pane fade\" role=\"tabpanel\" aria-labelledby=\"nav_tab_tres\">\n<h4>&nbsp;<\/h4>\n<p>En caso de resultar beneficiado, estos ser\u00e1n los documentos que se generar\u00e1n como resultado del servicio de consultor\u00eda y deber\u00e1n entregarse al IODEMC.<\/p>\n<ul>\n<li>ACTA ENTREGA RECEPCI\u00d3N.<\/li>\n<li>Comprobante fiscal del proveedor que ampare el servicio de CONSULTOR\u00cdA realizada.<\/li>\n<li>Reporte de resultados, evidencia de la CONSULTOR\u00cdA como documento entregable o acuse del tr\u00e1mite.<\/li>\n<\/ul><\/div>\n<\/p><\/div>\n<p><img decoding=\"async\" src=\"https:\/\/www.oaxaca.gob.mx\/iodemc\/wp-content\/uploads\/sites\/43\/2019\/06\/web-master-11-1.jpg\" style=\"width: 100%;\" \/><\/p>\n","protected":false},"excerpt":{"rendered":"<p>Descarga la convocatoria completa Informaci\u00f3n de Utilidad Solicitud de apoyo Criterios de elegibilidad Entregables &nbsp; &nbsp; Personas f\u00edsicas mayores de 18 a\u00f1os o personas morales legalmente constituidas, consideradas como Micro y Peque\u00f1as de conformidad con el ACUERDO por el que se establece la estratificaci\u00f3n de las micro, peque\u00f1as y medianas empresas. Contar con domicilio comprobable [&hellip;]<\/p>\n","protected":false},"author":1,"featured_media":3352,"parent":0,"menu_order":0,"comment_status":"closed","ping_status":"closed","template":"","meta":{"episode_type":"","audio_file":"","podmotor_file_id":"","podmotor_episode_id":"","cover_image":"","cover_image_id":"","duration":"","filesize":"","filesize_raw":"","date_recorded":"","explicit":"","block":"","itunes_episode_number":"","itunes_title":"","itunes_season_number":"","itunes_episode_type":"","footnotes":""},"categories":[],"tags":[],"class_list":["post-3527","page","type-page","status-publish","has-post-thumbnail","hentry"],"acf":[],"publishpress_future_action":{"enabled":false,"date":"2026-04-22 20:41:54","action":"change-status","newStatus":"draft","terms":[],"taxonomy":"category","extraData":[]},"publishpress_future_workflow_manual_trigger":{"enabledWorkflows":[]},"_links":{"self":[{"href":"https:\/\/www.oaxaca.gob.mx\/iodemc\/wp-json\/wp\/v2\/pages\/3527","targetHints":{"allow":["GET"]}}],"collection":[{"href":"https:\/\/www.oaxaca.gob.mx\/iodemc\/wp-json\/wp\/v2\/pages"}],"about":[{"href":"https:\/\/www.oaxaca.gob.mx\/iodemc\/wp-json\/wp\/v2\/types\/page"}],"author":[{"embeddable":true,"href":"https:\/\/www.oaxaca.gob.mx\/iodemc\/wp-json\/wp\/v2\/users\/1"}],"replies":[{"embeddable":true,"href":"https:\/\/www.oaxaca.gob.mx\/iodemc\/wp-json\/wp\/v2\/comments?post=3527"}],"version-history":[{"count":2,"href":"https:\/\/www.oaxaca.gob.mx\/iodemc\/wp-json\/wp\/v2\/pages\/3527\/revisions"}],"predecessor-version":[{"id":3609,"href":"https:\/\/www.oaxaca.gob.mx\/iodemc\/wp-json\/wp\/v2\/pages\/3527\/revisions\/3609"}],"wp:featuredmedia":[{"embeddable":true,"href":"https:\/\/www.oaxaca.gob.mx\/iodemc\/wp-json\/"}],"wp:attachment":[{"href":"https:\/\/www.oaxaca.gob.mx\/iodemc\/wp-json\/wp\/v2\/media?parent=3527"}],"wp:term":[{"taxonomy":"category","embeddable":true,"href":"https:\/\/www.oaxaca.gob.mx\/iodemc\/wp-json\/wp\/v2\/categories?post=3527"},{"taxonomy":"post_tag","embeddable":true,"href":"https:\/\/www.oaxaca.gob.mx\/iodemc\/wp-json\/wp\/v2\/tags?post=3527"}],"curies":[{"name":"wp","href":"https:\/\/api.w.org\/{rel}","templated":true}]}}