{"id":3526,"date":"2019-06-09T07:53:53","date_gmt":"2019-06-09T13:53:53","guid":{"rendered":"https:\/\/www.oaxaca.gob.mx\/iodemc\/?page_id=3304"},"modified":"2019-07-23T16:24:51","modified_gmt":"2019-07-23T21:24:51","slug":"convocatoria-publica-iodemc-1-2019","status":"publish","type":"page","link":"https:\/\/www.oaxaca.gob.mx\/iodemc\/convocatoria-publica-iodemc-1-2019\/","title":{"rendered":"Convocatoria P\u00fablica IODEMC 1"},"content":{"rendered":"<p><img decoding=\"async\" src=\"https:\/\/www.oaxaca.gob.mx\/iodemc\/wp-content\/uploads\/sites\/43\/2019\/06\/web-master-01.jpg\" style=\"width: 100%\"\/><\/p>\n<p style=\"text-align: right\"><a class=\"btn btn-morado\" href=\"\/iodemc\/wp-content\/uploads\/sites\/43\/2019\/06\/Conv.-Incubacio\u0301n-2019.pdf\">Descarga la convocatoria completa<\/a><\/p>\n<p style=\"text-align: left\"><img decoding=\"async\" class=\"aligncenter wp-image-3308 size-large\" src=\"\/iodemc\/wp-content\/uploads\/sites\/43\/2019\/06\/web-master-02-1024x359.jpg\" alt=\"\" width=\"100%\" \/><\/p>\n<p><img decoding=\"async\" class=\"aligncenter size-full wp-image-3320\" src=\"\/iodemc\/wp-content\/uploads\/sites\/43\/2019\/06\/web-master-03.jpg\" alt=\"\" width=\"100%\" \/><\/p>\n<p><img decoding=\"async\" class=\"aligncenter size-full wp-image-3322\" src=\"\/iodemc\/wp-content\/uploads\/sites\/43\/2019\/06\/web-master-04.jpg\" alt=\"\" width=\"100%\" \/><\/p>\n<hr \/>\n<p style=\"text-align:center;\"> Informaci\u00f3n de Utilidad <\/p>\n<ul class=\"nav nav-tabs nav-justified\" id=\"myTab\" role=\"tablist\">\n<li class=\"nav-item\">\n        <a style=\"text-align: center\" id=\"nav_tab_uno\" class=\"nav-item nav-link active\" role=\"tab\" href=\"#nav_uno\" data-toggle=\"tab\"><i class=\"fas fa-download fa-10x\"><\/i><\/p>\n<p style=\"font-size: 20px\">Solicitud de apoyo<\/p>\n<p><\/a>\n      <\/li>\n<li class=\"nav-item\">\n        <a style=\"text-align: center\" id=\"nav_tab_dos\" class=\"nav-item nav-link\" role=\"tab\" href=\"#nav_dos\" data-toggle=\"tab\"><i class=\"fas fa-check-circle fa-10x\"><\/i><\/p>\n<p style=\"font-size: 20px\">Criterios de elegibilidad<\/p>\n<p><\/a>\n      <\/li>\n<li class=\"nav-item\">\n          <a style=\"text-align: center\" id=\"nav_tab_tres\" class=\"nav-item nav-link\" role=\"tab\" href=\"#nav_tres\" data-toggle=\"tab\"><i class=\"fas fa-folder-open fa-10x\"><\/i><\/p>\n<p style=\"font-size: 20px\">Entregables<\/p>\n<p><\/a>\n      <\/li>\n<\/ul>\n<div id=\"nav-tabContent\" class=\"tab-content\">\n<div id=\"nav_uno\" class=\"tab-pane fade show active\" role=\"tabpanel\" aria-labelledby=\"nav_tab_uno\">\n<table id=\"tablepress-tbl_solicitud_apoyos\" class=\"tablepress tablepress-id-tbl_solicitud_apoyos\">\n<thead>\n<tr class=\"row-1\">\n\t<th class=\"column-1\">Formatos<\/th><th class=\"column-2\">Descarga<\/th>\n<\/tr>\n<\/thead>\n<tbody class=\"row-striping row-hover\">\n<tr class=\"row-2\">\n\t<td class=\"column-1\">Primer contacto\t<\/td><td class=\"column-2\"><a href=\"\/iodemc\/wp-content\/uploads\/sites\/43\/2019\/06\/1er-Contacto-IODEMC-2019.pdf\" target=\"_blank\"><i class=\"far fa-file-pdf fa-2x\">\u00a0<\/i><\/a><\/td>\n<\/tr>\n<tr class=\"row-3\">\n\t<td class=\"column-1\">Instrumento de Pre-Evaluaci\u00f3n Empresarial<\/td><td class=\"column-2\"><a href=\"\/iodemc\/wp-content\/uploads\/sites\/43\/2019\/06\/PRE-EVALUACION-EMPRESARIAL-CONVOCATORIAS-2019.doc\" target=\"_blank\"><i class=\"far fa-file-pdf fa-2x\">\u00a0<\/i><\/a><\/td>\n<\/tr>\n<tr class=\"row-4\">\n\t<td class=\"column-1\">Cartas Incubaci\u00f3n de Empresas<\/td><td class=\"column-2\"><a href=\"\/iodemc\/wp-content\/uploads\/sites\/43\/2019\/06\/Cartas-Incubacio%CC%81n-de-Empresas-2019.docx\" target=\"_blank\"><i class=\"far fa-file-pdf fa-2x\">\u00a0<\/i><\/a><\/td>\n<\/tr>\n<tr class=\"row-5\">\n\t<td class=\"column-1\">Formato Solicitud Incubaci\u00f3n<\/td><td class=\"column-2\"><a href=\"\/iodemc\/wp-content\/uploads\/sites\/43\/2019\/06\/Solicitud-Incubacio%CC%81n-2019.docx\" target=\"_blank\"><i class=\"far fa-file-pdf fa-2x\">\u00a0<\/i><\/a><\/td>\n<\/tr>\n<tr class=\"row-6\">\n\t<td class=\"column-1\">Gu\u00eda para subir tu PITCH-IODEMC<\/td><td class=\"column-2\"><a href=\"\/iodemc\/wp-content\/uploads\/sites\/43\/2019\/06\/Gui%CC%81a-para-subir-tu-PITCH-INCUBACIO%CC%81N.pdf\" target=\"_blank\"><i class=\"far fa-file-pdf fa-2x\">\u00a0<\/i><\/a><\/td>\n<\/tr>\n<\/tbody>\n<\/table>\n<!-- #tablepress-tbl_solicitud_apoyos from cache --><\/div>\n<div id=\"nav_dos\" class=\"tab-pane fade\" role=\"tabpanel\" aria-labelledby=\"nav_tab_dos\">\n<ol>\n<li>1.- Personas f\u00edsicas mayores de 18 a\u00f1os o personas morales legalmente constituidas, consideradas como Micro y Peque\u00f1as empresas de conformidad con el ACUERDO por el que se establece la estratificaci\u00f3n de las micro y peque\u00f1as empresas.<\/li>\n<li>2.- Contar con domicilio comprobable en el Estado de Oaxaca.<\/li>\n<li>3.- Que el PROYECTO se ejecute en el Estado de Oaxaca.<\/li>\n<li>4.- <span style=\"font-family: arial, helvetica, sans-serif\">No haber sido beneficiado previamente con un APOYO para el mismo fin por parte de otra dependencia o entidad del gobierno federal, estatal o municipal en el ejercicio fiscal 2018 y 2019 o del mismo Programa de Apoyo a Emprendedores, Ejercicio Fiscal 2019 del IODEMC.<\/span><\/li>\n<li>5.- <span style=\"font-family: arial, helvetica, sans-serif\">Ubicarse en un NIVEL DE EMPRENDIMIENTO EXPERIMENTAL o en FASE DE DESARROLLO seg\u00fan el INSTRUMENTO DE PRE-EVALUACI\u00d3N del IODEMC.<\/span><\/li>\n<\/ol>\n<\/div>\n<div id=\"nav_tres\" class=\"tab-pane fade\" role=\"tabpanel\" aria-labelledby=\"nav_tab_tres\"><span style=\"font-size: 14pt\"><strong>En caso de resultar beneficiado, estos ser\u00e1n los documentos que se generar\u00e1n como resultado del proceso de incubaci\u00f3n y deber\u00e1n entregarse al IODEMC al finalizar la incubaci\u00f3n.<\/strong><\/span><\/p>\n<ol class=\"listas-geo\">\n<li><span style=\"font-family: arial, helvetica, sans-serif\">Constancia de participaci\u00f3n del curso de introducci\u00f3n del IODEMC.<\/span><\/li>\n<li><span style=\"font-family: arial, helvetica, sans-serif\">ACTA ENTREGA RECEPCI\u00d3N, se se\u00f1ala la INCUBADORA que estar\u00e1 a cargo de su proceso de INCUBACI\u00d3N.<\/span><\/li>\n<li><span style=\"font-family: arial, helvetica, sans-serif\">Contrato de prestaci\u00f3n de servicios, en donde deber\u00e1n incluir al IODEMC como testigo<\/span><\/li>\n<li>Comprobante fiscal de la INCUBADORA que ampare el servicio de la CONSULTOR\u00cdA realizada<\/li>\n<li>Reporte de resultados con los siguientes puntos para considerar:\n<ol style=\"list-style-type: lower-alpha\">\n<li>Diagn\u00f3stico empresarial (inicial y final).<\/li>\n<li>DOCUMENTO EJECUTIVO, cuyo contenido m\u00ednimo se encuentra en: <a href=\"\/iodemc\/\">iodemc.oaxaca.gob.mx<\/a>.<\/li>\n<li>Presentaci\u00f3n verbal concisa para exponer su idea o PROYECTO emprendedor PITCH en video una vez finalizado su proceso de incubaci\u00f3n y destacando los resultados obtenidos.<\/li>\n<li>Registro Federal de Contribuyentes y Acta Constitutiva con inscripci\u00f3n en el Registro P\u00fablico de la Propiedad (solo en el caso de personas morales).<\/li>\n<\/ol>\n<\/li>\n<\/ol>\n<p>&nbsp;<\/p>\n<p><strong><em>Trat\u00e1ndose de proyectos de BASE TECNOL\u00d3GICA y ALTO IMPACTO, adem\u00e1s de lo anterior:<\/em><\/strong><\/p>\n<p style=\"padding-left: 60px\">e. Comprobar la inversi\u00f3n realizada a trav\u00e9s de comprobantes fiscales y documentos de gesti\u00f3n dentro del proceso de incubaci\u00f3n de los componentes dedicados a pruebas de dise\u00f1o, validaci\u00f3n t\u00e9cnica, construcci\u00f3n de prototipo, equipamiento productivo y\/o protecci\u00f3n intelectual asociada al proyecto que asciende que corresponda al porcentaje establecido al apartado VIII.<\/p>\n<p><strong><em>Trat\u00e1ndose de proyectos de ALTO IMPACTO, adem\u00e1s de lo anterior<\/em><\/strong><\/p>\n<p style=\"padding-left: 60px\">f. Informe de consultor\u00edas especializadas, permisos o tr\u00e1mites requeridos para que la empresa se consolide<a href=\"#_ftn1\" name=\"_ftnref1\">[1]<\/a> cubriendo un porcentaje establecido en el apartado VIII.<\/p>\n<p style=\"padding-left: 60px\">g. Documentaci\u00f3n que soporte la solicitud de ingreso a fuentes de financiamiento p\u00fablicas o privadas.<\/p>\n<p style=\"padding-left: 60px\">h. Detallar en el DOCUMENTO EJECUTIVO proyecci\u00f3n del crecimiento de la empresa en t\u00e9rminos de empleo e ingresos en los primeros cinco a\u00f1os.<a href=\"#_ftnref1\" name=\"_ftn1\"><\/a><\/p>\n<p style=\"text-align: center\"><span style=\"font-family: arial, helvetica, sans-serif\"><a href=\"#_ftnref1\" name=\"_ftn1\">[1]<\/a> <em>Por ejemplo: consultor\u00eda en gesti\u00f3n de propiedad intelectual, pruebas de laboratorio, comercio exterior, entre otras.<\/em><\/span><\/p>\n<\/div>\n<\/div>\n<p><img decoding=\"async\" src=\"https:\/\/www.oaxaca.gob.mx\/iodemc\/wp-content\/uploads\/sites\/43\/2019\/06\/web-master-11.jpg\" style=\"width:100%\" \/><\/p>\n","protected":false},"excerpt":{"rendered":"<p>Descarga la convocatoria completa Informaci\u00f3n de Utilidad Solicitud de apoyo Criterios de elegibilidad Entregables 1.- Personas f\u00edsicas mayores de 18 a\u00f1os o personas morales legalmente constituidas, consideradas como Micro y Peque\u00f1as empresas de conformidad con el ACUERDO por el que se establece la estratificaci\u00f3n de las micro y peque\u00f1as empresas. 2.- Contar con domicilio comprobable [&hellip;]<\/p>\n","protected":false},"author":1,"featured_media":0,"parent":0,"menu_order":0,"comment_status":"closed","ping_status":"closed","template":"","meta":{"episode_type":"","audio_file":"","podmotor_file_id":"","podmotor_episode_id":"","cover_image":"","cover_image_id":"","duration":"","filesize":"","filesize_raw":"","date_recorded":"","explicit":"","block":"","itunes_episode_number":"","itunes_title":"","itunes_season_number":"","itunes_episode_type":"","footnotes":""},"categories":[],"tags":[],"class_list":["post-3526","page","type-page","status-publish","hentry"],"acf":[],"publishpress_future_action":{"enabled":false,"date":"2026-04-22 20:39:24","action":"change-status","newStatus":"draft","terms":[],"taxonomy":"category","extraData":[]},"publishpress_future_workflow_manual_trigger":{"enabledWorkflows":[]},"_links":{"self":[{"href":"https:\/\/www.oaxaca.gob.mx\/iodemc\/wp-json\/wp\/v2\/pages\/3526","targetHints":{"allow":["GET"]}}],"collection":[{"href":"https:\/\/www.oaxaca.gob.mx\/iodemc\/wp-json\/wp\/v2\/pages"}],"about":[{"href":"https:\/\/www.oaxaca.gob.mx\/iodemc\/wp-json\/wp\/v2\/types\/page"}],"author":[{"embeddable":true,"href":"https:\/\/www.oaxaca.gob.mx\/iodemc\/wp-json\/wp\/v2\/users\/1"}],"replies":[{"embeddable":true,"href":"https:\/\/www.oaxaca.gob.mx\/iodemc\/wp-json\/wp\/v2\/comments?post=3526"}],"version-history":[{"count":5,"href":"https:\/\/www.oaxaca.gob.mx\/iodemc\/wp-json\/wp\/v2\/pages\/3526\/revisions"}],"predecessor-version":[{"id":3645,"href":"https:\/\/www.oaxaca.gob.mx\/iodemc\/wp-json\/wp\/v2\/pages\/3526\/revisions\/3645"}],"wp:attachment":[{"href":"https:\/\/www.oaxaca.gob.mx\/iodemc\/wp-json\/wp\/v2\/media?parent=3526"}],"wp:term":[{"taxonomy":"category","embeddable":true,"href":"https:\/\/www.oaxaca.gob.mx\/iodemc\/wp-json\/wp\/v2\/categories?post=3526"},{"taxonomy":"post_tag","embeddable":true,"href":"https:\/\/www.oaxaca.gob.mx\/iodemc\/wp-json\/wp\/v2\/tags?post=3526"}],"curies":[{"name":"wp","href":"https:\/\/api.w.org\/{rel}","templated":true}]}}