{"id":3220,"date":"2019-05-13T18:46:21","date_gmt":"2019-05-13T16:46:21","guid":{"rendered":"https:\/\/www.oaxaca.gob.mx\/iodemc\/?page_id=3220"},"modified":"2019-05-13T18:46:21","modified_gmt":"2019-05-13T16:46:21","slug":"titular-de-la-dependecia","status":"publish","type":"page","link":"https:\/\/www.oaxaca.gob.mx\/iodemc\/titular-de-la-dependecia\/","title":{"rendered":"Titular de la Dependecia"},"content":{"rendered":"<p><img decoding=\"async\" class=\"size-full wp-image-19 aligncenter\" src=\"https:\/\/www.oaxaca.gob.mx\/iodemc\/wp-content\/uploads\/sites\/43\/2017\/01\/Foto-mensaje-del-Director.jpg\" alt=\"\" width=\"100%\" height=\"392\" srcset=\"https:\/\/www.oaxaca.gob.mx\/iodemc\/wp-content\/uploads\/sites\/43\/2017\/01\/Foto-mensaje-del-Director.jpg 770w, https:\/\/www.oaxaca.gob.mx\/iodemc\/wp-content\/uploads\/sites\/43\/2017\/01\/Foto-mensaje-del-Director-300x153.jpg 300w, https:\/\/www.oaxaca.gob.mx\/iodemc\/wp-content\/uploads\/sites\/43\/2017\/01\/Foto-mensaje-del-Director-768x391.jpg 768w\" sizes=\"(max-width: 770px) 100vw, 770px\" \/><\/p>\n<p>El Instituto Oaxaque\u00f1o del Emprendedor y de la Competitividad (IODEMC) se crea por iniciativa del Gobernador del Estado, Mtro. Alejandro Murat Hinojosa, como respuesta a una latente necesidad de acompa\u00f1amiento por parte de los emprendedores en el proceso de ideaci\u00f3n y planeaci\u00f3n de un negocio. Esta necesidad se constata tambi\u00e9n por los hechos:<\/p>\n<p>*De cada 100 empresas que inician operaciones en Oaxaca, en menos de un a\u00f1o 34 de ellas habr\u00e1n cerrado sus puertas y 5 a\u00f1os despu\u00e9s s\u00f3lo 12 permanecer\u00e1n abiertas.<\/p>\n<p>*A pesar de ser las MiPyMES un importante motor de desarrollo, que de acuerdo a las cifras generan el 72% del empleo y el 52% del PIB, su esperanza de vida en Oaxaca es de 3.8 a\u00f1os, la m\u00e1s baja en el pa\u00eds, casi la mitad que Chiapas con 7.8 a\u00f1os.<\/p>\n<p>En este sentido, el objetivo del IODEMC es establecer y ejecutar pol\u00edticas p\u00fablicas y programas de apoyo que fomenten la cultura emprendedora y la competitividad como base del desarrollo econ\u00f3mico del estado y contribuir al bienestar social.<\/p>\n<p>Para el IODEMC, los emprendedores no se limitan a un rango espec\u00edfico de edad o actividad econ\u00f3mica, si no que son todos aquellos que buscan desarrollar un negocio, una idea creativa, viable e innovadora, as\u00ed como aquellos que ya teniendo una empresa establecida buscan innovar en sus productos, servicios o procesos, con la finalidad de expandirse y consolidarse.<\/p>\n<p>Te invito a acercarte al IODEMC,<\/p>\n<p>Emprendiendo Juntos, Construimos el Cambio.<\/p>\n<p>Lic. Rodrigo Arnaud Bello<\/p>\n<p>Director General del IODEMC<\/p>\n","protected":false},"excerpt":{"rendered":"<p>El Instituto Oaxaque\u00f1o del Emprendedor y de la Competitividad (IODEMC) se crea por iniciativa del Gobernador del Estado, Mtro. Alejandro Murat Hinojosa, como respuesta a una latente necesidad de acompa\u00f1amiento por parte de los emprendedores en el proceso de ideaci\u00f3n y planeaci\u00f3n de un negocio. Esta necesidad se constata tambi\u00e9n por los hechos: *De cada [&hellip;]<\/p>\n","protected":false},"author":1,"featured_media":0,"parent":0,"menu_order":0,"comment_status":"closed","ping_status":"closed","template":"","meta":{"episode_type":"","audio_file":"","podmotor_file_id":"","podmotor_episode_id":"","cover_image":"","cover_image_id":"","duration":"","filesize":"","filesize_raw":"","date_recorded":"","explicit":"","block":"","itunes_episode_number":"","itunes_title":"","itunes_season_number":"","itunes_episode_type":"","footnotes":""},"categories":[],"tags":[],"class_list":["post-3220","page","type-page","status-publish","hentry"],"acf":[],"publishpress_future_action":{"enabled":false,"date":"2026-04-22 20:41:56","action":"change-status","newStatus":"draft","terms":[],"taxonomy":"category","extraData":[]},"publishpress_future_workflow_manual_trigger":{"enabledWorkflows":[]},"_links":{"self":[{"href":"https:\/\/www.oaxaca.gob.mx\/iodemc\/wp-json\/wp\/v2\/pages\/3220","targetHints":{"allow":["GET"]}}],"collection":[{"href":"https:\/\/www.oaxaca.gob.mx\/iodemc\/wp-json\/wp\/v2\/pages"}],"about":[{"href":"https:\/\/www.oaxaca.gob.mx\/iodemc\/wp-json\/wp\/v2\/types\/page"}],"author":[{"embeddable":true,"href":"https:\/\/www.oaxaca.gob.mx\/iodemc\/wp-json\/wp\/v2\/users\/1"}],"replies":[{"embeddable":true,"href":"https:\/\/www.oaxaca.gob.mx\/iodemc\/wp-json\/wp\/v2\/comments?post=3220"}],"version-history":[{"count":0,"href":"https:\/\/www.oaxaca.gob.mx\/iodemc\/wp-json\/wp\/v2\/pages\/3220\/revisions"}],"wp:attachment":[{"href":"https:\/\/www.oaxaca.gob.mx\/iodemc\/wp-json\/wp\/v2\/media?parent=3220"}],"wp:term":[{"taxonomy":"category","embeddable":true,"href":"https:\/\/www.oaxaca.gob.mx\/iodemc\/wp-json\/wp\/v2\/categories?post=3220"},{"taxonomy":"post_tag","embeddable":true,"href":"https:\/\/www.oaxaca.gob.mx\/iodemc\/wp-json\/wp\/v2\/tags?post=3220"}],"curies":[{"name":"wp","href":"https:\/\/api.w.org\/{rel}","templated":true}]}}