{"id":2451,"date":"2018-09-24T19:17:26","date_gmt":"2018-09-25T01:17:26","guid":{"rendered":"https:\/\/www.oaxaca.gob.mx\/iodemc\/?page_id=2451"},"modified":"2018-09-24T19:17:26","modified_gmt":"2018-09-25T01:17:26","slug":"convocatoria-publica-iodemc-4","status":"publish","type":"page","link":"https:\/\/www.oaxaca.gob.mx\/iodemc\/convocatoria-publica-iodemc-4\/","title":{"rendered":"Convocatoria P\u00fablica IODEMC 4"},"content":{"rendered":"<p style=\"text-align: right\">[button size=\u00bblarge\u00bb color=\u00bbgreen\u00bb\u00a0 target=\u00bbblank\u00bb url=\u00bbhttps:\/\/www.oaxaca.gob.mx\/iodemc\/wp-content\/uploads\/sites\/43\/2018\/09\/convocatoria-4.pdf\u00bb]<span style=\"font-size: 14pt\">Descarga la convocatoria completa<\/span>[\/button]\n<p><img decoding=\"async\" class=\"alignnone wp-image-2452 size-full\" src=\"https:\/\/www.oaxaca.gob.mx\/iodemc\/wp-content\/uploads\/sites\/43\/2018\/09\/conv4WEB2-01.jpg\" alt=\"\" width=\"100%\" srcset=\"https:\/\/www.oaxaca.gob.mx\/iodemc\/wp-content\/uploads\/sites\/43\/2018\/09\/conv4WEB2-01.jpg 2096w, https:\/\/www.oaxaca.gob.mx\/iodemc\/wp-content\/uploads\/sites\/43\/2018\/09\/conv4WEB2-01-300x116.jpg 300w, https:\/\/www.oaxaca.gob.mx\/iodemc\/wp-content\/uploads\/sites\/43\/2018\/09\/conv4WEB2-01-768x297.jpg 768w, https:\/\/www.oaxaca.gob.mx\/iodemc\/wp-content\/uploads\/sites\/43\/2018\/09\/conv4WEB2-01-1024x396.jpg 1024w\" sizes=\"(max-width: 2096px) 100vw, 2096px\" \/><\/p>\n<p><img decoding=\"async\" class=\"alignnone size-full wp-image-2457\" src=\"https:\/\/www.oaxaca.gob.mx\/iodemc\/wp-content\/uploads\/sites\/43\/2018\/09\/conv4WEB3-01.jpg\" alt=\"\" width=\"100%\" srcset=\"https:\/\/www.oaxaca.gob.mx\/iodemc\/wp-content\/uploads\/sites\/43\/2018\/09\/conv4WEB3-01.jpg 2096w, https:\/\/www.oaxaca.gob.mx\/iodemc\/wp-content\/uploads\/sites\/43\/2018\/09\/conv4WEB3-01-300x73.jpg 300w, https:\/\/www.oaxaca.gob.mx\/iodemc\/wp-content\/uploads\/sites\/43\/2018\/09\/conv4WEB3-01-768x188.jpg 768w, https:\/\/www.oaxaca.gob.mx\/iodemc\/wp-content\/uploads\/sites\/43\/2018\/09\/conv4WEB3-01-1024x251.jpg 1024w\" sizes=\"(max-width: 2096px) 100vw, 2096px\" \/><\/p>\n<p>&nbsp;<\/p>\n<p><img decoding=\"async\" class=\"alignnone size-full wp-image-2456\" src=\"https:\/\/www.oaxaca.gob.mx\/iodemc\/wp-content\/uploads\/sites\/43\/2018\/09\/conv4WEB4-01.jpg\" alt=\"\" width=\"100%\" srcset=\"https:\/\/www.oaxaca.gob.mx\/iodemc\/wp-content\/uploads\/sites\/43\/2018\/09\/conv4WEB4-01.jpg 2096w, https:\/\/www.oaxaca.gob.mx\/iodemc\/wp-content\/uploads\/sites\/43\/2018\/09\/conv4WEB4-01-300x158.jpg 300w, https:\/\/www.oaxaca.gob.mx\/iodemc\/wp-content\/uploads\/sites\/43\/2018\/09\/conv4WEB4-01-768x405.jpg 768w, https:\/\/www.oaxaca.gob.mx\/iodemc\/wp-content\/uploads\/sites\/43\/2018\/09\/conv4WEB4-01-1024x540.jpg 1024w\" sizes=\"(max-width: 2096px) 100vw, 2096px\" \/><\/p>\n<p><img decoding=\"async\" class=\"alignnone size-full wp-image-2454\" src=\"https:\/\/www.oaxaca.gob.mx\/iodemc\/wp-content\/uploads\/sites\/43\/2018\/09\/conv4WEB5-01.jpg\" alt=\"\" width=\"100%\" srcset=\"https:\/\/www.oaxaca.gob.mx\/iodemc\/wp-content\/uploads\/sites\/43\/2018\/09\/conv4WEB5-01.jpg 2096w, https:\/\/www.oaxaca.gob.mx\/iodemc\/wp-content\/uploads\/sites\/43\/2018\/09\/conv4WEB5-01-300x73.jpg 300w, https:\/\/www.oaxaca.gob.mx\/iodemc\/wp-content\/uploads\/sites\/43\/2018\/09\/conv4WEB5-01-768x188.jpg 768w, https:\/\/www.oaxaca.gob.mx\/iodemc\/wp-content\/uploads\/sites\/43\/2018\/09\/conv4WEB5-01-1024x251.jpg 1024w\" sizes=\"(max-width: 2096px) 100vw, 2096px\" \/><\/p>\n<p>&nbsp;<\/p>\n<hr \/>\n<h1 class=\"titulo-gris\" style=\"text-align: center\"><span style=\"color: #999999;font-size: 18pt\">Informaci\u00f3n de Utilidad<\/span><\/h1>\n[tabby title=\u00bb\u00bb width=\u00bb400px\u00bb icon=\u00bb\u00bb]\n[tabby title=\u00bbSolicitud de apoyo\u00bb width=\u00bb400px\u00bb icon=\u00bbdownload fa-4x\u00bb]\n<h4>Solicitud de apoyo<\/h4>\n<table class=\"aligncenter\" style=\"height: 168px;width: 97%\" border=\"1\" width=\"97%\" cellpadding=\"5\">\n<tbody>\n<tr style=\"height: 48px\">\n<td style=\"width: 24.6245%;height: 48px\" bgcolor=\"#622779\" width=\"34%\"><span style=\"color: #ffffff\"><strong>Formatos<\/strong><\/span><\/td>\n<td style=\"width: 29.9489%;height: 48px\" bgcolor=\"#622779\" width=\"20%\"><span style=\"color: #ffffff\"><strong>Descarga<\/strong><\/span><\/td>\n<\/tr>\n<tr style=\"height: 24px\">\n<td style=\"width: 24.6245%;height: 24px\" width=\"34%\"><span style=\"font-size: 14pt\">Primer contacto<\/span><\/td>\n<td style=\"width: 29.9489%;height: 24px\" width=\"20%\"><a href=\"https:\/\/www.oaxaca.gob.mx\/iodemc\/wp-content\/uploads\/sites\/43\/2018\/07\/1erContactoIODEMC-ENE2018.pdf\" target=\"_blank\" rel=\"noopener noreferrer\"><span style=\"font-size: 18pt\">[icon name=\u00bbdownload fa-4x\u00bb class=\u00bb\u00bb unprefixed_class=\u00bb\u00bb]<\/span><\/a><\/td>\n<\/tr>\n<tr style=\"height: 24px\">\n<td style=\"width: 24.6245%;height: 24px\" width=\"34%\"><span style=\"font-size: 14pt\">Instrumento de Pre-Evaluaci\u00f3n Empresarial<\/span><\/td>\n<td style=\"width: 29.9489%;height: 24px\" width=\"20%\"><a href=\"https:\/\/www.oaxaca.gob.mx\/iodemc\/wp-content\/uploads\/sites\/43\/2018\/08\/INSTRUMENTO-DE-PRE-EVALUACION-EMPRESARIAL.docx\" target=\"_blank\" rel=\"noopener noreferrer\"><span style=\"font-size: 18pt\">[icon name=\u00bbdownload\u00bb class=\u00bb\u00bb unprefixed_class=\u00bb\u00bb]<\/span><\/a><\/td>\n<\/tr>\n<tr style=\"height: 24px\">\n<td style=\"width: 24.6245%;height: 24px\" width=\"34%\"><span style=\"font-size: 14pt\">Solicitud de Apoyo Convocatoria P\u00fablica 4<\/span><\/td>\n<td style=\"width: 29.9489%;height: 24px\" width=\"20%\"><a href=\"https:\/\/www.oaxaca.gob.mx\/iodemc\/wp-content\/uploads\/sites\/43\/2018\/09\/SOLICITUD-DE-APOYO-CONVOCATORIA-PU\u0301BLICA-4-.docx\" target=\"_blank\" rel=\"noopener noreferrer\"><span style=\"font-size: 18pt\">[icon name=\u00bbdownload\u00bb class=\u00bb\u00bb unprefixed_class=\u00bb\u00bb]<\/span><\/a><\/td>\n<\/tr>\n<tr style=\"height: 24px\">\n<td style=\"width: 24.6245%;height: 24px\" width=\"34%\"><span style=\"font-size: 14pt\">Gu\u00eda para subir tu PITCH-IODEMC<\/span><\/td>\n<td style=\"width: 29.9489%;height: 24px\" width=\"20%\"><a href=\"https:\/\/www.oaxaca.gob.mx\/iodemc\/wp-content\/uploads\/sites\/43\/2018\/09\/Gui\u0301a-para-subir-tu-PITCH-PREMIO-EMPRENDEDOR-UNIVERSITARIO.doc\" target=\"_blank\" rel=\"noopener noreferrer\"><span style=\"font-size: 18pt\">[icon name=\u00bbdownload\u00bb class=\u00bb\u00bb unprefixed_class=\u00bb\u00bb]<\/span><\/a><\/td>\n<\/tr>\n<tr>\n<td style=\"width: 24.6245%\"><span style=\"font-size: 14pt\">Carta bajo protesta de decir verdad<\/span><\/td>\n<td style=\"width: 29.9489%\"><a href=\"https:\/\/www.oaxaca.gob.mx\/iodemc\/wp-content\/uploads\/sites\/43\/2018\/10\/Carta-4-Premio-Emprendedor-Universitario-2018-2.docx\" target=\"_blank\" rel=\"noopener noreferrer\"><span style=\"font-size: 18pt\">[icon name=\u00bbdownload\u00bb class=\u00bb\u00bb unprefixed_class=\u00bb\u00bb]<\/span><\/a><\/td>\n<\/tr>\n<\/tbody>\n<\/table>\n<p>&nbsp;<\/p>\n<p>&nbsp;<\/p>\n<p>&nbsp;<\/p>\n<p>&nbsp;<\/p>\n<p>&nbsp;<\/p>\n<p>&nbsp;<\/p>\n<p>&nbsp;<\/p>\n<p>&nbsp;<\/p>\n<p><span style=\"font-family: arial, helvetica, sans-serif\">[tabby title=\u00bbCriterios de elegibilidad\u00bb icon=\u00bbcheck-circle-o fa-4x\u00bb width=\u00bb500&#8243;]<\/span><\/p>\n<ol>\n<li style=\"font-weight: 400\">Personas f\u00edsicas mayores de 18 a\u00f1os.<\/li>\n<li style=\"font-weight: 400\">Contar con domicilio comprobable en el Estado de Oaxaca.<\/li>\n<li style=\"font-weight: 400\">Que el PROYECTO se ejecute en el Estado de Oaxaca.<\/li>\n<li style=\"font-weight: 400\">No haber sido beneficiado previamente con un APOYO para el mismo fin por parte de otra dependencia o entidad del gobierno federal, estatal o municipal en el ejercicio fiscal 2017 y 2018 o del mismo Programa de Apoyo a Emprendedores, Ejercicio Fiscal 2018 del IODEMC.<\/li>\n<li style=\"font-weight: 400\">Ubicarse en un NIVEL DE EMPRENDIMIENTO EXPERIMENTAL o en FASE DE DESARROLLO seg\u00fan el INSTRUMENTO DE PRE-EVALUACI\u00d3N.<\/li>\n<\/ol>\n<p><span style=\"font-family: arial, helvetica, sans-serif\">[tabby title=\u00bbEntregables\u00bb icon=\u00bbfolder-open-o fa-4x\u00bb]<\/span><\/p>\n<p><span style=\"font-size: 14pt\"><strong>En caso de resultar beneficiado estos ser\u00e1n los documentos que se generar\u00e1n como resultado del Premio Emprendedor Universitario y deber\u00e1n entregarse al IODEMC<\/strong><\/span><\/p>\n<ol>\n<li style=\"font-weight: 400\">ACTA ENTREGA RECEPCI\u00d3N.<\/li>\n<li style=\"font-weight: 400\">Comprobantes fiscales que amparen el o los servicio(s) realizados para la materializaci\u00f3n de la iniciativa o desarrollo del PROYECTO.<\/li>\n<li style=\"font-weight: 400\">Reporte de resultados: documento que describa (anexando fotograf\u00edas) las acciones realizadas, destino del recurso obtenido e impacto logrado.<\/li>\n<\/ol>\n[tabby title=\u00bb\u00bb width=\u00bb400px\u00bb icon=\u00bb\u00bb]\n<p style=\"text-align: center\"><span style=\"font-family: arial, helvetica, sans-serif\">[tabbyending]<\/span><\/p>\n<p>&nbsp;<\/p>\n<p>&nbsp;<\/p>\n<p style=\"text-align: center\"><strong><span style=\"font-family: arial, helvetica, sans-serif\"><em>\u201cEste Programa es de car\u00e1cter p\u00fablico, ajeno a cualquier partido pol\u00edtico. Queda prohibido su uso para fines distintos a los establecidos en el programa.\u201d<\/em><\/span><\/strong><\/p>\n","protected":false},"excerpt":{"rendered":"<p>[button size=\u00bblarge\u00bb color=\u00bbgreen\u00bb\u00a0 target=\u00bbblank\u00bb url=\u00bbhttps:\/\/www.oaxaca.gob.mx\/iodemc\/wp-content\/uploads\/sites\/43\/2018\/09\/convocatoria-4.pdf\u00bb]Descarga la convocatoria completa[\/button] &nbsp; &nbsp; Informaci\u00f3n de Utilidad [tabby title=\u00bb\u00bb width=\u00bb400px\u00bb icon=\u00bb\u00bb] [tabby title=\u00bbSolicitud de apoyo\u00bb width=\u00bb400px\u00bb icon=\u00bbdownload fa-4x\u00bb] Solicitud de apoyo Formatos Descarga Primer contacto [icon name=\u00bbdownload fa-4x\u00bb class=\u00bb\u00bb unprefixed_class=\u00bb\u00bb] Instrumento de Pre-Evaluaci\u00f3n Empresarial [icon name=\u00bbdownload\u00bb class=\u00bb\u00bb unprefixed_class=\u00bb\u00bb] Solicitud de Apoyo Convocatoria P\u00fablica 4 [icon name=\u00bbdownload\u00bb class=\u00bb\u00bb unprefixed_class=\u00bb\u00bb] Gu\u00eda [&hellip;]<\/p>\n","protected":false},"author":1,"featured_media":2458,"parent":0,"menu_order":0,"comment_status":"closed","ping_status":"closed","template":"","meta":{"episode_type":"","audio_file":"","podmotor_file_id":"","podmotor_episode_id":"","cover_image":"","cover_image_id":"","duration":"","filesize":"","filesize_raw":"","date_recorded":"","explicit":"","block":"","itunes_episode_number":"","itunes_title":"","itunes_season_number":"","itunes_episode_type":"","footnotes":""},"categories":[],"tags":[],"class_list":["post-2451","page","type-page","status-publish","has-post-thumbnail","hentry"],"acf":[],"publishpress_future_action":{"enabled":false,"date":"2026-04-22 20:43:13","action":"change-status","newStatus":"draft","terms":[],"taxonomy":"category","extraData":[]},"publishpress_future_workflow_manual_trigger":{"enabledWorkflows":[]},"_links":{"self":[{"href":"https:\/\/www.oaxaca.gob.mx\/iodemc\/wp-json\/wp\/v2\/pages\/2451","targetHints":{"allow":["GET"]}}],"collection":[{"href":"https:\/\/www.oaxaca.gob.mx\/iodemc\/wp-json\/wp\/v2\/pages"}],"about":[{"href":"https:\/\/www.oaxaca.gob.mx\/iodemc\/wp-json\/wp\/v2\/types\/page"}],"author":[{"embeddable":true,"href":"https:\/\/www.oaxaca.gob.mx\/iodemc\/wp-json\/wp\/v2\/users\/1"}],"replies":[{"embeddable":true,"href":"https:\/\/www.oaxaca.gob.mx\/iodemc\/wp-json\/wp\/v2\/comments?post=2451"}],"version-history":[{"count":0,"href":"https:\/\/www.oaxaca.gob.mx\/iodemc\/wp-json\/wp\/v2\/pages\/2451\/revisions"}],"wp:featuredmedia":[{"embeddable":true,"href":"https:\/\/www.oaxaca.gob.mx\/iodemc\/wp-json\/wp\/v2\/media\/2458"}],"wp:attachment":[{"href":"https:\/\/www.oaxaca.gob.mx\/iodemc\/wp-json\/wp\/v2\/media?parent=2451"}],"wp:term":[{"taxonomy":"category","embeddable":true,"href":"https:\/\/www.oaxaca.gob.mx\/iodemc\/wp-json\/wp\/v2\/categories?post=2451"},{"taxonomy":"post_tag","embeddable":true,"href":"https:\/\/www.oaxaca.gob.mx\/iodemc\/wp-json\/wp\/v2\/tags?post=2451"}],"curies":[{"name":"wp","href":"https:\/\/api.w.org\/{rel}","templated":true}]}}