{"id":2330,"date":"2018-09-04T09:38:51","date_gmt":"2018-09-04T15:38:51","guid":{"rendered":"https:\/\/www.oaxaca.gob.mx\/iodemc\/?page_id=2330"},"modified":"2018-09-04T09:38:51","modified_gmt":"2018-09-04T15:38:51","slug":"fraccion_xxxv","status":"publish","type":"page","link":"https:\/\/www.oaxaca.gob.mx\/iodemc\/transparencia\/fraccion_xxxv\/","title":{"rendered":"XXXV. Recomendaciones y su atenci\u00f3n en materia de derechos humanos"},"content":{"rendered":"[yoast-breadcrumb]\n<h2>XXXV. Recomendaciones y su atenci\u00f3n en materia de derechos humanos<\/h2>\n<p>Las recomendaciones emitidas por los \u00f3rganos p\u00fablicos del Estado mexicano u organismos internacionales garantes de los derechos humanos.<\/p>\n<h4>XXXV. Recomendaciones y su atenci\u00f3n en materia de derechos humanos<\/h4>\n<h3>Denuncia<\/h3>\n<h6 style=\"text-align: center\">Para interponer una denuncia por incumplimiento, descarga el formato y env\u00edalo al siguiente correo electr\u00f3nico<\/h6>\n<p style=\"text-align: center\">denuncia@iaipoaxaca.org.mx<\/p>\n<p><a role=\"button\" href=\"#\"><br \/>\nDescargar formato<br \/>\n<\/a><\/p>\n","protected":false},"excerpt":{"rendered":"<p>[yoast-breadcrumb] XXXV. Recomendaciones y su atenci\u00f3n en materia de derechos humanos Las recomendaciones emitidas por los \u00f3rganos p\u00fablicos del Estado mexicano u organismos internacionales garantes de los derechos humanos. XXXV. Recomendaciones y su atenci\u00f3n en materia de derechos humanos Denuncia Para interponer una denuncia por incumplimiento, descarga el formato y env\u00edalo al siguiente correo electr\u00f3nico [&hellip;]<\/p>\n","protected":false},"author":1,"featured_media":1188,"parent":1171,"menu_order":0,"comment_status":"closed","ping_status":"closed","template":"","meta":{"episode_type":"","audio_file":"","podmotor_file_id":"","podmotor_episode_id":"","cover_image":"","cover_image_id":"","duration":"","filesize":"","filesize_raw":"","date_recorded":"","explicit":"","block":"","itunes_episode_number":"","itunes_title":"","itunes_season_number":"","itunes_episode_type":"","footnotes":""},"categories":[],"tags":[],"class_list":["post-2330","page","type-page","status-publish","has-post-thumbnail","hentry"],"acf":[],"publishpress_future_action":{"enabled":false,"date":"2026-04-22 20:41:54","action":"change-status","newStatus":"draft","terms":[],"taxonomy":"category","extraData":[]},"publishpress_future_workflow_manual_trigger":{"enabledWorkflows":[]},"_links":{"self":[{"href":"https:\/\/www.oaxaca.gob.mx\/iodemc\/wp-json\/wp\/v2\/pages\/2330","targetHints":{"allow":["GET"]}}],"collection":[{"href":"https:\/\/www.oaxaca.gob.mx\/iodemc\/wp-json\/wp\/v2\/pages"}],"about":[{"href":"https:\/\/www.oaxaca.gob.mx\/iodemc\/wp-json\/wp\/v2\/types\/page"}],"author":[{"embeddable":true,"href":"https:\/\/www.oaxaca.gob.mx\/iodemc\/wp-json\/wp\/v2\/users\/1"}],"replies":[{"embeddable":true,"href":"https:\/\/www.oaxaca.gob.mx\/iodemc\/wp-json\/wp\/v2\/comments?post=2330"}],"version-history":[{"count":0,"href":"https:\/\/www.oaxaca.gob.mx\/iodemc\/wp-json\/wp\/v2\/pages\/2330\/revisions"}],"up":[{"embeddable":true,"href":"https:\/\/www.oaxaca.gob.mx\/iodemc\/wp-json\/wp\/v2\/pages\/1171"}],"wp:featuredmedia":[{"embeddable":true,"href":"https:\/\/www.oaxaca.gob.mx\/iodemc\/wp-json\/wp\/v2\/media\/1188"}],"wp:attachment":[{"href":"https:\/\/www.oaxaca.gob.mx\/iodemc\/wp-json\/wp\/v2\/media?parent=2330"}],"wp:term":[{"taxonomy":"category","embeddable":true,"href":"https:\/\/www.oaxaca.gob.mx\/iodemc\/wp-json\/wp\/v2\/categories?post=2330"},{"taxonomy":"post_tag","embeddable":true,"href":"https:\/\/www.oaxaca.gob.mx\/iodemc\/wp-json\/wp\/v2\/tags?post=2330"}],"curies":[{"name":"wp","href":"https:\/\/api.w.org\/{rel}","templated":true}]}}