{"id":1899,"date":"2018-07-15T18:07:34","date_gmt":"2018-07-16T00:07:34","guid":{"rendered":"https:\/\/www.oaxaca.gob.mx\/iodemc\/?page_id=1899"},"modified":"2018-07-15T18:07:34","modified_gmt":"2018-07-16T00:07:34","slug":"convocatoria-publica-iodemc-2","status":"publish","type":"page","link":"https:\/\/www.oaxaca.gob.mx\/iodemc\/convocatoria-publica-iodemc-2\/","title":{"rendered":"Convocatoria P\u00fablica IODEMC 2"},"content":{"rendered":"<p style=\"text-align: right\">[button size=\u00bblarge\u00bb color=\u00bborange\u00bb url=\u00bbhttps:\/\/www.oaxaca.gob.mx\/iodemc\/wp-content\/uploads\/sites\/43\/2018\/07\/Convocatoria-2-_Consultori\u0301a-a-Emprendedores-y-Empresas_.pdf\u00bb]<span style=\"font-size: 14pt\">Descarga la convocatoria completa<\/span>[\/button]\n<p style=\"text-align: left\"><img decoding=\"async\" class=\"alignnone wp-image-1902 size-large\" src=\"https:\/\/www.oaxaca.gob.mx\/iodemc\/wp-content\/uploads\/sites\/43\/2018\/07\/Conv22-01-1024x343.jpg\" alt=\"\" width=\"95%\" srcset=\"https:\/\/www.oaxaca.gob.mx\/iodemc\/wp-content\/uploads\/sites\/43\/2018\/07\/Conv22-01-1024x343.jpg 1024w, https:\/\/www.oaxaca.gob.mx\/iodemc\/wp-content\/uploads\/sites\/43\/2018\/07\/Conv22-01-300x100.jpg 300w, https:\/\/www.oaxaca.gob.mx\/iodemc\/wp-content\/uploads\/sites\/43\/2018\/07\/Conv22-01-768x257.jpg 768w\" sizes=\"(max-width: 1024px) 100vw, 1024px\" \/><\/p>\n<p><img decoding=\"async\" class=\"alignnone wp-image-1903 size-large\" src=\"https:\/\/www.oaxaca.gob.mx\/iodemc\/wp-content\/uploads\/sites\/43\/2018\/07\/Conv23-01-1024x247.jpg\" alt=\"\" width=\"95%\" srcset=\"https:\/\/www.oaxaca.gob.mx\/iodemc\/wp-content\/uploads\/sites\/43\/2018\/07\/Conv23-01-1024x247.jpg 1024w, https:\/\/www.oaxaca.gob.mx\/iodemc\/wp-content\/uploads\/sites\/43\/2018\/07\/Conv23-01-300x72.jpg 300w, https:\/\/www.oaxaca.gob.mx\/iodemc\/wp-content\/uploads\/sites\/43\/2018\/07\/Conv23-01-768x185.jpg 768w, https:\/\/www.oaxaca.gob.mx\/iodemc\/wp-content\/uploads\/sites\/43\/2018\/07\/Conv23-01.jpg 1048w\" sizes=\"(max-width: 1024px) 100vw, 1024px\" \/><\/p>\n<p><img decoding=\"async\" class=\"alignnone wp-image-1904 size-large\" src=\"https:\/\/www.oaxaca.gob.mx\/iodemc\/wp-content\/uploads\/sites\/43\/2018\/07\/Conv24A-01-1024x541.jpg\" alt=\"\" width=\"95%\" srcset=\"https:\/\/www.oaxaca.gob.mx\/iodemc\/wp-content\/uploads\/sites\/43\/2018\/07\/Conv24A-01-1024x541.jpg 1024w, https:\/\/www.oaxaca.gob.mx\/iodemc\/wp-content\/uploads\/sites\/43\/2018\/07\/Conv24A-01-300x159.jpg 300w, https:\/\/www.oaxaca.gob.mx\/iodemc\/wp-content\/uploads\/sites\/43\/2018\/07\/Conv24A-01-768x406.jpg 768w, https:\/\/www.oaxaca.gob.mx\/iodemc\/wp-content\/uploads\/sites\/43\/2018\/07\/Conv24A-01.jpg 1048w\" sizes=\"(max-width: 1024px) 100vw, 1024px\" \/><\/p>\n<p><img decoding=\"async\" class=\"alignnone wp-image-1906 size-large\" src=\"https:\/\/www.oaxaca.gob.mx\/iodemc\/wp-content\/uploads\/sites\/43\/2018\/07\/Conv25-01-1024x253.jpg\" alt=\"\" width=\"95%\" srcset=\"https:\/\/www.oaxaca.gob.mx\/iodemc\/wp-content\/uploads\/sites\/43\/2018\/07\/Conv25-01-1024x253.jpg 1024w, https:\/\/www.oaxaca.gob.mx\/iodemc\/wp-content\/uploads\/sites\/43\/2018\/07\/Conv25-01-300x74.jpg 300w, https:\/\/www.oaxaca.gob.mx\/iodemc\/wp-content\/uploads\/sites\/43\/2018\/07\/Conv25-01-768x190.jpg 768w, https:\/\/www.oaxaca.gob.mx\/iodemc\/wp-content\/uploads\/sites\/43\/2018\/07\/Conv25-01.jpg 1048w\" sizes=\"(max-width: 1024px) 100vw, 1024px\" \/><\/p>\n<hr \/>\n<h1 class=\"titulo-gris\" style=\"text-align: center\"><span style=\"color: #999999;font-size: 18pt\">Informaci\u00f3n de Utilidad<\/span><\/h1>\n[tabby title=\u00bb\u00bb width=\u00bb400px\u00bb icon=\u00bb\u00bb]\n[tabby title=\u00bbSolicitud de apoyo\u00bb width=\u00bb400px\u00bb icon=\u00bbdownload fa-4x\u00bb]\n<h4><\/h4>\n<table class=\"aligncenter\" style=\"height: 33px;width: 96.3382%\" border=\"1\" width=\"97%\" cellpadding=\"5\">\n<tbody>\n<tr style=\"height: 48px\">\n<td style=\"width: 24.6245%;height: 48px\" bgcolor=\"#f26e33\" width=\"34%\"><span style=\"color: #ffffff\"><strong>Formatos<\/strong><\/span><\/td>\n<td style=\"width: 29.9489%;height: 48px\" bgcolor=\"#f26e33\" width=\"20%\"><span style=\"color: #ffffff\"><strong>Descarga<\/strong><\/span><\/td>\n<\/tr>\n<tr style=\"height: 24px\">\n<td style=\"width: 24.6245%;height: 24px\" width=\"34%\"><span style=\"font-size: 14pt\">Primer contacto<\/span><\/td>\n<td style=\"width: 29.9489%;height: 24px\" width=\"20%\"><a href=\"https:\/\/www.oaxaca.gob.mx\/iodemc\/wp-content\/uploads\/sites\/43\/2018\/07\/1erContactoIODEMC-ENE2018.pdf\" target=\"_blank\" rel=\"noopener noreferrer\"><span style=\"font-size: 18pt\">[icon name=\u00bbdownload fa-4x\u00bb class=\u00bb\u00bb unprefixed_class=\u00bb\u00bb]<\/span><\/a><\/td>\n<\/tr>\n<tr style=\"height: 24px\">\n<td style=\"width: 24.6245%;height: 24px\" width=\"34%\"><span style=\"font-size: 14pt\">Instrumento de Pre-Evaluaci\u00f3n Empresarial<\/span><\/td>\n<td style=\"width: 29.9489%;height: 24px\" width=\"20%\"><a href=\"https:\/\/www.oaxaca.gob.mx\/iodemc\/wp-content\/uploads\/sites\/43\/2018\/08\/INSTRUMENTO-DE-PRE-EVALUACION-EMPRESARIAL.docx\" target=\"_blank\" rel=\"noopener noreferrer\"><span style=\"font-size: 18pt\">[icon name=\u00bbdownload\u00bb class=\u00bb\u00bb unprefixed_class=\u00bb\u00bb]<\/span><\/a><\/td>\n<\/tr>\n<tr style=\"height: 24px\">\n<td style=\"width: 24.6245%;height: 24px\" width=\"34%\"><span style=\"font-size: 14pt\">Cartas Consultor\u00eda a Emprendedores y Empresas<\/span><\/td>\n<td style=\"width: 29.9489%;height: 24px\" width=\"20%\"><a href=\"https:\/\/www.oaxaca.gob.mx\/iodemc\/wp-content\/uploads\/sites\/43\/2018\/07\/Cartas-2-Consultor\u00eda-a-Emprendedores-y-Empresas.docx\" target=\"_blank\" rel=\"noopener noreferrer\"><span style=\"font-size: 18pt\">[icon name=\u00bbdownload\u00bb class=\u00bb\u00bb unprefixed_class=\u00bb\u00bb]<\/span><\/a><\/td>\n<\/tr>\n<tr style=\"height: 24px\">\n<td style=\"width: 24.6245%;height: 24px\" width=\"34%\"><span style=\"font-size: 14pt\">Formato Solicitud Consultor\u00eda<\/span><\/td>\n<td style=\"width: 29.9489%;height: 24px\" width=\"20%\"><a href=\"https:\/\/www.oaxaca.gob.mx\/iodemc\/wp-content\/uploads\/sites\/43\/2018\/07\/FORMATO-SOLICITUD-CONV-CONSULTORIA-2018-90718.docx\" target=\"_blank\" rel=\"noopener noreferrer\"><span style=\"font-size: 18pt\">[icon name=\u00bbdownload\u00bb class=\u00bb\u00bb unprefixed_class=\u00bb\u00bb]<\/span><\/a><\/td>\n<\/tr>\n<\/tbody>\n<\/table>\n<p>&nbsp;<\/p>\n<p>&nbsp;<\/p>\n<p>&nbsp;<\/p>\n<p>&nbsp;<\/p>\n<p>&nbsp;<\/p>\n<p>&nbsp;<\/p>\n<p>&nbsp;<\/p>\n<p>&nbsp;<\/p>\n<p>&nbsp;<\/p>\n<p><span style=\"font-family: arial, helvetica, sans-serif\">[tabby title=\u00bbCriterios de elegibilidad\u00bb icon=\u00bbcheck-circle-o fa-4x\u00bb width=\u00bb500&#8243;]<\/span><\/p>\n<ol>\n<li>Personas f\u00edsicas mayores de 18 a\u00f1os o personas morales legalmente constituidas, consideradas como Micro y Peque\u00f1as de conformidad con el ACUERDO por el que se establece la estratificaci\u00f3n de las micro, peque\u00f1as y medianas empresas.<\/li>\n<li>Contar con domicilio comprobable en el Estado de Oaxaca.<\/li>\n<li>Que el PROYECTO se ejecute en el Estado de Oaxaca.<\/li>\n<li>No haber sido beneficiado previamente con un APOYO para el mismo fin por parte de otra dependencia o entidad del gobierno federal, estatal o municipal en el ejercicio fiscal 2017 y 2018 o del mismo Programa de Apoyo a Emprendedores, Ejercicio Fiscal 2018 del IODEMC.<\/li>\n<li>Ubicarse por lo menos como EMPRENDEDOR EXPERIMENTAL seg\u00fan el INSTRUMENTO DE PRE-EVALUACI\u00d3N<\/li>\n<\/ol>\n<p><span style=\"font-family: arial, helvetica, sans-serif\">[tabby title=\u00bbEntregables\u00bb icon=\u00bbfolder-open-o fa-4x\u00bb]<\/span><\/p>\n<p><span style=\"font-size: 14pt\"><strong>En caso de resultar beneficiado, estos ser\u00e1n los documentos que se generar\u00e1n como resultado del servicio de consultor\u00eda y deber\u00e1n entregarse al IODEMC.<\/strong><\/span><\/p>\n<ol>\n<li>ACTA ENTREGA RECEPCI\u00d3N.<\/li>\n<li>Comprobante fiscal del proveedor que ampare el servicio de CONSULTOR\u00cdA realizada.<\/li>\n<li>Reporte de resultados, evidencia de la CONSULTOR\u00cdA como documento entregable o acuse del tr\u00e1mite.<\/li>\n<\/ol>\n[tabby title=\u00bb\u00bb width=\u00bb400px\u00bb icon=\u00bb\u00bb]\n<p style=\"text-align: center\"><span style=\"font-family: arial, helvetica, sans-serif\">[tabbyending]<\/span><\/p>\n<p>&nbsp;<\/p>\n<p>&nbsp;<\/p>\n<p style=\"text-align: center\"><strong><span style=\"font-family: arial, helvetica, sans-serif\"><em>\u201cEste Programa es de car\u00e1cter p\u00fablico, ajeno a cualquier partido pol\u00edtico. Queda prohibido su uso para fines distintos a los establecidos en el programa.\u201d<\/em><\/span><\/strong><\/p>\n","protected":false},"excerpt":{"rendered":"<p>[button size=\u00bblarge\u00bb color=\u00bborange\u00bb url=\u00bbhttps:\/\/www.oaxaca.gob.mx\/iodemc\/wp-content\/uploads\/sites\/43\/2018\/07\/Convocatoria-2-_Consultori\u0301a-a-Emprendedores-y-Empresas_.pdf\u00bb]Descarga la convocatoria completa[\/button] Informaci\u00f3n de Utilidad [tabby title=\u00bb\u00bb width=\u00bb400px\u00bb icon=\u00bb\u00bb] [tabby title=\u00bbSolicitud de apoyo\u00bb width=\u00bb400px\u00bb icon=\u00bbdownload fa-4x\u00bb] Formatos Descarga Primer contacto [icon name=\u00bbdownload fa-4x\u00bb class=\u00bb\u00bb unprefixed_class=\u00bb\u00bb] Instrumento de Pre-Evaluaci\u00f3n Empresarial [icon name=\u00bbdownload\u00bb class=\u00bb\u00bb unprefixed_class=\u00bb\u00bb] Cartas Consultor\u00eda a Emprendedores y Empresas [icon name=\u00bbdownload\u00bb class=\u00bb\u00bb unprefixed_class=\u00bb\u00bb] Formato Solicitud Consultor\u00eda [icon name=\u00bbdownload\u00bb class=\u00bb\u00bb unprefixed_class=\u00bb\u00bb] [&hellip;]<\/p>\n","protected":false},"author":1,"featured_media":1900,"parent":0,"menu_order":0,"comment_status":"closed","ping_status":"closed","template":"","meta":{"episode_type":"","audio_file":"","podmotor_file_id":"","podmotor_episode_id":"","cover_image":"","cover_image_id":"","duration":"","filesize":"","filesize_raw":"","date_recorded":"","explicit":"","block":"","itunes_episode_number":"","itunes_title":"","itunes_season_number":"","itunes_episode_type":"","footnotes":""},"categories":[],"tags":[],"class_list":["post-1899","page","type-page","status-publish","has-post-thumbnail","hentry"],"acf":[],"publishpress_future_action":{"enabled":false,"date":"2026-04-22 20:40:13","action":"change-status","newStatus":"draft","terms":[],"taxonomy":"category","extraData":[]},"publishpress_future_workflow_manual_trigger":{"enabledWorkflows":[]},"_links":{"self":[{"href":"https:\/\/www.oaxaca.gob.mx\/iodemc\/wp-json\/wp\/v2\/pages\/1899","targetHints":{"allow":["GET"]}}],"collection":[{"href":"https:\/\/www.oaxaca.gob.mx\/iodemc\/wp-json\/wp\/v2\/pages"}],"about":[{"href":"https:\/\/www.oaxaca.gob.mx\/iodemc\/wp-json\/wp\/v2\/types\/page"}],"author":[{"embeddable":true,"href":"https:\/\/www.oaxaca.gob.mx\/iodemc\/wp-json\/wp\/v2\/users\/1"}],"replies":[{"embeddable":true,"href":"https:\/\/www.oaxaca.gob.mx\/iodemc\/wp-json\/wp\/v2\/comments?post=1899"}],"version-history":[{"count":1,"href":"https:\/\/www.oaxaca.gob.mx\/iodemc\/wp-json\/wp\/v2\/pages\/1899\/revisions"}],"predecessor-version":[{"id":3604,"href":"https:\/\/www.oaxaca.gob.mx\/iodemc\/wp-json\/wp\/v2\/pages\/1899\/revisions\/3604"}],"wp:featuredmedia":[{"embeddable":true,"href":"https:\/\/www.oaxaca.gob.mx\/iodemc\/wp-json\/wp\/v2\/media\/1900"}],"wp:attachment":[{"href":"https:\/\/www.oaxaca.gob.mx\/iodemc\/wp-json\/wp\/v2\/media?parent=1899"}],"wp:term":[{"taxonomy":"category","embeddable":true,"href":"https:\/\/www.oaxaca.gob.mx\/iodemc\/wp-json\/wp\/v2\/categories?post=1899"},{"taxonomy":"post_tag","embeddable":true,"href":"https:\/\/www.oaxaca.gob.mx\/iodemc\/wp-json\/wp\/v2\/tags?post=1899"}],"curies":[{"name":"wp","href":"https:\/\/api.w.org\/{rel}","templated":true}]}}