{"id":15,"date":"2017-01-30T19:28:04","date_gmt":"2017-01-31T01:28:04","guid":{"rendered":"https:\/\/www.oaxaca.gob.mx\/iodemc\/?page_id=15"},"modified":"2025-12-22T16:32:03","modified_gmt":"2025-12-22T22:32:03","slug":"quienes-somos","status":"publish","type":"page","link":"https:\/\/www.oaxaca.gob.mx\/iodemc\/quienes-somos\/","title":{"rendered":"\u00bfQui\u00e9nes Somos?"},"content":{"rendered":"<p>El Instituto Oaxaque\u00f1o del Emprendedor\u00a0 y de la competitividad es un organismo p\u00fablico\u00a0 descentralizado, sectorizado a la Secretar\u00eda de Econom\u00eda, que tiene por objeto Implementar estrategias y l\u00edneas de acci\u00f3n de vanguardia para impulsar la pol\u00edtica estatal en materia de apoyo a los emprendedores, as\u00ed como a las micro, peque\u00f1as y medianas empresas, propiciando su formaci\u00f3n, innovaci\u00f3n, competitividad, productividad, crecimiento, consolidaci\u00f3n y su proyecci\u00f3n en los mercados nacional e internacional, para contribuir al desarrollo econ\u00f3mico y bienestar social.<\/p>\n<p>Somos una instituci\u00f3n p\u00fablica especializada\u00a0 en la pol\u00edtica publica de apoyo a nuevos emprendimientos de base solida y tecnol\u00f3gica, y la consolidaci\u00f3n de las micro y peque\u00f1as empresas, al buscar incrementar su competitividad, y\u00a0 su inserci\u00f3n exitosa y competitiva en los mercados nacionales e\u00a0 internacionales.<\/p>\n","protected":false},"excerpt":{"rendered":"<p>El Instituto Oaxaque\u00f1o del Emprendedor\u00a0 y de la competitividad es un organismo p\u00fablico\u00a0 descentralizado, sectorizado a la Secretar\u00eda de Econom\u00eda, que tiene por objeto Implementar estrategias y l\u00edneas de acci\u00f3n de vanguardia para impulsar la pol\u00edtica estatal en materia de apoyo a los emprendedores, as\u00ed como a las micro, peque\u00f1as y medianas empresas, propiciando su [&hellip;]<\/p>\n","protected":false},"author":1,"featured_media":204,"parent":0,"menu_order":0,"comment_status":"closed","ping_status":"closed","template":"","meta":{"episode_type":"","audio_file":"","podmotor_file_id":"","podmotor_episode_id":"","cover_image":"","cover_image_id":"","duration":"","filesize":"","filesize_raw":"","date_recorded":"","explicit":"","block":"","itunes_episode_number":"","itunes_title":"","itunes_season_number":"","itunes_episode_type":"","footnotes":""},"categories":[],"tags":[],"class_list":["post-15","page","type-page","status-publish","has-post-thumbnail","hentry"],"acf":[],"publishpress_future_action":{"enabled":false,"date":"2026-04-22 22:18:53","action":"change-status","newStatus":"draft","terms":[],"taxonomy":"category","extraData":[]},"publishpress_future_workflow_manual_trigger":{"enabledWorkflows":[]},"_links":{"self":[{"href":"https:\/\/www.oaxaca.gob.mx\/iodemc\/wp-json\/wp\/v2\/pages\/15","targetHints":{"allow":["GET"]}}],"collection":[{"href":"https:\/\/www.oaxaca.gob.mx\/iodemc\/wp-json\/wp\/v2\/pages"}],"about":[{"href":"https:\/\/www.oaxaca.gob.mx\/iodemc\/wp-json\/wp\/v2\/types\/page"}],"author":[{"embeddable":true,"href":"https:\/\/www.oaxaca.gob.mx\/iodemc\/wp-json\/wp\/v2\/users\/1"}],"replies":[{"embeddable":true,"href":"https:\/\/www.oaxaca.gob.mx\/iodemc\/wp-json\/wp\/v2\/comments?post=15"}],"version-history":[{"count":2,"href":"https:\/\/www.oaxaca.gob.mx\/iodemc\/wp-json\/wp\/v2\/pages\/15\/revisions"}],"predecessor-version":[{"id":6165,"href":"https:\/\/www.oaxaca.gob.mx\/iodemc\/wp-json\/wp\/v2\/pages\/15\/revisions\/6165"}],"wp:featuredmedia":[{"embeddable":true,"href":"https:\/\/www.oaxaca.gob.mx\/iodemc\/wp-json\/wp\/v2\/media\/204"}],"wp:attachment":[{"href":"https:\/\/www.oaxaca.gob.mx\/iodemc\/wp-json\/wp\/v2\/media?parent=15"}],"wp:term":[{"taxonomy":"category","embeddable":true,"href":"https:\/\/www.oaxaca.gob.mx\/iodemc\/wp-json\/wp\/v2\/categories?post=15"},{"taxonomy":"post_tag","embeddable":true,"href":"https:\/\/www.oaxaca.gob.mx\/iodemc\/wp-json\/wp\/v2\/tags?post=15"}],"curies":[{"name":"wp","href":"https:\/\/api.w.org\/{rel}","templated":true}]}}