{"id":1303,"date":"2018-04-08T21:28:37","date_gmt":"2018-04-09T03:28:37","guid":{"rendered":"https:\/\/www.oaxaca.gob.mx\/iodemc\/?page_id=1303"},"modified":"2018-04-08T21:28:37","modified_gmt":"2018-04-09T03:28:37","slug":"fraccion_xiii","status":"publish","type":"page","link":"https:\/\/www.oaxaca.gob.mx\/iodemc\/transparencia\/fraccion_xiii\/","title":{"rendered":"XIII. Datos de Unidad de Transparencia"},"content":{"rendered":"[yoast-breadcrumb]\n<h2>XIII. Datos de Unidad de Transparencia<\/h2>\n<p>El domicilio de la Unidad de Transparencia, adem\u00e1s de la direcci\u00f3n electr\u00f3nica donde podr\u00e1n recibirse las solicitudes para obtener la informaci\u00f3n.<\/p>\n<h3>Denuncia<\/h3>\n<h6 style=\"text-align: center\">Para interponer una denuncia por incumplimiento, descarga el formato y env\u00edalo al siguiente correo electr\u00f3nico<\/h6>\n<p style=\"text-align: center\">denuncia@iaipoaxaca.org.mx<\/p>\n<p><a role=\"button\" href=\"#\"><br \/>\nDescargar formato<br \/>\n<\/a><\/p>\n","protected":false},"excerpt":{"rendered":"<p>[yoast-breadcrumb] XIII. Datos de Unidad de Transparencia El domicilio de la Unidad de Transparencia, adem\u00e1s de la direcci\u00f3n electr\u00f3nica donde podr\u00e1n recibirse las solicitudes para obtener la informaci\u00f3n. Denuncia Para interponer una denuncia por incumplimiento, descarga el formato y env\u00edalo al siguiente correo electr\u00f3nico denuncia@iaipoaxaca.org.mx Descargar formato<\/p>\n","protected":false},"author":1,"featured_media":1188,"parent":1171,"menu_order":0,"comment_status":"closed","ping_status":"closed","template":"","meta":{"episode_type":"","audio_file":"","podmotor_file_id":"","podmotor_episode_id":"","cover_image":"","cover_image_id":"","duration":"","filesize":"","filesize_raw":"","date_recorded":"","explicit":"","block":"","itunes_episode_number":"","itunes_title":"","itunes_season_number":"","itunes_episode_type":"","footnotes":""},"categories":[],"tags":[],"class_list":["post-1303","page","type-page","status-publish","has-post-thumbnail","hentry"],"acf":[],"publishpress_future_action":{"enabled":false,"date":"2026-04-22 20:53:09","action":"change-status","newStatus":"draft","terms":[],"taxonomy":"category","extraData":[]},"publishpress_future_workflow_manual_trigger":{"enabledWorkflows":[]},"_links":{"self":[{"href":"https:\/\/www.oaxaca.gob.mx\/iodemc\/wp-json\/wp\/v2\/pages\/1303","targetHints":{"allow":["GET"]}}],"collection":[{"href":"https:\/\/www.oaxaca.gob.mx\/iodemc\/wp-json\/wp\/v2\/pages"}],"about":[{"href":"https:\/\/www.oaxaca.gob.mx\/iodemc\/wp-json\/wp\/v2\/types\/page"}],"author":[{"embeddable":true,"href":"https:\/\/www.oaxaca.gob.mx\/iodemc\/wp-json\/wp\/v2\/users\/1"}],"replies":[{"embeddable":true,"href":"https:\/\/www.oaxaca.gob.mx\/iodemc\/wp-json\/wp\/v2\/comments?post=1303"}],"version-history":[{"count":0,"href":"https:\/\/www.oaxaca.gob.mx\/iodemc\/wp-json\/wp\/v2\/pages\/1303\/revisions"}],"up":[{"embeddable":true,"href":"https:\/\/www.oaxaca.gob.mx\/iodemc\/wp-json\/wp\/v2\/pages\/1171"}],"wp:featuredmedia":[{"embeddable":true,"href":"https:\/\/www.oaxaca.gob.mx\/iodemc\/wp-json\/wp\/v2\/media\/1188"}],"wp:attachment":[{"href":"https:\/\/www.oaxaca.gob.mx\/iodemc\/wp-json\/wp\/v2\/media?parent=1303"}],"wp:term":[{"taxonomy":"category","embeddable":true,"href":"https:\/\/www.oaxaca.gob.mx\/iodemc\/wp-json\/wp\/v2\/categories?post=1303"},{"taxonomy":"post_tag","embeddable":true,"href":"https:\/\/www.oaxaca.gob.mx\/iodemc\/wp-json\/wp\/v2\/tags?post=1303"}],"curies":[{"name":"wp","href":"https:\/\/api.w.org\/{rel}","templated":true}]}}