{"id":1249,"date":"2018-04-06T20:08:07","date_gmt":"2018-04-07T02:08:07","guid":{"rendered":"https:\/\/www.oaxaca.gob.mx\/iodemc\/?page_id=1249"},"modified":"2018-04-06T20:08:07","modified_gmt":"2018-04-07T02:08:07","slug":"fraccion_vii","status":"publish","type":"page","link":"https:\/\/www.oaxaca.gob.mx\/iodemc\/transparencia\/fraccion_vii\/","title":{"rendered":"VII. Directorio"},"content":{"rendered":"[yoast-breadcrumb]\n<h2>VII. Directorio<\/h2>\n<p>El directorio de todos los Servidores P\u00fablicos, a partir del nivel de jefe de departamento o su equivalente, o de menor nivel, cuando se brinde atenci\u00f3n al p\u00fablico; manejen o apliquen recursos p\u00fablicos; realicen actos de autoridad o presten servicios profesionales bajo el r\u00e9gimen de confianza u honorarios y personal de base.<\/p>\n<h3>Denuncia<\/h3>\n<h6 style=\"text-align: center\">Para interponer una denuncia por incumplimiento, descarga el formato y env\u00edalo al siguiente correo electr\u00f3nico<\/h6>\n<p style=\"text-align: center\">denuncia@iaipoaxaca.org.mx<\/p>\n<p><a role=\"button\" href=\"#\"><br \/>\nDescargar formato<br \/>\n<\/a><\/p>\n","protected":false},"excerpt":{"rendered":"<p>[yoast-breadcrumb] VII. Directorio El directorio de todos los Servidores P\u00fablicos, a partir del nivel de jefe de departamento o su equivalente, o de menor nivel, cuando se brinde atenci\u00f3n al p\u00fablico; manejen o apliquen recursos p\u00fablicos; realicen actos de autoridad o presten servicios profesionales bajo el r\u00e9gimen de confianza u honorarios y personal de base. [&hellip;]<\/p>\n","protected":false},"author":1,"featured_media":1188,"parent":1171,"menu_order":0,"comment_status":"closed","ping_status":"closed","template":"","meta":{"episode_type":"","audio_file":"","podmotor_file_id":"","podmotor_episode_id":"","cover_image":"","cover_image_id":"","duration":"","filesize":"","filesize_raw":"","date_recorded":"","explicit":"","block":"","itunes_episode_number":"","itunes_title":"","itunes_season_number":"","itunes_episode_type":"","footnotes":""},"categories":[],"tags":[],"class_list":["post-1249","page","type-page","status-publish","has-post-thumbnail","hentry"],"acf":[],"publishpress_future_action":{"enabled":false,"date":"2026-04-22 22:32:33","action":"change-status","newStatus":"draft","terms":[],"taxonomy":"category","extraData":[]},"publishpress_future_workflow_manual_trigger":{"enabledWorkflows":[]},"_links":{"self":[{"href":"https:\/\/www.oaxaca.gob.mx\/iodemc\/wp-json\/wp\/v2\/pages\/1249","targetHints":{"allow":["GET"]}}],"collection":[{"href":"https:\/\/www.oaxaca.gob.mx\/iodemc\/wp-json\/wp\/v2\/pages"}],"about":[{"href":"https:\/\/www.oaxaca.gob.mx\/iodemc\/wp-json\/wp\/v2\/types\/page"}],"author":[{"embeddable":true,"href":"https:\/\/www.oaxaca.gob.mx\/iodemc\/wp-json\/wp\/v2\/users\/1"}],"replies":[{"embeddable":true,"href":"https:\/\/www.oaxaca.gob.mx\/iodemc\/wp-json\/wp\/v2\/comments?post=1249"}],"version-history":[{"count":0,"href":"https:\/\/www.oaxaca.gob.mx\/iodemc\/wp-json\/wp\/v2\/pages\/1249\/revisions"}],"up":[{"embeddable":true,"href":"https:\/\/www.oaxaca.gob.mx\/iodemc\/wp-json\/wp\/v2\/pages\/1171"}],"wp:featuredmedia":[{"embeddable":true,"href":"https:\/\/www.oaxaca.gob.mx\/iodemc\/wp-json\/wp\/v2\/media\/1188"}],"wp:attachment":[{"href":"https:\/\/www.oaxaca.gob.mx\/iodemc\/wp-json\/wp\/v2\/media?parent=1249"}],"wp:term":[{"taxonomy":"category","embeddable":true,"href":"https:\/\/www.oaxaca.gob.mx\/iodemc\/wp-json\/wp\/v2\/categories?post=1249"},{"taxonomy":"post_tag","embeddable":true,"href":"https:\/\/www.oaxaca.gob.mx\/iodemc\/wp-json\/wp\/v2\/tags?post=1249"}],"curies":[{"name":"wp","href":"https:\/\/api.w.org\/{rel}","templated":true}]}}