{"id":1171,"date":"2018-04-02T22:23:26","date_gmt":"2018-04-03T04:23:26","guid":{"rendered":"https:\/\/www.oaxaca.gob.mx\/iodemc\/?page_id=1171"},"modified":"2018-04-02T22:23:26","modified_gmt":"2018-04-03T04:23:26","slug":"transparencia","status":"publish","type":"page","link":"https:\/\/www.oaxaca.gob.mx\/iodemc\/transparencia\/","title":{"rendered":"Transparencia"},"content":{"rendered":"<figure><a href=\"fraccion_i\"><img loading=\"lazy\" decoding=\"async\" src=\"https:\/\/www.oaxaca.gob.mx\/iodemc\/wp-content\/uploads\/sites\/43\/2018\/03\/I.png\" alt=\"\" width=\"800\" height=\"540\" \/><\/a><\/figure>\n<h3><a href=\"fraccion_i\">I. Marco normativo<\/a><\/h3>\n<p>El marco normativo aplicable al sujeto obligado.<\/p>\n<figure><a href=\"fraccion_ii\"><img loading=\"lazy\" decoding=\"async\" src=\"https:\/\/www.oaxaca.gob.mx\/iodemc\/wp-content\/uploads\/sites\/43\/2018\/03\/II.png\" alt=\"\" width=\"800\" height=\"540\" \/><\/a><\/figure>\n<h3><a href=\"fraccion_ii\">II. Estructura org\u00e1nica<\/a><\/h3>\n<p>Su estructura org\u00e1nica completa, en un formato que permita vincular cada parte de la estructura, las atribuciones y responsabilidades que le corresponden a cada servidor p\u00fablico.<\/p>\n<figure><a href=\"fraccion_iii\"><img loading=\"lazy\" decoding=\"async\" src=\"https:\/\/www.oaxaca.gob.mx\/iodemc\/wp-content\/uploads\/sites\/43\/2018\/03\/III.png\" alt=\"\" width=\"800\" height=\"540\" \/><\/a><\/figure>\n<h3><a href=\"fraccion_iii\">III. Facultades de cada \u00e1rea<\/a><\/h3>\n<p>Las facultades de cada \u00e1rea del sujeto obligado.<\/p>\n<figure><a href=\"fraccion_iv\"><img loading=\"lazy\" decoding=\"async\" src=\"https:\/\/www.oaxaca.gob.mx\/iodemc\/wp-content\/uploads\/sites\/43\/2018\/03\/IV.png\" alt=\"\" width=\"800\" height=\"540\" \/><\/a><\/figure>\n<h3><a href=\"fraccion_iv\">IV. Metas y objetivos<\/a><\/h3>\n<p>Las metas y objetivos de las \u00e1reas de conformidad con sus programas operativos.<\/p>\n<figure><a href=\"fraccion_v\"><img loading=\"lazy\" decoding=\"async\" src=\"https:\/\/www.oaxaca.gob.mx\/iodemc\/wp-content\/uploads\/sites\/43\/2018\/03\/V.png\" alt=\"\" width=\"800\" height=\"540\" \/><\/a><\/figure>\n<h3><a href=\"fraccion_v\">V. Indicadores inter\u00e9s p\u00fablico<\/a><\/h3>\n<p>Los indicadores relacionados con temas de inter\u00e9s p\u00fablico o trascendencia social que conforme a sus funciones, deban establecer.<\/p>\n<figure><a href=\"fraccion_vi\"><img loading=\"lazy\" decoding=\"async\" src=\"https:\/\/www.oaxaca.gob.mx\/iodemc\/wp-content\/uploads\/sites\/43\/2018\/03\/VI.png\" alt=\"\" width=\"800\" height=\"540\" \/><\/a><\/figure>\n<h3><a href=\"fraccion_vi\">VI. Indicadores de resultados<\/a><\/h3>\n<p>Los indicadores que permitan rendir cuenta de sus objetivos y resultados.<\/p>\n<figure><a href=\"fraccion_vii\"><img loading=\"lazy\" decoding=\"async\" src=\"https:\/\/www.oaxaca.gob.mx\/iodemc\/wp-content\/uploads\/sites\/43\/2018\/03\/VII.png\" alt=\"\" width=\"800\" height=\"540\" \/><\/a><\/figure>\n<h3><a href=\"fraccion_vii\">VII. Directorio<\/a><\/h3>\n<p>El directorio de todos los Servidores P\u00fablicos, a partir del nivel de jefe de departamento o su equivalente.<\/p>\n<figure><a href=\"fraccion_viii\"><img loading=\"lazy\" decoding=\"async\" src=\"https:\/\/www.oaxaca.gob.mx\/iodemc\/wp-content\/uploads\/sites\/43\/2018\/03\/VIII.png\" alt=\"\" width=\"800\" height=\"540\" \/><\/a><\/figure>\n<h3><a href=\"fraccion_viii\">VIII. Remuneraci\u00f3n servidores p\u00fablicos<\/a><\/h3>\n<p>La remuneraci\u00f3n bruta y neta de todos los Servidores P\u00fablicos de base o de confianza.<\/p>\n<figure><a href=\"fraccion_ix\"><img loading=\"lazy\" decoding=\"async\" src=\"https:\/\/www.oaxaca.gob.mx\/iodemc\/wp-content\/uploads\/sites\/43\/2018\/03\/IX.png\" alt=\"\" width=\"800\" height=\"540\" \/><\/a><\/figure>\n<h3><a href=\"fraccion_ix\">IX. Gastos de representaci\u00f3n y vi\u00e1ticos<\/a><\/h3>\n<p>Los gastos de representaci\u00f3n y vi\u00e1ticos, as\u00ed como el objeto e informe de comisi\u00f3n correspondiente.<\/p>\n<figure><a href=\"fraccion_x\"><img loading=\"lazy\" decoding=\"async\" src=\"https:\/\/www.oaxaca.gob.mx\/iodemc\/wp-content\/uploads\/sites\/43\/2018\/03\/X.png\" alt=\"\" width=\"800\" height=\"540\" \/><\/a><\/figure>\n<h3><a href=\"fraccion_x\">X. Total de plazas (base y confianza)<\/a><\/h3>\n<p>El n\u00famero total de las plazas y del personal de base y confianza.<\/p>\n<figure><a href=\"fraccion_xi\"><img loading=\"lazy\" decoding=\"async\" src=\"https:\/\/www.oaxaca.gob.mx\/iodemc\/wp-content\/uploads\/sites\/43\/2018\/03\/XI.png\" alt=\"\" width=\"800\" height=\"540\" \/><\/a><\/figure>\n<h3><a href=\"fraccion_xi\">XI. Contrataciones honorarios<\/a><\/h3>\n<p>Las contrataciones de servicios profesionales por honorarios.<\/p>\n<figure><a href=\"fraccion_xii\"><img loading=\"lazy\" decoding=\"async\" src=\"https:\/\/www.oaxaca.gob.mx\/iodemc\/wp-content\/uploads\/sites\/43\/2018\/03\/XII.png\" alt=\"\" width=\"800\" height=\"540\" \/><\/a><\/figure>\n<h3><a href=\"fraccion_xii\">XII. Declaraciones patrimoniales<\/a><\/h3>\n<p>La informaci\u00f3n en Versi\u00f3n P\u00fablica de las declaraciones patrimoniales de los Servidores P\u00fablicos que as\u00ed lo determinen.<\/p>\n<figure><a href=\"fraccion_xiii\"><img loading=\"lazy\" decoding=\"async\" src=\"https:\/\/www.oaxaca.gob.mx\/iodemc\/wp-content\/uploads\/sites\/43\/2018\/03\/XIII.png\" alt=\"\" width=\"800\" height=\"540\" \/><\/a><\/figure>\n<h3><a href=\"fraccion_xiii\">XIII. Datos de Unidad de Transparencia<\/a><\/h3>\n<p>El domicilio de la Unidad de Transparencia, adem\u00e1s de la direcci\u00f3n electr\u00f3nica donde podr\u00e1n recibirse las solicitudes para obtener la informaci\u00f3n.<\/p>\n<figure><a href=\"fraccion_xiv\"><img loading=\"lazy\" decoding=\"async\" src=\"https:\/\/www.oaxaca.gob.mx\/iodemc\/wp-content\/uploads\/sites\/43\/2018\/03\/XIV.png\" alt=\"\" width=\"800\" height=\"540\" \/><\/a><\/figure>\n<h3><a href=\"fraccion_xiv\">XIV. Concursos para ocupar cargos<\/a><\/h3>\n<p>Las convocatorias a concursos para ocupar cargos p\u00fablicos y los resultados de los mismos.<\/p>\n<figure><a href=\"fraccion_xv\"><img loading=\"lazy\" decoding=\"async\" src=\"https:\/\/www.oaxaca.gob.mx\/iodemc\/wp-content\/uploads\/sites\/43\/2018\/03\/XV.png\" alt=\"\" width=\"800\" height=\"540\" \/><\/a><\/figure>\n<h3><a href=\"fraccion_xv\">XV. Programas sociales<\/a><\/h3>\n<p>La informaci\u00f3n de los programas de subsidios, est\u00edmulos y apoyos, en el que se deber\u00e1 informar respecto de los programas de transferencia.<\/p>\n<figure><a href=\"fraccion_xvi\"><img loading=\"lazy\" decoding=\"async\" src=\"https:\/\/www.oaxaca.gob.mx\/iodemc\/wp-content\/uploads\/sites\/43\/2018\/03\/XVI.png\" alt=\"\" width=\"800\" height=\"540\" \/><\/a><\/figure>\n<h3><a href=\"fraccion_xvi\">XVI. Relaciones laborales y recursos p\u00fablicos a sindicatos<\/a><\/h3>\n<p>Las condiciones generales de trabajo, contratos o convenios que regulen las relaciones laborales del personal de base o de confianza.<\/p>\n<figure><a href=\"fraccion_xvii\"><img loading=\"lazy\" decoding=\"async\" src=\"https:\/\/www.oaxaca.gob.mx\/iodemc\/wp-content\/uploads\/sites\/43\/2018\/03\/XVII.png\" alt=\"\" width=\"800\" height=\"540\" \/><\/a><\/figure>\n<h3><a href=\"fraccion_xvii\">XVII. Datos curriculares<\/a><\/h3>\n<p>La informaci\u00f3n curricular, desde el nivel de jefe de departamento o equivalente, hasta el titular del sujeto obligado, as\u00ed como, en su caso, las sanciones administrativas de que haya sido objeto.<\/p>\n<figure><a href=\"fraccion_xviii\"><img loading=\"lazy\" decoding=\"async\" src=\"https:\/\/www.oaxaca.gob.mx\/iodemc\/wp-content\/uploads\/sites\/43\/2018\/03\/XVIII.png\" alt=\"\" width=\"800\" height=\"540\" \/><\/a><\/figure>\n<h3><a href=\"fraccion_xviii\">XVIII. Funcionarios sancionados<\/a><\/h3>\n<p>El listado de Servidores P\u00fablicos con sanciones administrativas definitivas, especificando la causa de sanci\u00f3n y la disposici\u00f3n.<\/p>\n<figure><a href=\"fraccion_xix\"><img loading=\"lazy\" decoding=\"async\" src=\"https:\/\/www.oaxaca.gob.mx\/iodemc\/wp-content\/uploads\/sites\/43\/2018\/03\/XIX.png\" alt=\"\" width=\"800\" height=\"540\" \/><\/a><\/figure>\n<h3><a href=\"fraccion_xix\">XIX. Servicios<\/a><\/h3>\n<p>Los servicios que ofrecen se\u00f1alando los requisitos para acceder a ellos.<\/p>\n<figure><a href=\"fraccion_xx\"><img loading=\"lazy\" decoding=\"async\" src=\"https:\/\/www.oaxaca.gob.mx\/iodemc\/wp-content\/uploads\/sites\/43\/2018\/03\/XX.png\" alt=\"\" width=\"800\" height=\"540\" \/><\/a><\/figure>\n<h3><a href=\"fraccion_xx\">XX. Tr\u00e1mites<\/a><\/h3>\n<p>Los tr\u00e1mites, requisitos y formatos que ofrecen.<\/p>\n<figure><a href=\"fraccion_xxi\"><img loading=\"lazy\" decoding=\"async\" src=\"https:\/\/www.oaxaca.gob.mx\/iodemc\/wp-content\/uploads\/sites\/43\/2018\/03\/XXI.png\" alt=\"\" width=\"800\" height=\"540\" \/><\/a><\/figure>\n<h3><a href=\"fraccion_xxi\">XXI. Presupuesto e informes trimestrales<\/a><\/h3>\n<p>La informaci\u00f3n financiera sobre el presupuesto asignado, as\u00ed como los informes del ejercicio trimestral del gasto, en t\u00e9rminos de la Ley General de Contabilidad Gubernamental y dem\u00e1s normatividad aplicable.<\/p>\n<figure><a href=\"fraccion_xxii\"><img loading=\"lazy\" decoding=\"async\" src=\"https:\/\/www.oaxaca.gob.mx\/iodemc\/wp-content\/uploads\/sites\/43\/2018\/03\/XXII.png\" alt=\"\" width=\"800\" height=\"540\" \/><\/a><\/figure>\n<h3><a href=\"fraccion_xxii\">XXII. Deuda p\u00fablica<\/a><\/h3>\n<p>La informaci\u00f3n relativa a la deuda p\u00fablica, en t\u00e9rminos de la normatividad aplicable.<\/p>\n<figure><a href=\"fraccion_xxiii\"><img loading=\"lazy\" decoding=\"async\" src=\"https:\/\/www.oaxaca.gob.mx\/iodemc\/wp-content\/uploads\/sites\/43\/2018\/03\/XXIII.png\" alt=\"\" width=\"800\" height=\"540\" \/><\/a><\/figure>\n<h3><a href=\"fraccion_xxiii\">XXIII. Comunicaci\u00f3n social y publicidad<\/a><\/h3>\n<p>Los montos destinados a gastos relativos a comunicaci\u00f3n social y publicidad oficial desglosada por tipo de medio, proveedores, n\u00famero de contrato y concepto o campa\u00f1a.<\/p>\n<figure><a href=\"fraccion_xxiv\"><img loading=\"lazy\" decoding=\"async\" src=\"https:\/\/www.oaxaca.gob.mx\/iodemc\/wp-content\/uploads\/sites\/43\/2018\/03\/XXIV.png\" alt=\"\" width=\"800\" height=\"540\" \/><\/a><\/figure>\n<h3><a href=\"fraccion_xxiv\">XXIV. Resultados de auditor\u00edas<\/a><\/h3>\n<p>Los informes de resultados de las auditor\u00edas al ejercicio presupuestal de cada sujeto obligado que se realicen y, en su caso, las aclaraciones que correspondan.<\/p>\n<figure><a href=\"fraccion_xxv\"><img loading=\"lazy\" decoding=\"async\" src=\"https:\/\/www.oaxaca.gob.mx\/iodemc\/wp-content\/uploads\/sites\/43\/2018\/03\/XXV.png\" alt=\"\" width=\"800\" height=\"540\" \/><\/a><\/figure>\n<h3><a href=\"fraccion_xxv\">XXV. Deuda p\u00fablica<\/a><\/h3>\n<p>El resultado de la dictaminaci\u00f3n de los estados financieros.<\/p>\n<figure><a href=\"fraccion_xxvi\"><img loading=\"lazy\" decoding=\"async\" src=\"https:\/\/www.oaxaca.gob.mx\/iodemc\/wp-content\/uploads\/sites\/43\/2018\/03\/XXVI.png\" alt=\"\" width=\"800\" height=\"540\" \/><\/a><\/figure>\n<h3><a href=\"fraccion_xxvi\">XXVI. Personas f\u00edsicas o morales a quienes se asigne recursos p\u00fablicos<\/a><\/h3>\n<p>Los montos, criterios, convocatorias y listado de personas f\u00edsicas o morales a quienes, por cualquier motivo, se les asigne o permita usar recursos p\u00fablicos.<\/p>\n<figure><a href=\"fraccion_xxvii\"><img loading=\"lazy\" decoding=\"async\" src=\"https:\/\/www.oaxaca.gob.mx\/iodemc\/wp-content\/uploads\/sites\/43\/2018\/03\/XXVII.png\" alt=\"\" width=\"800\" height=\"540\" \/><\/a><\/figure>\n<h3><a href=\"fraccion_xxvii\">XXVII. Concesiones, contratos, convenios, permisos, licencias o autorizaciones otorgados.<\/a><\/h3>\n<p>Las concesiones, contratos, convenios, permisos, licencias o autorizaciones otorgados.<\/p>\n<figure><a href=\"fraccion_xxviii\"><img loading=\"lazy\" decoding=\"async\" src=\"https:\/\/www.oaxaca.gob.mx\/iodemc\/wp-content\/uploads\/sites\/43\/2018\/03\/XXVIII.png\" alt=\"\" width=\"800\" height=\"540\" \/><\/a><\/figure>\n<h3><a href=\"fraccion_xxviii\">XXVIII. Procedimientos de adjudicaci\u00f3n directa, invitaci\u00f3n restringida y licitaciones<\/a><\/h3>\n<p>La informaci\u00f3n sobre los resultados sobre procedimientos de adjudicaci\u00f3n directa, invitaci\u00f3n restringida y licitaci\u00f3n de cualquier naturaleza.<\/p>\n<figure><a href=\"fraccion_xxix\"><img loading=\"lazy\" decoding=\"async\" src=\"https:\/\/www.oaxaca.gob.mx\/iodemc\/wp-content\/uploads\/sites\/43\/2018\/03\/XXIX.png\" alt=\"\" width=\"800\" height=\"540\" \/><\/a><\/figure>\n<h3><a href=\"fraccion_xxix\">XXIX. Informes<\/a><\/h3>\n<p>Los informes que por disposici\u00f3n legal generen los sujetos obligados.<\/p>\n<figure><a href=\"fraccion_xxx\"><img loading=\"lazy\" decoding=\"async\" src=\"https:\/\/www.oaxaca.gob.mx\/iodemc\/wp-content\/uploads\/sites\/43\/2018\/03\/XXX.png\" alt=\"\" width=\"800\" height=\"540\" \/><\/a><\/figure>\n<h3><a href=\"fraccion_xxx\">XXX. Estad\u00edsticas generadas<\/a><\/h3>\n<p>Las estad\u00edsticas que generen en cumplimiento de sus facultades, competencias o funciones con la mayor desagregaci\u00f3n posible.<\/p>\n<figure><a href=\"fraccion_xxxi\"><img loading=\"lazy\" decoding=\"async\" src=\"https:\/\/www.oaxaca.gob.mx\/iodemc\/wp-content\/uploads\/sites\/43\/2018\/03\/XXXI.png\" alt=\"\" width=\"800\" height=\"540\" \/><\/a><\/figure>\n<h3><a href=\"fraccion_xxxi\">XXXI. Informes de avances y documentos financieros<\/a><\/h3>\n<p>Informe de avances program\u00e1ticos o presupuestales, balances generales y su estado financiero.<\/p>\n<figure><a href=\"fraccion_xxxii\"><img loading=\"lazy\" decoding=\"async\" src=\"https:\/\/www.oaxaca.gob.mx\/iodemc\/wp-content\/uploads\/sites\/43\/2018\/03\/XXXII.png\" alt=\"\" width=\"800\" height=\"540\" \/><\/a><\/figure>\n<h3><a href=\"fraccion_xxxii\">XXXII. Padr\u00f3n proveedores y contratistas<\/a><\/h3>\n<p>Padr\u00f3n de proveedores y contratistas.<\/p>\n<figure><a href=\"fraccion_xxxiii\"><img loading=\"lazy\" decoding=\"async\" src=\"https:\/\/www.oaxaca.gob.mx\/iodemc\/wp-content\/uploads\/sites\/43\/2018\/03\/XXXIII.png\" alt=\"\" width=\"800\" height=\"540\" \/><\/a><\/figure>\n<h3><a href=\"fraccion_xxxiii\">XXXIII. Convenios con sectores social y privado<\/a><\/h3>\n<p>Los convenios de coordinaci\u00f3n de concertaci\u00f3n con los sectores social y privado.<\/p>\n<figure><a href=\"fraccion_xxxiv\"><img loading=\"lazy\" decoding=\"async\" src=\"https:\/\/www.oaxaca.gob.mx\/iodemc\/wp-content\/uploads\/sites\/43\/2018\/03\/XXXIV.png\" alt=\"\" width=\"800\" height=\"540\" \/><\/a><\/figure>\n<h3><a href=\"fraccion_xxxiv\">XXXIV. El inventario de bienes muebles e inmuebles en posesi\u00f3n y propiedad<\/a><\/h3>\n<p>El inventario de bienes muebles e inmuebles en posesi\u00f3n y propiedad.<\/p>\n<figure><a href=\"fraccion_xxxv\"><img loading=\"lazy\" decoding=\"async\" src=\"https:\/\/www.oaxaca.gob.mx\/iodemc\/wp-content\/uploads\/sites\/43\/2018\/03\/XXXV.png\" alt=\"\" width=\"800\" height=\"540\" \/><\/a><\/figure>\n<h3><a href=\"fraccion_xxxv\">XXXV. Recomendaciones y su atenci\u00f3n en materia de derechos humanos<\/a><\/h3>\n<p>Las recomendaciones emitidas por los \u00f3rganos p\u00fablicos del Estado mexicano u organismos internacionales garantes de los derechos humanos.<\/p>\n<figure><a href=\"fraccion_xxxvi\"><img loading=\"lazy\" decoding=\"async\" src=\"https:\/\/www.oaxaca.gob.mx\/iodemc\/wp-content\/uploads\/sites\/43\/2018\/03\/XXXVI.png\" alt=\"\" width=\"800\" height=\"540\" \/><\/a><\/figure>\n<h3><a href=\"fraccion_xxxvi\">XXXVI. Resoluciones y laudos de juicios<\/a><\/h3>\n<p>Las resoluciones y laudos que se emitan en procesos o procedimientos seguidos en forma de juicio.<\/p>\n<figure><a href=\"fraccion_xxxvii\"><img loading=\"lazy\" decoding=\"async\" src=\"https:\/\/www.oaxaca.gob.mx\/iodemc\/wp-content\/uploads\/sites\/43\/2018\/03\/XXXVII.png\" alt=\"\" width=\"800\" height=\"540\" \/><\/a><\/figure>\n<h3><a href=\"fraccion_xxxvii\">XXXVII. Mecanismos de participaci\u00f3n ciudadana<\/a><\/h3>\n<p>Los mecanismos de participaci\u00f3n ciudadana.<\/p>\n<figure><a href=\"fraccion_xxxviii\"><img loading=\"lazy\" decoding=\"async\" src=\"https:\/\/www.oaxaca.gob.mx\/iodemc\/wp-content\/uploads\/sites\/43\/2018\/03\/XXXVIII.png\" alt=\"\" width=\"800\" height=\"540\" \/><\/a><\/figure>\n<h3><a href=\"fraccion_xxxviii\">XXXVIII. Programas ofrecidos<\/a><\/h3>\n<p>Los programas que ofrecen, incluyendo informaci\u00f3n sobre la poblaci\u00f3n, objetivo y destino, as\u00ed como los tr\u00e1mites, tiempos de respuesta, requisitos y formatos para acceder a los mismos.<\/p>\n<figure><a href=\"fraccion_xxxix\"><img loading=\"lazy\" decoding=\"async\" src=\"https:\/\/www.oaxaca.gob.mx\/iodemc\/wp-content\/uploads\/sites\/43\/2018\/03\/XXXIX.png\" alt=\"\" width=\"800\" height=\"540\" \/><\/a><\/figure>\n<h3><a href=\"fraccion_xxxix\">XXXIX. Resoluciones y laudos de juicios<\/a><\/h3>\n<p>Las actas y resoluciones del Comit\u00e9 de Transparencia de los sujetos obligados.<\/p>\n<figure><a href=\"fraccion_xl\"><img loading=\"lazy\" decoding=\"async\" src=\"https:\/\/www.oaxaca.gob.mx\/iodemc\/wp-content\/uploads\/sites\/43\/2018\/03\/XL.png\" alt=\"\" width=\"800\" height=\"540\" \/><\/a><\/figure>\n<h3><a href=\"fraccion_xl\">XL. Evaluaciones y encuestas a programas financiados con recursos p\u00fablicos<\/a><\/h3>\n<p>Todas las evaluaciones y encuestas que hagan los sujetos obligados a programas financiados con recursos p\u00fablicos.<\/p>\n<figure><a href=\"fraccion_xli\"><img loading=\"lazy\" decoding=\"async\" src=\"https:\/\/www.oaxaca.gob.mx\/iodemc\/wp-content\/uploads\/sites\/43\/2018\/03\/XLI.png\" alt=\"\" width=\"800\" height=\"540\" \/><\/a><\/figure>\n<h3><a href=\"fraccion_xli\">XLI. Estudios pagados con recursos p\u00fablicos<\/a><\/h3>\n<p>Los estudios financiados con recursos p\u00fablicos.<\/p>\n<figure><a href=\"fraccion_xlii\"><img loading=\"lazy\" decoding=\"async\" src=\"https:\/\/www.oaxaca.gob.mx\/iodemc\/wp-content\/uploads\/sites\/43\/2018\/03\/XLII.png\" alt=\"\" width=\"800\" height=\"540\" \/><\/a><\/figure>\n<h3><a href=\"fraccion_xlii\">XLII. Pagos a jubilados y pensionados<\/a><\/h3>\n<p>El listado de jubilados y pensionados y el monto que reciben.<\/p>\n<figure><a href=\"fraccion_xliii\"><img loading=\"lazy\" decoding=\"async\" src=\"https:\/\/www.oaxaca.gob.mx\/iodemc\/wp-content\/uploads\/sites\/43\/2018\/03\/XLIII.png\" alt=\"\" width=\"800\" height=\"540\" \/><\/a><\/figure>\n<h3><a href=\"fraccion_xliii\">XLIII. Ingresos totales del sujeto obligado<\/a><\/h3>\n<p>Los ingresos recibidos por cualquier concepto se\u00f1alando el nombre de los responsables de recibirlos, administrarlos y ejercerlos.<\/p>\n<figure><a href=\"fraccion_xliv\"><img loading=\"lazy\" decoding=\"async\" src=\"https:\/\/www.oaxaca.gob.mx\/iodemc\/wp-content\/uploads\/sites\/43\/2018\/03\/XLIV.png\" alt=\"\" width=\"800\" height=\"540\" \/><\/a><\/figure>\n<h3><a href=\"fraccion_xliv\">XLIV. Donaciones en dinero o en especie<\/a><\/h3>\n<p>Donaciones hechas a terceros en dinero o en especie.<\/p>\n<figure><a href=\"fraccion_xlv\"><img loading=\"lazy\" decoding=\"async\" src=\"https:\/\/www.oaxaca.gob.mx\/iodemc\/wp-content\/uploads\/sites\/43\/2018\/03\/XLV.png\" alt=\"\" width=\"800\" height=\"540\" \/><\/a><\/figure>\n<h3><a href=\"fraccion_xlv\">XLV. Instrumentos de archivos<\/a><\/h3>\n<p>El cat\u00e1logo de disposici\u00f3n y gu\u00eda de archivo documental.<\/p>\n<figure><a href=\"fraccion_xlvi\"><img loading=\"lazy\" decoding=\"async\" src=\"https:\/\/www.oaxaca.gob.mx\/iodemc\/wp-content\/uploads\/sites\/43\/2018\/03\/XLVI.png\" alt=\"\" width=\"800\" height=\"540\" \/><\/a><\/figure>\n<h3><a href=\"fraccion_xlvi\">XLVI. Actas de las sesiones, opiniones y recomendaciones de los consejos consultivos<\/a><\/h3>\n<p>Las actas de sesiones ordinarias y extraordinarias, as\u00ed como las opiniones y recomendaciones que emitan, en su caso, los consejos consultivos.<\/p>\n<figure><a href=\"fraccion_xlvii\"><img loading=\"lazy\" decoding=\"async\" src=\"https:\/\/www.oaxaca.gob.mx\/iodemc\/wp-content\/uploads\/sites\/43\/2018\/03\/XLVII.png\" alt=\"\" width=\"800\" height=\"540\" \/><\/a><\/figure>\n<h3><a href=\"fraccion_xlvii\">XLVII. Solicitudes a empresas concesionarias privadas, y la localizaci\u00f3n geogr\u00e1fica<\/a><\/h3>\n<p>Para efectos estad\u00edsticos, el listado de solicitudes a las empresas concesionarias de telecomunicaciones y proveedores de servicios o aplicaciones de Internet para la intervenci\u00f3n de comunicaciones privadas.<\/p>\n<figure><a href=\"fraccion_xlviii\"><img loading=\"lazy\" decoding=\"async\" src=\"https:\/\/www.oaxaca.gob.mx\/iodemc\/wp-content\/uploads\/sites\/43\/2018\/03\/XLVIII.png\" alt=\"\" width=\"800\" height=\"540\" \/><\/a><\/figure>\n<h3><a href=\"fraccion_xlviii\">XLVIII. Otra informaci\u00f3n \u00fatil o relevante<\/a><\/h3>\n<p>Cualquier otra informaci\u00f3n que sea de utilidad o se considere relevante, adem\u00e1s de la que, con base en la informaci\u00f3n estad\u00edstica, responda a las preguntas hechas con m\u00e1s frecuencia por el p\u00fablico.<\/p>\n<figure><a href=\"fraccion_lgta70\"><img loading=\"lazy\" decoding=\"async\" src=\"https:\/\/www.oaxaca.gob.mx\/iodemc\/wp-content\/uploads\/sites\/43\/2018\/09\/70_ultimo_parrafo.png\" alt=\"\" width=\"1400\" height=\"946\" \/><\/a><\/figure>\n<h3><a href=\"fraccion_lgta70\">LGTA70-\u00faltimo p\u00e1rrafo<\/a><\/h3>\n<p>Obligaciones aplicables<\/p>\n<figure><a href=\"fraccion_ltao21fviiia\"><img loading=\"lazy\" decoding=\"async\" src=\"https:\/\/www.oaxaca.gob.mx\/iodemc\/wp-content\/uploads\/sites\/43\/2018\/09\/LTAO21FVIIIA.png\" alt=\"\" width=\"1400\" height=\"946\" \/><\/a><\/figure>\n<h3><a href=\"fraccion_ltao21fviiia\">LTAO21FVIIIA<\/a><\/h3>\n<p>Publicaci\u00f3n en medios alternativos<\/p>\n<figure><a href=\"fraccion_ltao21fviiib\"><img loading=\"lazy\" decoding=\"async\" src=\"https:\/\/www.oaxaca.gob.mx\/iodemc\/wp-content\/uploads\/sites\/43\/2018\/09\/LTAO21FVIIIB.png\" alt=\"\" width=\"1400\" height=\"946\" \/><\/a><\/figure>\n<h3><a href=\"fraccion_ltao21fviiib\">LTAO21FVIIIB<\/a><\/h3>\n<p>Medios electr\u00f3nicos para recibir quejas, sugerencias o propuestas<\/p>\n<figure><a href=\"fraccion_ltao36\"><img loading=\"lazy\" decoding=\"async\" src=\"https:\/\/www.oaxaca.gob.mx\/iodemc\/wp-content\/uploads\/sites\/43\/2018\/09\/LTAO36.png\" alt=\"\" width=\"1400\" height=\"946\" \/><\/a><\/figure>\n<h3><a href=\"fraccion_ltao36\">LTAO36-\u00fanico p\u00e1rrafo<\/a><\/h3>\n<p>Informaci\u00f3n sobre obra p\u00fablica<\/p>\n","protected":false},"excerpt":{"rendered":"<p>I. Marco normativo El marco normativo aplicable al sujeto obligado. II. Estructura org\u00e1nica Su estructura org\u00e1nica completa, en un formato que permita vincular cada parte de la estructura, las atribuciones y responsabilidades que le corresponden a cada servidor p\u00fablico. III. Facultades de cada \u00e1rea Las facultades de cada \u00e1rea del sujeto obligado. IV. Metas y [&hellip;]<\/p>\n","protected":false},"author":1,"featured_media":1188,"parent":0,"menu_order":0,"comment_status":"closed","ping_status":"closed","template":"","meta":{"episode_type":"","audio_file":"","podmotor_file_id":"","podmotor_episode_id":"","cover_image":"","cover_image_id":"","duration":"","filesize":"","filesize_raw":"","date_recorded":"","explicit":"","block":"","itunes_episode_number":"","itunes_title":"","itunes_season_number":"","itunes_episode_type":"","footnotes":""},"categories":[],"tags":[],"class_list":["post-1171","page","type-page","status-publish","has-post-thumbnail","hentry"],"acf":[],"publishpress_future_action":{"enabled":false,"date":"2026-04-22 22:33:27","action":"change-status","newStatus":"draft","terms":[],"taxonomy":"category","extraData":[]},"publishpress_future_workflow_manual_trigger":{"enabledWorkflows":[]},"_links":{"self":[{"href":"https:\/\/www.oaxaca.gob.mx\/iodemc\/wp-json\/wp\/v2\/pages\/1171","targetHints":{"allow":["GET"]}}],"collection":[{"href":"https:\/\/www.oaxaca.gob.mx\/iodemc\/wp-json\/wp\/v2\/pages"}],"about":[{"href":"https:\/\/www.oaxaca.gob.mx\/iodemc\/wp-json\/wp\/v2\/types\/page"}],"author":[{"embeddable":true,"href":"https:\/\/www.oaxaca.gob.mx\/iodemc\/wp-json\/wp\/v2\/users\/1"}],"replies":[{"embeddable":true,"href":"https:\/\/www.oaxaca.gob.mx\/iodemc\/wp-json\/wp\/v2\/comments?post=1171"}],"version-history":[{"count":0,"href":"https:\/\/www.oaxaca.gob.mx\/iodemc\/wp-json\/wp\/v2\/pages\/1171\/revisions"}],"wp:featuredmedia":[{"embeddable":true,"href":"https:\/\/www.oaxaca.gob.mx\/iodemc\/wp-json\/wp\/v2\/media\/1188"}],"wp:attachment":[{"href":"https:\/\/www.oaxaca.gob.mx\/iodemc\/wp-json\/wp\/v2\/media?parent=1171"}],"wp:term":[{"taxonomy":"category","embeddable":true,"href":"https:\/\/www.oaxaca.gob.mx\/iodemc\/wp-json\/wp\/v2\/categories?post=1171"},{"taxonomy":"post_tag","embeddable":true,"href":"https:\/\/www.oaxaca.gob.mx\/iodemc\/wp-json\/wp\/v2\/tags?post=1171"}],"curies":[{"name":"wp","href":"https:\/\/api.w.org\/{rel}","templated":true}]}}