{"id":9086,"date":"2024-11-21T12:18:47","date_gmt":"2024-11-21T18:18:47","guid":{"rendered":"https:\/\/www.oaxaca.gob.mx\/iocied\/?page_id=9086"},"modified":"2026-01-21T10:07:59","modified_gmt":"2026-01-21T16:07:59","slug":"avance-de-gestion","status":"publish","type":"page","link":"https:\/\/www.oaxaca.gob.mx\/iocied\/avance-de-gestion\/","title":{"rendered":"Avance de gesti\u00f3n"},"content":{"rendered":"<p><!-- [wbcr_snippet id=\"9092\"] --><br \/>\n<!-- [wbcr_snippet id=\"226\"] --><\/p>\n<ul id=\"pills-tab\" class=\"nav nav-pills mb-3\" role=\"tablist\">\n<li class=\"nav-item\" role=\"presentation\"><button id=\"pills-avg24-tab\" class=\"nav-link active\" role=\"tab\" type=\"button\" data-bs-toggle=\"pill\" data-bs-target=\"#pills-avg24\" aria-controls=\"pills-avg24\">Avance de gesti\u00f3n 2024<\/button><\/li>\n<li class=\"nav-item\" role=\"presentation\"><button id=\"pills-avg25-tab\" class=\"nav-link\" role=\"tab\" type=\"button\" data-bs-toggle=\"pill\" data-bs-target=\"#pills-avg25\" aria-controls=\"pills-avg25\">Avance de gesti\u00f3n 2025<\/button><\/li>\n<\/ul>\n<div id=\"pills-tabContent\" class=\"tab-content\">\n<p><!-- Para avance de gesti\u00f3n 2024 --><\/p>\n<div id=\"pills-avg24\" class=\"tab-pane fade show active\" role=\"tabpanel\" aria-labelledby=\"pills-home-tab\"><span style=\"font-weight: bold\">Avance de gesti\u00f3n 2024<\/span><br \/>\n<a href=\"https:\/\/www.oaxaca.gob.mx\/iocifed\/wp-content\/uploads\/sites\/41\/2024\/11\/avngstn1t24.pdf\" target=\"_blank\" rel=\"noopener noreferrer\"> <i class=\"far fa-file-pdf fa-2x\">\u00a0<\/i> Primer trimestre (pdf)<\/a><br \/>\n<a href=\"https:\/\/www.oaxaca.gob.mx\/iocifed\/wp-content\/uploads\/sites\/41\/2024\/11\/avngstn2t24.pdf\" target=\"_blank\" rel=\"noopener noreferrer\"> <i class=\"far fa-file-pdf fa-2x\">\u00a0<\/i> Segundo trimestre (pdf)<\/a><br \/>\n<a href=\"https:\/\/www.oaxaca.gob.mx\/iocifed\/wp-content\/uploads\/sites\/41\/2024\/11\/avngstn3t24.pdf\" target=\"_blank\" rel=\"noopener noreferrer\"> <i class=\"far fa-file-pdf fa-2x\">\u00a0<\/i> Tercer trimestre (pdf)<\/a><br \/>\n<a href=\"https:\/\/www.oaxaca.gob.mx\/iocifed\/wp-content\/uploads\/sites\/41\/2025\/01\/avngstn4t24.pdf\" target=\"_blank\" rel=\"noopener noreferrer\"> <i class=\"far fa-file-pdf fa-2x\">\u00a0<\/i> Cuarto trimestre (pdf)<\/a><\/div>\n<p><!-- Para avance de gesti\u00f3n 2025 --><\/p>\n<div id=\"pills-avg25\" class=\"tab-pane fade\" role=\"tabpanel\" aria-labelledby=\"pills-marco-tab\"><span style=\"font-weight: bold\">Avance de gesti\u00f3n 2025<\/span><br \/>\n<a href=\"https:\/\/www.oaxaca.gob.mx\/iocifed\/wp-content\/uploads\/sites\/41\/2025\/04\/avngstn1t25.pdf\" target=\"_blank\" rel=\"noopener noreferrer\"> <i class=\"far fa-file-pdf fa-2x\">\u00a0<\/i> Primer trimestre (pdf)<\/a><br \/>\n<a href=\"https:\/\/www.oaxaca.gob.mx\/iocifed\/wp-content\/uploads\/sites\/41\/2025\/04\/avngstn2t25.pdf\" target=\"_blank\" rel=\"noopener noreferrer\"> <i class=\"far fa-file-pdf fa-2x\">\u00a0<\/i> Segundo trimestre (pdf)<\/a><br \/>\n<a href=\"https:\/\/www.oaxaca.gob.mx\/iocifed\/wp-content\/uploads\/sites\/41\/2025\/10\/avngstn3t25.pdf\" target=\"_blank\" rel=\"noopener noreferrer\"> <i class=\"far fa-file-pdf fa-2x\">\u00a0<\/i> Tercer trimestre (pdf)<\/a><br \/>\n<a href=\"https:\/\/www.oaxaca.gob.mx\/iocifed\/wp-content\/uploads\/sites\/41\/2026\/01\/avngstn4t25.pdf\" target=\"_blank\" rel=\"noopener noreferrer\"> <i class=\"far fa-file-pdf fa-2x\">\u00a0<\/i> Cuarto trimestre (pdf)<\/a><\/div>\n<\/div>\n","protected":false},"excerpt":{"rendered":"<p>Avance de gesti\u00f3n 2024 Avance de gesti\u00f3n 2025 Avance de gesti\u00f3n 2024 \u00a0 Primer trimestre (pdf) \u00a0 Segundo trimestre (pdf) \u00a0 Tercer trimestre (pdf) \u00a0 Cuarto trimestre (pdf) Avance de gesti\u00f3n 2025 \u00a0 Primer trimestre (pdf) \u00a0 Segundo trimestre (pdf) \u00a0 Tercer trimestre (pdf) \u00a0 Cuarto trimestre (pdf)<\/p>\n","protected":false},"author":1,"featured_media":0,"parent":0,"menu_order":0,"comment_status":"closed","ping_status":"closed","template":"","meta":{"episode_type":"","audio_file":"","podmotor_file_id":"","podmotor_episode_id":"","cover_image":"","cover_image_id":"","duration":"","filesize":"","filesize_raw":"","date_recorded":"","explicit":"","block":"","itunes_episode_number":"","itunes_title":"","itunes_season_number":"","itunes_episode_type":"","footnotes":""},"categories":[],"tags":[],"class_list":["post-9086","page","type-page","status-publish","hentry"],"acf":[],"publishpress_future_action":{"enabled":false,"date":"2026-05-07 15:20:55","action":"change-status","newStatus":"draft","terms":[],"taxonomy":"category","extraData":[]},"publishpress_future_workflow_manual_trigger":{"enabledWorkflows":[]},"_links":{"self":[{"href":"https:\/\/www.oaxaca.gob.mx\/iocied\/wp-json\/wp\/v2\/pages\/9086","targetHints":{"allow":["GET"]}}],"collection":[{"href":"https:\/\/www.oaxaca.gob.mx\/iocied\/wp-json\/wp\/v2\/pages"}],"about":[{"href":"https:\/\/www.oaxaca.gob.mx\/iocied\/wp-json\/wp\/v2\/types\/page"}],"author":[{"embeddable":true,"href":"https:\/\/www.oaxaca.gob.mx\/iocied\/wp-json\/wp\/v2\/users\/1"}],"replies":[{"embeddable":true,"href":"https:\/\/www.oaxaca.gob.mx\/iocied\/wp-json\/wp\/v2\/comments?post=9086"}],"version-history":[{"count":3,"href":"https:\/\/www.oaxaca.gob.mx\/iocied\/wp-json\/wp\/v2\/pages\/9086\/revisions"}],"predecessor-version":[{"id":12593,"href":"https:\/\/www.oaxaca.gob.mx\/iocied\/wp-json\/wp\/v2\/pages\/9086\/revisions\/12593"}],"wp:attachment":[{"href":"https:\/\/www.oaxaca.gob.mx\/iocied\/wp-json\/wp\/v2\/media?parent=9086"}],"wp:term":[{"taxonomy":"category","embeddable":true,"href":"https:\/\/www.oaxaca.gob.mx\/iocied\/wp-json\/wp\/v2\/categories?post=9086"},{"taxonomy":"post_tag","embeddable":true,"href":"https:\/\/www.oaxaca.gob.mx\/iocied\/wp-json\/wp\/v2\/tags?post=9086"}],"curies":[{"name":"wp","href":"https:\/\/api.w.org\/{rel}","templated":true}]}}