{"id":28,"date":"2019-05-07T22:57:39","date_gmt":"2019-05-07T20:57:39","guid":{"rendered":"https:\/\/www.oaxaca.gob.mx\/iocifed\/?page_id=28"},"modified":"2019-05-07T22:57:39","modified_gmt":"2019-05-07T20:57:39","slug":"funciones","status":"publish","type":"page","link":"https:\/\/www.oaxaca.gob.mx\/iocied\/funciones\/","title":{"rendered":"Funciones"},"content":{"rendered":"<ul class=\"listas-geo\">\n<li>Organizar, dirigir, coordinar, evaluar y llevar a cabo el programa estatal de construcci\u00f3n, reparaci\u00f3n, rehabilitaci\u00f3n, reconstrucci\u00f3n\u00a0 y equipamiento de la infraestructura f\u00edsica educativa del estado de Oaxaca.<\/li>\n<li>Lograr que la infraestructura f\u00edsica educativa del estado cumpla con los requisitos de calidad, seguridad, funcionalidad, oportunidad, equidad, sustentabilidad y pertinencia con la finalidad de implementar el control, la legalidad, el orden y la transparencia a las normas preestablecidas, atendiendo de manera paralela el aspecto de medio ambiente, seguridad e higiene.<\/li>\n<li>Construir infraestructura F\u00edsica Educativa para que la poblaci\u00f3n Oaxaque\u00f1a tenga acceso a edificaciones funcionales de calidad, considerando los aspectos t\u00e9cnicos, legales y normativos aplicables.<\/li>\n<\/ul>\n","protected":false},"excerpt":{"rendered":"<p>Organizar, dirigir, coordinar, evaluar y llevar a cabo el programa estatal de construcci\u00f3n, reparaci\u00f3n, rehabilitaci\u00f3n, reconstrucci\u00f3n\u00a0 y equipamiento de la infraestructura f\u00edsica educativa del estado de Oaxaca. Lograr que la infraestructura f\u00edsica educativa del estado cumpla con los requisitos de calidad, seguridad, funcionalidad, oportunidad, equidad, sustentabilidad y pertinencia con la finalidad de implementar el control, [&hellip;]<\/p>\n","protected":false},"author":1,"featured_media":0,"parent":0,"menu_order":0,"comment_status":"closed","ping_status":"closed","template":"","meta":{"episode_type":"","audio_file":"","podmotor_file_id":"","podmotor_episode_id":"","cover_image":"","cover_image_id":"","duration":"","filesize":"","filesize_raw":"","date_recorded":"","explicit":"","block":"","itunes_episode_number":"","itunes_title":"","itunes_season_number":"","itunes_episode_type":"","footnotes":""},"categories":[],"tags":[],"class_list":["post-28","page","type-page","status-publish","hentry"],"acf":[],"publishpress_future_action":{"enabled":false,"date":"2026-05-03 11:40:36","action":"change-status","newStatus":"draft","terms":[],"taxonomy":"category","extraData":[]},"publishpress_future_workflow_manual_trigger":{"enabledWorkflows":[]},"_links":{"self":[{"href":"https:\/\/www.oaxaca.gob.mx\/iocied\/wp-json\/wp\/v2\/pages\/28","targetHints":{"allow":["GET"]}}],"collection":[{"href":"https:\/\/www.oaxaca.gob.mx\/iocied\/wp-json\/wp\/v2\/pages"}],"about":[{"href":"https:\/\/www.oaxaca.gob.mx\/iocied\/wp-json\/wp\/v2\/types\/page"}],"author":[{"embeddable":true,"href":"https:\/\/www.oaxaca.gob.mx\/iocied\/wp-json\/wp\/v2\/users\/1"}],"replies":[{"embeddable":true,"href":"https:\/\/www.oaxaca.gob.mx\/iocied\/wp-json\/wp\/v2\/comments?post=28"}],"version-history":[{"count":0,"href":"https:\/\/www.oaxaca.gob.mx\/iocied\/wp-json\/wp\/v2\/pages\/28\/revisions"}],"wp:attachment":[{"href":"https:\/\/www.oaxaca.gob.mx\/iocied\/wp-json\/wp\/v2\/media?parent=28"}],"wp:term":[{"taxonomy":"category","embeddable":true,"href":"https:\/\/www.oaxaca.gob.mx\/iocied\/wp-json\/wp\/v2\/categories?post=28"},{"taxonomy":"post_tag","embeddable":true,"href":"https:\/\/www.oaxaca.gob.mx\/iocied\/wp-json\/wp\/v2\/tags?post=28"}],"curies":[{"name":"wp","href":"https:\/\/api.w.org\/{rel}","templated":true}]}}