{"id":24,"date":"2019-05-07T22:57:08","date_gmt":"2019-05-07T20:57:08","guid":{"rendered":"https:\/\/www.oaxaca.gob.mx\/iocifed\/?page_id=24"},"modified":"2023-03-30T15:44:00","modified_gmt":"2023-03-30T21:44:00","slug":"acerca-de-iocifed","status":"publish","type":"page","link":"https:\/\/www.oaxaca.gob.mx\/iocied\/acerca-de-iocied\/","title":{"rendered":"Acerca de IOCIED"},"content":{"rendered":"<p>El Comit\u00e9 Administrador del Programa Federal de Construcci\u00f3n de Escuelas (CAPFCE) se crea mediante decreto expedido por el Presidente de la Rep\u00fablica Manuel \u00c1vila Camacho, publicado en el Diario Oficial de la Federaci\u00f3n el 10 de abril de 1944.<\/p>\n<p>Por instrucciones del Secretario de Educaci\u00f3n P\u00fablica, en 1995 se inician las acciones a la federalizaci\u00f3n de la construcci\u00f3n de la Infraestructura Educativa P\u00fablica, para ello se realiz\u00f3 un programa piloto en varios estados de la rep\u00fablica, a efecto de propiciar que los gobiernos locales administraran la ejecuci\u00f3n de obras de escuelas del nivel b\u00e1sico.<\/p>\n<p>El 29 de diciembre de 1997 el Congreso de la Uni\u00f3n adicion\u00f3 y reform\u00f3 la ley de coordinaci\u00f3n fiscal para institucionalizar el ramo 33 del presupuesto de egresos de la federaci\u00f3n denominado \u00abAportaciones federales para entidades federativas y municipios\u00bb, con lo que se intensific\u00f3 el proceso de federalizaci\u00f3n del CAPFCE, al hacer llegar directamente a los estados recursos para la edificaci\u00f3n de espacios educativos del nivel b\u00e1sico y superior.<\/p>\n<p>En lo referente al estado de Oaxaca, mediante decreto de creaci\u00f3n de fecha 25 de febrero de 1998, se cre\u00f3 el organismo p\u00fablico descentralizado denominado \u201cComit\u00e9 Estatal para la Edificaci\u00f3n del Aula de Oaxaca\u201d (CEPEAO), posteriormente se acord\u00f3 cambiar el nombre de la instituci\u00f3n y por decreto ejecutivo de fecha 27 de agosto de 1999 cambia su denominaci\u00f3n a la de \u201cComit\u00e9 Administrador del Programa para la Construcci\u00f3n de Escuelas del Estado de Oaxaca\u201d (CAPCEO).<\/p>\n<p>El 1\u00b0 de febrero del 2008, fue publicado en el diario oficial de la federaci\u00f3n, la Ley General de Infraestructura F\u00edsica Educativa, creando dentro del contexto de esta ley, al Instituto Nacional de la Infraestructura F\u00edsica Educativa (INIFED), as\u00ed como abrogada la Ley que crea el Comit\u00e9 Administrador del Programa Federal para la Construcci\u00f3n de Escuelas (CAPFCE).<\/p>\n<p>Por lo anterior, y toda vez que se pretende que la infraestructura F\u00edsica Educativa en el Estado sea considerada de calidad en los aspectos t\u00e9cnicos, legales y normativos aplicables, con la finalidad de implementar control, legalidad, orden y transparencia a las normas preestablecidas, atendiendo de manera paralela el aspecto de medio ambiente, seguridad e higiene, se crea el Instituto Oaxaque\u00f1o Constructor de Infraestructura F\u00edsica Educativa (IOCIFED), sustituyendo al CAPCEO, utilizando sus recursos, patrimonio e infraestructura.<\/p>\n","protected":false},"excerpt":{"rendered":"<p>El Comit\u00e9 Administrador del Programa Federal de Construcci\u00f3n de Escuelas (CAPFCE) se crea mediante decreto expedido por el Presidente de la Rep\u00fablica Manuel \u00c1vila Camacho, publicado en el Diario Oficial de la Federaci\u00f3n el 10 de abril de 1944. Por instrucciones del Secretario de Educaci\u00f3n P\u00fablica, en 1995 se inician las acciones a la federalizaci\u00f3n [&hellip;]<\/p>\n","protected":false},"author":1,"featured_media":0,"parent":0,"menu_order":0,"comment_status":"closed","ping_status":"closed","template":"","meta":{"episode_type":"","audio_file":"","podmotor_file_id":"","podmotor_episode_id":"","cover_image":"","cover_image_id":"","duration":"","filesize":"","filesize_raw":"","date_recorded":"","explicit":"","block":"","itunes_episode_number":"","itunes_title":"","itunes_season_number":"","itunes_episode_type":"","footnotes":""},"categories":[],"tags":[],"class_list":["post-24","page","type-page","status-publish","hentry"],"acf":[],"publishpress_future_action":{"enabled":false,"date":"2026-04-24 04:30:24","action":"change-status","newStatus":"draft","terms":[],"taxonomy":"category","extraData":[]},"publishpress_future_workflow_manual_trigger":{"enabledWorkflows":[]},"_links":{"self":[{"href":"https:\/\/www.oaxaca.gob.mx\/iocied\/wp-json\/wp\/v2\/pages\/24","targetHints":{"allow":["GET"]}}],"collection":[{"href":"https:\/\/www.oaxaca.gob.mx\/iocied\/wp-json\/wp\/v2\/pages"}],"about":[{"href":"https:\/\/www.oaxaca.gob.mx\/iocied\/wp-json\/wp\/v2\/types\/page"}],"author":[{"embeddable":true,"href":"https:\/\/www.oaxaca.gob.mx\/iocied\/wp-json\/wp\/v2\/users\/1"}],"replies":[{"embeddable":true,"href":"https:\/\/www.oaxaca.gob.mx\/iocied\/wp-json\/wp\/v2\/comments?post=24"}],"version-history":[{"count":3,"href":"https:\/\/www.oaxaca.gob.mx\/iocied\/wp-json\/wp\/v2\/pages\/24\/revisions"}],"predecessor-version":[{"id":4059,"href":"https:\/\/www.oaxaca.gob.mx\/iocied\/wp-json\/wp\/v2\/pages\/24\/revisions\/4059"}],"wp:attachment":[{"href":"https:\/\/www.oaxaca.gob.mx\/iocied\/wp-json\/wp\/v2\/media?parent=24"}],"wp:term":[{"taxonomy":"category","embeddable":true,"href":"https:\/\/www.oaxaca.gob.mx\/iocied\/wp-json\/wp\/v2\/categories?post=24"},{"taxonomy":"post_tag","embeddable":true,"href":"https:\/\/www.oaxaca.gob.mx\/iocied\/wp-json\/wp\/v2\/tags?post=24"}],"curies":[{"name":"wp","href":"https:\/\/api.w.org\/{rel}","templated":true}]}}