{"id":41,"date":"2016-02-22T13:48:07","date_gmt":"2016-02-22T19:48:07","guid":{"rendered":"http:\/\/www.sai.oaxaca.gob.mx\/?page_id=41"},"modified":"2023-07-18T11:59:43","modified_gmt":"2023-07-18T17:59:43","slug":"noticias","status":"publish","type":"page","link":"https:\/\/www.oaxaca.gob.mx\/interculturalidad\/noticias\/","title":{"rendered":"Noticias"},"content":{"rendered":"\n\n<div class=\"su-posts su-posts-default-loop \">\n\n\t\n\t\t\t\t\t\n\t\t\t\n\t\t\t<div id=\"su-post-17426\" class=\"su-post \">\n\n\t\t\t\t\t\t\t\t\t<a class=\"su-post-thumbnail\" href=\"https:\/\/www.oaxaca.gob.mx\/interculturalidad\/foro-regional-etapa-consultiva\/\"><img loading=\"lazy\" decoding=\"async\" width=\"1604\" height=\"613\" src=\"https:\/\/www.oaxaca.gob.mx\/interculturalidad\/wp-content\/uploads\/sites\/7\/2026\/04\/Consulta260401.png\" class=\"attachment-post-thumbnail size-post-thumbnail wp-post-image\" alt=\"\" srcset=\"https:\/\/www.oaxaca.gob.mx\/interculturalidad\/wp-content\/uploads\/sites\/7\/2026\/04\/Consulta260401.png 1604w, https:\/\/www.oaxaca.gob.mx\/interculturalidad\/wp-content\/uploads\/sites\/7\/2026\/04\/Consulta260401-300x115.png 300w, https:\/\/www.oaxaca.gob.mx\/interculturalidad\/wp-content\/uploads\/sites\/7\/2026\/04\/Consulta260401-1024x391.png 1024w, https:\/\/www.oaxaca.gob.mx\/interculturalidad\/wp-content\/uploads\/sites\/7\/2026\/04\/Consulta260401-768x294.png 768w, https:\/\/www.oaxaca.gob.mx\/interculturalidad\/wp-content\/uploads\/sites\/7\/2026\/04\/Consulta260401-1536x587.png 1536w\" sizes=\"auto, (max-width: 1604px) 100vw, 1604px\" \/><\/a>\n\t\t\t\t\n\t\t\t\t<h2 class=\"su-post-title\"><a href=\"https:\/\/www.oaxaca.gob.mx\/interculturalidad\/foro-regional-etapa-consultiva\/\">Foro Regional Etapa Consultiva<\/a><\/h2>\n\n\t\t\t\t<div class=\"su-post-meta\">\n\t\t\t\t\tPublicado: 1 abril, 2026\t\t\t\t<\/div>\n\n\t\t\t\t<div class=\"su-post-excerpt\">\n\t\t\t\t\t\t\t\t\t<\/div>\n\n\t\t\t\t\t\t\t\t\t<a href=\"https:\/\/www.oaxaca.gob.mx\/interculturalidad\/foro-regional-etapa-consultiva\/#respond\" class=\"su-post-comments-link\">0 comentarios<\/a>\n\t\t\t\t\n\t\t\t<\/div>\n\n\t\t\t\t\t\n\t\t\t\n\t\t\t<div id=\"su-post-16400\" class=\"su-post \">\n\n\t\t\t\t\t\t\t\t\t<a class=\"su-post-thumbnail\" href=\"https:\/\/www.oaxaca.gob.mx\/interculturalidad\/centros-de-medicina-tradicional-comunitarios-2025\/\"><img loading=\"lazy\" decoding=\"async\" width=\"1600\" height=\"610\" src=\"https:\/\/www.oaxaca.gob.mx\/interculturalidad\/wp-content\/uploads\/sites\/7\/2025\/10\/BannerMedicinaTradicional2025.jpeg\" class=\"attachment-post-thumbnail size-post-thumbnail wp-post-image\" alt=\"\" srcset=\"https:\/\/www.oaxaca.gob.mx\/interculturalidad\/wp-content\/uploads\/sites\/7\/2025\/10\/BannerMedicinaTradicional2025.jpeg 1600w, https:\/\/www.oaxaca.gob.mx\/interculturalidad\/wp-content\/uploads\/sites\/7\/2025\/10\/BannerMedicinaTradicional2025-300x114.jpeg 300w, https:\/\/www.oaxaca.gob.mx\/interculturalidad\/wp-content\/uploads\/sites\/7\/2025\/10\/BannerMedicinaTradicional2025-1024x390.jpeg 1024w, https:\/\/www.oaxaca.gob.mx\/interculturalidad\/wp-content\/uploads\/sites\/7\/2025\/10\/BannerMedicinaTradicional2025-768x293.jpeg 768w, https:\/\/www.oaxaca.gob.mx\/interculturalidad\/wp-content\/uploads\/sites\/7\/2025\/10\/BannerMedicinaTradicional2025-1536x586.jpeg 1536w\" sizes=\"auto, (max-width: 1600px) 100vw, 1600px\" \/><\/a>\n\t\t\t\t\n\t\t\t\t<h2 class=\"su-post-title\"><a href=\"https:\/\/www.oaxaca.gob.mx\/interculturalidad\/centros-de-medicina-tradicional-comunitarios-2025\/\">Centros de Medicina Tradicional Comunitarios 2025<\/a><\/h2>\n\n\t\t\t\t<div class=\"su-post-meta\">\n\t\t\t\t\tPublicado: 31 octubre, 2025\t\t\t\t<\/div>\n\n\t\t\t\t<div class=\"su-post-excerpt\">\n\t\t\t\t\t<p>Convocatoria Cerrada Convocatoria Cerrada Lineamientos Convocatoria Cerrada Para descarga Anexo 1<\/p>\n\t\t\t\t<\/div>\n\n\t\t\t\t\t\t\t\t\t<a href=\"https:\/\/www.oaxaca.gob.mx\/interculturalidad\/centros-de-medicina-tradicional-comunitarios-2025\/#respond\" class=\"su-post-comments-link\">0 comentarios<\/a>\n\t\t\t\t\n\t\t\t<\/div>\n\n\t\t\t\t\t\n\t\t\t\n\t\t\t<div id=\"su-post-16393\" class=\"su-post \">\n\n\t\t\t\t\t\t\t\t\t<a class=\"su-post-thumbnail\" href=\"https:\/\/www.oaxaca.gob.mx\/interculturalidad\/museos-comunitarios-2025\/\"><img loading=\"lazy\" decoding=\"async\" width=\"1600\" height=\"610\" src=\"https:\/\/www.oaxaca.gob.mx\/interculturalidad\/wp-content\/uploads\/sites\/7\/2025\/10\/BannerMuseos2025.jpeg\" class=\"attachment-post-thumbnail size-post-thumbnail wp-post-image\" alt=\"\" srcset=\"https:\/\/www.oaxaca.gob.mx\/interculturalidad\/wp-content\/uploads\/sites\/7\/2025\/10\/BannerMuseos2025.jpeg 1600w, https:\/\/www.oaxaca.gob.mx\/interculturalidad\/wp-content\/uploads\/sites\/7\/2025\/10\/BannerMuseos2025-300x114.jpeg 300w, https:\/\/www.oaxaca.gob.mx\/interculturalidad\/wp-content\/uploads\/sites\/7\/2025\/10\/BannerMuseos2025-1024x390.jpeg 1024w, https:\/\/www.oaxaca.gob.mx\/interculturalidad\/wp-content\/uploads\/sites\/7\/2025\/10\/BannerMuseos2025-768x293.jpeg 768w, https:\/\/www.oaxaca.gob.mx\/interculturalidad\/wp-content\/uploads\/sites\/7\/2025\/10\/BannerMuseos2025-1536x586.jpeg 1536w\" sizes=\"auto, (max-width: 1600px) 100vw, 1600px\" \/><\/a>\n\t\t\t\t\n\t\t\t\t<h2 class=\"su-post-title\"><a href=\"https:\/\/www.oaxaca.gob.mx\/interculturalidad\/museos-comunitarios-2025\/\">Museos Comunitarios 2025<\/a><\/h2>\n\n\t\t\t\t<div class=\"su-post-meta\">\n\t\t\t\t\tPublicado: 31 octubre, 2025\t\t\t\t<\/div>\n\n\t\t\t\t<div class=\"su-post-excerpt\">\n\t\t\t\t\t<p>Lineamientos Para descarga Anexo 1<\/p>\n\t\t\t\t<\/div>\n\n\t\t\t\t\t\t\t\t\t<a href=\"https:\/\/www.oaxaca.gob.mx\/interculturalidad\/museos-comunitarios-2025\/#respond\" class=\"su-post-comments-link\">0 comentarios<\/a>\n\t\t\t\t\n\t\t\t<\/div>\n\n\t\t\t\t\t\n\t\t\t\n\t\t\t<div id=\"su-post-16341\" class=\"su-post \">\n\n\t\t\t\t\t\t\t\t\t<a class=\"su-post-thumbnail\" href=\"https:\/\/www.oaxaca.gob.mx\/interculturalidad\/expresiones-de-mi-comunidad-2025\/\"><img loading=\"lazy\" decoding=\"async\" width=\"1280\" height=\"488\" src=\"https:\/\/www.oaxaca.gob.mx\/interculturalidad\/wp-content\/uploads\/sites\/7\/2025\/10\/ExpresionesDeMiComunidad2025.jpeg\" class=\"attachment-post-thumbnail size-post-thumbnail wp-post-image\" alt=\"\" srcset=\"https:\/\/www.oaxaca.gob.mx\/interculturalidad\/wp-content\/uploads\/sites\/7\/2025\/10\/ExpresionesDeMiComunidad2025.jpeg 1280w, https:\/\/www.oaxaca.gob.mx\/interculturalidad\/wp-content\/uploads\/sites\/7\/2025\/10\/ExpresionesDeMiComunidad2025-300x114.jpeg 300w, https:\/\/www.oaxaca.gob.mx\/interculturalidad\/wp-content\/uploads\/sites\/7\/2025\/10\/ExpresionesDeMiComunidad2025-1024x390.jpeg 1024w, https:\/\/www.oaxaca.gob.mx\/interculturalidad\/wp-content\/uploads\/sites\/7\/2025\/10\/ExpresionesDeMiComunidad2025-768x293.jpeg 768w\" sizes=\"auto, (max-width: 1280px) 100vw, 1280px\" \/><\/a>\n\t\t\t\t\n\t\t\t\t<h2 class=\"su-post-title\"><a href=\"https:\/\/www.oaxaca.gob.mx\/interculturalidad\/expresiones-de-mi-comunidad-2025\/\">Expresiones de mi Comunidad 2025<\/a><\/h2>\n\n\t\t\t\t<div class=\"su-post-meta\">\n\t\t\t\t\tPublicado: 17 octubre, 2025\t\t\t\t<\/div>\n\n\t\t\t\t<div class=\"su-post-excerpt\">\n\t\t\t\t\t<p>Convocatoria Cerrada &nbsp; Convocatoria Cerrada Lineamientos Convocatoria Cerrada Para descarga Anexo 1<\/p>\n\t\t\t\t<\/div>\n\n\t\t\t\t\t\t\t\t\t<a href=\"https:\/\/www.oaxaca.gob.mx\/interculturalidad\/expresiones-de-mi-comunidad-2025\/#respond\" class=\"su-post-comments-link\">0 comentarios<\/a>\n\t\t\t\t\n\t\t\t<\/div>\n\n\t\t\t\t\t\n\t\t\t\n\t\t\t<div id=\"su-post-15992\" class=\"su-post \">\n\n\t\t\t\t\t\t\t\t\t<a class=\"su-post-thumbnail\" href=\"https:\/\/www.oaxaca.gob.mx\/interculturalidad\/boletin-informativo\/\"><img loading=\"lazy\" decoding=\"async\" width=\"1600\" height=\"607\" src=\"https:\/\/www.oaxaca.gob.mx\/interculturalidad\/wp-content\/uploads\/sites\/7\/2025\/09\/Boletin250901d.jpeg\" class=\"attachment-post-thumbnail size-post-thumbnail wp-post-image\" alt=\"\" srcset=\"https:\/\/www.oaxaca.gob.mx\/interculturalidad\/wp-content\/uploads\/sites\/7\/2025\/09\/Boletin250901d.jpeg 1600w, https:\/\/www.oaxaca.gob.mx\/interculturalidad\/wp-content\/uploads\/sites\/7\/2025\/09\/Boletin250901d-300x114.jpeg 300w, https:\/\/www.oaxaca.gob.mx\/interculturalidad\/wp-content\/uploads\/sites\/7\/2025\/09\/Boletin250901d-1024x388.jpeg 1024w, https:\/\/www.oaxaca.gob.mx\/interculturalidad\/wp-content\/uploads\/sites\/7\/2025\/09\/Boletin250901d-768x291.jpeg 768w, https:\/\/www.oaxaca.gob.mx\/interculturalidad\/wp-content\/uploads\/sites\/7\/2025\/09\/Boletin250901d-1536x583.jpeg 1536w\" sizes=\"auto, (max-width: 1600px) 100vw, 1600px\" \/><\/a>\n\t\t\t\t\n\t\t\t\t<h2 class=\"su-post-title\"><a href=\"https:\/\/www.oaxaca.gob.mx\/interculturalidad\/boletin-informativo\/\">Bolet\u00edn Informativo<\/a><\/h2>\n\n\t\t\t\t<div class=\"su-post-meta\">\n\t\t\t\t\tPublicado: 1 septiembre, 2025\t\t\t\t<\/div>\n\n\t\t\t\t<div class=\"su-post-excerpt\">\n\t\t\t\t\t<p>\ud83d\udce2 La SIPCIA informa: Se notific\u00f3 a los 570 municipios de Oaxacaiz\u00f3 para la difusi\u00f3n de informaci\u00f3n a la poblaci\u00f3n, pueblos y comunidades ind\u00edgenas y afromexicanas en sus territorios, para que emitan su opini\u00f3n respecto a un proceso de consulta respecto a otorgar reconocimiento ind\u00edgena a los partidos pol\u00edticos que lo soliciten \ud83d\udc49\ud83c\udffb Si eres [&hellip;]<\/p>\n\t\t\t\t<\/div>\n\n\t\t\t\t\t\t\t\t\t<a href=\"https:\/\/www.oaxaca.gob.mx\/interculturalidad\/boletin-informativo\/#respond\" class=\"su-post-comments-link\">0 comentarios<\/a>\n\t\t\t\t\n\t\t\t<\/div>\n\n\t\t\t\t\t\n\t\t\t\n\t\t\t<div id=\"su-post-15956\" class=\"su-post \">\n\n\t\t\t\t\t\t\t\t\t<a class=\"su-post-thumbnail\" href=\"https:\/\/www.oaxaca.gob.mx\/interculturalidad\/convocatoria-fondo-comunitario-2025\/\"><img loading=\"lazy\" decoding=\"async\" width=\"1600\" height=\"608\" src=\"https:\/\/www.oaxaca.gob.mx\/interculturalidad\/wp-content\/uploads\/sites\/7\/2025\/08\/FondoComunitario2025.jpeg\" class=\"attachment-post-thumbnail size-post-thumbnail wp-post-image\" alt=\"\" srcset=\"https:\/\/www.oaxaca.gob.mx\/interculturalidad\/wp-content\/uploads\/sites\/7\/2025\/08\/FondoComunitario2025.jpeg 1600w, https:\/\/www.oaxaca.gob.mx\/interculturalidad\/wp-content\/uploads\/sites\/7\/2025\/08\/FondoComunitario2025-300x114.jpeg 300w, https:\/\/www.oaxaca.gob.mx\/interculturalidad\/wp-content\/uploads\/sites\/7\/2025\/08\/FondoComunitario2025-1024x389.jpeg 1024w, https:\/\/www.oaxaca.gob.mx\/interculturalidad\/wp-content\/uploads\/sites\/7\/2025\/08\/FondoComunitario2025-768x292.jpeg 768w, https:\/\/www.oaxaca.gob.mx\/interculturalidad\/wp-content\/uploads\/sites\/7\/2025\/08\/FondoComunitario2025-1536x584.jpeg 1536w\" sizes=\"auto, (max-width: 1600px) 100vw, 1600px\" \/><\/a>\n\t\t\t\t\n\t\t\t\t<h2 class=\"su-post-title\"><a href=\"https:\/\/www.oaxaca.gob.mx\/interculturalidad\/convocatoria-fondo-comunitario-2025\/\">Fondo Comunitario 2025<\/a><\/h2>\n\n\t\t\t\t<div class=\"su-post-meta\">\n\t\t\t\t\tPublicado: 26 agosto, 2025\t\t\t\t<\/div>\n\n\t\t\t\t<div class=\"su-post-excerpt\">\n\t\t\t\t\t<p>Convocatoria Cerrada Beneficiarios Convocatoria Cerrada Para descarga Anexos<\/p>\n\t\t\t\t<\/div>\n\n\t\t\t\t\t\t\t\t\t<a href=\"https:\/\/www.oaxaca.gob.mx\/interculturalidad\/convocatoria-fondo-comunitario-2025\/#respond\" class=\"su-post-comments-link\">0 comentarios<\/a>\n\t\t\t\t\n\t\t\t<\/div>\n\n\t\t\t\t\t\n\t\t\t\n\t\t\t<div id=\"su-post-13533\" class=\"su-post \">\n\n\t\t\t\t\t\t\t\t\t<a class=\"su-post-thumbnail\" href=\"https:\/\/www.oaxaca.gob.mx\/interculturalidad\/beneficiarias-y-beneficiarios-de-los-programas-2024\/\"><img loading=\"lazy\" decoding=\"async\" width=\"600\" height=\"237\" src=\"https:\/\/www.oaxaca.gob.mx\/interculturalidad\/wp-content\/uploads\/sites\/7\/2024\/09\/logo-danzante.png\" class=\"attachment-post-thumbnail size-post-thumbnail wp-post-image\" alt=\"\" srcset=\"https:\/\/www.oaxaca.gob.mx\/interculturalidad\/wp-content\/uploads\/sites\/7\/2024\/09\/logo-danzante.png 600w, https:\/\/www.oaxaca.gob.mx\/interculturalidad\/wp-content\/uploads\/sites\/7\/2024\/09\/logo-danzante-300x119.png 300w\" sizes=\"auto, (max-width: 600px) 100vw, 600px\" \/><\/a>\n\t\t\t\t\n\t\t\t\t<h2 class=\"su-post-title\"><a href=\"https:\/\/www.oaxaca.gob.mx\/interculturalidad\/beneficiarias-y-beneficiarios-de-los-programas-2024\/\">Beneficiarias y Beneficiarios de los Programas de la SIPCIA 2024<\/a><\/h2>\n\n\t\t\t\t<div class=\"su-post-meta\">\n\t\t\t\t\tPublicado: 30 septiembre, 2024\t\t\t\t<\/div>\n\n\t\t\t\t<div class=\"su-post-excerpt\">\n\t\t\t\t\t<p>&nbsp; Beneficiarias y Beneficiarios de Expresiones de mi Comunidad 2024 &nbsp; &nbsp; Beneficiarias de Mujeres Emprendiendo 2024 &nbsp; &nbsp; Beneficiarias y Beneficiarios de Fomentando Lenguas Ind\u00edgenas 2024 &nbsp; &nbsp; Beneficiarias y Beneficiarios de Saberes de Medicina Tradicional 2024 &nbsp; &nbsp; Beneficiarios de Fondo Comunitario 2024 &nbsp; &nbsp; Beneficiarias y Beneficiarios de Herramientas que dan Vida [&hellip;]<\/p>\n\t\t\t\t<\/div>\n\n\t\t\t\t\t\t\t\t\t<a href=\"https:\/\/www.oaxaca.gob.mx\/interculturalidad\/beneficiarias-y-beneficiarios-de-los-programas-2024\/#respond\" class=\"su-post-comments-link\">0 comentarios<\/a>\n\t\t\t\t\n\t\t\t<\/div>\n\n\t\t\t\t\t\n\t\t\t\n\t\t\t<div id=\"su-post-11990\" class=\"su-post \">\n\n\t\t\t\t\t\t\t\t\t<a class=\"su-post-thumbnail\" href=\"https:\/\/www.oaxaca.gob.mx\/interculturalidad\/publicacion-de-resultados-de-la-consulta-previa-libre-e-informada-para-la-afrouniversidad-politecnica-intercultural\/\"><img loading=\"lazy\" decoding=\"async\" width=\"1498\" height=\"300\" src=\"https:\/\/www.oaxaca.gob.mx\/interculturalidad\/wp-content\/uploads\/sites\/7\/2023\/07\/BANNER-CONSULTA.jpg\" class=\"attachment-post-thumbnail size-post-thumbnail wp-post-image\" alt=\"\" srcset=\"https:\/\/www.oaxaca.gob.mx\/interculturalidad\/wp-content\/uploads\/sites\/7\/2023\/07\/BANNER-CONSULTA.jpg 1498w, https:\/\/www.oaxaca.gob.mx\/interculturalidad\/wp-content\/uploads\/sites\/7\/2023\/07\/BANNER-CONSULTA-300x60.jpg 300w, https:\/\/www.oaxaca.gob.mx\/interculturalidad\/wp-content\/uploads\/sites\/7\/2023\/07\/BANNER-CONSULTA-1024x205.jpg 1024w, https:\/\/www.oaxaca.gob.mx\/interculturalidad\/wp-content\/uploads\/sites\/7\/2023\/07\/BANNER-CONSULTA-768x154.jpg 768w\" sizes=\"auto, (max-width: 1498px) 100vw, 1498px\" \/><\/a>\n\t\t\t\t\n\t\t\t\t<h2 class=\"su-post-title\"><a href=\"https:\/\/www.oaxaca.gob.mx\/interculturalidad\/publicacion-de-resultados-de-la-consulta-previa-libre-e-informada-para-la-afrouniversidad-politecnica-intercultural\/\">PUBLICACI\u00d3N DE RESULTADOS DE LA CONSULTA PREVIA, LIBRE E INFORMADA PARA LA AFROUNIVERSIDAD POLIT\u00c9CNICA INTERCULTURAL<\/a><\/h2>\n\n\t\t\t\t<div class=\"su-post-meta\">\n\t\t\t\t\tPublicado: 13 julio, 2023\t\t\t\t<\/div>\n\n\t\t\t\t<div class=\"su-post-excerpt\">\n\t\t\t\t\t<p>https:\/\/www.oaxaca.gob.mx\/interculturalidad\/wp-content\/uploads\/sites\/7\/2023\/07\/Tabla-de-resultados.pdf<\/p>\n\t\t\t\t<\/div>\n\n\t\t\t\t\t\t\t\t\t<a href=\"https:\/\/www.oaxaca.gob.mx\/interculturalidad\/publicacion-de-resultados-de-la-consulta-previa-libre-e-informada-para-la-afrouniversidad-politecnica-intercultural\/#respond\" class=\"su-post-comments-link\">0 comentarios<\/a>\n\t\t\t\t\n\t\t\t<\/div>\n\n\t\t\t\t\t\n\t\t\t\n\t\t\t<div id=\"su-post-6982\" class=\"su-post \">\n\n\t\t\t\t\t\t\t\t\t<a class=\"su-post-thumbnail\" href=\"https:\/\/www.oaxaca.gob.mx\/interculturalidad\/realidad-el-derecho-a-la-salud-visual-en-los-pueblos-de-oaxaca-sepia\/\"><img loading=\"lazy\" decoding=\"async\" width=\"1024\" height=\"381\" src=\"https:\/\/www.oaxaca.gob.mx\/interculturalidad\/wp-content\/uploads\/sites\/7\/2020\/12\/1-3-e1607028725890.jpg\" class=\"attachment-post-thumbnail size-post-thumbnail wp-post-image\" alt=\"\" srcset=\"https:\/\/www.oaxaca.gob.mx\/interculturalidad\/wp-content\/uploads\/sites\/7\/2020\/12\/1-3-e1607028725890.jpg 1024w, https:\/\/www.oaxaca.gob.mx\/interculturalidad\/wp-content\/uploads\/sites\/7\/2020\/12\/1-3-e1607028725890-300x112.jpg 300w, https:\/\/www.oaxaca.gob.mx\/interculturalidad\/wp-content\/uploads\/sites\/7\/2020\/12\/1-3-e1607028725890-768x286.jpg 768w\" sizes=\"auto, (max-width: 1024px) 100vw, 1024px\" \/><\/a>\n\t\t\t\t\n\t\t\t\t<h2 class=\"su-post-title\"><a href=\"https:\/\/www.oaxaca.gob.mx\/interculturalidad\/realidad-el-derecho-a-la-salud-visual-en-los-pueblos-de-oaxaca-sepia\/\">Realidad el derecho a la salud visual en los pueblos de Oaxaca: SEPIA<\/a><\/h2>\n\n\t\t\t\t<div class=\"su-post-meta\">\n\t\t\t\t\tPublicado: 2 diciembre, 2020\t\t\t\t<\/div>\n\n\t\t\t\t<div class=\"su-post-excerpt\">\n\t\t\t\t\t<p>La Secretar\u00eda de Pueblos Ind\u00edgenas y Afromexicano (SEPIA), con el apoyo de la Fundaci\u00f3n Devlyn y Essilor Vission For Life, contin\u00faan realizando jornadas gratuitas de salud visual Tlalixtac de Cabrera, Oax. Diciembre de 2020.- Por segundo a\u00f1o, la SEPIA que encabeza Eufrosina Cruz Mendoza, puso en marcha el programa \u201cVer a Oaxaca con Amor\u201d, que [&hellip;]<\/p>\n\t\t\t\t<\/div>\n\n\t\t\t\t\t\t\t\t\t<a href=\"https:\/\/www.oaxaca.gob.mx\/interculturalidad\/realidad-el-derecho-a-la-salud-visual-en-los-pueblos-de-oaxaca-sepia\/#respond\" class=\"su-post-comments-link\">0 comentarios<\/a>\n\t\t\t\t\n\t\t\t<\/div>\n\n\t\t\t\t\t\n\t\t\t\n\t\t\t<div id=\"su-post-6319\" class=\"su-post \">\n\n\t\t\t\t\t\t\t\t\t<a class=\"su-post-thumbnail\" href=\"https:\/\/www.oaxaca.gob.mx\/interculturalidad\/establece-sepia-programas-a-favor-de-los-pueblos-indigenas-y-afromexicano-de-oaxaca\/\"><img loading=\"lazy\" decoding=\"async\" width=\"1280\" height=\"853\" src=\"https:\/\/www.oaxaca.gob.mx\/interculturalidad\/wp-content\/uploads\/sites\/7\/2020\/08\/SEPIA1\u00ba.jpg\" class=\"attachment-post-thumbnail size-post-thumbnail wp-post-image\" alt=\"\" srcset=\"https:\/\/www.oaxaca.gob.mx\/interculturalidad\/wp-content\/uploads\/sites\/7\/2020\/08\/SEPIA1\u00ba.jpg 1280w, https:\/\/www.oaxaca.gob.mx\/interculturalidad\/wp-content\/uploads\/sites\/7\/2020\/08\/SEPIA1\u00ba-300x200.jpg 300w, https:\/\/www.oaxaca.gob.mx\/interculturalidad\/wp-content\/uploads\/sites\/7\/2020\/08\/SEPIA1\u00ba-1024x682.jpg 1024w, https:\/\/www.oaxaca.gob.mx\/interculturalidad\/wp-content\/uploads\/sites\/7\/2020\/08\/SEPIA1\u00ba-768x512.jpg 768w\" sizes=\"auto, (max-width: 1280px) 100vw, 1280px\" \/><\/a>\n\t\t\t\t\n\t\t\t\t<h2 class=\"su-post-title\"><a href=\"https:\/\/www.oaxaca.gob.mx\/interculturalidad\/establece-sepia-programas-a-favor-de-los-pueblos-indigenas-y-afromexicano-de-oaxaca\/\">Establece SEPIA programas a favor de los pueblos ind\u00edgenas y afromexicano de Oaxaca<\/a><\/h2>\n\n\t\t\t\t<div class=\"su-post-meta\">\n\t\t\t\t\tPublicado: 3 agosto, 2020\t\t\t\t<\/div>\n\n\t\t\t\t<div class=\"su-post-excerpt\">\n\t\t\t\t\t<p>La Secretar\u00eda de Pueblos Ind\u00edgenas y Afromexicano (Sepia), a cargo de su titular, Eufrosina Cruz Mendoza, invita a las personas ind\u00edgenas y afromexicanas a participar en los programas que ha establecido esta instituci\u00f3n para que puedan acceder a ellos. Durante este a\u00f1o, la Sepia ha implementado programas dirigidos a contribuir en el bienestar de los [&hellip;]<\/p>\n\t\t\t\t<\/div>\n\n\t\t\t\t\t\t\t\t\t<a href=\"https:\/\/www.oaxaca.gob.mx\/interculturalidad\/establece-sepia-programas-a-favor-de-los-pueblos-indigenas-y-afromexicano-de-oaxaca\/#respond\" class=\"su-post-comments-link\">0 comentarios<\/a>\n\t\t\t\t\n\t\t\t<\/div>\n\n\t\t\t\t\t\n\t\t\t\n\t\t\t<div id=\"su-post-5993\" class=\"su-post \">\n\n\t\t\t\t\t\t\t\t\t<a class=\"su-post-thumbnail\" href=\"https:\/\/www.oaxaca.gob.mx\/interculturalidad\/la-sepia-trabaja-en-la-reactivacion-economica-de-las-mujeres-y-jovenes-indigenas-y-afromexicanos\/\"><img loading=\"lazy\" decoding=\"async\" width=\"1200\" height=\"717\" src=\"https:\/\/www.oaxaca.gob.mx\/interculturalidad\/wp-content\/uploads\/sites\/7\/2020\/05\/Com.jpg\" class=\"attachment-post-thumbnail size-post-thumbnail wp-post-image\" alt=\"\" srcset=\"https:\/\/www.oaxaca.gob.mx\/interculturalidad\/wp-content\/uploads\/sites\/7\/2020\/05\/Com.jpg 1200w, https:\/\/www.oaxaca.gob.mx\/interculturalidad\/wp-content\/uploads\/sites\/7\/2020\/05\/Com-300x179.jpg 300w, https:\/\/www.oaxaca.gob.mx\/interculturalidad\/wp-content\/uploads\/sites\/7\/2020\/05\/Com-1024x612.jpg 1024w, https:\/\/www.oaxaca.gob.mx\/interculturalidad\/wp-content\/uploads\/sites\/7\/2020\/05\/Com-768x459.jpg 768w\" sizes=\"auto, (max-width: 1200px) 100vw, 1200px\" \/><\/a>\n\t\t\t\t\n\t\t\t\t<h2 class=\"su-post-title\"><a href=\"https:\/\/www.oaxaca.gob.mx\/interculturalidad\/la-sepia-trabaja-en-la-reactivacion-economica-de-las-mujeres-y-jovenes-indigenas-y-afromexicanos\/\">La SEPIA trabaja en la reactivaci\u00f3n econ\u00f3mica de las mujeres y j\u00f3venes ind\u00edgenas y afromexicanos<\/a><\/h2>\n\n\t\t\t\t<div class=\"su-post-meta\">\n\t\t\t\t\tPublicado: 27 mayo, 2020\t\t\t\t<\/div>\n\n\t\t\t\t<div class=\"su-post-excerpt\">\n\t\t\t\t\t<p>Tlalixtac de Cabrera, Oax. 25 de mayo de 2020.- Por segundo a\u00f1o consecutivo y con el respaldo del gobernador Alejandro Murat Hinojosa, la Secretar\u00eda de Pueblos Ind\u00edgenas y Afromexicano (Sepia), pone en marcha dos programas propios de esta dependencia, \u201cMujeres del Ma\u00edz\u201d y \u201cSemillas de Talento\u201d. &nbsp; El programa \u201cSemillas de Talento\u201d reconoce el esfuerzo [&hellip;]<\/p>\n\t\t\t\t<\/div>\n\n\t\t\t\t\t\t\t\t\t<a href=\"https:\/\/www.oaxaca.gob.mx\/interculturalidad\/la-sepia-trabaja-en-la-reactivacion-economica-de-las-mujeres-y-jovenes-indigenas-y-afromexicanos\/#respond\" class=\"su-post-comments-link\">0 comentarios<\/a>\n\t\t\t\t\n\t\t\t<\/div>\n\n\t\t\t\t\t\n\t\t\t\n\t\t\t<div id=\"su-post-4520\" class=\"su-post \">\n\n\t\t\t\t\t\t\t\t\t<a class=\"su-post-thumbnail\" href=\"https:\/\/www.oaxaca.gob.mx\/interculturalidad\/convocatoria-premios-bartolome-de-las-casas-edicion-2019\/\"><img loading=\"lazy\" decoding=\"async\" width=\"1100\" height=\"460\" src=\"https:\/\/www.oaxaca.gob.mx\/interculturalidad\/wp-content\/uploads\/sites\/7\/2020\/01\/convocatoria.jpg\" class=\"attachment-post-thumbnail size-post-thumbnail wp-post-image\" alt=\"\" srcset=\"https:\/\/www.oaxaca.gob.mx\/interculturalidad\/wp-content\/uploads\/sites\/7\/2020\/01\/convocatoria.jpg 1100w, https:\/\/www.oaxaca.gob.mx\/interculturalidad\/wp-content\/uploads\/sites\/7\/2020\/01\/convocatoria-300x125.jpg 300w, https:\/\/www.oaxaca.gob.mx\/interculturalidad\/wp-content\/uploads\/sites\/7\/2020\/01\/convocatoria-768x321.jpg 768w, https:\/\/www.oaxaca.gob.mx\/interculturalidad\/wp-content\/uploads\/sites\/7\/2020\/01\/convocatoria-1024x428.jpg 1024w\" sizes=\"auto, (max-width: 1100px) 100vw, 1100px\" \/><\/a>\n\t\t\t\t\n\t\t\t\t<h2 class=\"su-post-title\"><a href=\"https:\/\/www.oaxaca.gob.mx\/interculturalidad\/convocatoria-premios-bartolome-de-las-casas-edicion-2019\/\">Convocatoria Premios Bartolom\u00e9 de las Casas (Edici\u00f3n 2019)<\/a><\/h2>\n\n\t\t\t\t<div class=\"su-post-meta\">\n\t\t\t\t\tPublicado: 13 enero, 2020\t\t\t\t<\/div>\n\n\t\t\t\t<div class=\"su-post-excerpt\">\n\t\t\t\t\t<p>El Premio Bartolom\u00e9 de las Casas, convocado por la Secretaria de Estado de Cooperaci\u00f3n Internacional y para Iberoam\u00e9rica y el Caribe (SECIPIC) est\u00e1 destinado a reconocer la labor y trayectoria de aquellas personas, instituciones y organizaciones en la defensa del entendimiento y la concordia con los pueblos ind\u00edgenas de Am\u00e9rica, en la protecci\u00f3n de sus [&hellip;]<\/p>\n\t\t\t\t<\/div>\n\n\t\t\t\t\t\t\t\t\t<a href=\"https:\/\/www.oaxaca.gob.mx\/interculturalidad\/convocatoria-premios-bartolome-de-las-casas-edicion-2019\/#respond\" class=\"su-post-comments-link\">0 comentarios<\/a>\n\t\t\t\t\n\t\t\t<\/div>\n\n\t\t\t\t\t\n\t\t\t\n\t\t\t<div id=\"su-post-4345\" class=\"su-post \">\n\n\t\t\t\t\t\t\t\t\t<a class=\"su-post-thumbnail\" href=\"https:\/\/www.oaxaca.gob.mx\/interculturalidad\/festival-del-dia-de-muertos\/\"><img loading=\"lazy\" decoding=\"async\" width=\"1440\" height=\"568\" src=\"https:\/\/www.oaxaca.gob.mx\/interculturalidad\/wp-content\/uploads\/sites\/7\/2019\/10\/1140x450-01-min2.jpg\" class=\"attachment-post-thumbnail size-post-thumbnail wp-post-image\" alt=\"\" srcset=\"https:\/\/www.oaxaca.gob.mx\/interculturalidad\/wp-content\/uploads\/sites\/7\/2019\/10\/1140x450-01-min2.jpg 1440w, https:\/\/www.oaxaca.gob.mx\/interculturalidad\/wp-content\/uploads\/sites\/7\/2019\/10\/1140x450-01-min2-300x118.jpg 300w, https:\/\/www.oaxaca.gob.mx\/interculturalidad\/wp-content\/uploads\/sites\/7\/2019\/10\/1140x450-01-min2-768x303.jpg 768w, https:\/\/www.oaxaca.gob.mx\/interculturalidad\/wp-content\/uploads\/sites\/7\/2019\/10\/1140x450-01-min2-1024x404.jpg 1024w\" sizes=\"auto, (max-width: 1440px) 100vw, 1440px\" \/><\/a>\n\t\t\t\t\n\t\t\t\t<h2 class=\"su-post-title\"><a href=\"https:\/\/www.oaxaca.gob.mx\/interculturalidad\/festival-del-dia-de-muertos\/\">Festival del D\u00eda de Muertos<\/a><\/h2>\n\n\t\t\t\t<div class=\"su-post-meta\">\n\t\t\t\t\tPublicado: 29 octubre, 2019\t\t\t\t<\/div>\n\n\t\t\t\t<div class=\"su-post-excerpt\">\n\t\t\t\t\t\t\t\t\t<\/div>\n\n\t\t\t\t\t\t\t\t\t<a href=\"https:\/\/www.oaxaca.gob.mx\/interculturalidad\/festival-del-dia-de-muertos\/#respond\" class=\"su-post-comments-link\">0 comentarios<\/a>\n\t\t\t\t\n\t\t\t<\/div>\n\n\t\t\n\t\n<\/div>\n\n","protected":false},"excerpt":{"rendered":"","protected":false},"author":1,"featured_media":0,"parent":0,"menu_order":0,"comment_status":"closed","ping_status":"closed","template":"","meta":{"episode_type":"","audio_file":"","podmotor_file_id":"","podmotor_episode_id":"","cover_image":"","cover_image_id":"","duration":"","filesize":"","filesize_raw":"","date_recorded":"","explicit":"","block":"","itunes_episode_number":"","itunes_title":"","itunes_season_number":"","itunes_episode_type":"","footnotes":""},"categories":[],"tags":[],"class_list":["post-41","page","type-page","status-publish","hentry"],"acf":[],"publishpress_future_action":{"enabled":false,"date":"2026-04-27 10:58:38","action":"change-status","newStatus":"draft","terms":[],"taxonomy":"category","extraData":[]},"publishpress_future_workflow_manual_trigger":{"enabledWorkflows":[]},"_links":{"self":[{"href":"https:\/\/www.oaxaca.gob.mx\/interculturalidad\/wp-json\/wp\/v2\/pages\/41","targetHints":{"allow":["GET"]}}],"collection":[{"href":"https:\/\/www.oaxaca.gob.mx\/interculturalidad\/wp-json\/wp\/v2\/pages"}],"about":[{"href":"https:\/\/www.oaxaca.gob.mx\/interculturalidad\/wp-json\/wp\/v2\/types\/page"}],"author":[{"embeddable":true,"href":"https:\/\/www.oaxaca.gob.mx\/interculturalidad\/wp-json\/wp\/v2\/users\/1"}],"replies":[{"embeddable":true,"href":"https:\/\/www.oaxaca.gob.mx\/interculturalidad\/wp-json\/wp\/v2\/comments?post=41"}],"version-history":[{"count":3,"href":"https:\/\/www.oaxaca.gob.mx\/interculturalidad\/wp-json\/wp\/v2\/pages\/41\/revisions"}],"predecessor-version":[{"id":11993,"href":"https:\/\/www.oaxaca.gob.mx\/interculturalidad\/wp-json\/wp\/v2\/pages\/41\/revisions\/11993"}],"wp:attachment":[{"href":"https:\/\/www.oaxaca.gob.mx\/interculturalidad\/wp-json\/wp\/v2\/media?parent=41"}],"wp:term":[{"taxonomy":"category","embeddable":true,"href":"https:\/\/www.oaxaca.gob.mx\/interculturalidad\/wp-json\/wp\/v2\/categories?post=41"},{"taxonomy":"post_tag","embeddable":true,"href":"https:\/\/www.oaxaca.gob.mx\/interculturalidad\/wp-json\/wp\/v2\/tags?post=41"}],"curies":[{"name":"wp","href":"https:\/\/api.w.org\/{rel}","templated":true}]}}