{"id":3935,"date":"2019-07-30T13:42:15","date_gmt":"2019-07-30T18:42:15","guid":{"rendered":"https:\/\/www.oaxaca.gob.mx\/sepia\/?page_id=3935"},"modified":"2019-07-30T13:48:40","modified_gmt":"2019-07-30T18:48:40","slug":"brindar-asesoria-y-capacitacion-a-los-pueblos-y-comunidades-indigenas-y-afromexicana","status":"publish","type":"page","link":"https:\/\/www.oaxaca.gob.mx\/interculturalidad\/brindar-asesoria-y-capacitacion-a-los-pueblos-y-comunidades-indigenas-y-afromexicana\/","title":{"rendered":"Brindar Asesor\u00eda y capacitaci\u00f3n a los pueblos y comunidades Ind\u00edgenas y afromexicana"},"content":{"rendered":"<table width=\"700\" cellspacing=\"0\" cellpadding=\"5\">\n<tbody>\n<tr class=\"prop\">\n<td class=\"id\" colspan=\"2\" valign=\"top\"><strong><label for=\"nomServicio\">Tr\u00e1mite o servicio<\/label><\/strong><\/p>\n<div id=\"nomServicio\" class=\"dialog-servicios\">Brindar Asesor\u00eda y capacitaci\u00f3n a los pueblos y comunidades Ind\u00edgenas y afromexicana<\/div>\n<\/td>\n<\/tr>\n<tr class=\"prop\">\n<td class=\"id\" valign=\"top\"><strong><label for=\"descServicio\">Descripci\u00f3n\u00a0del tramite o servicio<\/label><\/strong><\/p>\n<div id=\"descServicio\" class=\"dialog-servicios\">Brindar asesor\u00eda y capacitaci\u00f3n, en diversos temas de interes de los pueblos y comunidades Ind\u00edgenas y afromexicanos, en espec\u00edfico relacionadas con: 1.- Elaboraci\u00f3n de proyectos culturales: cultura, lengua, medicina tradicional y comunicaci\u00f3n ind\u00edgena; 2.- Elaboraci\u00f3n de proyectos econ\u00f3micos y productivos; 3.- Elaboraci\u00f3n o actualizaci\u00f3n de Planes Municipales de Desarrollo (PMD); 4.- Asuntos jur\u00eddicos; 5.- La conciliaci\u00f3n y resoluci\u00f3n de conflictos sobre tenencia de la tierra, pol\u00edticos, electorales y\/o relacionados con las formas propias de organizaci\u00f3n; 6.- Elaboraci\u00f3n de \u201cBandos de Polic\u00eda y Gobierno\u201d y \u201cEstatutos Comunitarios\u201d; 7.- Constituci\u00f3n de Asociaci\u00f3n de comunidades y\/o Municipios ind\u00edgenas; 8.- En materia de participaci\u00f3n, representaci\u00f3n y consulta; 9.- Atenci\u00f3n intergral a la poblaci\u00f3n afromexicana<\/div>\n<\/td>\n<\/tr>\n<tr class=\"prop\">\n<td class=\"id\" valign=\"top\"><strong><label for=\"beneficiosUsuario\">Beneficios para el usuario<\/label><\/strong><\/p>\n<div id=\"beneficiosUsuario\" class=\"dialog-servicios\">1.- Facilitar la elaboraci\u00f3n y gesti\u00f3n de proyectos de tipo cultural. 2.- Facilitar la elaboraci\u00f3n y gesti\u00f3n de proyectos econ\u00f3micos y productivos 3.- Obtendr\u00e1n una herramienta de gesti\u00f3n Municipal 4.- Certeza jur\u00eddica respecto a los asuntos planteados. 5.- Paz y estabilidad en las comunidades en situaci\u00f3n de conflicto 6.- Contar con un documento que norme la organizaci\u00f3n interna del Municipio 7.- Adquirir personalidad jur\u00eddica de derecho p\u00fablico 8.- Conocimiento sobre temas de participaci\u00f3n, representaci\u00f3n y consulta. 9.- Atenci\u00f3n especial y personalizada a la poblaci\u00f3n afromexicana.<\/div>\n<\/td>\n<\/tr>\n<tr class=\"prop\">\n<td class=\"id\" valign=\"top\"><strong><label for=\"derechosUsuario\">Tipo de Usuario<\/label><\/strong><\/p>\n<div id=\"tipoUsuario\" class=\"dialog-servicios\">Poblaci\u00f3n ind\u00edgena y afromexicana del Estado<\/div>\n<\/td>\n<\/tr>\n<tr class=\"prop\">\n<td class=\"id\" valign=\"top\"><strong><label for=\"requisitos\">Requisitos<\/label><\/strong><\/p>\n<div id=\"requisitos\" class=\"dialog-servicios\">Solicitud por escrito y la informaci\u00f3n necesaria relacionada con la petici\u00f3n<\/div>\n<\/td>\n<\/tr>\n<tr class=\"prop\">\n<td class=\"id\" valign=\"top\"><strong><label for=\"costoServicio\">Duraci\u00f3n del tr\u00e1mite<\/label><\/strong><\/p>\n<div id=\"caducidad\" class=\"dialog-servicios\">1 hora \u201cTiempo estimado para recepci\u00f3n de documentos en gesti\u00f3n territorial, dependiendo de la carga de trabajo\u201d.<\/div>\n<\/td>\n<\/tr>\n<tr class=\"prop\">\n<td class=\"id\" valign=\"top\"><label for=\"doc Obtener\"><strong>Particularidades<\/strong> <\/label><\/p>\n<div id=\"particularidades\" class=\"dialog-servicios\"><\/div>\n<\/td>\n<\/tr>\n<tr class=\"prop\">\n<td class=\"id\" valign=\"top\"><label for=\"doc Obtener\"><strong>Modalidades<\/strong> <\/label><\/p>\n<div id=\"modalidades\" class=\"dialog-servicios\">1.- Elaboraci\u00f3n de proyectos culturales sobre: cultura, lengua, medicina tradicional y comunicaci\u00f3n ind\u00edgena 2.- Elaboraci\u00f3n o actualizaci\u00f3n de Planes Municipales de Desarrollo (PMD) 3.- Elaboraci\u00f3n de proyectos econ\u00f3micos y productivos 4.- Asuntos jur\u00eddicos 5.- La conciliaci\u00f3n y resoluci\u00f3n de conflictos sobre tenencia de la tierra, pol\u00edticos, electorales y\/o relacionados con las formas propias de organizaci\u00f3n 6.- Elaboraci\u00f3n de \u201cBandos de Polic\u00eda y Gobierno\u201d y \u201cEstatutos Comunitarios\u201d. 7.- Constituci\u00f3n de Asociaci\u00f3n de comunidades y\/o Municipios ind\u00edgenas. 8.- En materia de participaci\u00f3n, representaci\u00f3n y consulta. 9.- Atenci\u00f3n integral a la poblaci\u00f3n afromexicana<\/div>\n<\/td>\n<\/tr>\n<tr class=\"prop\">\n<td class=\"id\" valign=\"top\"><strong><label for=\"sustLegal\">Fundamento\u00a0<\/label><\/strong><b>jur\u00eddico<\/b><\/p>\n<div id=\"sustLegal\" class=\"dialog-servicios\">Art\u00edculos 43 fracciones VI, VII, IX, X, XVI, XVII, XVIII, XXII, XXIII, XXIV, XXIX, de la Ley Org\u00e1nica del Poder Ejecutivo del Estado de Oaxaca y 15 fracci\u00f3n III, 16 fracciones I y II, 20 fracciones V, VI y VII, 24 fracciones I, II, VI y VII, 25 fracciones II, III y VI, 31 fracciones I, II, III, IV, V, VII y IX, 34 fracciones I, II, VIII, IX, X y XI y 35 fracciones II, V, VII y VIII, 36 fracciones IV y VI del Reglamento Interno de la Secretar\u00eda de Asuntos Ind\u00edgenas.<\/div>\n<\/td>\n<\/tr>\n<tr class=\"prop\">\n<td class=\"id\" valign=\"top\"><strong><label for=\"costoServicio\">Costo<\/label><\/strong><\/p>\n<div id=\"costoServicio\" class=\"dialog-servicios\">\u201cGratuito\u201d<\/div>\n<\/td>\n<\/tr>\n<tr class=\"prop\">\n<td class=\"id\" valign=\"top\"><strong><label for=\"doc Obtener\">Documento que se obtendr\u00e1<\/label><\/strong><\/p>\n<div id=\"docFinal\" class=\"dialog-servicios\">El servicio se otorgar\u00e1 sin la generaci\u00f3n de un documento comprobatorio<\/div>\n<\/td>\n<\/tr>\n<tr class=\"prop\">\n<td class=\"id\" valign=\"top\"><strong><label for=\"costoServicio\">Vigencia del documento que se obtendr\u00e1<\/label><\/strong><\/p>\n<div id=\"vigencia\" class=\"dialog-servicios\">No aplica<\/div>\n<\/td>\n<\/tr>\n<tr class=\"prop\">\n<td class=\"id\" valign=\"top\"><strong><label for=\"derechosUsuario\">Derechos del usuario ante la negativa de respuesta<\/label><\/strong><\/p>\n<div id=\"derechosUsuario\" class=\"dialog-servicios\">\u201cReportar su queja dentro de la dependencia o ante la Secretar\u00eda de la Contralor\u00eda y Transparencia Gubernamental\u201d o \u201cEl usuario podr\u00e1 volver a presentar su solicitud cuantas veces sea necesario.\u201d<\/div>\n<\/td>\n<\/tr>\n<tr class=\"prop\">\n<td class=\"id\" valign=\"top\"><strong><label for=\"doc Obtener\">Quejas o denuncias<\/label><\/strong><\/p>\n<div id=\"queja\" class=\"dialog-servicios\">\u201cSecretaria de la Contralor\u00eda y Transparencia Gubernamental, ubicado en Ciudad Administrativa Benem\u00e9rito de las Am\u00e9ricas Edificio 2 \u201cRufino Tamayo\u201d, primer piso, Carretera Oaxaca-Istmo Km 11.5, Tlalixtac de Cabrera, Oaxaca, \u00f3 al correo electr\u00f3nico quejas@contralor\u00eda-oaxaca.gob.mx, o marcando a los siguientes tel\u00e9fonos 01 (951)501 5000 extensiones 10474, 10475, 10479, 10480, 10491, 11819, 01800 712 75 79, 01800 712 75 80, 01800 HONESTO.\u201d. Sugerencias al correo electr\u00f3nico sepia@oaxaca.gob.mx.<\/div>\n<\/td>\n<\/tr>\n<\/tbody>\n<\/table>\n","protected":false},"excerpt":{"rendered":"<p>Tr\u00e1mite o servicio Brindar Asesor\u00eda y capacitaci\u00f3n a los pueblos y comunidades Ind\u00edgenas y afromexicana Descripci\u00f3n\u00a0del tramite o servicio Brindar asesor\u00eda y capacitaci\u00f3n, en diversos temas de interes de los pueblos y comunidades Ind\u00edgenas y afromexicanos, en espec\u00edfico relacionadas con: 1.- Elaboraci\u00f3n de proyectos culturales: cultura, lengua, medicina tradicional y comunicaci\u00f3n ind\u00edgena; 2.- Elaboraci\u00f3n de [&hellip;]<\/p>\n","protected":false},"author":7,"featured_media":0,"parent":0,"menu_order":0,"comment_status":"closed","ping_status":"closed","template":"","meta":{"episode_type":"","audio_file":"","podmotor_file_id":"","podmotor_episode_id":"","cover_image":"","cover_image_id":"","duration":"","filesize":"","filesize_raw":"","date_recorded":"","explicit":"","block":"","itunes_episode_number":"","itunes_title":"","itunes_season_number":"","itunes_episode_type":"","footnotes":""},"categories":[],"tags":[],"class_list":["post-3935","page","type-page","status-publish","hentry"],"acf":[],"publishpress_future_action":{"enabled":false,"date":"2026-05-06 15:26:18","action":"change-status","newStatus":"draft","terms":[],"taxonomy":"category","extraData":[]},"publishpress_future_workflow_manual_trigger":{"enabledWorkflows":[]},"_links":{"self":[{"href":"https:\/\/www.oaxaca.gob.mx\/interculturalidad\/wp-json\/wp\/v2\/pages\/3935","targetHints":{"allow":["GET"]}}],"collection":[{"href":"https:\/\/www.oaxaca.gob.mx\/interculturalidad\/wp-json\/wp\/v2\/pages"}],"about":[{"href":"https:\/\/www.oaxaca.gob.mx\/interculturalidad\/wp-json\/wp\/v2\/types\/page"}],"author":[{"embeddable":true,"href":"https:\/\/www.oaxaca.gob.mx\/interculturalidad\/wp-json\/wp\/v2\/users\/7"}],"replies":[{"embeddable":true,"href":"https:\/\/www.oaxaca.gob.mx\/interculturalidad\/wp-json\/wp\/v2\/comments?post=3935"}],"version-history":[{"count":2,"href":"https:\/\/www.oaxaca.gob.mx\/interculturalidad\/wp-json\/wp\/v2\/pages\/3935\/revisions"}],"predecessor-version":[{"id":3945,"href":"https:\/\/www.oaxaca.gob.mx\/interculturalidad\/wp-json\/wp\/v2\/pages\/3935\/revisions\/3945"}],"wp:attachment":[{"href":"https:\/\/www.oaxaca.gob.mx\/interculturalidad\/wp-json\/wp\/v2\/media?parent=3935"}],"wp:term":[{"taxonomy":"category","embeddable":true,"href":"https:\/\/www.oaxaca.gob.mx\/interculturalidad\/wp-json\/wp\/v2\/categories?post=3935"},{"taxonomy":"post_tag","embeddable":true,"href":"https:\/\/www.oaxaca.gob.mx\/interculturalidad\/wp-json\/wp\/v2\/tags?post=3935"}],"curies":[{"name":"wp","href":"https:\/\/api.w.org\/{rel}","templated":true}]}}